{"id":10116,"date":"2024-01-04T15:28:57","date_gmt":"2024-01-04T15:28:57","guid":{"rendered":"https:\/\/digistar.ma\/?page_id=10116"},"modified":"2024-03-21T15:38:14","modified_gmt":"2024-03-21T15:38:14","slug":"mentions-legales","status":"publish","type":"page","link":"https:\/\/digistar.ma\/?page_id=10116","title":{"rendered":"Mentions l\u00e9gales"},"content":{"rendered":"\t\t<div data-elementor-type=\"wp-page\" data-elementor-id=\"10116\" class=\"elementor elementor-10116\">\n\t\t\t\t<div class=\"elementor-element elementor-element-037f910 e-flex e-con-boxed e-con e-parent\" data-id=\"037f910\" data-element_type=\"container\">\n\t\t\t\t\t<div class=\"e-con-inner\">\n\t\t\t\t<div class=\"elementor-element elementor-element-74ef341 elementor-widget elementor-widget-heading\" data-id=\"74ef341\" data-element_type=\"widget\" data-widget_type=\"heading.default\">\n\t\t\t\t<div class=\"elementor-widget-container\">\n\t\t\t\t\t<h2 class=\"elementor-heading-title elementor-size-default\">Informations Sur L\u2019entreprise\n<div><br><\/div><\/h2>\t\t\t\t<\/div>\n\t\t\t\t<\/div>\n\t\t\t\t\t<\/div>\n\t\t\t\t<\/div>\n\t\t<div class=\"elementor-element elementor-element-93eee9c e-flex e-con-boxed e-con e-parent\" data-id=\"93eee9c\" data-element_type=\"container\">\n\t\t\t\t\t<div class=\"e-con-inner\">\n\t\t\t\t<div class=\"elementor-element elementor-element-ac49d9a elementor-widget elementor-widget-text-editor\" data-id=\"ac49d9a\" data-element_type=\"widget\" data-widget_type=\"text-editor.default\">\n\t\t\t\t<div class=\"elementor-widget-container\">\n\t\t\t\t\t\t\t\t\t<p><strong>digistar.ma est un site cr\u00e9\u00e9 par Digistar Maroc<\/strong><\/p><h6><strong>Si\u00e8ge Social :<\/strong><\/h6><p><strong>Lot El Ouroud rue n\u00b052 Mag Rdc n\u00b08 Sidi Maarouf &#8211; Casablanca<\/strong><\/p><p><strong>20280 &#8211; Casablanca MAROC<\/strong><\/p><p><strong>N\u00b0 RC \u00e0 Casa : 592685- N\u00b0 Patente : 33100986- N\u00b0 IF : 53906633 &#8211; N\u00b0 CNSS : 4977987<\/strong><\/p><p>\u00a0<\/p><p><strong>Adresse e-mail : contact@digistar.ma<\/strong><\/p><p><strong>T\u00e9l : 06 63 147 100<\/strong><\/p><p><strong>T\u00e9l : 05 20 654 452<\/strong><\/p>\t\t\t\t\t\t\t\t<\/div>\n\t\t\t\t<\/div>\n\t\t\t\t\t<\/div>\n\t\t\t\t<\/div>\n\t\t<div class=\"elementor-element elementor-element-eae0bbb e-flex e-con-boxed e-con e-parent\" data-id=\"eae0bbb\" data-element_type=\"container\">\n\t\t\t\t\t<div class=\"e-con-inner\">\n\t\t\t\t<div class=\"elementor-element elementor-element-61b554f elementor-widget elementor-widget-heading\" data-id=\"61b554f\" data-element_type=\"widget\" data-widget_type=\"heading.default\">\n\t\t\t\t<div class=\"elementor-widget-container\">\n\t\t\t\t\t<h2 class=\"elementor-heading-title elementor-size-default\">Service Relations Clients \/ SAV\n<div><br><\/div><\/h2>\t\t\t\t<\/div>\n\t\t\t\t<\/div>\n\t\t\t\t\t<\/div>\n\t\t\t\t<\/div>\n\t\t<div class=\"elementor-element elementor-element-1f3a5f4 e-flex e-con-boxed e-con e-parent\" data-id=\"1f3a5f4\" data-element_type=\"container\">\n\t\t\t\t\t<div class=\"e-con-inner\">\n\t\t\t\t<div class=\"elementor-element elementor-element-0cc1c75 elementor-widget elementor-widget-text-editor\" data-id=\"0cc1c75\" data-element_type=\"widget\" data-widget_type=\"text-editor.default\">\n\t\t\t\t<div class=\"elementor-widget-container\">\n\t\t\t\t\t\t\t\t\t<p><strong>Ouvert du lundi au samedi de 9h00 \u00e0 19h00 .<\/strong><\/p><p><strong>Mois de Ramadan : lundi au vendredi de 9h \u00e0 17h. Samedi de 9h00 \u00e0 14h00.<\/strong><\/p><p><strong>Adresse e-mail : contact@digistar.ma<\/strong><\/p><p><strong>T\u00e9l\u00e9phone : +212 (0) 6 63 147 100\u00a0<\/strong><\/p>\t\t\t\t\t\t\t\t<\/div>\n\t\t\t\t<\/div>\n\t\t\t\t\t<\/div>\n\t\t\t\t<\/div>\n\t\t\t\t<\/div>\n\t\t","protected":false},"excerpt":{"rendered":"<p>Informations Sur L\u2019entreprise digistar.ma est un site cr\u00e9\u00e9 par Digistar Maroc Si\u00e8ge Social : Lot El Ouroud rue n\u00b052 Mag Rdc n\u00b08 Sidi Maarouf &#8211; Casablanca 20280 &#8211; Casablanca MAROC<\/p>\n","protected":false},"author":2,"featured_media":0,"parent":0,"menu_order":0,"comment_status":"closed","ping_status":"closed","template":"","meta":{"_acf_changed":false,"_monsterinsights_skip_tracking":false,"_monsterinsights_sitenote_active":false,"_monsterinsights_sitenote_note":"","_monsterinsights_sitenote_category":0,"_uf_show_specific_survey":0,"_uf_disable_surveys":false,"two_page_speed":[],"_joinchat":[],"footnotes":""},"class_list":["post-10116","page","type-page","status-publish","hentry"],"acf":[],"jetpack_sharing_enabled":true,"_links":{"self":[{"href":"https:\/\/digistar.ma\/index.php?rest_route=\/wp\/v2\/pages\/10116","targetHints":{"allow":["GET"]}}],"collection":[{"href":"https:\/\/digistar.ma\/index.php?rest_route=\/wp\/v2\/pages"}],"about":[{"href":"https:\/\/digistar.ma\/index.php?rest_route=\/wp\/v2\/types\/page"}],"author":[{"embeddable":true,"href":"https:\/\/digistar.ma\/index.php?rest_route=\/wp\/v2\/users\/2"}],"replies":[{"embeddable":true,"href":"https:\/\/digistar.ma\/index.php?rest_route=%2Fwp%2Fv2%2Fcomments&post=10116"}],"version-history":[{"count":4,"href":"https:\/\/digistar.ma\/index.php?rest_route=\/wp\/v2\/pages\/10116\/revisions"}],"predecessor-version":[{"id":11050,"href":"https:\/\/digistar.ma\/index.php?rest_route=\/wp\/v2\/pages\/10116\/revisions\/11050"}],"wp:attachment":[{"href":"https:\/\/digistar.ma\/index.php?rest_route=%2Fwp%2Fv2%2Fmedia&parent=10116"}],"curies":[{"name":"wp","href":"https:\/\/api.w.org\/{rel}","templated":true}]}}