{"id":2494,"date":"2016-03-09T05:41:44","date_gmt":"2016-03-09T05:41:44","guid":{"rendered":"https:\/\/demo2.chethemes.com\/electro\/?page_id=2494"},"modified":"2024-03-21T15:02:51","modified_gmt":"2024-03-21T15:02:51","slug":"about","status":"publish","type":"page","link":"https:\/\/digistar.ma\/?page_id=2494","title":{"rendered":"A propos"},"content":{"rendered":"\t\t<div data-elementor-type=\"wp-page\" data-elementor-id=\"2494\" class=\"elementor elementor-2494\">\n\t\t\t\t<div class=\"elementor-element elementor-element-2f2f507 e-flex e-con-boxed e-con e-parent\" data-id=\"2f2f507\" data-element_type=\"container\">\n\t\t\t\t\t<div class=\"e-con-inner\">\n\t\t\t\t<div class=\"elementor-element elementor-element-5a8dd62 elementor-widget elementor-widget-heading\" data-id=\"5a8dd62\" data-element_type=\"widget\" data-widget_type=\"heading.default\">\n\t\t\t\t<div class=\"elementor-widget-container\">\n\t\t\t\t\t<h2 class=\"elementor-heading-title elementor-size-default\">Qui Sommes-nous : \n<\/h2>\t\t\t\t<\/div>\n\t\t\t\t<\/div>\n\t\t\t\t\t<\/div>\n\t\t\t\t<\/div>\n\t\t<div class=\"elementor-element elementor-element-7b8ebf5 e-flex e-con-boxed e-con e-parent\" data-id=\"7b8ebf5\" data-element_type=\"container\">\n\t\t\t\t\t<div class=\"e-con-inner\">\n\t\t\t\t<div class=\"elementor-element elementor-element-d8fc7c5 elementor-widget elementor-widget-text-editor\" data-id=\"d8fc7c5\" data-element_type=\"widget\" data-widget_type=\"text-editor.default\">\n\t\t\t\t<div class=\"elementor-widget-container\">\n\t\t\t\t\t\t\t\t\t<h3><strong><span style=\"color: var( --e-global-color-text ); font-family: var( --e-global-typography-text-font-family ), Sans-serif; text-align: var(--text-align); font-size: 0.875rem; letter-spacing: -0.01em;\">Bienvenue chez Digistar Maroc, votre partenaire de confiance dans le domaine du High-Tech, de l&#8217;informatique et des t\u00e9l\u00e9communications. Depuis notre cr\u00e9ation, nous nous sommes impos\u00e9s comme une r\u00e9f\u00e9rence incontournable gr\u00e2ce \u00e0 notre point de vente situ\u00e9 \u00e0 Casablanca Sidi Maarouf et notre plateforme d&#8217;e-commerce www.digistar.ma, o\u00f9 nous vous proposons une vaste gamme de produits.<\/span><\/strong><\/h3>\t\t\t\t\t\t\t\t<\/div>\n\t\t\t\t<\/div>\n\t\t\t\t\t<\/div>\n\t\t\t\t<\/div>\n\t\t<div class=\"elementor-element elementor-element-4c6ec3d e-flex e-con-boxed e-con e-parent\" data-id=\"4c6ec3d\" data-element_type=\"container\">\n\t\t\t\t\t<div class=\"e-con-inner\">\n\t\t\t\t<div class=\"elementor-element elementor-element-a60e338 elementor-widget elementor-widget-heading\" data-id=\"a60e338\" data-element_type=\"widget\" data-widget_type=\"heading.default\">\n\t\t\t\t<div class=\"elementor-widget-container\">\n\t\t\t\t\t<h2 class=\"elementor-heading-title elementor-size-default\">Notre Mission :<\/h2>\t\t\t\t<\/div>\n\t\t\t\t<\/div>\n\t\t\t\t\t<\/div>\n\t\t\t\t<\/div>\n\t\t<div class=\"elementor-element elementor-element-8fbf0f6 e-flex e-con-boxed e-con e-parent\" data-id=\"8fbf0f6\" data-element_type=\"container\">\n\t\t\t\t\t<div class=\"e-con-inner\">\n\t\t\t\t<div class=\"elementor-element elementor-element-84f5372 elementor-widget elementor-widget-text-editor\" data-id=\"84f5372\" data-element_type=\"widget\" data-widget_type=\"text-editor.default\">\n\t\t\t\t<div class=\"elementor-widget-container\">\n\t\t\t\t\t\t\t\t\t<h3><strong><span style=\"color: var( --e-global-color-text ); font-family: var( --e-global-typography-text-font-family ), Sans-serif; text-align: var(--text-align); font-size: 0.875rem; letter-spacing: -0.01em;\">Rendre plus simple l\u2019utilisation des nouvelles technologies, d\u00e9livrer des syst\u00e8mes et des solutions performants et s\u00e9curis\u00e9s, am\u00e9liorer la qualit\u00e9 de services des utilisateurs de nos clients tout en r\u00e9duisant les co\u00fbts d\u2019investissement et de fonctionnement.<\/span><\/strong><\/h3><p><strong>Digistar Maroc r\u00e9pond aux entreprises \u00e0 la recherche d\u2019un partenaire unique, v\u00e9ritable ma\u00eetre d\u2019\u0153uvre, proposant une offre globale d\u2019expertise et d\u2019int\u00e9gration de services.<\/strong><\/p><p><strong>\u00a0Nous sommes un cr\u00e9ateur de valeur ajout\u00e9e et nous offrons des solutions personnalis\u00e9es et adapt\u00e9es \u00e0 chaque entreprise dans une approche de proximit\u00e9, d\u2019excellence et d\u2019engagements.<\/strong><\/p><p><strong>Notre organisation, la qualit\u00e9 de nos prestations et notre r\u00e9activit\u00e9, nous positionnent comme un partenaire fiable au service des PME et des collectivit\u00e9s.\u00a0\u00a0<\/strong><\/p><p><strong>Digistar Maroc offre \u00e0 ses clients le b\u00e9n\u00e9fice des meilleures solutions technologiques, \u00e9labor\u00e9es en partenariat \u00e9troit avec les plus grands intervenants, constructeurs et \u00e9diteurs du march\u00e9.<\/strong><\/p><p><strong>Notre force est de f\u00e9d\u00e9rer et de piloter ces comp\u00e9tences et ces ressources en toute ind\u00e9pendance, pour la r\u00e9ussite des projets de nos clients.\u00a0 Nous garantissons un service optimis\u00e9 alli\u00e9 \u00e0 la ma\u00eetrise de la totalit\u00e9 de la cha\u00eene de valeur informatique.<\/strong><\/p>\t\t\t\t\t\t\t\t<\/div>\n\t\t\t\t<\/div>\n\t\t\t\t<div class=\"elementor-element elementor-element-201c05c elementor-widget elementor-widget-image\" data-id=\"201c05c\" data-element_type=\"widget\" data-widget_type=\"image.default\">\n\t\t\t\t<div class=\"elementor-widget-container\">\n\t\t\t\t\t\t\t\t\t\t\t\t\t\t\t<img decoding=\"async\" src=\"https:\/\/digistar.ma\/wp-content\/uploads\/elementor\/thumbs\/Cross-qljk1xa994mm2vawv9ft9c6cjqz4nnltjjsl5jcopy.png\" title=\"Cross\" alt=\"Cross\" loading=\"lazy\" \/>\t\t\t\t\t\t\t\t\t\t\t\t\t\t\t<\/div>\n\t\t\t\t<\/div>\n\t\t\t\t\t<\/div>\n\t\t\t\t<\/div>\n\t\t<div class=\"elementor-element elementor-element-8b4a5da e-flex e-con-boxed e-con e-parent\" data-id=\"8b4a5da\" data-element_type=\"container\">\n\t\t\t\t\t<div class=\"e-con-inner\">\n\t\t\t\t<div class=\"elementor-element elementor-element-2171cb9 elementor-widget elementor-widget-text-editor\" data-id=\"2171cb9\" data-element_type=\"widget\" data-widget_type=\"text-editor.default\">\n\t\t\t\t<div class=\"elementor-widget-container\">\n\t\t\t\t\t\t\t\t\t<p style=\"text-align: center;\"><strong>T\u00e9l : 06 63 147 100<\/strong><\/p><p style=\"text-align: center;\"><strong>T\u00e9l : 05 20 654 452<\/strong><\/p><p style=\"text-align: center;\"><strong>Fax : 05 20 654 452<\/strong><\/p><p style=\"text-align: center;\"><strong>Email : contact@digistar.ma<\/strong><\/p><p style=\"text-align: center;\"><strong>Digistar Maroc<\/strong><\/p><p style=\"text-align: center;\"><strong>Si\u00e8ge Social : Lot El Ouroud rue n\u00b052 Mag Rdc n\u00b08 Sidi Maarouf &#8211; Casablanca<\/strong><\/p><p style=\"text-align: center;\"><strong>20280 &#8211; Casablanca MAROC<\/strong><\/p><p style=\"text-align: center;\"><strong>N\u00b0 RC \u00e0 Casa : 592685- N\u00b0 Patente : 33100986- N\u00b0 IF : 53906633 &#8211; N\u00b0 CNSS : 4977987<\/strong><\/p>\t\t\t\t\t\t\t\t<\/div>\n\t\t\t\t<\/div>\n\t\t\t\t\t<\/div>\n\t\t\t\t<\/div>\n\t\t<div class=\"elementor-element elementor-element-d3c0f46 e-flex e-con-boxed e-con e-parent\" data-id=\"d3c0f46\" data-element_type=\"container\">\n\t\t\t\t\t<div class=\"e-con-inner\">\n\t\t\t\t<div class=\"elementor-element elementor-element-0e56d03 elementor-widget elementor-widget-google_maps\" data-id=\"0e56d03\" data-element_type=\"widget\" data-widget_type=\"google_maps.default\">\n\t\t\t\t<div class=\"elementor-widget-container\">\n\t\t\t\t\t\t\t<div class=\"elementor-custom-embed\">\n\t\t\t<iframe loading=\"lazy\"\n\t\t\t\t\tsrc=\"https:\/\/maps.google.com\/maps?q=33.51645735759886%2C%20-7.64714761071605&#038;t=m&#038;z=18&#038;output=embed&#038;iwloc=near\"\n\t\t\t\t\ttitle=\"33.51645735759886, -7.64714761071605\"\n\t\t\t\t\taria-label=\"33.51645735759886, -7.64714761071605\"\n\t\t\t><\/iframe>\n\t\t<\/div>\n\t\t\t\t\t\t<\/div>\n\t\t\t\t<\/div>\n\t\t\t\t\t<\/div>\n\t\t\t\t<\/div>\n\t\t\t\t<\/div>\n\t\t","protected":false},"excerpt":{"rendered":"<p>Qui Sommes-nous : Bienvenue chez Digistar Maroc, votre partenaire de confiance dans le domaine du High-Tech, de l&#8217;informatique et des t\u00e9l\u00e9communications. Depuis notre cr\u00e9ation, nous nous sommes impos\u00e9s comme une<\/p>\n","protected":false},"author":2,"featured_media":0,"parent":0,"menu_order":0,"comment_status":"closed","ping_status":"closed","template":"","meta":{"_acf_changed":false,"_monsterinsights_skip_tracking":false,"_monsterinsights_sitenote_active":false,"_monsterinsights_sitenote_note":"","_monsterinsights_sitenote_category":0,"_uf_show_specific_survey":0,"_uf_disable_surveys":false,"two_page_speed":[],"_joinchat":[],"footnotes":""},"class_list":["post-2494","page","type-page","status-publish","hentry"],"acf":[],"jetpack_sharing_enabled":true,"_links":{"self":[{"href":"https:\/\/digistar.ma\/index.php?rest_route=\/wp\/v2\/pages\/2494","targetHints":{"allow":["GET"]}}],"collection":[{"href":"https:\/\/digistar.ma\/index.php?rest_route=\/wp\/v2\/pages"}],"about":[{"href":"https:\/\/digistar.ma\/index.php?rest_route=\/wp\/v2\/types\/page"}],"author":[{"embeddable":true,"href":"https:\/\/digistar.ma\/index.php?rest_route=\/wp\/v2\/users\/2"}],"replies":[{"embeddable":true,"href":"https:\/\/digistar.ma\/index.php?rest_route=%2Fwp%2Fv2%2Fcomments&post=2494"}],"version-history":[{"count":14,"href":"https:\/\/digistar.ma\/index.php?rest_route=\/wp\/v2\/pages\/2494\/revisions"}],"predecessor-version":[{"id":11041,"href":"https:\/\/digistar.ma\/index.php?rest_route=\/wp\/v2\/pages\/2494\/revisions\/11041"}],"wp:attachment":[{"href":"https:\/\/digistar.ma\/index.php?rest_route=%2Fwp%2Fv2%2Fmedia&parent=2494"}],"curies":[{"name":"wp","href":"https:\/\/api.w.org\/{rel}","templated":true}]}}