{"id":5396,"date":"2023-07-05T15:32:00","date_gmt":"2023-07-05T15:32:00","guid":{"rendered":"https:\/\/digistar.ma\/?page_id=5396"},"modified":"2024-03-21T15:26:15","modified_gmt":"2024-03-21T15:26:15","slug":"livraison","status":"publish","type":"page","link":"https:\/\/digistar.ma\/?page_id=5396","title":{"rendered":"LIVRAISON"},"content":{"rendered":"\t\t<div data-elementor-type=\"wp-page\" data-elementor-id=\"5396\" class=\"elementor elementor-5396\">\n\t\t\t\t<div class=\"elementor-element elementor-element-4fe682e e-flex e-con-boxed e-con e-parent\" data-id=\"4fe682e\" data-element_type=\"container\">\n\t\t\t\t\t<div class=\"e-con-inner\">\n\t\t\t\t<div class=\"elementor-element elementor-element-b53d2d8 elementor-widget elementor-widget-heading\" data-id=\"b53d2d8\" data-element_type=\"widget\" data-widget_type=\"heading.default\">\n\t\t\t\t<div class=\"elementor-widget-container\">\n\t\t\t\t\t<h2 class=\"elementor-heading-title elementor-size-default\">Les Modes de Livraison Chez Digistar Maroc : \n<div><br><\/div><\/h2>\t\t\t\t<\/div>\n\t\t\t\t<\/div>\n\t\t\t\t\t<\/div>\n\t\t\t\t<\/div>\n\t\t<div class=\"elementor-element elementor-element-c967162 e-flex e-con-boxed e-con e-parent\" data-id=\"c967162\" data-element_type=\"container\">\n\t\t\t\t\t<div class=\"e-con-inner\">\n\t\t\t\t<div class=\"elementor-element elementor-element-42bf2cb elementor-widget elementor-widget-text-editor\" data-id=\"42bf2cb\" data-element_type=\"widget\" data-widget_type=\"text-editor.default\">\n\t\t\t\t<div class=\"elementor-widget-container\">\n\t\t\t\t\t\t\t\t\t<p><strong>Sur digistar.ma, vous commandez et vous vous faites livrer partout au Maroc sans vous d\u00e9placer. La livraison est assur\u00e9e par les soins de l&#8217;un de nos prestataires de transport \u00e0 l&#8217;adresse que vous sp\u00e9cifiez o\u00f9 que vous soyez au Maroc\u00a0<\/strong><span style=\"text-align: var(--text-align);\"><b>et sur Casablanca par nos soins.<\/b><\/span><\/p>\t\t\t\t\t\t\t\t<\/div>\n\t\t\t\t<\/div>\n\t\t\t\t\t<\/div>\n\t\t\t\t<\/div>\n\t\t<div class=\"elementor-element elementor-element-e25783a e-flex e-con-boxed e-con e-parent\" data-id=\"e25783a\" data-element_type=\"container\">\n\t\t\t\t\t<div class=\"e-con-inner\">\n\t\t\t\t<div class=\"elementor-element elementor-element-1c31971 elementor-widget elementor-widget-image\" data-id=\"1c31971\" data-element_type=\"widget\" data-widget_type=\"image.default\">\n\t\t\t\t<div class=\"elementor-widget-container\">\n\t\t\t\t\t\t\t\t\t\t\t\t\t\t\t<img decoding=\"async\" src=\"https:\/\/digistar.ma\/wp-content\/uploads\/elementor\/thumbs\/colis-scaled-qljkvei1lirp3fsj4xksow0ftlqlq6y0rfpum0omsm.jpeg\" title=\"colis\" alt=\"colis\" loading=\"lazy\" \/>\t\t\t\t\t\t\t\t\t\t\t\t\t\t\t<\/div>\n\t\t\t\t<\/div>\n\t\t\t\t\t<\/div>\n\t\t\t\t<\/div>\n\t\t<div class=\"elementor-element elementor-element-ed7bdce e-flex e-con-boxed e-con e-parent\" data-id=\"ed7bdce\" data-element_type=\"container\">\n\t\t\t\t\t<div class=\"e-con-inner\">\n\t\t\t\t<div class=\"elementor-element elementor-element-bc353ab elementor-widget elementor-widget-heading\" data-id=\"bc353ab\" data-element_type=\"widget\" data-widget_type=\"heading.default\">\n\t\t\t\t<div class=\"elementor-widget-container\">\n\t\t\t\t\t<h2 class=\"elementor-heading-title elementor-size-default\">Livraison Par Nos Transporteurs : \n<div><br><\/div><\/h2>\t\t\t\t<\/div>\n\t\t\t\t<\/div>\n\t\t\t\t\t<\/div>\n\t\t\t\t<\/div>\n\t\t<div class=\"elementor-element elementor-element-dc7a556 e-flex e-con-boxed e-con e-parent\" data-id=\"dc7a556\" data-element_type=\"container\">\n\t\t\t\t\t<div class=\"e-con-inner\">\n\t\t\t\t<div class=\"elementor-element elementor-element-14be763 elementor-widget elementor-widget-text-editor\" data-id=\"14be763\" data-element_type=\"widget\" data-widget_type=\"text-editor.default\">\n\t\t\t\t<div class=\"elementor-widget-container\">\n\t\t\t\t\t\t\t\t\t<p><strong>Achetez sans vous d\u00e9placer, votre commande vous est livr\u00e9e, dans les plus brefs d\u00e9lais, \u00e0 domicile ou \u00e0 l&#8217;adresse que vous avez pr\u00e9cis\u00e9e lors de votre commande.<\/strong><\/p><p><strong><span style=\"color: var( --e-global-color-text ); font-family: var( --e-global-typography-text-font-family ), Sans-serif; text-align: var(--text-align); font-size: 0.875rem; letter-spacing: -0.01em;\">Le d\u00e9lai de livraison d\u00e9pend de la disponibilit\u00e9 des produits que vous avez command\u00e9s. Il est aussi important de ne pas oublier que la commande vous est exp\u00e9di\u00e9e apr\u00e8s sa validation et confirmation de disponibilit\u00e9 r\u00e9elle du produit command\u00e9. Donc, si vous avez choisi de payer en esp\u00e8ces \u00e0 la livraison, \u00e0 la commande &#8230; ou par virement bancaire, le calcul du d\u00e9lai de livraison (en jours ouvr\u00e9s) se fera \u00e0 partir du moment o\u00f9 nous aurons re\u00e7u votre r\u00e8glement et valid\u00e9 votre commande.<\/span><\/strong><\/p>\t\t\t\t\t\t\t\t<\/div>\n\t\t\t\t<\/div>\n\t\t\t\t\t<\/div>\n\t\t\t\t<\/div>\n\t\t<div class=\"elementor-element elementor-element-2acc8bf e-flex e-con-boxed e-con e-parent\" data-id=\"2acc8bf\" data-element_type=\"container\">\n\t\t\t\t\t<div class=\"e-con-inner\">\n\t\t\t\t<div class=\"elementor-element elementor-element-919057d elementor-widget elementor-widget-heading\" data-id=\"919057d\" data-element_type=\"widget\" data-widget_type=\"heading.default\">\n\t\t\t\t<div class=\"elementor-widget-container\">\n\t\t\t\t\t<h2 class=\"elementor-heading-title elementor-size-default\">Combien Co\u00fbte La Livraison ?<\/h2>\t\t\t\t<\/div>\n\t\t\t\t<\/div>\n\t\t\t\t\t<\/div>\n\t\t\t\t<\/div>\n\t\t<div class=\"elementor-element elementor-element-3242758 e-flex e-con-boxed e-con e-parent\" data-id=\"3242758\" data-element_type=\"container\">\n\t\t\t\t\t<div class=\"e-con-inner\">\n\t\t\t\t<div class=\"elementor-element elementor-element-f8c57d5 elementor-widget elementor-widget-text-editor\" data-id=\"f8c57d5\" data-element_type=\"widget\" data-widget_type=\"text-editor.default\">\n\t\t\t\t<div class=\"elementor-widget-container\">\n\t\t\t\t\t\t\t\t\t<p><strong>Nos transporteurs vous livrent partout au Maroc pour un tarif de 40 Dirhams TTC. Si le poids de votre colis d\u00e9passe les 30 Kgs, le prix de la livraison d\u00e9pendra \u00e0 ce moment l\u00e0 du poids des produits que vous avez choisis. Vous pouvez \u00e0 tout moment visualiser le co\u00fbt de la livraison sur votre \u00e9cran, pour cela il vous suffit d&#8217;ajouter le produit qui vous int\u00e9resse \u00e0 votre panier.\u00a0<\/strong><\/p><p><strong>Si vous habitez Casablanca, commandez vos produits et nous vous livrerons pour 20 Dirhams TTC seulement.<\/strong><\/p>\t\t\t\t\t\t\t\t<\/div>\n\t\t\t\t<\/div>\n\t\t\t\t\t<\/div>\n\t\t\t\t<\/div>\n\t\t\t\t<\/div>\n\t\t","protected":false},"excerpt":{"rendered":"<p>Les Modes de Livraison Chez Digistar Maroc : Sur digistar.ma, vous commandez et vous vous faites livrer partout au Maroc sans vous d\u00e9placer. La livraison est assur\u00e9e par les soins<\/p>\n","protected":false},"author":2,"featured_media":0,"parent":0,"menu_order":0,"comment_status":"closed","ping_status":"closed","template":"","meta":{"_acf_changed":false,"_monsterinsights_skip_tracking":false,"_monsterinsights_sitenote_active":false,"_monsterinsights_sitenote_note":"","_monsterinsights_sitenote_category":0,"_uf_show_specific_survey":0,"_uf_disable_surveys":false,"two_page_speed":[],"_joinchat":[],"footnotes":""},"class_list":["post-5396","page","type-page","status-publish","hentry"],"acf":[],"jetpack_sharing_enabled":true,"_links":{"self":[{"href":"https:\/\/digistar.ma\/index.php?rest_route=\/wp\/v2\/pages\/5396","targetHints":{"allow":["GET"]}}],"collection":[{"href":"https:\/\/digistar.ma\/index.php?rest_route=\/wp\/v2\/pages"}],"about":[{"href":"https:\/\/digistar.ma\/index.php?rest_route=\/wp\/v2\/types\/page"}],"author":[{"embeddable":true,"href":"https:\/\/digistar.ma\/index.php?rest_route=\/wp\/v2\/users\/2"}],"replies":[{"embeddable":true,"href":"https:\/\/digistar.ma\/index.php?rest_route=%2Fwp%2Fv2%2Fcomments&post=5396"}],"version-history":[{"count":4,"href":"https:\/\/digistar.ma\/index.php?rest_route=\/wp\/v2\/pages\/5396\/revisions"}],"predecessor-version":[{"id":11046,"href":"https:\/\/digistar.ma\/index.php?rest_route=\/wp\/v2\/pages\/5396\/revisions\/11046"}],"wp:attachment":[{"href":"https:\/\/digistar.ma\/index.php?rest_route=%2Fwp%2Fv2%2Fmedia&parent=5396"}],"curies":[{"name":"wp","href":"https:\/\/api.w.org\/{rel}","templated":true}]}}