{"id":10025,"date":"2023-12-30T00:02:05","date_gmt":"2023-12-30T00:02:05","guid":{"rendered":"https:\/\/digistar.ma\/?post_type=product&#038;p=10025"},"modified":"2023-12-30T00:02:05","modified_gmt":"2023-12-30T00:02:05","slug":"scanner-hp-scanjet-enterprise-flow-n7000-snw1","status":"publish","type":"product","link":"https:\/\/digistar.ma\/?product=scanner-hp-scanjet-enterprise-flow-n7000-snw1","title":{"rendered":"Scanner HP ScanJet Enterprise Flow N7000 snw1"},"content":{"rendered":"<h3>Scanner HP ScanJet Enterprise Flow N7000 snw1<\/h3>\n<p>Offrez \u00e0 votre bureau une performance de gros volumes de num\u00e9risation. HP Scan Premium vous permet de gagner du temps et de saisir en toute confiance. Obtenez des vitesses de num\u00e9risation en noir et blanc pouvant atteindre jusqu&#8217;\u00e0 75\u00a0ppm\/150\u00a0<span class=\"m-text-nowrap\">ipm.\u00a0<span class=\"c-footnote-container\"><sup><span class=\"footnote__number\">1<\/span><\/sup><\/span><\/span>\u00a0Recommand\u00e9 pour des volumes de 7\u00a0500 pages par jour.<\/p>\n<div class=\"c-split-module__image\">\n<div class=\"c-image-container hp-image-f131-f48c with-ratio\"><img decoding=\"async\" class=\"inner-image\" src=\"https:\/\/ssl-product-images.www8-hp.com\/digmedialib\/prodimg\/lowres\/c06569834.png\" alt=\"HP ScanJet Enterprise Flow N7000 snw1\" \/><\/div>\n<\/div>\n<div class=\"c-split-module__text\">\n<h3 class=\"h2 c-split-module__title\">Num\u00e9risation rapide sans heurts, m\u00eame sans surveillance<\/h3>\n<p class=\"h4 c-split-module__description\">Capturez des documents entiers en une seule passe avec des vitesses de num\u00e9risation recto-verso pouvant atteindre 150\u00a0<span class=\"m-text-nowrap\">ipm.\u00a0<\/span><\/p>\n<\/div>\n<div class=\"c-column-module-feature\">\n<h4 class=\"c-column-module-feature__title h4\">Prise en charge d\u2019Ethernet, WiFi et WiFi direct<\/h4>\n<div class=\"c-column-module-feature__description h5\">\n<p>Num\u00e9risez sans fil avec ou sans le r\u00e9seau, restez connect\u00e9 avec le Wi-Fi et Wi-Fi direct.<\/p>\n<\/div>\n<\/div>\n<div class=\"c-column-module-feature\">\n<h4 class=\"c-column-module-feature__title h4\">Num\u00e9risation recto verso en un seul passage<\/h4>\n<div class=\"c-column-module-feature__description h5\">\n<p>Gagnez du temps et r\u00e9duisez le gaspillage gr\u00e2ce \u00e0 la num\u00e9risation recto verso qui capture toutes vos donn\u00e9es en un seul passage.<\/p>\n<\/div>\n<\/div>\n<div class=\"c-column-module-feature\">\n<h4 class=\"c-column-module-feature__title h4\">Cycle d&#8217;utilisation : 7\u00a0500 pages par mois<\/h4>\n<div class=\"c-column-module-feature__description h5\">\n<p>Con\u00e7u pour traiter jusqu&#8217;\u00e0 7\u00a0500 feuilles par jour.<\/p>\n<\/div>\n<\/div>\n<div class=\"c-column-module-feature\">\n<h4 class=\"c-column-module-feature__title h4\">HP EveryPage, capteur ultrasonique<\/h4>\n<div class=\"c-column-module-feature__description h5\">\n<p>Capturez chaque page et d\u00e9tectez les erreurs \u00e9ventuelles \u00e0 chaque impression avec Scanner HP ScanJet Enterprise Flow N7000 snw1<\/p>\n<p>&nbsp;<\/p>\n<\/div>\n<\/div>\n","protected":false},"excerpt":{"rendered":"<p>Alimentation feuille \u00e0 feuille<br \/>\nR\u00e9solution optique maximale: Jusqu&#8217;\u00e0 600\u00a0ppp<br \/>\nProfondeur: 24\u00a0bits (externe), 48\u00a0bits (internes) &#8211; Niveaux de gris: 256<br \/>\nVitesse de num\u00e9risation chargeur auto: Jusqu&#8217;\u00e0 75 ppm \/\u00a0150 ipm<br \/>\nTaille maximale de num\u00e9risation : 216 x 3100 mm (chargeur auto)<br \/>\nFormats accept\u00e9s: Jusqu&#8217;\u00e0 A4<br \/>\nTaux d&#8217;utilisation: Taux d&#8217;utilisation quotidien recommand\u00e9 : 7 500 pages<br \/>\nConnectivit\u00e9: Ethernet 10\/100\/1000 Base-T, USB 3.0, Wi-Fi 802.11 b\/g\/n, Wi-Fi Direct<br \/>\nCapacit\u00e9 du bac d&#8217;alimentation automatique: En standard, 80 feuilles<\/p>\n","protected":false},"featured_media":10026,"comment_status":"open","ping_status":"closed","template":"","meta":{"_acf_changed":false,"_monsterinsights_skip_tracking":false,"_monsterinsights_sitenote_active":false,"_monsterinsights_sitenote_note":"","_monsterinsights_sitenote_category":0,"_uf_show_specific_survey":0,"_uf_disable_surveys":false,"_joinchat":[]},"product_brand":[],"product_cat":[15,254,295],"product_tag":[],"class_list":{"0":"post-10025","1":"product","2":"type-product","3":"status-publish","4":"has-post-thumbnail","6":"product_cat-imprimante-scanner","7":"product_cat-scanner","8":"product_cat-scanner-a-defilement","10":"first","11":"instock","12":"sale","13":"shipping-taxable","14":"purchasable","15":"product-type-simple"},"acf":[],"jetpack_sharing_enabled":true,"_links":{"self":[{"href":"https:\/\/digistar.ma\/index.php?rest_route=\/wp\/v2\/product\/10025","targetHints":{"allow":["GET"]}}],"collection":[{"href":"https:\/\/digistar.ma\/index.php?rest_route=\/wp\/v2\/product"}],"about":[{"href":"https:\/\/digistar.ma\/index.php?rest_route=\/wp\/v2\/types\/product"}],"replies":[{"embeddable":true,"href":"https:\/\/digistar.ma\/index.php?rest_route=%2Fwp%2Fv2%2Fcomments&post=10025"}],"version-history":[{"count":1,"href":"https:\/\/digistar.ma\/index.php?rest_route=\/wp\/v2\/product\/10025\/revisions"}],"predecessor-version":[{"id":10031,"href":"https:\/\/digistar.ma\/index.php?rest_route=\/wp\/v2\/product\/10025\/revisions\/10031"}],"wp:featuredmedia":[{"embeddable":true,"href":"https:\/\/digistar.ma\/index.php?rest_route=\/wp\/v2\/media\/10026"}],"wp:attachment":[{"href":"https:\/\/digistar.ma\/index.php?rest_route=%2Fwp%2Fv2%2Fmedia&parent=10025"}],"wp:term":[{"taxonomy":"product_brand","embeddable":true,"href":"https:\/\/digistar.ma\/index.php?rest_route=%2Fwp%2Fv2%2Fproduct_brand&post=10025"},{"taxonomy":"product_cat","embeddable":true,"href":"https:\/\/digistar.ma\/index.php?rest_route=%2Fwp%2Fv2%2Fproduct_cat&post=10025"},{"taxonomy":"product_tag","embeddable":true,"href":"https:\/\/digistar.ma\/index.php?rest_route=%2Fwp%2Fv2%2Fproduct_tag&post=10025"}],"curies":[{"name":"wp","href":"https:\/\/api.w.org\/{rel}","templated":true}]}}