{"id":10032,"date":"2023-12-30T08:29:52","date_gmt":"2023-12-30T08:29:52","guid":{"rendered":"https:\/\/digistar.ma\/?post_type=product&#038;p=10032"},"modified":"2023-12-30T08:48:04","modified_gmt":"2023-12-30T08:48:04","slug":"station-de-travail-mobile-hp-zbook-firefly-16-g10-866h2ea","status":"publish","type":"product","link":"https:\/\/digistar.ma\/?product=station-de-travail-mobile-hp-zbook-firefly-16-g10-866h2ea","title":{"rendered":"Station de travail mobile HP ZBook Firefly 16 G10 866H2EA"},"content":{"rendered":"<h2>Station de travail mobile HP ZBook Firefly 16 G10 866H2EA<\/h2>\n<h3 class=\"h2 c-split-module__title\">Passez \u00e0 des performances professionnelles<\/h3>\n<p class=\"h4 c-split-module__description\">Dites adieu aux d\u00e9calages et aux plantages avec une r\u00e9activit\u00e9 acc\u00e9l\u00e9r\u00e9e sur les projets. Gr\u00e2ce \u00e0 un processeur\u00a0<span class=\"m-text-nowrap\">Intel\u00ae <span class=\"c-footnote-container\"><sup><span class=\"footnote__number\">\u00a0<\/span><\/sup><\/span><\/span>et \u00e0 la carte graphique int\u00e9gr\u00e9e ou\u00a0<span class=\"m-text-nowrap\">distincte\u00a0<\/span>, vous pouvez ouvrir des fichiers volumineux et ex\u00e9cuter des applications professionnelles en simultan\u00e9 pour une polyvalence et une productivit\u00e9 acc\u00e9l\u00e9r\u00e9es.<\/p>\n<p>&nbsp;<\/p>\n<p><img decoding=\"async\" src=\"https:\/\/ssl-product-images.www8-hp.com\/digmedialib\/prodimg\/lowres\/c08572655.png\" alt=\"HP ZBook Firefly 16&quot; G10 Mobile Workstation PC on White (INTEL) WKS NouvelleSilver NT IRcam nonODD F\" \/><\/p>\n<p>&nbsp;<\/p>\n<h3 class=\"h2 c-split-module__title\">Une productivit\u00e9 assur\u00e9e toute la journ\u00e9e. O\u00f9 que vous soyez.<\/h3>\n<p class=\"h4 c-split-module__description\">\u00c0 partir de seulement 1,72 <span class=\"m-text-nowrap\">kg\u00a0<\/span>, notre HP ZBook le plus mobile est con\u00e7u pour les d\u00e9placements. Durable et \u00e9l\u00e9gant, cet appareil \u00e0 l\u2019autonomie\u00a0<span class=\"m-text-nowrap\">prolong\u00e9e\u00a0<\/span>\u00a0est assez petit pour \u00eatre transport\u00e9 dans votre sac. Vous pouvez ainsi assurer votre productivit\u00e9 partout. La mobilit\u00e9 et les performances \u00e9lev\u00e9es combin\u00e9es dans une station de travail.<\/p>\n<p><img decoding=\"async\" src=\"https:\/\/ssl-product-images.www8-hp.com\/digmedialib\/prodimg\/lowres\/c08572619.png\" alt=\"HP ZBook Firefly 16&quot; G10 Mobile Workstation PC on White (INTEL) WKS NouvelleSilver NT IRcam nonODD F\" \/><\/p>\n<p>&nbsp;<\/p>\n<h3 class=\"h2 c-split-module__title\">Connectez. Communiquez. Collaborez<\/h3>\n<p class=\"h4 c-split-module__description\">Collaborez efficacement avec le HP ZBook Firefly. Connectez-vous en vid\u00e9oconf\u00e9rence depuis n\u2019importe o\u00f9 avec la cam\u00e9ra 5 Mpx \u00e0 cadrage automatique am\u00e9lior\u00e9e par\u00a0<span class=\"m-text-nowrap\">l\u2019IA\u00a0<\/span>, pour une qualit\u00e9 d\u2019image sup\u00e9rieure m\u00eame dans des conditions d\u2019\u00e9clairage faibles, en profitant du logiciel optimis\u00e9 par l\u2019IA pour supprimer les bruits\u00a0<span class=\"m-text-nowrap\">environnants.<\/span><\/p>\n<p><img decoding=\"async\" src=\"https:\/\/ssl-product-images.www8-hp.com\/digmedialib\/prodimg\/lowres\/c08572607.png\" alt=\"HP ZBook Firefly 16&quot; G10 Mobile Workstation PC on White (INTEL) WKS NouvelleSilver NT IRcam nonODD F\" \/><\/p>\n<p>&nbsp;<\/p>\n<h4>Caract\u00e9ristiques techniques de la Station de travail mobile HP ZBook Firefly 16 G10 866H2EA :<\/h4>\n<p>Syt\u00e8mes d&#8217;exploitation : Windows 11 Professionnel.<\/p>\n<p>Processeur : Processeur <a href=\"https:\/\/digistar.ma\/?product=systeme-de-videoconference-logitech-roommate-950-000084\">Intel<\/a>\u00ae Core\u2122 i7-1360P (jusqu\u2019\u00e0 5,0 GHz avec la technologie Intel\u00ae Turbo Boost, 18 Mo de m\u00e9moire cache L3, 12 c\u0153urs, 16 threads).<\/p>\n<p>Taille de la m\u00e9moire : 16 GB DDR5-5200 MHz RAM (1 x 16 GB).<\/p>\n<p>Capacit\u00e9 de stockage : 512 GB PCIe\u00ae NVMe\u2122 SSD.<\/p>\n","protected":false},"excerpt":{"rendered":"<p><a href=\"http:\/\/www.digistar.ma\">Intel<\/a>\u00ae Core\u2122 i7-1355U (jusqu&#8217;\u00e0 5,0 GHz avec la technologie Intel\u00ae Turbo Boost, 12 Mo de cache L3, 10 c\u0153urs, 12 threads)<br \/>\nRAM: 16 GB DDR5-5200 MHz RAM (1 x 16 GB)<br \/>\nDisque dur: 512 GB PCIe\u00ae NVMe\u2122 SSD<br \/>\n\u00c9cran: Diagonale de 16&#8243;, WUXGA (1 920 x 1 200), IPS, antireflet, 250 nits, 45 % NTSC<br \/>\nCarte graphique: NVIDIA RTX\u2122 A500 (4 Go de m\u00e9moire GDDR6 d\u00e9di\u00e9e)<br \/>\nWindows 11 Pro<br \/>\nClavier: HP Premium r\u00e9sistant aux \u00e9claboussures, r\u00e9tro\u00e9clair\u00e9, Fran\u00e7ais (AZERTY)<br \/>\nPoids: \u00c0 partir de 1,72 kg<\/p>\n","protected":false},"featured_media":10040,"comment_status":"open","ping_status":"closed","template":"","meta":{"_acf_changed":false,"_monsterinsights_skip_tracking":false,"_monsterinsights_sitenote_active":false,"_monsterinsights_sitenote_note":"","_monsterinsights_sitenote_category":0,"_uf_show_specific_survey":0,"_uf_disable_surveys":false,"_joinchat":[]},"product_brand":[],"product_cat":[237,255,300],"product_tag":[],"class_list":{"0":"post-10032","1":"product","2":"type-product","3":"status-publish","4":"has-post-thumbnail","6":"product_cat-ordinateur","7":"product_cat-pc-portable","8":"product_cat-pc-portable-pc-portable","10":"first","11":"instock","12":"sale","13":"shipping-taxable","14":"purchasable","15":"product-type-simple"},"acf":[],"jetpack_sharing_enabled":true,"_links":{"self":[{"href":"https:\/\/digistar.ma\/index.php?rest_route=\/wp\/v2\/product\/10032","targetHints":{"allow":["GET"]}}],"collection":[{"href":"https:\/\/digistar.ma\/index.php?rest_route=\/wp\/v2\/product"}],"about":[{"href":"https:\/\/digistar.ma\/index.php?rest_route=\/wp\/v2\/types\/product"}],"replies":[{"embeddable":true,"href":"https:\/\/digistar.ma\/index.php?rest_route=%2Fwp%2Fv2%2Fcomments&post=10032"}],"version-history":[{"count":3,"href":"https:\/\/digistar.ma\/index.php?rest_route=\/wp\/v2\/product\/10032\/revisions"}],"predecessor-version":[{"id":10043,"href":"https:\/\/digistar.ma\/index.php?rest_route=\/wp\/v2\/product\/10032\/revisions\/10043"}],"wp:featuredmedia":[{"embeddable":true,"href":"https:\/\/digistar.ma\/index.php?rest_route=\/wp\/v2\/media\/10040"}],"wp:attachment":[{"href":"https:\/\/digistar.ma\/index.php?rest_route=%2Fwp%2Fv2%2Fmedia&parent=10032"}],"wp:term":[{"taxonomy":"product_brand","embeddable":true,"href":"https:\/\/digistar.ma\/index.php?rest_route=%2Fwp%2Fv2%2Fproduct_brand&post=10032"},{"taxonomy":"product_cat","embeddable":true,"href":"https:\/\/digistar.ma\/index.php?rest_route=%2Fwp%2Fv2%2Fproduct_cat&post=10032"},{"taxonomy":"product_tag","embeddable":true,"href":"https:\/\/digistar.ma\/index.php?rest_route=%2Fwp%2Fv2%2Fproduct_tag&post=10032"}],"curies":[{"name":"wp","href":"https:\/\/api.w.org\/{rel}","templated":true}]}}