{"id":10064,"date":"2024-01-03T15:43:43","date_gmt":"2024-01-03T15:43:43","guid":{"rendered":"https:\/\/digistar.ma\/?post_type=product&#038;p=10064"},"modified":"2024-01-03T16:36:17","modified_gmt":"2024-01-03T16:36:17","slug":"ordinateur-portable-asus-tuf-gaming-f15-fx507vu4","status":"publish","type":"product","link":"https:\/\/digistar.ma\/?product=ordinateur-portable-asus-tuf-gaming-f15-fx507vu4","title":{"rendered":"Ordinateur portable Asus TUF Gaming F15 FX507VU4"},"content":{"rendered":"<h2>Ordinateur portable Asus TUF Gaming F15 FX507VU4<\/h2>\n<h2 class=\"h2-master\">Performance et confort de jeu !<\/h2>\n<section>Le\u00a0<strong>PC portable ASUS TUF Gaming F15\u00a0<\/strong>renferme un arsenal de caract\u00e9ristiques mat\u00e9rielles et logicielles qui vous assurent une excellente durabilit\u00e9 et des performances surpuissantes sur vos jeux. \u00c9quip\u00e9 d&#8217;un puissant\u00a0<strong>processeur Intel Core i7-13700H<\/strong>, de 16 Go de m\u00e9moire DDR4, d&#8217;un\u00a0<strong>SSD M.2 PCIe 4.0 de 512 Go<\/strong>\u00a0et d&#8217;une\u00a0<strong>puce graphique NVIDIA GeForce RTX 4050<\/strong>, l&#8217;Ordinateur portable Asus TUF Gaming F15 FX507VU4\u00a0offre d&#8217;excellentes performances et un fonctionnement rapide.<\/section>\n<section>\n<div class=\"desc-image\"><img decoding=\"async\" src=\"https:\/\/media.ldlc.com\/bo\/images\/fiches\/pc_portables\/asus\/fa707nu\/800_1.jpg\" alt=\"\" \/><\/div>\n<div class=\"desc-text\">\n<h2>TUF : THE ULTIMATE FORCE<\/h2>\n<p>Arm\u00e9 de caract\u00e9ristiques l&#8217;aidant \u00e0 affronter toutes les situations, le TUF Gaming F15 d\u00e9livre des performances de haut vol pour le gaming, le streaming, etc. Son processeur Intel Core de 13e g\u00e9n\u00e9ration vous offrira la puissance n\u00e9cessaire pour toutes vos activit\u00e9s. Combin\u00e9 \u00e0 une puce graphique d\u00e9di\u00e9e GeForce RTX 4050, il est capable de produire d&#8217;excellentes performances sur les jeux embl\u00e9matiques du moment. En outre, le TUF Gaming F17 est muni d&#8217;un SSD M.2 PCIe 4.0 afin d&#8217;acc\u00e9l\u00e9rer les temps de chargement de nombreux jeux et applications.<\/p>\n<\/div>\n<\/section>\n<section>\n<div class=\"desc-text\">\n<h2>CLAVIER GAMER R\u00c9TRO\u00c9CLAIR\u00c9<\/h2>\n<p>\u00c9quipez-vous d&#8217;un clavier similaire \u00e0 ceux des PC de bureau gaming, dans le but d&#8217;\u00eatre plus \u00e0 l&#8217;aise lorsque vous jouez. Le r\u00e9tro\u00e9clairage multicouleurs, avec une seule couleur active, vous permet de personnaliser son style. De plus, les touches ZQSD mises en valeur vous permettent de visualiser plus rapidement vos commandes de mouvement. La technologie Overstroke acc\u00e9l\u00e8re la r\u00e9activit\u00e9 des touches tandis que le N-Key Rollover enregistre pr\u00e9cis\u00e9ment chaque frappe, m\u00eame lors des combats les plus acharn\u00e9s. Fid\u00e8les \u00e0 l&#8217;ADN TUF, les touches ultrar\u00e9sistantes supportent chacune plus de 20 millions de frappes afin d&#8217;am\u00e9liorer la fiabilit\u00e9 de votre clavier, mais aussi votre pr\u00e9cision au combat.<\/p>\n<\/div>\n<div class=\"desc-image\"><img decoding=\"async\" src=\"https:\/\/media.ldlc.com\/bo\/images\/fiches\/pc_portables\/asus\/fa707nu\/800_2.jpg\" alt=\"\" \/><\/div>\n<\/section>\n<section>\n<div class=\"desc-image\"><img decoding=\"async\" src=\"https:\/\/media.ldlc.com\/bo\/images\/fiches\/pc_portables\/asus\/fa707nu\/800_3.jpg\" alt=\"\" \/><\/div>\n<div class=\"desc-text\">\n<h2>REFROIDISSEMENT EFFICACE<\/h2>\n<p>Le TUF Gaming F15 est dot\u00e9 d&#8217;un syst\u00e8me de refroidissement complet capable de maintenir le niveau de performances du PC tout en restant efficient sur le long terme. Les caloducs et les radiateurs \u00e9loignent la chaleur des composants principaux et la dissipent rapidement m\u00eame lorsque vous faites un v\u00e9ritable marathon gaming Les\u00a0<strong>ventilateurs Arc Flow\u00a0<\/strong>comporte 84 pales qui varient en \u00e9paisseur \u00e0 leur base pour brasser davantage d&#8217;air ! Le tout b\u00e9n\u00e9ficie d&#8217;un fonctionnement silencieux, pour minimiser la nuisance sonore.<\/p>\n<\/div>\n<\/section>\n<section class=\"list\">\n<h2>CARACT\u00c9RISTIQUES PRINCIPALES DE L&#8217;Ordinateur portable Asus TUF Gaming F15 FX507VU4<\/h2>\n<ul>\n<li><a href=\"http:\/\/www.digistar.ma\"><strong>Processeur Intel Core i7-131700H<\/strong> <\/a>(24M Cache, up to 5 GHz, 14 cores: 6 P-cores and 8 E-cores)<\/li>\n<li>16 Go de m\u00e9moire DDR4-3200 SO-DIMM<\/li>\n<li>\u00c9cran de 15.6 pouces avec r\u00e9solution\u00a0<strong>Full HD<\/strong>\u00a0(1920 x 1080) et<strong>\u00a0fr\u00e9quence de 144 Hz<\/strong><\/li>\n<li>Puce graphique\u00a0<strong><a href=\"http:\/\/90NR0CJ7-M00860\">NVIDIA<\/a> GeForce RTX 4050<\/strong><\/li>\n<li><strong>SSD M.2 PCIe de 512 Go<\/strong><\/li>\n<li>Communication sans fil\u00a0<strong>Wi-Fi 6<\/strong>\u00a0+\u00a0<strong>Bluetooth 5.2<\/strong><\/li>\n<li>Clavier \u00e0 touches r\u00e9tro\u00e9clair\u00e9es RGB (une seule couleur active)<\/li>\n<li>2 haut-parleurs avec technologie Dolby Atmos<\/li>\n<li>Syst\u00e8me de refroidissement performant<\/li>\n<li>Webcam HD 720p<\/li>\n<li><strong>Windows 11 Home<\/strong><\/li>\n<\/ul>\n<\/section>\n","protected":false},"excerpt":{"rendered":"<p><a href=\"http:\/\/www.digistar.ma\">Intel<\/a>\u00ae CoreTM i7-13700H Processor 2.4 GHz (24M Cache, up to 5 GHz, 14 cores: 6 P-cores and 8 E-cores)<br \/>\nRAM: 16GB DDR4-3200 SO-DIMM<br \/>\nDisque dur: 512GB PCIe\u00ae 4.0 NVMeTM M.2 SSD<br \/>\n\u00c9cran: 15.6-inch, FHD (1920 x 1080) 16:9, Value IPS-level, anti-glare display, sRGB: 100%, Adobe: 75.35%, Refresh Rate: 144Hz,<br \/>\nCarte graphique: NVIDIA\u00ae GeForce RTXTM 4050 Laptop GPU, 6GB GDDR6<br \/>\nWindows 11 Home<br \/>\nClavier: Backlit Chiclet Keyboard 1-Zone RGB, Fran\u00e7ais (AZERTY)<br \/>\nPoids: 2.20 Kg<\/p>\n","protected":false},"featured_media":10072,"comment_status":"open","ping_status":"closed","template":"","meta":{"_acf_changed":false,"_monsterinsights_skip_tracking":false,"_monsterinsights_sitenote_active":false,"_monsterinsights_sitenote_note":"","_monsterinsights_sitenote_category":0,"_uf_show_specific_survey":0,"_uf_disable_surveys":false,"_joinchat":[]},"product_brand":[],"product_cat":[297,237,255,299],"product_tag":[],"class_list":{"0":"post-10064","1":"product","2":"type-product","3":"status-publish","4":"has-post-thumbnail","6":"product_cat-gaming","7":"product_cat-ordinateur","8":"product_cat-pc-portable","9":"product_cat-pc-portable-gamer","11":"first","12":"instock","13":"sale","14":"shipping-taxable","15":"purchasable","16":"product-type-simple"},"acf":[],"jetpack_sharing_enabled":true,"_links":{"self":[{"href":"https:\/\/digistar.ma\/index.php?rest_route=\/wp\/v2\/product\/10064","targetHints":{"allow":["GET"]}}],"collection":[{"href":"https:\/\/digistar.ma\/index.php?rest_route=\/wp\/v2\/product"}],"about":[{"href":"https:\/\/digistar.ma\/index.php?rest_route=\/wp\/v2\/types\/product"}],"replies":[{"embeddable":true,"href":"https:\/\/digistar.ma\/index.php?rest_route=%2Fwp%2Fv2%2Fcomments&post=10064"}],"version-history":[{"count":2,"href":"https:\/\/digistar.ma\/index.php?rest_route=\/wp\/v2\/product\/10064\/revisions"}],"predecessor-version":[{"id":10073,"href":"https:\/\/digistar.ma\/index.php?rest_route=\/wp\/v2\/product\/10064\/revisions\/10073"}],"wp:featuredmedia":[{"embeddable":true,"href":"https:\/\/digistar.ma\/index.php?rest_route=\/wp\/v2\/media\/10072"}],"wp:attachment":[{"href":"https:\/\/digistar.ma\/index.php?rest_route=%2Fwp%2Fv2%2Fmedia&parent=10064"}],"wp:term":[{"taxonomy":"product_brand","embeddable":true,"href":"https:\/\/digistar.ma\/index.php?rest_route=%2Fwp%2Fv2%2Fproduct_brand&post=10064"},{"taxonomy":"product_cat","embeddable":true,"href":"https:\/\/digistar.ma\/index.php?rest_route=%2Fwp%2Fv2%2Fproduct_cat&post=10064"},{"taxonomy":"product_tag","embeddable":true,"href":"https:\/\/digistar.ma\/index.php?rest_route=%2Fwp%2Fv2%2Fproduct_tag&post=10064"}],"curies":[{"name":"wp","href":"https:\/\/api.w.org\/{rel}","templated":true}]}}