{"id":10074,"date":"2024-01-03T17:44:55","date_gmt":"2024-01-03T17:44:55","guid":{"rendered":"https:\/\/digistar.ma\/?post_type=product&#038;p=10074"},"modified":"2024-01-03T17:49:01","modified_gmt":"2024-01-03T17:49:01","slug":"ordinateur-portable-lenovo-ideapad-slim-5-14irl8","status":"publish","type":"product","link":"https:\/\/digistar.ma\/?product=ordinateur-portable-lenovo-ideapad-slim-5-14irl8","title":{"rendered":"Ordinateur Portable Lenovo IdeaPad Slim 5 14IRL8"},"content":{"rendered":"<h2>Ordinateur Portable Lenovo IdeaPad Slim 5 14IRL8<\/h2>\n<h2 class=\"h2-master\">Confort et efficacit\u00e9 avec un \u00e9cran OLED<\/h2>\n<section>Avec son format mince et ses composants performants, le PC portable\u00a0<strong>Lenovo IdeaPad Slim 5 Gen 8<\/strong>\u00a0allie confort, efficacit\u00e9 et mobilit\u00e9. Cet ordinateur portable sera un achat id\u00e9al pour tous vos besoins informatiques, y compris le divertissement multim\u00e9dia.<\/section>\n<section>\n<div class=\"desc-image\"><img decoding=\"async\" src=\"https:\/\/media.ldlc.com\/bo\/images\/fiches\/pc_portables\/lenovo\/Ideapad_Slim_5_14IRL8\/801.jpg\" alt=\"\" \/><\/div>\n<div class=\"desc-text\">\n<h2>PERFORMANCE AU QUOTIDIEN<\/h2>\n<p>Le notebook Lenovo IdeaPad Slim 8 14IRL8 vous offre la mobilit\u00e9, la robustesse et la performance dont vous avez besoin au quotidien pour tous vos besoins. Avec sa conception solide de niveau militaire, il est con\u00e7u pour supporter les chutes et les projections de liquide accidentelles. Avec notamment un processeur Intel de 13e g\u00e9n\u00e9ration et un SSD au format M.2 PCIe, ce notebook Lenovo offre de hautes performances, y compris en multit\u00e2ches.<\/p>\n<\/div>\n<\/section>\n<section>\n<div class=\"desc-text\">\n<h2>\u00c9CRAN OLED AU FORMAT 16\/10<\/h2>\n<p>Avec son \u00e9cran OLED, le <a href=\"http:\/\/www.digistar.ma\">PC portable Lenovo<\/a> IdeaPad Slim 5 vous offre un affichage de qualit\u00e9 sup\u00e9rieure, avec des couleurs riches. Profitez \u00e9galement de contrastes nuanc\u00e9s gr\u00e2ce \u00e0 la technologie DisplayHDR True Black 500. Par ailleurs, son format 16:10 permet d&#8217;afficher davantage d&#8217;\u00e9l\u00e9ments et son cadre ultrafin lui donne l&#8217;air encore plus large. Avec une palette de couleurs \u00e9tendue et un son Dolby Audio, cet ordinateur portable sera une excellente plateforme de divertissement mobile.<\/p>\n<\/div>\n<div class=\"desc-image\"><img decoding=\"async\" src=\"https:\/\/media.ldlc.com\/bo\/images\/fiches\/pc_portables\/lenovo\/Ideapad_Slim_5_14IRL8\/802.jpg\" alt=\"\" \/><\/div>\n<\/section>\n<section class=\"list\">\n<h2>CARACT\u00c9RISTIQUES PRINCIPALES De L Ordinateur Portable Lenovo IdeaPad Slim 5 14IRL8<\/h2>\n<ul>\n<li><strong>Processeur Intel Core i7-13620H<\/strong>\u00a0(6 Performance-Cores 4.9 GHz Turbo + 4 Efficient-Cores 3.6 GHz Turbo &#8211; 16 Threads &#8211; Cache 24 Mo)<\/li>\n<li>16 Go de m\u00e9moire DDR5 (m\u00e9moire int\u00e9gr\u00e9e)<\/li>\n<li>\u00c9cran OLED de 14&#8243; au format 16\/10<\/li>\n<li><strong>SSD M.2 PCIe de 512 Go<\/strong><\/li>\n<li>Communication sans fil\u00a0<strong>Wi-Fi 6E\u00a0<\/strong>+\u00a0<strong>Bluetooth 5.1<\/strong><\/li>\n<li>Haut-parleurs st\u00e9r\u00e9o avec technologie Dolby Audio<\/li>\n<li>Module TPM 2.0 (firmware)<\/li>\n<li>Lenovo AI Engine : adaptation du syst\u00e8me selon votre utilisation<\/li>\n<li>Webcam HD 1080p IR avec obturateur int\u00e9gr\u00e9<\/li>\n<li><strong>Windows 11 Home<\/strong><\/li>\n<\/ul>\n<\/section>\n","protected":false},"excerpt":{"rendered":"<p><a href=\"http:\/\/www.digistar.ma\">Intel\u00ae Core\u2122 i7<\/a>-13620H, 10C (6P + 4E) \/ 16T, P-core 2.4 \/ 4.9GHz, E-core 1.8 \/ 3.6GHz, 24MB<br \/>\nRAM: 16GB Soldered LPDDR5-5200<br \/>\nDisque dur: 512GB SSD M.2 2242 PCIe\u00ae 4.0&#215;4 NVMe\u00ae<br \/>\n\u00c9cran: 14&#8243; WUXGA (1920&#215;1200) IPS 300nits Anti-glare, 45% NTSC, T\u00dcV Low Blue Light<br \/>\nCarte graphique: Integrated Intel\u00ae UHD<br \/>\nWindows\u00ae 11 Home<br \/>\nClavier: Backlit, Fran\u00e7ais (AZERTY)<br \/>\nPoids: \u00c0 partir de 1.46 kg<\/p>\n","protected":false},"featured_media":10092,"comment_status":"open","ping_status":"closed","template":"","meta":{"_acf_changed":false,"_monsterinsights_skip_tracking":false,"_monsterinsights_sitenote_active":false,"_monsterinsights_sitenote_note":"","_monsterinsights_sitenote_category":0,"_uf_show_specific_survey":0,"_uf_disable_surveys":false,"_joinchat":[]},"product_brand":[],"product_cat":[237,255,300],"product_tag":[],"class_list":{"0":"post-10074","1":"product","2":"type-product","3":"status-publish","4":"has-post-thumbnail","6":"product_cat-ordinateur","7":"product_cat-pc-portable","8":"product_cat-pc-portable-pc-portable","10":"first","11":"instock","12":"sale","13":"shipping-taxable","14":"purchasable","15":"product-type-simple"},"acf":[],"jetpack_sharing_enabled":true,"_links":{"self":[{"href":"https:\/\/digistar.ma\/index.php?rest_route=\/wp\/v2\/product\/10074","targetHints":{"allow":["GET"]}}],"collection":[{"href":"https:\/\/digistar.ma\/index.php?rest_route=\/wp\/v2\/product"}],"about":[{"href":"https:\/\/digistar.ma\/index.php?rest_route=\/wp\/v2\/types\/product"}],"replies":[{"embeddable":true,"href":"https:\/\/digistar.ma\/index.php?rest_route=%2Fwp%2Fv2%2Fcomments&post=10074"}],"version-history":[{"count":2,"href":"https:\/\/digistar.ma\/index.php?rest_route=\/wp\/v2\/product\/10074\/revisions"}],"predecessor-version":[{"id":10093,"href":"https:\/\/digistar.ma\/index.php?rest_route=\/wp\/v2\/product\/10074\/revisions\/10093"}],"wp:featuredmedia":[{"embeddable":true,"href":"https:\/\/digistar.ma\/index.php?rest_route=\/wp\/v2\/media\/10092"}],"wp:attachment":[{"href":"https:\/\/digistar.ma\/index.php?rest_route=%2Fwp%2Fv2%2Fmedia&parent=10074"}],"wp:term":[{"taxonomy":"product_brand","embeddable":true,"href":"https:\/\/digistar.ma\/index.php?rest_route=%2Fwp%2Fv2%2Fproduct_brand&post=10074"},{"taxonomy":"product_cat","embeddable":true,"href":"https:\/\/digistar.ma\/index.php?rest_route=%2Fwp%2Fv2%2Fproduct_cat&post=10074"},{"taxonomy":"product_tag","embeddable":true,"href":"https:\/\/digistar.ma\/index.php?rest_route=%2Fwp%2Fv2%2Fproduct_tag&post=10074"}],"curies":[{"name":"wp","href":"https:\/\/api.w.org\/{rel}","templated":true}]}}