{"id":10101,"date":"2024-01-13T21:40:03","date_gmt":"2024-01-13T21:40:03","guid":{"rendered":"https:\/\/digistar.ma\/?post_type=product&#038;p=10101"},"modified":"2024-01-13T21:40:04","modified_gmt":"2024-01-13T21:40:04","slug":"ordinateur-portable-lenovo-ideapad-flex-5-14iau7","status":"publish","type":"product","link":"https:\/\/digistar.ma\/?product=ordinateur-portable-lenovo-ideapad-flex-5-14iau7","title":{"rendered":"Ordinateur Portable Lenovo IdeaPad Flex 5 14IAU7"},"content":{"rendered":"<h1 class=\"h1 productpage_title\">Ordinateur Portable Lenovo\u00a0IdeaPad Flex 5 14IAU7<\/h1>\n<h2 class=\"tabbedBrowse-features-featureHeading\">Plus rapide et mieux refroidi<\/h2>\n<div class=\"tabbedBrowse-features-featureText\">\n<p>Le portable IdeaPad 5 Gen 7 (14&#8243; Intel) est dot\u00e9 d\u2019un processeur mobile intel\u00ae Core\u2122 i7-1255U\u2122 \u00e0 la pointe de la technologie et d\u2019un circuit graphique int\u00e9gr\u00e9 Intel\u00ae Iris\u00ae Xe\u2122 vous permettant de profiter d\u2019une vitesse d\u00e9coiffante, d\u2019une autonomie de batterie plus longue et d\u2019aller toujours plus loin. De plus, la m\u00e9moire double canal am\u00e9liore les performances du syst\u00e8me et ex\u00e9cute les programmes plus rapidement, tandis que la fonction Smart Power maintient le syst\u00e8me parfaitement refroidi m\u00eame sous de fortes sollicitations gr\u00e2ce \u00e0 ses modes Repos, \u00c9quilibre et Performance.<\/p>\n<p><img decoding=\"async\" src=\"https:\/\/www.lenovo.com\/medias\/lenovo-laptop-ideapad-5-gen-7-14-feature-1.jpg?context=bWFzdGVyfHJvb3R8MTMwMTM5fGltYWdlL2pwZWd8aDFiL2g2MS8xNDg3NjQ4MjMwNjA3OC5qcGd8NmYwODJkZTJkMGQ1NDIzZTY3ZWJjZTY5ZTgzNTk0NTQxZDliNjkzNzMzMDFjYmJkYTI4YzQ2NGIzMGNhZDIwNg\" alt=\"Vue de dessus du PC portable Lenovo IdeaPad\u00a05 Gen\u00a07 montrant le clavier.\" \/><\/p>\n<h2 class=\"tabbedBrowse-features-featureHeading\">Connectivit\u00e9 mobile<\/h2>\n<div class=\"tabbedBrowse-features-featureText\">\n<p>Un ensemble complet de ports \u00e9tend les possibilit\u00e9s en mati\u00e8re d\u2019alimentation et de transferts de donn\u00e9es plus rapides, et permet la prise en charge d\u2019un \u00e9cran WUXGA (1920&#215;1200). Le Wi-Fi et le Bluetooth<sup>\u00ae<\/sup>, rapides et stables, vous permettent de rester connect\u00e9 avec ce qui compte, o\u00f9 que vous soyez. De plus, une batterie \u00e0 grande autonomie permet \u00e0 votre IdeaPad\u00a05 Gen\u00a07 de fonctionner toute la journ\u00e9e et lorsqu\u2019elle est faible, une recharge de 15\u00a0minutes vous donne deux heures suppl\u00e9mentaires.<\/p>\n<p>&nbsp;<\/p>\n<p><img decoding=\"async\" src=\"https:\/\/www.lenovo.com\/medias\/lenovo-laptop-ideapad-5-gen-7-14-feature-2.jpg?context=bWFzdGVyfHJvb3R8MTU3MjkzfGltYWdlL2pwZWd8aDc2L2gwYy8xNDg3NzQ4MzYzMDYyMi5qcGd8MDY5YzZmNzE5OGFhNzUwNjFkOTExOTNhOTYzYjUxOGYzOWExYTFiOTIwNDU0YTI3YjhmOWI3MDBhZjJhMjc1NQ\" alt=\"Vue rogn\u00e9e lat\u00e9rale de trois quarts de deux ordinateurs portables Lenovo IdeaPad\u00a05 Gen\u00a07 formant un \u00ab\u00a0X\u00a0\u00bb dans l\u2019espace, montrant les ports.\" \/><\/p>\n<\/div>\n<h2 class=\"tabbedBrowse-features-featureHeading\">Une exp\u00e9rience sonore et visuelle plus riche que jamais<\/h2>\n<div class=\"tabbedBrowse-features-featureText\">\n<p>Les haut-parleurs en fa\u00e7ade de l\u2019IdeaPad\u00a05 Gen\u00a07 avec Dolby Audio<sup>\u00ae<\/sup>\u00a0am\u00e9liorent votre exp\u00e9rience audio avec un son riche qui remplit l\u2019espace. Profitez de visuels tout aussi brillants sur le superbe \u00e9cran 35,56\u00a0cm (14&#8243;) avec son taux de rafra\u00eechissement rapide et sa magnifique gamme de couleurs. De plus, la certification T\u00dcV garantit que les \u00e9missions de lumi\u00e8re bleue sont r\u00e9duites pour minimiser la fatigue oculaire.<\/p>\n<\/div>\n<p><img decoding=\"async\" src=\"https:\/\/www.lenovo.com\/medias\/lenovo-laptop-ideapad-5-gen-7-14-feature-3.jpg?context=bWFzdGVyfHJvb3R8MTk5MDEwfGltYWdlL2pwZWd8aDA3L2gzOC8xNDgwMzg5NDIwNjQ5NC5qcGd8ZTU4NTY3MmY4NDU3ZDY1OGFjNjU2ODMyOTA0Mjk0NGM2NjRjMWQ4OWUyZmFmNGE2ZjFlZjUxZDc0N2NmNjRlZg\" alt=\"Personne utilisant un PC portable Lenovo IdeaPad\u00a05 Gen\u00a07 pour une visioconf\u00e9rence.\" \/><\/p>\n<\/div>\n<h2 class=\"tabbedBrowse-features-featureHeading\">Haut de gamme et robuste<\/h2>\n<div class=\"tabbedBrowse-features-featureText\">\n<p>Dans sa version \u00e0 ch\u00e2ssis enti\u00e8rement m\u00e9tallique, le portable IdeaPad\u00a05 Gen\u00a07 a des bords usin\u00e9s au diamant qui ajoutent un toucher et un aspect haut de gamme. Son cadre en alliage d\u2019aluminium fabriqu\u00e9 avec pr\u00e9cision est construit pour offrir r\u00e9sistance et durabilit\u00e9 de niveau militaire, tout en \u00e9tant suffisamment l\u00e9ger pour vous accompagner partout<\/p>\n<\/div>\n<p>&nbsp;<\/p>\n<p><img decoding=\"async\" src=\"https:\/\/www.lenovo.com\/medias\/lenovo-laptop-ideapad-5-gen-7-14-feature-4.jpg?context=bWFzdGVyfHJvb3R8MTEyMDUyfGltYWdlL2pwZWd8aGRkL2gyNy8xNDg3NzQ4MzY5NjE1OC5qcGd8Mzc3M2JiNzk3NmM1OTBjMzMzODc4YmQ1M2RlM2I1MzM2OGVkOGRhNzUyZTI3M2ZmMmQyMjgxYWU1ODQ1MGM4Mg\" alt=\"Vue de trois quarts droite du portable Lenovo IdeaPad\u00a05 Gen\u00a07, ouvert \u00e0 120\u00a0degr\u00e9s en \u00e9quilibre sur son coin avant droit\" \/><\/p>\n<p>&nbsp;<\/p>\n<h2 class=\"tabbedBrowse-features-featureHeading\">Ports et emplacements<\/h2>\n<p><img decoding=\"async\" src=\"https:\/\/static.lenovo.com\/ww\/img\/subseries\/products\/lenovo-laptop-ideapad-5-gen-7-14-ports.jpg\" alt=\"Vues lat\u00e9rales du Lenovo IdeaCentre\u00a05 Gen\u00a06 AMD montrant les ports et les emplacements.\" \/><\/p>\n<p>&nbsp;<\/p>\n<h3>Caract\u00e9ristiques Techniques de l&#8217; Ordinateur Portable Lenovo IdeaPad Flex 5 14IAU7<\/h3>\n<p><a href=\"http:\/\/www.digistar.com\" target=\"_blank\" rel=\"noopener\">Intel\u00ae<\/a> Core\u2122 i7-1255U, 10C (2P + 8E) \/ 12T, P-core 1.7 \/ 4.7GHz, E-core 1.2 \/ 3.5GHz, 12MB<br \/>\nRAM: 16GB Soldered LPDDR4x-4266<br \/>\nDisque dur: 512GB SSD M.2 2242 PCIe\u00ae 4.0&#215;4 NVMe\u00ae<br \/>\n\u00c9cran: 14&#8243; WUXGA (1920&#215;1200) IPS 300nits Glossy, 45% NTSC, T\u00dcV Low Blue Light, Glass, Touch<br \/>\nCarte graphique: Integrated Intel\u00ae Iris\u00ae Xe<\/p>\n<p>&nbsp;<\/p>\n","protected":false},"excerpt":{"rendered":"<p><a href=\"http:\/\/www.digistar.com\">Intel\u00ae<\/a> Core\u2122 i7-1255U, 10C (2P + 8E) \/ 12T, P-core 1.7 \/ 4.7GHz, E-core 1.2 \/ 3.5GHz, 12MB<br \/>\nRAM: 16GB Soldered LPDDR4x-4266<br \/>\nDisque dur: 512GB SSD M.2 2242 PCIe\u00ae 4.0&#215;4 NVMe\u00ae<br \/>\n\u00c9cran: 14&#8243; WUXGA (1920&#215;1200) IPS 300nits Glossy, 45% NTSC, T\u00dcV Low Blue Light, Glass, Touch<br \/>\nCarte graphique: Integrated Intel\u00ae Iris\u00ae Xe<br \/>\nWindows\u00ae 11 Home<br \/>\nClavier: Backlit, Fran\u00e7ais (AZERTY)<br \/>\nPoids: \u00c0 partir de 1.5 kg<\/p>\n","protected":false},"featured_media":10139,"comment_status":"open","ping_status":"closed","template":"","meta":{"_acf_changed":false,"_monsterinsights_skip_tracking":false,"_monsterinsights_sitenote_active":false,"_monsterinsights_sitenote_note":"","_monsterinsights_sitenote_category":0,"_uf_show_specific_survey":0,"_uf_disable_surveys":false,"_joinchat":[]},"product_brand":[],"product_cat":[237,255,300],"product_tag":[],"class_list":{"0":"post-10101","1":"product","2":"type-product","3":"status-publish","4":"has-post-thumbnail","6":"product_cat-ordinateur","7":"product_cat-pc-portable","8":"product_cat-pc-portable-pc-portable","10":"first","11":"instock","12":"sale","13":"shipping-taxable","14":"purchasable","15":"product-type-simple"},"acf":[],"jetpack_sharing_enabled":true,"_links":{"self":[{"href":"https:\/\/digistar.ma\/index.php?rest_route=\/wp\/v2\/product\/10101","targetHints":{"allow":["GET"]}}],"collection":[{"href":"https:\/\/digistar.ma\/index.php?rest_route=\/wp\/v2\/product"}],"about":[{"href":"https:\/\/digistar.ma\/index.php?rest_route=\/wp\/v2\/types\/product"}],"replies":[{"embeddable":true,"href":"https:\/\/digistar.ma\/index.php?rest_route=%2Fwp%2Fv2%2Fcomments&post=10101"}],"version-history":[{"count":1,"href":"https:\/\/digistar.ma\/index.php?rest_route=\/wp\/v2\/product\/10101\/revisions"}],"predecessor-version":[{"id":10147,"href":"https:\/\/digistar.ma\/index.php?rest_route=\/wp\/v2\/product\/10101\/revisions\/10147"}],"wp:featuredmedia":[{"embeddable":true,"href":"https:\/\/digistar.ma\/index.php?rest_route=\/wp\/v2\/media\/10139"}],"wp:attachment":[{"href":"https:\/\/digistar.ma\/index.php?rest_route=%2Fwp%2Fv2%2Fmedia&parent=10101"}],"wp:term":[{"taxonomy":"product_brand","embeddable":true,"href":"https:\/\/digistar.ma\/index.php?rest_route=%2Fwp%2Fv2%2Fproduct_brand&post=10101"},{"taxonomy":"product_cat","embeddable":true,"href":"https:\/\/digistar.ma\/index.php?rest_route=%2Fwp%2Fv2%2Fproduct_cat&post=10101"},{"taxonomy":"product_tag","embeddable":true,"href":"https:\/\/digistar.ma\/index.php?rest_route=%2Fwp%2Fv2%2Fproduct_tag&post=10101"}],"curies":[{"name":"wp","href":"https:\/\/api.w.org\/{rel}","templated":true}]}}