{"id":10148,"date":"2024-01-13T22:30:02","date_gmt":"2024-01-13T22:30:02","guid":{"rendered":"https:\/\/digistar.ma\/?post_type=product&#038;p=10148"},"modified":"2024-01-13T22:30:02","modified_gmt":"2024-01-13T22:30:02","slug":"ordinateur-portable-lenovo-loq-15aph8","status":"publish","type":"product","link":"https:\/\/digistar.ma\/?product=ordinateur-portable-lenovo-loq-15aph8","title":{"rendered":"Ordinateur Portable Lenovo LOQ 15APH8"},"content":{"rendered":"<h2>Ordinateur Portable Lenovo LOQ 15APH8<\/h2>\n<h3>La vitesse rencontre l&#8217;endurance avec les processeurs AMD RyzenTM<\/h3>\n<p>La vitesse rencontre l&#8217;endurance lorsque vous jouez avec un ordinateur portable de jeu aliment\u00e9 par des processeurs AMD RyzenTM. Profitez de la performance pure dont vous avez besoin pour gagner, sans compromettre la dur\u00e9e de vie de la batterie.<\/p>\n<p><img decoding=\"async\" src=\"https:\/\/www.lenovo.com\/medias\/?context=bWFzdGVyfHJvb3R8MjYzNTExfGltYWdlL3BuZ3xoNmUvaGM0LzE3MzAwNjcxMjY2ODQ2LmpwZ3xmZjAwZGFkMzliMTVhZjQxOGY0NGRjNGMyMjNmZTI5NzI2YTI4ZDEyMzRkZGVmNGNkNDVjMDZhYmM0NzY1MTFk\" alt=\"Closeup of Lenovo LOQ 15APH8 keyboard with RGB keyboard backlight\" \/><\/p>\n<p>&nbsp;<\/p>\n<h3>Carte graphique NVIDIA\u00ae GeForce RTXTM enti\u00e8rement aliment\u00e9e. Au-del\u00e0 de la vitesse.<\/h3>\n<p>Les GPU NVIDIA\u00ae GeForce RTXTM 3050 Series pour ordinateur portable fournissent les ordinateurs portables les plus rapides au monde pour les joueurs et les cr\u00e9ateurs. Construits avec l&#8217;architecture NVIDIA Ada Lovelace ultra-efficace, ils apportent un saut quantique dans les performances avec DLSS 3 aliment\u00e9 par l&#8217;IA et permettent des mondes virtuels vivants avec le suivi de rayons complets. De plus, la gamme de technologies Max-Q optimise les performances du syst\u00e8me, la puissance, la dur\u00e9e de vie de la batterie et l&#8217;acoustique pour une efficacit\u00e9 maximale.<\/p>\n<p>&nbsp;<\/p>\n<p><img decoding=\"async\" src=\"https:\/\/www.lenovo.com\/medias\/?context=bWFzdGVyfHJvb3R8MjU1NDgzfGltYWdlL3BuZ3xoNDMvaDBhLzE3MzAwNjcxNTI4OTkwLmpwZ3xmNzQ0ZGU5ODIzZTBhNTc5Nzc1N2VjOTk5M2Y3YzYwYjYzMzFhY2MzMGE3OWExYTkyYWY2MjE2NzQyNjZjODdi\" alt=\"Lenovo LOQ 15APH8 front facing with game on screen and NVIDIA\u00ae GeForce logo.\" \/><\/p>\n<p>&nbsp;<\/p>\n<h4>Jouez \u00e0 plus de 100 jeux PC de haute qualit\u00e9 avec votre ordinateur portable Lenovo LOQ &amp; trois mois de Xbox Game Pass<\/h4>\n<p>Jouez \u00e0 plus de 100 jeux PC de haute qualit\u00e9, ainsi qu&#8217;\u00e0 de nouveaux et \u00e0 venir, comme Halo Infinite, Forza Horizon 5 et Age of Empires IV, avec votre nouveau Lenovo LOQ et trois mois de Xbox Game Pass, y compris EA Play. Avec de nouveaux jeux ajout\u00e9s tout le temps, il y a toujours quelque chose de nouveau \u00e0 jouer. Voir xbox.com\/subscriptionterms<\/p>\n<p>&nbsp;<\/p>\n<p><img decoding=\"async\" src=\"https:\/\/www.lenovo.com\/medias\/?context=bWFzdGVyfHJvb3R8Mjg2OTU2fGltYWdlL3BuZ3xoZmIvaGViLzE3MzAwNjcxNTk0NTI2LmpwZ3wyZjIxMDA2ODJhMzBkZjAzNDVhNTU2OTY2ZTI1YzMzMDc4YzUxNDI0ZDllYzNmODA5NzFiNTIxYzFhYjM2Mzdj\" alt=\"Lenovo LOQ 15APH8 with Xbox Game Pass.\" \/><\/p>\n<h3>Intelligence de jeu bas\u00e9e sur l&#8217;IA<\/h3>\n<p>Am\u00e9liorez vos performances gr\u00e2ce au r\u00e9volutionnaire Lenovo AI Engine+ associ\u00e9 \u00e0 la puissance de pointe du Lenovo LA1 AI Chip, optimisant votre syst\u00e8me avec des capteurs intelligents et finement ajust\u00e9s pour un jeu surpeupl\u00e9. Ensuite, acc\u00e9l\u00e9rer encore votre gameplay avec le commutateur MUX d\u00e9di\u00e9 avec NVIDIA\u00ae Advanced Optimus qui r\u00e9duit automatiquement la latence, optimise la dur\u00e9e de vie de la batterie et augmente le FPS. La technologie Smart Engine analyse constamment les donn\u00e9es et les mesures, vous permettant de franchir vos barri\u00e8res. Am\u00e9liorez votre jeu avec le Lenovo AI Engine+ et dominez la concurrence.<\/p>\n<p>&nbsp;<\/p>\n<p><img decoding=\"async\" src=\"https:\/\/www.lenovo.com\/medias\/?context=bWFzdGVyfHJvb3R8MjA1MTExfGltYWdlL3BuZ3xoYjUvaDRlLzE3MzAwNjcxNzI1NTk4LmpwZ3xmNjRhNDFiN2Y1YzE5OTc1YzhlYTBjYTg4M2Y0OGFlYmRhOGJmYTc2M2NmN2YzYzAxNDExZTE3MzBlZjFmYmI5\" alt=\"Cross section of Lenovo LOQ 15APH8 ventilation system.\" \/><\/p>\n<p>&nbsp;<\/p>\n<h4>Pr\u00eat \u00e0 tout l&#8217; Ordinateur Portable Lenovo LOQ 15APH8<\/h4>\n<p>Dot\u00e9 d&#8217;un ch\u00e2ssis \u00e9l\u00e9gant et simple, l&#8217;ordinateur portable Lenovo se concentre sur la pratique, la simplicit\u00e9 et la facilit\u00e9 d&#8217;utilisation. Dot\u00e9 d&#8217;une large gamme de ports, d&#8217;un tableau de bord I\/O arri\u00e8re pour les jeux de signature pour un acc\u00e8s facile, et d&#8217; une webcam int\u00e9gr\u00e9e avec un bouchon de confidentialit\u00e9 \u00e9lectronique, il dispose de tout ce dont vous avez besoin pour vous connecter et cr\u00e9er du contenu haut de gamme.<\/p>\n<p><img decoding=\"async\" src=\"https:\/\/www.lenovo.com\/medias\/?context=bWFzdGVyfHJvb3R8Mjc5OTYyfGltYWdlL3BuZ3xoMmIvaDQ5LzE3MzAwNjcxOTIyMjA2LmpwZ3xjYzVkN2E0OWU4NDkzYzQ5OTlkMGQyNWZhMWNiZmRkYTM2Zjc0MDY0ZDNjOGExYjQ0ZWY5OWIzMDkxOGFkMTRi\" alt=\"Closeup of Lenovo LOQ 15APH8 that comes in either white or RGB backlighting.\" \/><\/p>\n<p>&nbsp;<\/p>\n<p>&nbsp;<\/p>\n","protected":false},"excerpt":{"rendered":"<p><a href=\"http:\/\/www.digistar.ma\">AMD Ryzen<\/a>\u2122 5 7640HS (6C \/ 12T, 4.3 \/ 5.0GHz, 6MB L2 \/ 16MB L3)<br \/>\nRAM: 1x 8GB SO-DIMM DDR5-5600<br \/>\nDisque dur: 512GB SSD M.2 2242 PCIe\u00ae 4.0&#215;4 NVMe\u00ae<br \/>\n\u00c9cran: 15.6&#8243; FHD (1920&#215;1080) IPS 350nits Anti-glare, 45% NTSC, 144Hz, G-SYNC\u00ae, FreeSync\u2122<br \/>\nCarte graphique: NVIDIA\u00ae GeForce RTX\u2122 3050, Boost Clock 1732MHz, TGP 95W &#8211; 6GB GDDR6<br \/>\nWindows\u00ae 11 Home<br \/>\nClavier: White Backlit, Fran\u00e7ais (AZERTY)<br \/>\nPoids: \u00c0 partir de 2.4 kg<\/p>\n","protected":false},"featured_media":10149,"comment_status":"open","ping_status":"closed","template":"","meta":{"_acf_changed":false,"_monsterinsights_skip_tracking":false,"_monsterinsights_sitenote_active":false,"_monsterinsights_sitenote_note":"","_monsterinsights_sitenote_category":0,"_uf_show_specific_survey":0,"_uf_disable_surveys":false,"_joinchat":[]},"product_brand":[],"product_cat":[237,297,255,300],"product_tag":[],"class_list":{"0":"post-10148","1":"product","2":"type-product","3":"status-publish","4":"has-post-thumbnail","6":"product_cat-ordinateur","7":"product_cat-gaming","8":"product_cat-pc-portable","9":"product_cat-pc-portable-pc-portable","11":"first","12":"instock","13":"sale","14":"shipping-taxable","15":"purchasable","16":"product-type-simple"},"acf":[],"jetpack_sharing_enabled":true,"_links":{"self":[{"href":"https:\/\/digistar.ma\/index.php?rest_route=\/wp\/v2\/product\/10148","targetHints":{"allow":["GET"]}}],"collection":[{"href":"https:\/\/digistar.ma\/index.php?rest_route=\/wp\/v2\/product"}],"about":[{"href":"https:\/\/digistar.ma\/index.php?rest_route=\/wp\/v2\/types\/product"}],"replies":[{"embeddable":true,"href":"https:\/\/digistar.ma\/index.php?rest_route=%2Fwp%2Fv2%2Fcomments&post=10148"}],"version-history":[{"count":1,"href":"https:\/\/digistar.ma\/index.php?rest_route=\/wp\/v2\/product\/10148\/revisions"}],"predecessor-version":[{"id":10161,"href":"https:\/\/digistar.ma\/index.php?rest_route=\/wp\/v2\/product\/10148\/revisions\/10161"}],"wp:featuredmedia":[{"embeddable":true,"href":"https:\/\/digistar.ma\/index.php?rest_route=\/wp\/v2\/media\/10149"}],"wp:attachment":[{"href":"https:\/\/digistar.ma\/index.php?rest_route=%2Fwp%2Fv2%2Fmedia&parent=10148"}],"wp:term":[{"taxonomy":"product_brand","embeddable":true,"href":"https:\/\/digistar.ma\/index.php?rest_route=%2Fwp%2Fv2%2Fproduct_brand&post=10148"},{"taxonomy":"product_cat","embeddable":true,"href":"https:\/\/digistar.ma\/index.php?rest_route=%2Fwp%2Fv2%2Fproduct_cat&post=10148"},{"taxonomy":"product_tag","embeddable":true,"href":"https:\/\/digistar.ma\/index.php?rest_route=%2Fwp%2Fv2%2Fproduct_tag&post=10148"}],"curies":[{"name":"wp","href":"https:\/\/api.w.org\/{rel}","templated":true}]}}