{"id":10177,"date":"2024-01-17T21:54:34","date_gmt":"2024-01-17T21:54:34","guid":{"rendered":"https:\/\/digistar.ma\/?post_type=product&#038;p=10177"},"modified":"2025-12-26T11:38:23","modified_gmt":"2025-12-26T11:38:23","slug":"epson-ecotank-l6490-imprimante-multifonction-a-reservoirs-rechargeables","status":"publish","type":"product","link":"https:\/\/digistar.ma\/?product=epson-ecotank-l6490-imprimante-multifonction-a-reservoirs-rechargeables","title":{"rendered":"Epson EcoTank L6490 Imprimante multifonction \u00e0 r\u00e9servoirs rechargeables"},"content":{"rendered":"<h4>Epson EcoTank L6490 Imprimante multifonction \u00e0 r\u00e9servoirs rechargeables<\/h4>\n<div class=\"briefdescription\">Cette imprimante multifonction\u00a0A4 offre des co\u00fbts d\u2019impression ultra-faibles et des vitesses d\u2019impression \u00e9lev\u00e9es, sans qu\u2019il soit n\u00e9cessaire de changer des cartouches ou des toners.<\/div>\n<div class=\"highlights\">\n<ul>\n<li>Vitesses d\u2019impression ultra-\u00e9lev\u00e9es<\/li>\n<li>Faible co\u00fbt par page<\/li>\n<li>Impression, num\u00e9risation, copie et fax A4<\/li>\n<\/ul>\n<\/div>\n<div class=\"introtext\">Con\u00e7ue pour le bureau \u00e0 domicile et les petites entreprises, cette imprimante\u00a0A4 riche en fonctionnalit\u00e9s offre un co\u00fbt par page ultra-faible et des vitesses d\u2019impression ultra-\u00e9lev\u00e9es.<\/div>\n<div class=\"introtext\">Vous pouvez continuer \u00e0 imprimer gr\u00e2ce au bac papier frontal de 250\u00a0feuilles, \u00e0 l\u2019\u00e9cran tactile\u00a0LCD de 6,1\u00a0cm et au chargeur automatique de documents de 35\u00a0pages.<\/div>\n<div>\n<p><strong>Faites plus en moins de temps<\/strong><br \/>\nAm\u00e9liorez votre bureau \u00e0 domicile gr\u00e2ce \u00e0 cette imprimante ultra-rapide et efficace, qui peut sortir la premi\u00e8re page en seulement 7\u00a0secondes<sup>1<\/sup>.<\/p>\n<p><strong>EcoTank multifonction\u00a0A4<\/strong><br \/>\nImprimez, copiez, num\u00e9risez et faxez avec la L6490 qui propose l\u2019impression recto verso, un bac papier frontal de 250\u00a0feuilles et un chargeur automatique de documents de 35\u00a0pages.<\/p>\n<p>L\u2019\u00e9cran tactile\u00a0LCD de 6,1\u00a0cm permet de parcourir ais\u00e9ment le vaste \u00e9ventail de fonctionnalit\u00e9s.<\/p>\n<p><strong>\u00c9conomies \u00e0 long terme<\/strong><br \/>\nR\u00e9alisez des \u00e9conomies lors de chaque impression gr\u00e2ce \u00e0 ce mod\u00e8le EcoTank qui offre un co\u00fbt d\u2019impression par page incroyablement bas. Contrairement \u00e0 d\u2019autres imprimantes, ce mod\u00e8le EcoTank est \u00e9quip\u00e9 de bouteilles d\u2019encre \u00e9conomiques.<\/p>\n<p><strong>Impression de qualit\u00e9 professionnelle<\/strong><br \/>\nL\u2019encre EcoTank gamme\u00a0112 \u00e0 s\u00e9chage rapide est compos\u00e9e exclusivement d\u2019encres pigmentaires pour des impressions r\u00e9sistantes au maculage, \u00e0 l\u2019eau et aux surligneurs.<\/p>\n<p>Vous pouvez produire jusqu\u2019\u00e0 13\u00a0300\u00a0pages en noir et 5\u00a0200\u00a0pages en couleur avec l\u2019encre incluse<sup>2.<\/sup><\/p>\n<p><strong>Imprimez o\u00f9 que vous soyez<\/strong><br \/>\nAvec le Wi-Fi et Wi-Fi Direct, envoyez vos documents \u00e0 imprimer depuis des appareils mobiles via les applications Epson iPrint et Smart Panel<sup>3<\/sup>.<\/p>\n<p><strong>Simplicit\u00e9 d\u2019utilisation et fiabilit\u00e9<\/strong><br \/>\nLe remplissage des r\u00e9servoirs d\u2019encre est simple gr\u00e2ce \u00e0 des bouteilles d\u2019encre refermables, qui \u00e9vitent les salissures.<\/p>\n<p>La technologie unique Z\u00e9ro Chaleur PrecisionCore d\u2019Epson offre une grande fiabilit\u00e9, des temps d\u2019arr\u00eat r\u00e9duits et un impact environnemental moindre. Sans temps de pr\u00e9chauffage n\u00e9cessaire, la premi\u00e8re page s\u2019imprime rapidement en consommant moins d\u2019\u00e9lectricit\u00e9.<\/p>\n<h4>Caract\u00e9ristiques principales Epson EcoTank L6490 Imprimante multifonction \u00e0 r\u00e9servoirs rechargeables<\/h4>\n<div class=\"bullets\">\n<ul>\n<li><strong>Vitesses d\u2019impression ultra-\u00e9lev\u00e9es<\/strong><br \/>\nJusqu\u2019\u00e0 17\u00a0ipm<sup>4<\/sup><\/li>\n<li><strong>Co\u00fbt par page ultra \u00e9conomique<\/strong><br \/>\nSyst\u00e8me de r\u00e9servoir d\u2019encre \u00e9conomique<\/li>\n<li><strong>R\u00e9servoir d\u2019encre en fa\u00e7ade simple d\u2019utilisation.<\/strong><br \/>\nB\u00e9n\u00e9ficiez de recharges simples avec les bouteilles d\u2019encre am\u00e9lior\u00e9es.<\/li>\n<li><strong>Fonctionnalit\u00e9s d\u2019impression mobile et connectivit\u00e9<\/strong><br \/>\nWi-Fi, Wi-Fi Direct, Ethernet et applications d\u2019impression mobiles gratuites<sup>3<\/sup><\/li>\n<li><strong>Con\u00e7u pour les entreprises<\/strong><br \/>\nImprimante multifonction A4, bac \u00e0 chargement frontal de 250\u00a0feuilles, chargeur automatique de 35\u00a0feuilles<\/li>\n<\/ul>\n<p><a href=\"https:\/\/digistar.ma\/wp-content\/uploads\/2024\/01\/ecotank-l6490-datasheet-1.pdf\"><strong>FICHE TECHNIQUE Epson EcoTank L6490 Imprimante multifonction \u00e0 r\u00e9servoirs rechargeables<\/strong><\/a><\/p>\n<\/div>\n<\/div>\n","protected":false},"excerpt":{"rendered":"<p>Impression, num\u00e9risation, copie et fax A4<br \/>\nLivr\u00e9e avec encre noire jusqu&#8217;\u00e0 13300 pages et 5200 pages en couleur<br \/>\nVitesse d&#8217;impression noir: 37 pages\/min (17 pages\/min en norme ISO)<br \/>\nVitesse d&#8217;impression couleur: 23 pages\/min (9,5 pages\/min norme ISO)<br \/>\nQualit\u00e9 d&#8217;impression noire: 4.800 x 1.200 DPI (ppp)<br \/>\nQualit\u00e9 d&#8217;impression couleur: 4.800 x 1.200 DPI (ppp)<br \/>\nVolume de pages mensuel recommand\u00e9: 1.600 pages par mois<br \/>\nImpression recto\/verso: Automatique<br \/>\nFonctionne avec: 4 Bouteilles (Noir [Pigment], Cyan [Pigment], Jaune [Pigment], Magenta [Pigment])<br \/>\nConnectivit\u00e9: Wi-Fi, USB, Ethernet, Wi-Fi Direct<\/p>\n","protected":false},"featured_media":10178,"comment_status":"open","ping_status":"closed","template":"","meta":{"_acf_changed":false,"_monsterinsights_skip_tracking":false,"_monsterinsights_sitenote_active":false,"_monsterinsights_sitenote_note":"","_monsterinsights_sitenote_category":0,"_uf_show_specific_survey":0,"_uf_disable_surveys":false,"_joinchat":[]},"product_brand":[],"product_cat":[15,380,253,265,266],"product_tag":[],"class_list":{"0":"post-10177","1":"product","2":"type-product","3":"status-publish","4":"has-post-thumbnail","6":"product_cat-imprimante-scanner","7":"product_cat-epson","8":"product_cat-imprimante","9":"product_cat-imprimante-a-reservoirs-rechargeables","10":"product_cat-multifonction-jet-dencre","12":"first","13":"instock","14":"sale","15":"shipping-taxable","16":"purchasable","17":"product-type-simple"},"acf":[],"jetpack_sharing_enabled":true,"_links":{"self":[{"href":"https:\/\/digistar.ma\/index.php?rest_route=\/wp\/v2\/product\/10177","targetHints":{"allow":["GET"]}}],"collection":[{"href":"https:\/\/digistar.ma\/index.php?rest_route=\/wp\/v2\/product"}],"about":[{"href":"https:\/\/digistar.ma\/index.php?rest_route=\/wp\/v2\/types\/product"}],"replies":[{"embeddable":true,"href":"https:\/\/digistar.ma\/index.php?rest_route=%2Fwp%2Fv2%2Fcomments&post=10177"}],"version-history":[{"count":3,"href":"https:\/\/digistar.ma\/index.php?rest_route=\/wp\/v2\/product\/10177\/revisions"}],"predecessor-version":[{"id":10187,"href":"https:\/\/digistar.ma\/index.php?rest_route=\/wp\/v2\/product\/10177\/revisions\/10187"}],"wp:featuredmedia":[{"embeddable":true,"href":"https:\/\/digistar.ma\/index.php?rest_route=\/wp\/v2\/media\/10178"}],"wp:attachment":[{"href":"https:\/\/digistar.ma\/index.php?rest_route=%2Fwp%2Fv2%2Fmedia&parent=10177"}],"wp:term":[{"taxonomy":"product_brand","embeddable":true,"href":"https:\/\/digistar.ma\/index.php?rest_route=%2Fwp%2Fv2%2Fproduct_brand&post=10177"},{"taxonomy":"product_cat","embeddable":true,"href":"https:\/\/digistar.ma\/index.php?rest_route=%2Fwp%2Fv2%2Fproduct_cat&post=10177"},{"taxonomy":"product_tag","embeddable":true,"href":"https:\/\/digistar.ma\/index.php?rest_route=%2Fwp%2Fv2%2Fproduct_tag&post=10177"}],"curies":[{"name":"wp","href":"https:\/\/api.w.org\/{rel}","templated":true}]}}