{"id":10204,"date":"2024-01-19T19:59:50","date_gmt":"2024-01-19T19:59:50","guid":{"rendered":"https:\/\/digistar.ma\/?post_type=product&#038;p=10204"},"modified":"2024-01-19T19:59:51","modified_gmt":"2024-01-19T19:59:51","slug":"ecran-plat-27-pouces-samsung-essential-monitor-s3-s31c","status":"publish","type":"product","link":"https:\/\/digistar.ma\/?product=ecran-plat-27-pouces-samsung-essential-monitor-s3-s31c","title":{"rendered":"\u00c9cran Plat 27 Pouces Samsung Essential Monitor S3 S31C"},"content":{"rendered":"<h3>\u00c9cran Plat 27 Pouces Samsung Essential Monitor S3 S31C<\/h3>\n<div class=\"feature-benefit feature-beneift--padding-top-normal feature-beneift--padding-bottom-normal bg-white\">\n<div class=\"feature-benefit__text-wrap\">\n<div class=\"feature-benefit__text\">\n<h2 class=\"feature-benefit__title contrast-target\" data-font-size-mo=\"30\" data-font-size-pc=\"48\">Vue nette et sans encombrement<\/h2>\n<div class=\"feature-benefit__desc-wrap\">\n<h3 class=\"feature-benefit__sub-title contrast-target\" data-font-size-mo=\"16\" data-font-size-pc=\"28\">Design sans bords<\/h3>\n<p class=\"feature-benefit__desc contrast-target\" data-font-size-mo=\"12\" data-font-size-pc=\"18\">Regardez votre contenu sans distraction. Le design \u00e0 trois c\u00f4t\u00e9s sans bord apporte une esth\u00e9tique \u00e9pur\u00e9e et moderne \u00e0 tout espace de travail. Dans une configuration \u00e0 plusieurs moniteurs, les \u00e9crans s\u2019alignent parfaitement pour une vue pratiquement sans interruption.<\/p>\n<\/div>\n<\/div>\n<\/div>\n<div class=\"feature-benefit__img-wrap\">\n<div class=\"image image--dyn-height\"><img decoding=\"async\" class=\"image__main responsive-img\" src=\"https:\/\/images.samsung.com\/is\/image\/samsung\/p6pim\/n_africa\/feature\/164472709\/n_africa-feature-clear-and-clutter-free-view-535844926?$FB_TYPE_A_JPG$\" alt=\"Vue nette et sans encombrement\" data-desktop-alt=\"Vue nette et sans encombrement\" data-comp-name=\"image\" data-desktop-src=\"\/\/images.samsung.com\/is\/image\/samsung\/p6pim\/n_africa\/feature\/164472709\/n_africa-feature-clear-and-clutter-free-view-535844926?$FB_TYPE_A_JPG$\" data-mobile-alt=\"Vue nette et sans encombrement\" data-mobile-src=\"\/\/images.samsung.com\/is\/image\/samsung\/p6pim\/n_africa\/feature\/164472709\/n_africa-feature-clear-and-clutter-free-view-535844927?$FB_TYPE_A_MO_JPG$\" \/><\/div>\n<\/div>\n<div class=\"feature-benefit__disclaimer-wrap\">\n<p class=\"feature-benefit__disclaimer contrast-target\">*\u00a0Image simul\u00e9e \u00e0 des fins d\u2019illustration.<\/p>\n<\/div>\n<\/div>\n<div class=\"feature-benefit feature-beneift--padding-top-normal feature-beneift--padding-bottom-normal bg-white\">\n<div class=\"feature-benefit__text-wrap\">\n<div class=\"feature-benefit__text\">\n<h2 class=\"feature-benefit__title contrast-target\" data-font-size-mo=\"30\" data-font-size-pc=\"48\">Une visualisation plus pr\u00e9cise sous tous les angles<\/h2>\n<div class=\"feature-benefit__desc-wrap\">\n<h3 class=\"feature-benefit__sub-title contrast-target\" data-font-size-mo=\"16\" data-font-size-pc=\"28\">Panneau IPS<\/h3>\n<p class=\"feature-benefit__desc contrast-target\" data-font-size-mo=\"12\" data-font-size-pc=\"18\">Concentrez-vous confortablement sur votre \u00e9cran, o\u00f9 que vous soyez. Le panneau IPS pr\u00e9serve l\u2019\u00e9clat et la clart\u00e9 des couleurs sur l\u2019\u00e9cran, tout en offrant des tons et des nuances sans alt\u00e9ration des couleurs pour donner vie aux d\u00e9tails importants.<\/p>\n<\/div>\n<\/div>\n<\/div>\n<div class=\"feature-benefit__img-wrap\">\n<div class=\"image image--dyn-height\"><img decoding=\"async\" class=\"image__main responsive-img\" src=\"https:\/\/images.samsung.com\/is\/image\/samsung\/p6pim\/n_africa\/feature\/164472708\/n_africa-feature-see-from-all-angles-with-enhanced-accuracy-535844922?$FB_TYPE_A_JPG$\" alt=\"Une visualisation plus pr\u00e9cise sous tous les angles\" data-desktop-alt=\"Une visualisation plus pr\u00e9cise sous tous les angles\" data-comp-name=\"image\" data-desktop-src=\"\/\/images.samsung.com\/is\/image\/samsung\/p6pim\/n_africa\/feature\/164472708\/n_africa-feature-see-from-all-angles-with-enhanced-accuracy-535844922?$FB_TYPE_A_JPG$\" data-mobile-alt=\"Une visualisation plus pr\u00e9cise sous tous les angles\" data-mobile-src=\"\/\/images.samsung.com\/is\/image\/samsung\/p6pim\/n_africa\/feature\/164472708\/n_africa-feature-see-from-all-angles-with-enhanced-accuracy-535844923?$FB_TYPE_A_MO_JPG$\" \/><\/div>\n<\/div>\n<\/div>\n<div class=\"feature-benefit feature-beneift--padding-top-normal feature-beneift--padding-bottom-normal bg-black\">\n<div class=\"feature-benefit__text-wrap\">\n<div class=\"feature-benefit__text\">\n<h2 class=\"feature-benefit__title contrast-target\" data-font-size-mo=\"30\" data-font-size-pc=\"48\">Exp\u00e9rience de jeu fluide<\/h2>\n<div class=\"feature-benefit__desc-wrap\">\n<h3 class=\"feature-benefit__sub-title contrast-target\" data-font-size-mo=\"16\" data-font-size-pc=\"28\">AMD FreeSync<\/h3>\n<p class=\"feature-benefit__desc contrast-target\" data-font-size-mo=\"12\" data-font-size-pc=\"18\">Une exp\u00e9rience de jeu sans latence. La technologie AMD Radeon FreeSync\u2122 maintient la synchronisation du taux de rafra\u00eechissement de votre carte graphique et de votre moniteur pour r\u00e9duire le fractionnement de l\u2019image. Jouez \u00e0 vos jeux pr\u00e9f\u00e9r\u00e9s sans interruption. M\u00eame les sc\u00e8nes rapides sont fluides et naturelles.<\/p>\n<\/div>\n<\/div>\n<\/div>\n<div class=\"feature-benefit__img-wrap\">\n<div class=\"image image--dyn-height\"><img decoding=\"async\" class=\"image__main responsive-img\" src=\"https:\/\/images.samsung.com\/is\/image\/samsung\/p6pim\/n_africa\/feature\/164472714\/n_africa-feature-seamless-gaming-experience-535844940?$FB_TYPE_A_JPG$\" alt=\"Exp\u00e9rience de jeu fluide\" data-desktop-alt=\"Exp\u00e9rience de jeu fluide\" data-comp-name=\"image\" data-desktop-src=\"\/\/images.samsung.com\/is\/image\/samsung\/p6pim\/n_africa\/feature\/164472714\/n_africa-feature-seamless-gaming-experience-535844940?$FB_TYPE_A_JPG$\" data-mobile-alt=\"Exp\u00e9rience de jeu fluide\" data-mobile-src=\"\/\/images.samsung.com\/is\/image\/samsung\/p6pim\/n_africa\/feature\/164472714\/n_africa-feature-seamless-gaming-experience-535844941?$FB_TYPE_A_MO_JPG$\" \/><\/div>\n<\/div>\n<div class=\"feature-benefit__disclaimer-wrap\">\n<p class=\"feature-benefit__disclaimer contrast-target\">*\u00a0Image simul\u00e9e \u00e0 des fins d\u2019illustration.<\/p>\n<\/div>\n<\/div>\n<div class=\"feature-benefit feature-beneift--padding-top-normal feature-beneift--padding-bottom-normal bg-black\">\n<div class=\"feature-benefit__text-wrap\">\n<div class=\"feature-benefit__text\">\n<h2 class=\"feature-benefit__title contrast-target\" data-font-size-mo=\"30\" data-font-size-pc=\"48\">Jeu synchronis\u00e9<\/h2>\n<div class=\"feature-benefit__desc-wrap\">\n<h3 class=\"feature-benefit__sub-title contrast-target\" data-font-size-mo=\"16\" data-font-size-pc=\"28\">Taux de rafra\u00eechissement de 75\u00a0Hz<\/h3>\n<p class=\"feature-benefit__desc contrast-target\" data-font-size-mo=\"12\" data-font-size-pc=\"18\">Des visuels ultra fluides. La fr\u00e9quence de rafra\u00eechissement de 75\u00a0Hz offre des sc\u00e8nes plus fluides. Jouez \u00e0 des jeux, regardez des vid\u00e9os sur YouTube ou d\u2019autres contenus avec moins de d\u00e9calage et sans effet de d\u00e9doublement.<\/p>\n<\/div>\n<\/div>\n<\/div>\n<div class=\"feature-benefit__img-wrap\">\n<div class=\"image image--dyn-height\"><img decoding=\"async\" class=\"image__main responsive-img\" src=\"https:\/\/images.samsung.com\/is\/image\/samsung\/p6pim\/n_africa\/feature\/164472713\/n_africa-feature-synchronized-gameplay-535844936?$FB_TYPE_A_JPG$\" alt=\"It explains the 75Hz Refresh Rate function that displays 75 screens per second by showing the jumps of the wide jumper on a continuous screen.\" data-desktop-alt=\"It explains the 75Hz Refresh Rate function that displays 75 screens per second by showing the jumps of the wide jumper on a continuous screen.\" data-comp-name=\"image\" data-desktop-src=\"\/\/images.samsung.com\/is\/image\/samsung\/p6pim\/n_africa\/feature\/164472713\/n_africa-feature-synchronized-gameplay-535844936?$FB_TYPE_A_JPG$\" data-mobile-alt=\"It explains the 75Hz Refresh Rate function that displays 75 screens per second by showing the jumps of the wide jumper on a continuous screen.\" data-mobile-src=\"\/\/images.samsung.com\/is\/image\/samsung\/p6pim\/n_africa\/feature\/164472713\/n_africa-feature-synchronized-gameplay-535844937?$FB_TYPE_A_MO_JPG$\" \/><\/div>\n<\/div>\n<div class=\"feature-benefit__disclaimer-wrap\">\n<p class=\"feature-benefit__disclaimer contrast-target\">*\u00a0Image simul\u00e9e \u00e0 des fins d\u2019illustration.<\/p>\n<\/div>\n<\/div>\n<div class=\"feature-benefit feature-beneift--padding-top-normal feature-beneift--padding-bottom-normal bg-black\">\n<div class=\"feature-benefit__text-wrap\">\n<div class=\"feature-benefit__text\">\n<h2 class=\"feature-benefit__title contrast-target\" data-font-size-mo=\"30\" data-font-size-pc=\"48\">Plus de puissance de jeu<\/h2>\n<div class=\"feature-benefit__desc-wrap\">\n<h3 class=\"feature-benefit__sub-title contrast-target\" data-font-size-mo=\"16\" data-font-size-pc=\"28\">Mode Jeu<\/h3>\n<p class=\"feature-benefit__desc contrast-target\" data-font-size-mo=\"12\" data-font-size-pc=\"18\">Les param\u00e8tres de jeu optimaux pour vous donner l\u2019avantage. Ajustez instantan\u00e9ment les couleurs et le contraste d\u2019image pour voir les sc\u00e8nes de mani\u00e8re plus vivante et rep\u00e9rer les ennemis qui se cachent dans l\u2019obscurit\u00e9. Le mode Jeu, lui, permet d\u2019ajuster n\u2019importe quel jeu pour remplir l\u2019\u00e9cran des moindres d\u00e9tails visibles.<\/p>\n<\/div>\n<\/div>\n<\/div>\n<div class=\"feature-benefit__img-wrap\">\n<div class=\"image image--dyn-height\"><img decoding=\"async\" class=\"image__main responsive-img\" src=\"https:\/\/images.samsung.com\/is\/image\/samsung\/p6pim\/n_africa\/feature\/164472707\/n_africa-feature-more-gaming-power-535844920?$FB_TYPE_A_JPG$\" alt=\"The game screen is displayed on the monitor. Left is Game mode OFF, right is Game mode On. In Game mode OFF, the screen is dark and the color is not clear, so it is difficult to see the target, but in Game mode On, the screen is bright and clear, so the target is accurately recognized.\" data-desktop-alt=\"The game screen is displayed on the monitor. Left is Game mode OFF, right is Game mode On. In Game mode OFF, the screen is dark and the color is not clear, so it is difficult to see the target, but in Game mode On, the screen is bright and clear, so the target is accurately recognized.\" data-comp-name=\"image\" data-desktop-src=\"\/\/images.samsung.com\/is\/image\/samsung\/p6pim\/n_africa\/feature\/164472707\/n_africa-feature-more-gaming-power-535844920?$FB_TYPE_A_JPG$\" data-mobile-alt=\"The game screen is displayed on the monitor. Left is Game mode OFF, right is Game mode On. In Game mode OFF, the screen is dark and the color is not clear, so it is difficult to see the target, but in Game mode On, the screen is bright and clear, so the target is accurately recognized.\" data-mobile-src=\"\/\/images.samsung.com\/is\/image\/samsung\/p6pim\/n_africa\/feature\/164472707\/n_africa-feature-more-gaming-power-535844921?$FB_TYPE_A_MO_JPG$\" \/><\/div>\n<\/div>\n<div class=\"feature-benefit__disclaimer-wrap\">\n<p class=\"feature-benefit__disclaimer contrast-target\">*\u00a0Image simul\u00e9e \u00e0 des fins d\u2019illustration.<\/p>\n<\/div>\n<\/div>\n<div class=\"feature-benefit feature-beneift--padding-top-normal feature-beneift--padding-bottom-normal bg-white\">\n<div class=\"feature-benefit__text-wrap\">\n<div class=\"feature-benefit__text\">\n<h2 class=\"feature-benefit__title contrast-target\" data-font-size-mo=\"30\" data-font-size-pc=\"48\">Prenez soin de vos yeux avec \u00c9cran Plat 27 Pouces Samsung Essential Monitor S3 S31C<\/h2>\n<div class=\"feature-benefit__desc-wrap\">\n<h3 class=\"feature-benefit__sub-title contrast-target\" data-font-size-mo=\"16\" data-font-size-pc=\"28\">Mode Eye Saver et Flicker Free<\/h3>\n<p class=\"feature-benefit__desc contrast-target\" data-font-size-mo=\"12\" data-font-size-pc=\"18\">Prot\u00e9gez vos yeux. La technologie avanc\u00e9e de confort oculaire certifi\u00e9e TUV r\u00e9duit la fatigue oculaire en r\u00e9duisant la lumi\u00e8re bleue tout en \u00e9liminant le scintillement irritant de l\u2019\u00e9cran.<\/p>\n<\/div>\n<\/div>\n<\/div>\n<div class=\"feature-benefit__img-wrap\">\n<div class=\"image image--dyn-height\"><img decoding=\"async\" class=\"image__main responsive-img\" src=\"https:\/\/images.samsung.com\/is\/image\/samsung\/p6pim\/n_africa\/feature\/164472710\/n_africa-feature-comfortable-eye-care-535844930?$FB_TYPE_A_JPG$\" alt=\"Eye Saver Mode OFF and Eye Saver Mode ON monitors are placed side by side on the desk at night. The monitor in Eye Saver Mode OFF causes high eye fatigue due to blue light. The monitor in Eye Saver Mode ON blocks blue light to reduce eye fatigue. At the top is the T\u00dcV Rheinland certification mark.\" data-desktop-alt=\"Eye Saver Mode OFF and Eye Saver Mode ON monitors are placed side by side on the desk at night. The monitor in Eye Saver Mode OFF causes high eye fatigue due to blue light. The monitor in Eye Saver Mode ON blocks blue light to reduce eye fatigue. At the top is the T\u00dcV Rheinland certification mark.\" data-comp-name=\"image\" data-desktop-src=\"\/\/images.samsung.com\/is\/image\/samsung\/p6pim\/n_africa\/feature\/164472710\/n_africa-feature-comfortable-eye-care-535844930?$FB_TYPE_A_JPG$\" data-mobile-alt=\"Eye Saver Mode OFF and Eye Saver Mode ON monitors are placed side by side on the desk at night. The monitor in Eye Saver Mode OFF causes high eye fatigue due to blue light. The monitor in Eye Saver Mode ON blocks blue light to reduce eye fatigue. At the top is the T\u00dcV Rheinland certification mark.\" data-mobile-src=\"\/\/images.samsung.com\/is\/image\/samsung\/p6pim\/n_africa\/feature\/164472710\/n_africa-feature-comfortable-eye-care-535844931?$FB_TYPE_A_MO_JPG$\" \/><\/div>\n<\/div>\n<div class=\"feature-benefit__disclaimer-wrap\">\n<p class=\"feature-benefit__disclaimer contrast-target\">*\u00a0Image simul\u00e9e \u00e0 des fins d\u2019illustration.<\/p>\n<\/div>\n<\/div>\n<div class=\"feature-benefit feature-beneift--padding-top-normal feature-beneift--padding-bottom-normal bg-white\">\n<div class=\"feature-benefit__text-wrap\">\n<div class=\"feature-benefit__text\">\n<h2 class=\"feature-benefit__title contrast-target\" data-font-size-mo=\"30\" data-font-size-pc=\"48\">R\u00e9glage d\u2019auto-luminosit\u00e9 \u00e9conome en \u00e9nergie<\/h2>\n<div class=\"feature-benefit__desc-wrap\">\n<h3 class=\"feature-benefit__sub-title contrast-target\" data-font-size-mo=\"16\" data-font-size-pc=\"28\">Eco Saving Plus<\/h3>\n<p class=\"feature-benefit__desc contrast-target\" data-font-size-mo=\"12\" data-font-size-pc=\"18\">Certifi\u00e9 mondialement pour son efficacit\u00e9 \u00e9nerg\u00e9tique, le moniteur Samsung dispose d\u2019un mode \u00e9conome qui pr\u00e9serve jusqu\u2019\u00e0 10\u00a0% d\u2019\u00e9nergie en plus.<\/p>\n<\/div>\n<\/div>\n<\/div>\n<div class=\"feature-benefit__img-wrap\">\n<div class=\"image image--dyn-height\"><img decoding=\"async\" class=\"image__main responsive-img\" src=\"https:\/\/images.samsung.com\/is\/image\/samsung\/p6pim\/n_africa\/feature\/164472712\/n_africa-feature-energy-saving-auto-brightness-setting-535844934?$FB_TYPE_A_JPG$\" alt=\"Eco Saving Plus is set to Auto in the monitor System Mode. There is an Eco Saving Plus icon.\" data-desktop-alt=\"Eco Saving Plus is set to Auto in the monitor System Mode. There is an Eco Saving Plus icon.\" data-comp-name=\"image\" data-desktop-src=\"\/\/images.samsung.com\/is\/image\/samsung\/p6pim\/n_africa\/feature\/164472712\/n_africa-feature-energy-saving-auto-brightness-setting-535844934?$FB_TYPE_A_JPG$\" data-mobile-alt=\"Eco Saving Plus is set to Auto in the monitor System Mode. There is an Eco Saving Plus icon.\" data-mobile-src=\"\/\/images.samsung.com\/is\/image\/samsung\/p6pim\/n_africa\/feature\/164472712\/n_africa-feature-energy-saving-auto-brightness-setting-535844935?$FB_TYPE_A_MO_JPG$\" \/><\/div>\n<\/div>\n<\/div>\n<div class=\"feature-benefit feature-beneift--padding-top-normal feature-beneift--padding-bottom-normal bg-black\">\n<div class=\"feature-benefit__text-wrap\">\n<div class=\"feature-benefit__text\">\n<h2 class=\"feature-benefit__title contrast-target\" data-font-size-mo=\"30\" data-font-size-pc=\"48\">Polyvalence sup\u00e9rieure<\/h2>\n<div class=\"feature-benefit__desc-wrap\">\n<h3 class=\"feature-benefit__sub-title contrast-target\" data-font-size-mo=\"16\" data-font-size-pc=\"28\">HDMI et D-sub<\/h3>\n<p class=\"feature-benefit__desc contrast-target\" data-font-size-mo=\"12\" data-font-size-pc=\"18\">Plus de connexions. Branchez les appareils directement sur votre moniteur pour une flexibilit\u00e9 accrue et profitez d\u2019un environnement informatique encore plus pratique.<\/p>\n<\/div>\n<\/div>\n<\/div>\n<\/div>\n","protected":false},"excerpt":{"rendered":"<p>Taille de l&#8217;\u00e9cran: 27&#8243;\u00a0Format 16:9<br \/>\nCourbure de l&#8217;\u00e9cran: Plat<br \/>\nType de Dalle: IPS<br \/>\nR\u00e9solution: Full HD 1920 x 1080<br \/>\nTemps de r\u00e9ponse: 5 ms (gris \u00e0 gris)<br \/>\nTaux de rafra\u00eechissement: Max 75Hz<br \/>\nConnecteurs d&#8217;entr\u00e9e: VGA, HDMI<br \/>\nR\u00e9glages de la position de l&#8217;\u00e9cran: -2.0\u00b0(-1.0\u00b0\/+2.0\u00b0)~20.0\u00b0(\u00b12.0\u00b0)<\/p>\n","protected":false},"featured_media":10205,"comment_status":"open","ping_status":"closed","template":"","meta":{"_acf_changed":false,"_monsterinsights_skip_tracking":false,"_monsterinsights_sitenote_active":false,"_monsterinsights_sitenote_note":"","_monsterinsights_sitenote_category":0,"_uf_show_specific_survey":0,"_uf_disable_surveys":false,"_joinchat":[]},"product_brand":[],"product_cat":[259,239,246],"product_tag":[],"class_list":{"0":"post-10204","1":"product","2":"type-product","3":"status-publish","4":"has-post-thumbnail","6":"product_cat-ecran-pc","7":"product_cat-ecran-moniteur","8":"product_cat-peripherique","10":"first","11":"instock","12":"sale","13":"shipping-taxable","14":"purchasable","15":"product-type-simple"},"acf":[],"jetpack_sharing_enabled":true,"_links":{"self":[{"href":"https:\/\/digistar.ma\/index.php?rest_route=\/wp\/v2\/product\/10204","targetHints":{"allow":["GET"]}}],"collection":[{"href":"https:\/\/digistar.ma\/index.php?rest_route=\/wp\/v2\/product"}],"about":[{"href":"https:\/\/digistar.ma\/index.php?rest_route=\/wp\/v2\/types\/product"}],"replies":[{"embeddable":true,"href":"https:\/\/digistar.ma\/index.php?rest_route=%2Fwp%2Fv2%2Fcomments&post=10204"}],"version-history":[{"count":1,"href":"https:\/\/digistar.ma\/index.php?rest_route=\/wp\/v2\/product\/10204\/revisions"}],"predecessor-version":[{"id":10213,"href":"https:\/\/digistar.ma\/index.php?rest_route=\/wp\/v2\/product\/10204\/revisions\/10213"}],"wp:featuredmedia":[{"embeddable":true,"href":"https:\/\/digistar.ma\/index.php?rest_route=\/wp\/v2\/media\/10205"}],"wp:attachment":[{"href":"https:\/\/digistar.ma\/index.php?rest_route=%2Fwp%2Fv2%2Fmedia&parent=10204"}],"wp:term":[{"taxonomy":"product_brand","embeddable":true,"href":"https:\/\/digistar.ma\/index.php?rest_route=%2Fwp%2Fv2%2Fproduct_brand&post=10204"},{"taxonomy":"product_cat","embeddable":true,"href":"https:\/\/digistar.ma\/index.php?rest_route=%2Fwp%2Fv2%2Fproduct_cat&post=10204"},{"taxonomy":"product_tag","embeddable":true,"href":"https:\/\/digistar.ma\/index.php?rest_route=%2Fwp%2Fv2%2Fproduct_tag&post=10204"}],"curies":[{"name":"wp","href":"https:\/\/api.w.org\/{rel}","templated":true}]}}