{"id":10258,"date":"2024-01-20T21:56:47","date_gmt":"2024-01-20T21:56:47","guid":{"rendered":"https:\/\/digistar.ma\/?post_type=product&#038;p=10258"},"modified":"2026-04-15T19:53:07","modified_gmt":"2026-04-15T19:53:07","slug":"ecran-gaming-incurve-32-pouces-wqhd-samsung-odyssey-g5","status":"publish","type":"product","link":"https:\/\/digistar.ma\/?product=ecran-gaming-incurve-32-pouces-wqhd-samsung-odyssey-g5","title":{"rendered":"\u00c9cran gaming incurv\u00e9 32 pouces WQHD Samsung Odyssey G5"},"content":{"rendered":"<h3>\u00c9cran gaming incurv\u00e9 32 pouces WQHD Samsung Odyssey G5<\/h3>\n<h2 class=\"h2-master\">Un grand \u00e9cran avec dalle incurv\u00e9e 1000R au format 16\/9<\/h2>\n<section>Partez \u00e0 la conqu\u00eate de succ\u00e8s futurs avec l&#8217;\u00e9cran gaming\u00a0<strong>Samsung Odyssey G5 LC32G55TQBUXEN<\/strong>\u00a0! Offrant des performances \u00e9lev\u00e9es, une immersion sup\u00e9rieure et un confort permanent, ce mod\u00e8le vous assurera des conditions r\u00eav\u00e9es pour atteindre les sommets dans vos jeux pr\u00e9f\u00e9r\u00e9s. Parmi ses qualit\u00e9s, profitez d&#8217;une dalle VA incurv\u00e9e (1000R) de 32 pouces avec r\u00e9solution WQHD, d&#8217;une arme redoutable (1 ms, 144 Hz, FreeSync Premium) et d&#8217;un design \u00e9pur\u00e9 aux bords fins et au look futuriste.<\/section>\n<section>\n<div class=\"desc-image\"><img decoding=\"async\" src=\"https:\/\/media.ldlc.com\/bo\/images\/fiches\/moniteur%20led\/samsung\/odyssey_g5\/1000r.jpg\" alt=\"\" \/><\/div>\n<div class=\"desc-text\">\n<h2>AU C\u0152UR DE L&#8217;ACTION<\/h2>\n<p>Avec sa\u00a0<strong>courbure 1000R<\/strong>, le moniteur Odyssey G5 vous plonge au coeur de votre jeu pour une immersion gaming de chaque instant ! Sur une\u00a0<strong>dalle VA de 32 pouces au format 16\/9<\/strong>\u00a0b\u00e9n\u00e9ficiez d&#8217;un contraste sup\u00e9rieur et d&#8217;une belle richesse des couleurs pour retrouver toute l&#8217;ambiance de vos jeux pr\u00e9f\u00e9r\u00e9s. La\u00a0<strong>r\u00e9solution WQHD<\/strong>\u00a0(2560 x 1440) apporte des d\u00e9tails \u00e9lev\u00e9s tandis que la\u00a0<strong>prise en charge HDR10<\/strong>\u00a0offre un spectacle inoubliable.<\/p>\n<p>Le design futuriste du moniteur Samsung Odyssey G5 ne laissera personne indiff\u00e9rent. Il dispose d&#8217;un cadre et de bords fins pour servir parfaitement l&#8217;immersion visuelle. C\u00f4t\u00e9 confort, vos yeux seront pr\u00e9serv\u00e9s gr\u00e2ce \u00e0 la\u00a0<strong>technologie FlickerFree<\/strong>\u00a0(anti-scintillement) et au\u00a0<strong>mode Eye Saver<\/strong>\u00a0(r\u00e9duction lumi\u00e8re bleue).<\/p>\n<\/div>\n<\/section>\n<section>\n<div class=\"desc-text\">\n<h2>VISEZ LA VICTOIRE !<\/h2>\n<p>Les gamers pourront profiter de conditions optimales gr\u00e2ce \u00e0 des performances \u00e9lev\u00e9es. Ainsi, affrontez vos adversaires en toute s\u00e9r\u00e9nit\u00e9 avec un\u00a0<strong>temps de r\u00e9ponse ultra-rapide de 1 ms<\/strong>\u00a0et\u00a0une\u00a0<strong>fr\u00e9quence de rafra\u00eechissement maximale de 144 Hz<\/strong>. En outre, cet \u00e9cran incurv\u00e9 gaming int\u00e8gre\u00a0<strong>AMD FreeSync Premium<\/strong>\u00a0pour des sessions fluides sans d\u00e9chirures d&#8217;image. Vous avez en plus la possibilit\u00e9 d&#8217;activer le mode faible input lag et de profiter de la technologie Black Equalizer pour \u00e9clairer les sc\u00e8nes sombres et ne pas vous faire surprendre par l&#8217;ennemi !<\/p>\n<\/div>\n<div class=\"desc-image\"><img decoding=\"async\" src=\"https:\/\/media.ldlc.com\/bo\/images\/fiches\/moniteur%20led\/samsung\/odyssey_g5\/freesync.jpg\" alt=\"\" \/><\/div>\n<\/section>\n<section class=\"list\">\n<h2>CARACT\u00c9RISTIQUES PRINCIPALES :<\/h2>\n<ul>\n<li><strong>Moniteur LED de 32 pouces<\/strong>\u00a0avec r\u00e9solution\u00a0<strong>WQHD (2560 x 1440)<\/strong><\/li>\n<li><strong>Dalle VA incurv\u00e9e 1000R<\/strong>\u00a0: immersion sup\u00e9rieure<\/li>\n<li>Prise en charge HDR10<\/li>\n<li><strong>AMD FreeSync Premium<\/strong><\/li>\n<li>Affichage fluide avec un temps de r\u00e9ponse de\u00a0<strong>1 ms<\/strong><\/li>\n<li><strong>Taux de rafra\u00eechissement maximal 144 Hz<\/strong><\/li>\n<li>Connecteurs :\u00a0HDMI 2.0 + DisplayPort 1.2<\/li>\n<li>Meilleur confort oculaire avec le mode\u00a0Eye Saver\u00a0et la technologie\u00a0Flicker Free<\/li>\n<\/ul>\n<\/section>\n","protected":false},"excerpt":{"rendered":"<p>Taille de l&#8217;\u00e9cran : 32&#8243; &#8211; Format 16:9<br \/>\nCourbure de l&#8217;\u00e9cran: Incurv\u00e9<br \/>\nType de Dalle: VA (Vertical Alignment)<br \/>\nR\u00e9solution: 2,560 x 1,440<br \/>\nTemps de r\u00e9ponse: 1 ms<br \/>\nTaux de rafra\u00eechissement: Max 144Hz<br \/>\nConnecteurs d&#8217;entr\u00e9e: Display Port, HDMI<br \/>\nR\u00e9glages de la position de l&#8217;\u00e9cran: -2 ~ 18<\/p>\n","protected":false},"featured_media":10259,"comment_status":"open","ping_status":"closed","template":"","meta":{"_acf_changed":false,"_monsterinsights_skip_tracking":false,"_monsterinsights_sitenote_active":false,"_monsterinsights_sitenote_note":"","_monsterinsights_sitenote_category":0,"_uf_show_specific_survey":0,"_uf_disable_surveys":false,"_joinchat":[]},"product_brand":[],"product_cat":[259,239,297,246],"product_tag":[],"class_list":{"0":"post-10258","1":"product","2":"type-product","3":"status-publish","4":"has-post-thumbnail","6":"product_cat-ecran-pc","7":"product_cat-ecran-moniteur","8":"product_cat-gaming","9":"product_cat-peripherique","11":"first","12":"outofstock","13":"sale","14":"shipping-taxable","15":"purchasable","16":"product-type-simple"},"acf":[],"jetpack_sharing_enabled":true,"_links":{"self":[{"href":"https:\/\/digistar.ma\/index.php?rest_route=\/wp\/v2\/product\/10258","targetHints":{"allow":["GET"]}}],"collection":[{"href":"https:\/\/digistar.ma\/index.php?rest_route=\/wp\/v2\/product"}],"about":[{"href":"https:\/\/digistar.ma\/index.php?rest_route=\/wp\/v2\/types\/product"}],"replies":[{"embeddable":true,"href":"https:\/\/digistar.ma\/index.php?rest_route=%2Fwp%2Fv2%2Fcomments&post=10258"}],"version-history":[{"count":3,"href":"https:\/\/digistar.ma\/index.php?rest_route=\/wp\/v2\/product\/10258\/revisions"}],"predecessor-version":[{"id":10265,"href":"https:\/\/digistar.ma\/index.php?rest_route=\/wp\/v2\/product\/10258\/revisions\/10265"}],"wp:featuredmedia":[{"embeddable":true,"href":"https:\/\/digistar.ma\/index.php?rest_route=\/wp\/v2\/media\/10259"}],"wp:attachment":[{"href":"https:\/\/digistar.ma\/index.php?rest_route=%2Fwp%2Fv2%2Fmedia&parent=10258"}],"wp:term":[{"taxonomy":"product_brand","embeddable":true,"href":"https:\/\/digistar.ma\/index.php?rest_route=%2Fwp%2Fv2%2Fproduct_brand&post=10258"},{"taxonomy":"product_cat","embeddable":true,"href":"https:\/\/digistar.ma\/index.php?rest_route=%2Fwp%2Fv2%2Fproduct_cat&post=10258"},{"taxonomy":"product_tag","embeddable":true,"href":"https:\/\/digistar.ma\/index.php?rest_route=%2Fwp%2Fv2%2Fproduct_tag&post=10258"}],"curies":[{"name":"wp","href":"https:\/\/api.w.org\/{rel}","templated":true}]}}