{"id":10272,"date":"2024-01-20T22:46:20","date_gmt":"2024-01-20T22:46:20","guid":{"rendered":"https:\/\/digistar.ma\/?post_type=product&#038;p=10272"},"modified":"2024-01-20T22:46:20","modified_gmt":"2024-01-20T22:46:20","slug":"ecran-23-8-pouces-full-hd-dell-se2422h-3y","status":"publish","type":"product","link":"https:\/\/digistar.ma\/?product=ecran-23-8-pouces-full-hd-dell-se2422h-3y","title":{"rendered":"\u00c9cran 23.8 pouces Full HD Dell SE2422H-3Y"},"content":{"rendered":"<h3>\u00c9cran 23.8 pouces Full HD Dell SE2422H-3Y<\/h3>\n<h4 class=\"h2-master\">Moniteur Full HD 75 Hz polyvalent<\/h4>\n<section>Avec l&#8217;<strong>\u00e9cran Dell SE2422H<\/strong>, vous avez \u00e0 votre disposition tous les ingr\u00e9dients pour satisfaire vos envies jour apr\u00e8s jour. Que ce soit pour le travail, la d\u00e9tente ou le jeu, retrouvez un \u00e9quipement complet, performant et efficace ! Il ne vous reste plus qu&#8217;\u00e0 vous installer devant votre bureau et \u00e0 d\u00e9couvrir son large potentiel.<\/p>\n<\/section>\n<section>\n<div class=\"desc-image\"><img decoding=\"async\" src=\"https:\/\/media.ldlc.com\/bo\/images\/fiches\/moniteur%20led\/dell\/se2722h\/full_hd.jpg\" alt=\"\" \/><\/div>\n<div class=\"desc-text\">\n<h2>VOTRE PARTENAIRE DU QUOTIDIEN<\/h2>\n<p>Polyvalent, ce moniteur sign\u00e9 Dell d\u00e9voilera ses belles qualit\u00e9s pour r\u00e9pondre id\u00e9alement \u00e0 vos besoins en bureautique, multim\u00e9dia ou gaming. Equip\u00e9 d&#8217;une\u00a0<strong>dalle VA de 23.8\u00a0pouces \u00e0 r\u00e9solution Full HD<\/strong>, ce mod\u00e8le propose un environnement visuel tr\u00e8s confortable. Retrouvez une belle fluidit\u00e9 lors de l&#8217;utilisation gr\u00e2ce \u00e0 un temps de r\u00e9ponse jusqu&#8217;\u00e0 5 ms et \u00e0\u00a0un taux de rafra\u00eechissement de 75 Hz. De son c\u00f4t\u00e9, la technologie\u00a0<strong>AMD FreeSync<\/strong>\u00a0\u00e9vitera les d\u00e9chirements de l&#8217;image et les saccades.<\/p>\n<p>A l&#8217;arri\u00e8re, l&#8217;\u00e9cran SE2422H dispose d&#8217;une connectique \u00e9pur\u00e9e avec\u00a0<strong>ports HDMI et VGA<\/strong>. Enfin, la protection oculaire efficace limitera la fatigue visuelle.<\/p>\n<\/div>\n<\/section>\n<section class=\"list\">\n<h3>CARACT\u00c9RISTIQUES PRINCIPALES \u00c9cran 23.8 pouces Full HD Dell SE2422H-3Y<\/h3>\n<ul>\n<li>Ecran antireflet\u00a0<strong>23.8 pouces<\/strong>\u00a0avec\u00a0r\u00e9solution\u00a0<strong>Full HD<\/strong>\u00a0(1920 x 1080)<\/li>\n<li><strong>Dalle VA<\/strong>, angles de vision 178\u00b0, contraste 3000:1<\/li>\n<li>Technologies\u00a0<strong>AMD FreeSync<\/strong><\/li>\n<li>Temps de r\u00e9ponse (gris \u00e0 gris) : 5 ms (extr\u00eame) \/ 8 ms (rapide) \/ 12 ms (standard)<\/li>\n<li>Taux de rafra\u00eechissement maximal de\u00a0<strong>75 Hz<\/strong><\/li>\n<li>Meilleur confort oculaire :\u00a0Flicker-Free et\u00a0Low Blue Light<\/li>\n<li>Connectique : 1x HDMI 1.4, 1x VGA<\/li>\n<\/ul>\n<\/section>\n","protected":false},"excerpt":{"rendered":"<p>Taille de l&#8217;\u00e9cran : 23.8&#8243; &#8211; Format 16:9<br \/>\nCourbure de l&#8217;\u00e9cran: Plat<br \/>\nType de Dalle: VA &#8211; R\u00e9tro\u00e9clairage: LED<br \/>\nR\u00e9solution: Full HD (1080p) 1920 x 1080<br \/>\nTemps de r\u00e9ponse: 12 ms (gris \u00e0 gris normal) ; 8 ms (gris \u00e0 gris rapide) ; 5 ms (gris \u00e0 gris extr\u00eame)<br \/>\nTaux de rafra\u00eechissement: 75 Hz<br \/>\nConnecteurs d&#8217;entr\u00e9e: HDMI, VGA<br \/>\nR\u00e9glages de la position de l&#8217;\u00e9cran: Inclinaison -5\/+21<\/p>\n","protected":false},"featured_media":10273,"comment_status":"open","ping_status":"closed","template":"","meta":{"_acf_changed":false,"_monsterinsights_skip_tracking":false,"_monsterinsights_sitenote_active":false,"_monsterinsights_sitenote_note":"","_monsterinsights_sitenote_category":0,"_uf_show_specific_survey":0,"_uf_disable_surveys":false,"_joinchat":[]},"product_brand":[],"product_cat":[259,239,246],"product_tag":[],"class_list":{"0":"post-10272","1":"product","2":"type-product","3":"status-publish","4":"has-post-thumbnail","6":"product_cat-ecran-pc","7":"product_cat-ecran-moniteur","8":"product_cat-peripherique","10":"first","11":"instock","12":"sale","13":"shipping-taxable","14":"purchasable","15":"product-type-simple"},"acf":[],"jetpack_sharing_enabled":true,"_links":{"self":[{"href":"https:\/\/digistar.ma\/index.php?rest_route=\/wp\/v2\/product\/10272","targetHints":{"allow":["GET"]}}],"collection":[{"href":"https:\/\/digistar.ma\/index.php?rest_route=\/wp\/v2\/product"}],"about":[{"href":"https:\/\/digistar.ma\/index.php?rest_route=\/wp\/v2\/types\/product"}],"replies":[{"embeddable":true,"href":"https:\/\/digistar.ma\/index.php?rest_route=%2Fwp%2Fv2%2Fcomments&post=10272"}],"version-history":[{"count":1,"href":"https:\/\/digistar.ma\/index.php?rest_route=\/wp\/v2\/product\/10272\/revisions"}],"predecessor-version":[{"id":10278,"href":"https:\/\/digistar.ma\/index.php?rest_route=\/wp\/v2\/product\/10272\/revisions\/10278"}],"wp:featuredmedia":[{"embeddable":true,"href":"https:\/\/digistar.ma\/index.php?rest_route=\/wp\/v2\/media\/10273"}],"wp:attachment":[{"href":"https:\/\/digistar.ma\/index.php?rest_route=%2Fwp%2Fv2%2Fmedia&parent=10272"}],"wp:term":[{"taxonomy":"product_brand","embeddable":true,"href":"https:\/\/digistar.ma\/index.php?rest_route=%2Fwp%2Fv2%2Fproduct_brand&post=10272"},{"taxonomy":"product_cat","embeddable":true,"href":"https:\/\/digistar.ma\/index.php?rest_route=%2Fwp%2Fv2%2Fproduct_cat&post=10272"},{"taxonomy":"product_tag","embeddable":true,"href":"https:\/\/digistar.ma\/index.php?rest_route=%2Fwp%2Fv2%2Fproduct_tag&post=10272"}],"curies":[{"name":"wp","href":"https:\/\/api.w.org\/{rel}","templated":true}]}}