{"id":10305,"date":"2024-01-21T23:13:36","date_gmt":"2024-01-21T23:13:36","guid":{"rendered":"https:\/\/digistar.ma\/?post_type=product&#038;p=10305"},"modified":"2024-06-26T13:17:40","modified_gmt":"2024-06-26T13:17:40","slug":"ecran-34-pouces-qhd-samsung-viewfinity-s5-s50gc","status":"publish","type":"product","link":"https:\/\/digistar.ma\/?product=ecran-34-pouces-qhd-samsung-viewfinity-s5-s50gc","title":{"rendered":"\u00c9cran 34 pouces QHD Samsung ViewFinity S5 S50GC"},"content":{"rendered":"<h3>\u00c9cran 34 pouces QHD Samsung ViewFinity S5 S50GC<\/h3>\n<h2 class=\"h2-master\">Le partenaire id\u00e9al au travail<\/h2>\n<section>Install\u00e9 dans votre environnement de\u00a0quotidien, le\u00a0<strong>moniteur Samsung S34C500GAU<\/strong>\u00a0d\u00e9voile ses excellentes\u00a0qualit\u00e9s pour vous aider \u00e0 optimiser votre travail. Sa\u00a0<strong>dalle VA de 34 pouces<\/strong>\u00a0et sa\u00a0<strong>compatible HDR<\/strong>\u00a0vous permet de profiter d&#8217;un superbe affichage qui vous aidera\u00a0\u00e0 organiser au mieux\u00a0vos fen\u00eatres. Pens\u00e9 pour votre confort, ce moniteur\u00a0dispose d&#8217;une protection oculaire efficace et d&#8217;un design ergonomique avec position ajustable. De plus, sa connectique HDMI et DisplayPort\u00a0viendra r\u00e9pondre \u00e0 vos besoins.<\/section>\n<section>\n<div class=\"desc-image\"><img decoding=\"async\" src=\"https:\/\/media.ldlc.com\/bo\/images\/fiches\/moniteur%20LED\/Samsung\/S34C500GAU\/S34C500GAU_800_1.jpg\" alt=\"\" \/><\/div>\n<div class=\"desc-text\">\n<h2>QUALIT\u00c9 D&#8217;IMAGE SUP\u00c9RIEURE<\/h2>\n<p>Offrant des d\u00e9tails \u00e9lev\u00e9s, la\u00a0<strong>r\u00e9solution WQHD (3440 x 1440)<\/strong>\u00a0qui \u00e9quipe le moniteur Samsung S34C500GAU vous accompagnera id\u00e9alement dans vos projets professionnels ou personnels. Sur une\u00a0<strong>dalle VA de 34 pouces<\/strong>, ce mod\u00e8le propose un environnement visuel confortable avec des angles de vision larges et une reproduction \u00e9tendue des couleurs. Capable d&#8217;afficher\u00a0<strong>jusqu&#8217;\u00e0 1 milliard de couleurs<\/strong>\u00a0et compatible HDR10, il se montrera \u00e0 la hauteur de vos attentes. Enfin, appr\u00e9ciez une belle fluidit\u00e9 avec l&#8217;int\u00e9gration de la technologie AMD FreeSync.<\/p>\n<\/div>\n<\/section>\n<section>\n<div class=\"desc-text\">\n<h2>CONFORT D&#8217;UTILISATION<\/h2>\n<p><strong>Certifi\u00e9 T\u00dcV Rheinland<\/strong>, l&#8217;\u00e9cran S34C500GAU prendra soin de vos yeux. La\u00a0<strong>technologie intelligente Eye Care<\/strong>\u00a0ajuste automatiquement la luminosit\u00e9 et les couleurs en fonction de l&#8217;ambiance de la pi\u00e8ce tandis que les technologies Flicker Free et Eye Saver \u00e9limineront le scintillement et r\u00e9duiront les effets de la lumi\u00e8re bleue. La fatigue visuelle sera ainsi bien moins pr\u00e9sente pour vous permettre de finaliser vos travaux.<\/p>\n<p>De son c\u00f4t\u00e9, le\u00a0<strong>design ergonomique<\/strong>\u00a0vous assure de trouver la position la plus adapt\u00e9e.\u00a0<strong>R\u00e9glez la hauteur, l&#8217;inclinaison ou encore la bascule portrait\/paysage<\/strong>\u00a0et cr\u00e9ez un environnement de travail qui vous ressemble.<\/p>\n<\/div>\n<div class=\"desc-image\"><img decoding=\"async\" src=\"https:\/\/media.ldlc.com\/bo\/images\/fiches\/moniteur%20LED\/Samsung\/S34C500GAU\/S34C500GAU_800_2.jpg\" alt=\"\" \/><\/div>\n<\/section>\n<section class=\"list\">\n<h2>CARACT\u00c9RISTIQUES PRINCIPALES \u00c9cran 34 pouces QHD Samsung ViewFinity S5 S50GC<\/h2>\n<ul>\n<li>\u00c9cran large de\u00a0<strong>34\u00a0pouces<\/strong><strong>\u00a0<\/strong>avec r\u00e9solution\u00a0<strong>WQHD<\/strong>\u00a0(3440 x 1440 pixels)<\/li>\n<li><b>Dalle VA\u00a0<\/b>: couleurs r\u00e9alistes et larges angles de vision (178\/178 degr\u00e9s)<\/li>\n<li>Palette de 1 milliard de couleurs avec HDR10<\/li>\n<li>Temps de r\u00e9ponse :\u00a0<strong>5\u00a0ms (gris \u00e0 gris)<\/strong><\/li>\n<li>Taux de rafra\u00eechissement maximal de 100 Hz<\/li>\n<li><strong>Mode jeu\u00a0<\/strong>: optimisation des couleurs et du contraste<\/li>\n<li>Une image fluide avec la technologie<strong>\u00a0AMD FreeSync<\/strong>\u00a0(carte graphique AMD compatible n\u00e9cessaire)<\/li>\n<li><strong>Technologie Eye Care<\/strong>\u00a0: ajustement automatique de la luminosit\u00e9, Flicker Free et Eye Saver<\/li>\n<li><strong>Connecteurs<\/strong>\u00a0: HDMI 2.0 +\u00a0DisplayPort 1.2<\/li>\n<li>Possibilit\u00e9 de fixation murale (VESA 100 x 100)<\/li>\n<\/ul>\n<\/section>\n","protected":false},"excerpt":{"rendered":"<p>Taille de l&#8217;\u00e9cran : 34&#8243; &#8211; Format 16:9<br \/>\nCourbure de l&#8217;\u00e9cran: Plat<br \/>\nType de Dalle: VA<br \/>\nR\u00e9solution: 3,440 x 1,440<br \/>\nTemps de r\u00e9ponse: 5 (GTG)<br \/>\nTaux de rafra\u00eechissement: Max 100 Hz<br \/>\nConnecteurs d&#8217;entr\u00e9e: Display Port, HDMI<br \/>\nR\u00e9glages de la position de l&#8217;\u00e9cran: Inclinaison -2.0\u00b0 (\u00b12.0\u00b0) ~ +22.0\u00b0 (\u00b12.0\u00b0)<\/p>\n","protected":false},"featured_media":10306,"comment_status":"open","ping_status":"closed","template":"","meta":{"_acf_changed":false,"_monsterinsights_skip_tracking":false,"_monsterinsights_sitenote_active":false,"_monsterinsights_sitenote_note":"","_monsterinsights_sitenote_category":0,"_uf_show_specific_survey":0,"_uf_disable_surveys":false,"_joinchat":[]},"product_brand":[],"product_cat":[259,239,297,246],"product_tag":[],"class_list":{"0":"post-10305","1":"product","2":"type-product","3":"status-publish","4":"has-post-thumbnail","6":"product_cat-ecran-pc","7":"product_cat-ecran-moniteur","8":"product_cat-gaming","9":"product_cat-peripherique","11":"first","12":"instock","13":"sale","14":"shipping-taxable","15":"purchasable","16":"product-type-simple"},"acf":[],"jetpack_sharing_enabled":true,"_links":{"self":[{"href":"https:\/\/digistar.ma\/index.php?rest_route=\/wp\/v2\/product\/10305","targetHints":{"allow":["GET"]}}],"collection":[{"href":"https:\/\/digistar.ma\/index.php?rest_route=\/wp\/v2\/product"}],"about":[{"href":"https:\/\/digistar.ma\/index.php?rest_route=\/wp\/v2\/types\/product"}],"replies":[{"embeddable":true,"href":"https:\/\/digistar.ma\/index.php?rest_route=%2Fwp%2Fv2%2Fcomments&post=10305"}],"version-history":[{"count":2,"href":"https:\/\/digistar.ma\/index.php?rest_route=\/wp\/v2\/product\/10305\/revisions"}],"predecessor-version":[{"id":10311,"href":"https:\/\/digistar.ma\/index.php?rest_route=\/wp\/v2\/product\/10305\/revisions\/10311"}],"wp:featuredmedia":[{"embeddable":true,"href":"https:\/\/digistar.ma\/index.php?rest_route=\/wp\/v2\/media\/10306"}],"wp:attachment":[{"href":"https:\/\/digistar.ma\/index.php?rest_route=%2Fwp%2Fv2%2Fmedia&parent=10305"}],"wp:term":[{"taxonomy":"product_brand","embeddable":true,"href":"https:\/\/digistar.ma\/index.php?rest_route=%2Fwp%2Fv2%2Fproduct_brand&post=10305"},{"taxonomy":"product_cat","embeddable":true,"href":"https:\/\/digistar.ma\/index.php?rest_route=%2Fwp%2Fv2%2Fproduct_cat&post=10305"},{"taxonomy":"product_tag","embeddable":true,"href":"https:\/\/digistar.ma\/index.php?rest_route=%2Fwp%2Fv2%2Fproduct_tag&post=10305"}],"curies":[{"name":"wp","href":"https:\/\/api.w.org\/{rel}","templated":true}]}}