{"id":10312,"date":"2024-01-21T23:59:21","date_gmt":"2024-01-21T23:59:21","guid":{"rendered":"https:\/\/digistar.ma\/?post_type=product&#038;p=10312"},"modified":"2024-01-21T23:59:21","modified_gmt":"2024-01-21T23:59:21","slug":"ecran-27-pouces-full-hd-lenovo-thinkvision-s27i-30","status":"publish","type":"product","link":"https:\/\/digistar.ma\/?product=ecran-27-pouces-full-hd-lenovo-thinkvision-s27i-30","title":{"rendered":"\u00c9cran 27 Pouces Full HD Lenovo ThinkVision S27i-30"},"content":{"rendered":"<h3>\u00c9cran 27 Pouces Full HD Lenovo ThinkVision S27i-30<\/h3>\n<p>Le moniteur ThinkVision S27i-30 est facilement le choix le plus pratique pour effectuer les t\u00e2ches quotidiennes li\u00e9es au bureau. Son \u00e9cran In-Plane Switching de 27 pouces affiche des couleurs riches et d\u00e9licieuses et une clart\u00e9 avec une r\u00e9solution Full-HD 1920 x 1080.<\/p>\n<p>Une gamme de couleurs 99 % sRGB vous offre des couleurs homog\u00e8nes et des images plus nettes, quels que soient les angles de vue. Dans une toute nouvelle couleur Storm Grey, \u00e9l\u00e9gante et sophistiqu\u00e9e. Sa conception sans bordure offre une exp\u00e9rience visuelle sans distraction \u00e0 la fois dans une configuration \u00e0 un ou plusieurs syst\u00e8mes.<\/p>\n<p>La technologie int\u00e9gr\u00e9e Natural Low Blue Light filtre la lumi\u00e8re bleue nocive sans affecter la qualit\u00e9 de l&#8217;image pour supporter un temps d&#8217;\u00e9cran prolong\u00e9 tout en r\u00e9duisant la fatigue oculaire.<\/p>\n<p>Une bonne s\u00e9lection de ports, notamment HDMI, VGA et sortie audio, garantit des connexions faciles avec les accessoires afin que vous disposiez de tous les outils dont vous avez besoin pour votre travail.<\/p>\n<p><img decoding=\"async\" src=\"https:\/\/download.lenovo.com\/km\/media\/images\/PD500681\/01_ThinkVision_S27i-30_Front_Normal_Position_2023060208433589.jpg\" alt=\"Think Vision S27i-30\" \/><\/p>\n<p>Le confort fait partie de l&#8217;ensemble avec la fonctionnalit\u00e9 d&#8217;inclinaison du moniteur qui vous permet d&#8217;ajuster l&#8217;\u00e9cran en fonction de votre posture.<\/p>\n<p>Vous pouvez \u00e9galement le monter en VESA pour l&#8217;adapter \u00e0 votre position de visualisation pr\u00e9f\u00e9r\u00e9e. Le support du moniteur comprend un support de t\u00e9l\u00e9phone int\u00e9gr\u00e9 et des clips de gestion des c\u00e2bles, pour vous offrir un bureau sans encombrement et plus d&#8217;espace.<\/p>\n<p>Un joystick astucieux sur le moniteur vous permet de naviguer facilement et de modifier les caract\u00e9ristiques d&#8217;affichage selon vos pr\u00e9f\u00e9rences.<\/p>\n<p>Mais le meilleur de tous, le ThinkVision S27i-30 est conforme aux derni\u00e8res r\u00e9glementations TCO 9.0 et est livr\u00e9 dans un emballage vert, ce qui le rend sans danger pour l&#8217;environnement et pour vous.<\/p>\n<h3>Principales fonctionnalit\u00e9s de \u00c9cran 27 Pouces Full HD Lenovo ThinkVision S27i-30<\/h3>\n<ul>\n<li>Panneau NLBL aux couleurs vives\u00a0: 99\u00a0% sRVB, 100\u00a0Hz<\/li>\n<li>Design \u00e9l\u00e9gant et \u00e9cologique : design fin avec une couleur \u00e9l\u00e9gante et un contr\u00f4le par joystick.<\/li>\n<li>Caract\u00e9ristiques sans compromis : 2*HDMI, 1*VGA, 1*sortie audio<\/li>\n<\/ul>\n","protected":false},"excerpt":{"rendered":"<p>Taille de l&#8217;\u00e9cran: 27&#8243; &#8211; Format 16:9<br \/>\nCourbure de l&#8217;\u00e9cran: Plat<br \/>\nType de Dalle : IPS &#8211; R\u00e9tro\u00e9clairage: WLED<br \/>\nR\u00e9solution: Full HD (1920 x 1080)<br \/>\nTemps de r\u00e9ponse: 4ms (Extreme mode) \/ 6ms (Typical mode)<br \/>\nTaux de rafra\u00eechissement: 100Hz<br \/>\nConnecteurs d&#8217;entr\u00e9e: 2x HDMI\u00ae 1.4, 1x VGA<br \/>\nR\u00e9glages de la position de l&#8217;\u00e9cran: View Angle (H \/ V) 178\u00b0 \/ 178\u00b0<\/p>\n","protected":false},"featured_media":10319,"comment_status":"open","ping_status":"closed","template":"","meta":{"_acf_changed":false,"_monsterinsights_skip_tracking":false,"_monsterinsights_sitenote_active":false,"_monsterinsights_sitenote_note":"","_monsterinsights_sitenote_category":0,"_uf_show_specific_survey":0,"_uf_disable_surveys":false,"_joinchat":[]},"product_brand":[],"product_cat":[259,239,246],"product_tag":[],"class_list":{"0":"post-10312","1":"product","2":"type-product","3":"status-publish","4":"has-post-thumbnail","6":"product_cat-ecran-pc","7":"product_cat-ecran-moniteur","8":"product_cat-peripherique","10":"first","11":"instock","12":"sale","13":"shipping-taxable","14":"purchasable","15":"product-type-simple"},"acf":[],"jetpack_sharing_enabled":true,"_links":{"self":[{"href":"https:\/\/digistar.ma\/index.php?rest_route=\/wp\/v2\/product\/10312","targetHints":{"allow":["GET"]}}],"collection":[{"href":"https:\/\/digistar.ma\/index.php?rest_route=\/wp\/v2\/product"}],"about":[{"href":"https:\/\/digistar.ma\/index.php?rest_route=\/wp\/v2\/types\/product"}],"replies":[{"embeddable":true,"href":"https:\/\/digistar.ma\/index.php?rest_route=%2Fwp%2Fv2%2Fcomments&post=10312"}],"version-history":[{"count":1,"href":"https:\/\/digistar.ma\/index.php?rest_route=\/wp\/v2\/product\/10312\/revisions"}],"predecessor-version":[{"id":10320,"href":"https:\/\/digistar.ma\/index.php?rest_route=\/wp\/v2\/product\/10312\/revisions\/10320"}],"wp:featuredmedia":[{"embeddable":true,"href":"https:\/\/digistar.ma\/index.php?rest_route=\/wp\/v2\/media\/10319"}],"wp:attachment":[{"href":"https:\/\/digistar.ma\/index.php?rest_route=%2Fwp%2Fv2%2Fmedia&parent=10312"}],"wp:term":[{"taxonomy":"product_brand","embeddable":true,"href":"https:\/\/digistar.ma\/index.php?rest_route=%2Fwp%2Fv2%2Fproduct_brand&post=10312"},{"taxonomy":"product_cat","embeddable":true,"href":"https:\/\/digistar.ma\/index.php?rest_route=%2Fwp%2Fv2%2Fproduct_cat&post=10312"},{"taxonomy":"product_tag","embeddable":true,"href":"https:\/\/digistar.ma\/index.php?rest_route=%2Fwp%2Fv2%2Fproduct_tag&post=10312"}],"curies":[{"name":"wp","href":"https:\/\/api.w.org\/{rel}","templated":true}]}}