{"id":10331,"date":"2024-01-22T00:57:11","date_gmt":"2024-01-22T00:57:11","guid":{"rendered":"https:\/\/digistar.ma\/?post_type=product&#038;p=10331"},"modified":"2025-12-25T17:54:56","modified_gmt":"2025-12-25T17:54:56","slug":"ecran-incurve-315-wqhd-asus-tuf-gaming-vg32vqr","status":"publish","type":"product","link":"https:\/\/digistar.ma\/?product=ecran-incurve-315-wqhd-asus-tuf-gaming-vg32vqr","title":{"rendered":"\u00c9cran incurv\u00e9 31,5&#8243; WQHD Asus TUF Gaming VG32VQR"},"content":{"rendered":"<h3>\u00c9cran incurv\u00e9 31,5&#8243; WQHD Asus TUF Gaming VG32VQR<\/h3>\n<h2 class=\"h2-master\">VG32VQR : pour une exp\u00e9rience de jeu sans compromis<\/h2>\n<section>Performances, immersion et \u00e9motions. Le moniteur\u00a0<strong>ASUS TUF Gaming VG32VQR<\/strong>\u00a0est pr\u00eat \u00e0 vous faire passer au niveau sup\u00e9rieur du gaming et a, dans cette optique, \u00e9t\u00e9 dot\u00e9 d&#8217;un formidable arsenal technologique. Profitez d&#8217;une dalle VA de 32&#8243; en r\u00e9solution QHD (2560 x 1440) incurv\u00e9e pour red\u00e9couvrir vos jeux favoris et frayez-vous un chemin vers la victoire \u00e0 l&#8217;aide d&#8217;un taux de rafra\u00eechissement de 144 Hz \u00e9paul\u00e9 par 1 ms de temps de r\u00e9ponse ! Ce moniteur dispose \u00e9galement d&#8217;une arme secr\u00e8te, l&#8217;ELMB-Sync, qui permet d&#8217;activer \u00e0 la fois la technologie FreeSync et la technologie ULMB (Ultra Low Motion Blur). De cette mani\u00e8re, vous n&#8217;aurez plus \u00e0 choisir entre fluidit\u00e9 parfaite sans d\u00e9chirements ou la diminution du ghosting lors des phases d&#8217;action rapides.<\/section>\n<section>\n<div class=\"desc-image\"><\/div>\n<div class=\"desc-text\">\n<h2>DES VISUELS \u00c0 COUPER LE SOUFFLE<\/h2>\n<p>Profitant de la\u00a0<strong>r\u00e9solution WQHD (2560 x 1440 pixels), la dalle VA qui \u00e9quipe la VG32VQ offre des images naturelles et r\u00e9alistes<\/strong>. L&#8217;incurvation de 1800R permet quant \u00e0 elle de favoriser votre immersion en pla\u00e7ant vos yeux \u00e0 \u00e9quidistance de tous les points de l&#8217;\u00e9cran<\/p>\n<p>Pour vous faire b\u00e9n\u00e9ficier de rendus encore plus spectaculaires sur les contenus compatibles, ce moniteur supporte la technologie\u00a0<strong>HDR-10\u00a0<\/strong>(High Dynamic Range), qui conf\u00e8re des couleurs plus \u00e9clatantes et une meilleure luminosit\u00e9 en comparaison de moniteurs standards. De surcro\u00eet, plusieurs modes HDR sont disponibles en fonction de votre utilisation du moment (films, jeux&#8230;).<\/p>\n<\/div>\n<\/section>\n<section>\n<div class=\"desc-text\">\n<h2>TECHNOLOGIE EXCLUSIVE ELMB-SYNC<\/h2>\n<p>Le VG32VQ est le premier moniteur gaming \u00e0 proposer la combinaison de 2 technologies normalement impossibles \u00e0 activer simultan\u00e9ment\u00a0: l&#8217;AdaptiveSync (FreeSync\/G-Sync) et l&#8217;Ultra Low Motion Blur (ULMB).<\/p>\n<p>Aujourd&#8217;hui,\u00a0<strong>ASUS est parvenu \u00e0 associer ces deux technologies et en a \u00e9quip\u00e9 ce moniteur sous la forme de l&#8217;ELMB-Sync<\/strong>. Gr\u00e2ce \u00e0 cette innovation majeure, il est d\u00e9sormais possible de\u00a0<strong>b\u00e9n\u00e9ficier du meilleur des deux mondes<\/strong>\u00a0(\u00e0 savoir les bienfaits du syst\u00e8me FreeSync pour une\u00a0<strong>meilleure fluidit\u00e9 sans d\u00e9chirures<\/strong>\u00a0coupl\u00e9s \u00e0 la\u00a0<strong>r\u00e9duction du ghosting et des zones floues<\/strong>\u00a0lors de mouvements rapides de l&#8217;ULMB) sans \u00eatre contraint de faire l&#8217;impasse sur l&#8217;un ou l&#8217;autre !<\/p>\n<\/div>\n<div class=\"desc-image\"><\/div>\n<\/section>\n<section>\n<div class=\"desc-image\"><\/div>\n<div class=\"desc-text\">\n<h2>144 HZ ET 1 MS DE TEMPS DE R\u00c9PONSE<\/h2>\n<p>La<strong>\u00a0fr\u00e9quence de rafra\u00eechissement de 144 Hz<\/strong>\u00a0offerte par ce moniteur est un atout de poids en offrant une fluidit\u00e9 sup\u00e9rieure \u00e0 l&#8217;\u00e9cran, ce qui se montre particuli\u00e8rement utile dans les jeux rapides o\u00f9 chaque seconde compte, comme les FPS ou les jeux de course par exemple.<\/p>\n<p>Les 1 ms de temps de r\u00e9ponse (gris \u00e0 gris) am\u00e9liorent encore la r\u00e9activit\u00e9 de la dalle, vous laissant le champ libre pour exprimer tout votre potentiel face \u00e0 vos adversaires.<\/p>\n<\/div>\n<\/section>\n<section>\n<div class=\"desc-text\">\n<h2>JOUEZ DANS UN CONFORT ABSOLU<\/h2>\n<p>Les \u00e9crans \u00e9mettent tous une quantit\u00e9 plus ou moins \u00e9lev\u00e9e de lumi\u00e8re bleue, qui peut \u00eatre nocive pour les yeux en cas d&#8217;exposition prolong\u00e9e. Afin de pallier cette probl\u00e9matique efficacement, la technologie\u00a0<strong>Ultra Low Blue Light d&#8217;ASUS<\/strong>\u00a0r\u00e9duit efficacement ces \u00e9missions par le biais de 5 niveaux diff\u00e9rents \u00e0 s\u00e9lectionner. Les scintillements sont eux aussi combattus par le syst\u00e8me\u00a0<strong>Flicker-Free<\/strong>\u00a0afin que vous puissiez jouer sur de plus longues dur\u00e9es dans les meilleures conditions.<\/p>\n<p>Avec son design ergonomique,\u00a0<strong>le VG32VQR peut \u00eatre ajust\u00e9 selon vos pr\u00e9f\u00e9rences<\/strong>\u00a0: le pied est r\u00e9glable sur une course de 140 mm, l&#8217;inclinaison de la dalle sur +20\/5 degr\u00e9s et l&#8217;ensemble pivote ais\u00e9ment\u00a0sur 62 degr\u00e9s de chaque c\u00f4t\u00e9.<\/p>\n<\/div>\n<div class=\"desc-image\"><\/div>\n<\/section>\n<section>\n<div class=\"desc-image\"><\/div>\n<div class=\"desc-text\">\n<h2>DES AM\u00c9LIORATIONS D\u00c9DI\u00c9ES AU JEU<\/h2>\n<p>L&#8217;\u00e9cran ASUS TUF VG32VQ est id\u00e9al pour les Gamers gr\u00e2ce \u00e0 ses\u00a0<strong>fonctions Viseur, Sniper, Minuteur, Compteur d&#8217;IPS et Alignement de l&#8217;affichage<\/strong>. Choisissez entre quatre r\u00e9ticules de vis\u00e9e qui s&#8217;adapteront \u00e0 votre environnement de jeu et gardez un\u00a0\u0153il sur les temps d&#8217;apparition et les temps de construction gr\u00e2ce \u00e0 un minuteur qui s&#8217;affiche sur votre \u00e9cran ou restez inform\u00e9s du niveau de performances de votre PC en jeu !<\/p>\n<p>La technologie Shadow Boost se charge quant \u00e0 elle de faire ressortir le sc\u00e8nes sombres sans surexposer les \u00e9l\u00e9ments plus lumineux, de mani\u00e8re \u00e0 vous donner un avantage dans les environnements obscurs.<\/p>\n<\/div>\n<\/section>\n<section class=\"list\">\n<h2>CARACT\u00c9RISTIQUES PRINCIPALES :<\/h2>\n<ul>\n<li><strong>Moniteur incurv\u00e9 de 32\u00a0pouces<\/strong>\u00a0avec r\u00e9solution<strong>\u00a0WQHD 2560 x 1440 (16:9)<\/strong><\/li>\n<li><strong>Dalle VA\u00a0<\/strong>: angles de vision larges (178\u00b0) et couleurs de qualit\u00e9 sup\u00e9rieure<\/li>\n<li>Contraste \u00e9lev\u00e9 : 3000:1<\/li>\n<li>Compatibilit\u00e9\u00a0<strong>HDR-10<\/strong><\/li>\n<li><strong>AMD FreeSync<\/strong><\/li>\n<li><strong>144 Hz<\/strong><\/li>\n<li><strong>Technologie r\u00e9volutionnaire\u00a0ELMB-Sync\u00a0: activation simultan\u00e9e de l&#8217;AdaptiveSync et de l&#8217;Ultra Low Motion Blur<\/strong><\/li>\n<li>Affichage fluide avec un<strong>\u00a0temps de r\u00e9ponse de 1 ms<\/strong><\/li>\n<li>Connecteur :\u00a0HDMI, DisplayPort<\/li>\n<li>Meilleur confort oculaire avec le mode\u00a0<strong>ASUS Ultra Low Blue Light\u00a0<\/strong>et la technologie\u00a0<strong>Flicker Free<\/strong><\/li>\n<li>Asus GamePlus<\/li>\n<li>Bonne ergonomie pour un confort sup\u00e9rieur<\/li>\n<\/ul>\n<\/section>\n","protected":false},"excerpt":{"rendered":"<p>Taille de l&#8217;\u00e9cran : 31.5&#8243; &#8211; Format 16:9<br \/>\nCourbure de l&#8217;\u00e9cran: 1800R<br \/>\nType de Dalle: VA &#8211; R\u00e9tro\u00e9clairage: LED<br \/>\nR\u00e9solution: 2560&#215;1440<br \/>\nTemps de r\u00e9ponse: 1ms MPRT<br \/>\nTaux de rafra\u00eechissement: 165Hz<br \/>\nConnecteurs d&#8217;entr\u00e9e: DisplayPort, HDMI<br \/>\nR\u00e9glages de la position de l&#8217;\u00e9cran: Inclinaison (+20\u00b0 ~ -3\u00b0), Rotation (+60\u00b0 ~ -60\u00b0), Ajustement de la hauteur (0~140mm)<\/p>\n","protected":false},"featured_media":10332,"comment_status":"open","ping_status":"closed","template":"","meta":{"_acf_changed":false,"_monsterinsights_skip_tracking":false,"_monsterinsights_sitenote_active":false,"_monsterinsights_sitenote_note":"","_monsterinsights_sitenote_category":0,"_uf_show_specific_survey":0,"_uf_disable_surveys":false,"_joinchat":[]},"product_brand":[],"product_cat":[259,239,297,246],"product_tag":[],"class_list":{"0":"post-10331","1":"product","2":"type-product","3":"status-publish","4":"has-post-thumbnail","6":"product_cat-ecran-pc","7":"product_cat-ecran-moniteur","8":"product_cat-gaming","9":"product_cat-peripherique","11":"first","12":"outofstock","13":"sale","14":"shipping-taxable","15":"purchasable","16":"product-type-simple"},"acf":[],"jetpack_sharing_enabled":true,"_links":{"self":[{"href":"https:\/\/digistar.ma\/index.php?rest_route=\/wp\/v2\/product\/10331","targetHints":{"allow":["GET"]}}],"collection":[{"href":"https:\/\/digistar.ma\/index.php?rest_route=\/wp\/v2\/product"}],"about":[{"href":"https:\/\/digistar.ma\/index.php?rest_route=\/wp\/v2\/types\/product"}],"replies":[{"embeddable":true,"href":"https:\/\/digistar.ma\/index.php?rest_route=%2Fwp%2Fv2%2Fcomments&post=10331"}],"version-history":[{"count":4,"href":"https:\/\/digistar.ma\/index.php?rest_route=\/wp\/v2\/product\/10331\/revisions"}],"predecessor-version":[{"id":15814,"href":"https:\/\/digistar.ma\/index.php?rest_route=\/wp\/v2\/product\/10331\/revisions\/15814"}],"wp:featuredmedia":[{"embeddable":true,"href":"https:\/\/digistar.ma\/index.php?rest_route=\/wp\/v2\/media\/10332"}],"wp:attachment":[{"href":"https:\/\/digistar.ma\/index.php?rest_route=%2Fwp%2Fv2%2Fmedia&parent=10331"}],"wp:term":[{"taxonomy":"product_brand","embeddable":true,"href":"https:\/\/digistar.ma\/index.php?rest_route=%2Fwp%2Fv2%2Fproduct_brand&post=10331"},{"taxonomy":"product_cat","embeddable":true,"href":"https:\/\/digistar.ma\/index.php?rest_route=%2Fwp%2Fv2%2Fproduct_cat&post=10331"},{"taxonomy":"product_tag","embeddable":true,"href":"https:\/\/digistar.ma\/index.php?rest_route=%2Fwp%2Fv2%2Fproduct_tag&post=10331"}],"curies":[{"name":"wp","href":"https:\/\/api.w.org\/{rel}","templated":true}]}}