{"id":10356,"date":"2024-01-26T22:00:53","date_gmt":"2024-01-26T22:00:53","guid":{"rendered":"https:\/\/digistar.ma\/?post_type=product&#038;p=10356"},"modified":"2026-01-15T10:39:52","modified_gmt":"2026-01-15T10:39:52","slug":"epson-wf-100-recuperateur-dencre-usagee-c13t295000","status":"publish","type":"product","link":"https:\/\/digistar.ma\/?product=epson-wf-100-recuperateur-dencre-usagee-c13t295000","title":{"rendered":"Epson WF-100 R\u00e9cup\u00e9rateur d&#8217;encre usag\u00e9e C13T295000"},"content":{"rendered":"<h4>Epson WF-100 R\u00e9cup\u00e9rateur d&#8217;encre usag\u00e9e C13T295000<\/h4>\n<p>D&#8217;une capacit\u00e9 de 5,8 ml, le consommable C13T295000 est compatible avec les imprimantes suivantes:<\/p>\n<p>Compatible avec\u00a0WorkForce WF-110W, WorkForce WF-100W<\/p>\n<div class=\"std\">\u00a0T2950 Kit d&#8217;entretien, 50.000 Feuilles pour Epson WF-100 W<\/div>\n<ul>\n<li>Fabricant\u00a0: Epson CorporationN\u00b0 pi\u00e8ce du fabricant\u00a0: T295000Nom de la marque\u00a0: EpsonMod\u00e8le du produit\u00a0: T2950Nom du produit\u00a0: Bo\u00eete de maintenance de l\u2019encre pour Workforce WF-100Type d\u2019emballage\u00a0: fabricant d\u2019origine\n<p>Type de produit\u00a0: Bo\u00eete d\u2019entretien<\/p>\n<p>Technologie d\u2019impression\u00a0: jet d\u2019encre<\/p>\n<p>Compatibilit\u00e9\u00a0: imprimantes WorkForce (s\u00e9rie WF) 100 d\u2019Epson<\/li>\n<\/ul>\n","protected":false},"excerpt":{"rendered":"<p>Compatible avec\u00a0WorkForce WF-110W, WorkForce WF-100W<\/p>\n","protected":false},"featured_media":10433,"comment_status":"open","ping_status":"closed","template":"","meta":{"_acf_changed":false,"_monsterinsights_skip_tracking":false,"_monsterinsights_sitenote_active":false,"_monsterinsights_sitenote_note":"","_monsterinsights_sitenote_category":0,"_uf_show_specific_survey":0,"_uf_disable_surveys":false,"_joinchat":[]},"product_brand":[],"product_cat":[238,247,252],"product_tag":[],"class_list":{"0":"post-10356","1":"product","2":"type-product","3":"status-publish","4":"has-post-thumbnail","6":"product_cat-consommables","7":"product_cat-cartouche-dencre","8":"product_cat-tete-dimpression","10":"first","11":"outofstock","12":"sale","13":"shipping-taxable","14":"purchasable","15":"product-type-simple"},"acf":[],"jetpack_sharing_enabled":true,"_links":{"self":[{"href":"https:\/\/digistar.ma\/index.php?rest_route=\/wp\/v2\/product\/10356","targetHints":{"allow":["GET"]}}],"collection":[{"href":"https:\/\/digistar.ma\/index.php?rest_route=\/wp\/v2\/product"}],"about":[{"href":"https:\/\/digistar.ma\/index.php?rest_route=\/wp\/v2\/types\/product"}],"replies":[{"embeddable":true,"href":"https:\/\/digistar.ma\/index.php?rest_route=%2Fwp%2Fv2%2Fcomments&post=10356"}],"version-history":[{"count":7,"href":"https:\/\/digistar.ma\/index.php?rest_route=\/wp\/v2\/product\/10356\/revisions"}],"predecessor-version":[{"id":15985,"href":"https:\/\/digistar.ma\/index.php?rest_route=\/wp\/v2\/product\/10356\/revisions\/15985"}],"wp:featuredmedia":[{"embeddable":true,"href":"https:\/\/digistar.ma\/index.php?rest_route=\/wp\/v2\/media\/10433"}],"wp:attachment":[{"href":"https:\/\/digistar.ma\/index.php?rest_route=%2Fwp%2Fv2%2Fmedia&parent=10356"}],"wp:term":[{"taxonomy":"product_brand","embeddable":true,"href":"https:\/\/digistar.ma\/index.php?rest_route=%2Fwp%2Fv2%2Fproduct_brand&post=10356"},{"taxonomy":"product_cat","embeddable":true,"href":"https:\/\/digistar.ma\/index.php?rest_route=%2Fwp%2Fv2%2Fproduct_cat&post=10356"},{"taxonomy":"product_tag","embeddable":true,"href":"https:\/\/digistar.ma\/index.php?rest_route=%2Fwp%2Fv2%2Fproduct_tag&post=10356"}],"curies":[{"name":"wp","href":"https:\/\/api.w.org\/{rel}","templated":true}]}}