{"id":10360,"date":"2024-01-25T20:52:26","date_gmt":"2024-01-25T20:52:26","guid":{"rendered":"https:\/\/digistar.ma\/?post_type=product&#038;p=10360"},"modified":"2026-02-26T15:52:11","modified_gmt":"2026-02-26T15:52:11","slug":"ecran-incurve-34-pouces-qled-samsung-serie-7-cj791","status":"publish","type":"product","link":"https:\/\/digistar.ma\/?product=ecran-incurve-34-pouces-qled-samsung-serie-7-cj791","title":{"rendered":"\u00c9cran incurv\u00e9 34 pouces QLED Samsung S\u00e9rie 7 CJ791"},"content":{"rendered":"<h3>\u00c9cran incurv\u00e9 34 pouces QLED Samsung S\u00e9rie 7 CJ791<\/h3>\n<h2 class=\"h2-master\">Environnement Ultra WQHD<\/h2>\n<section>Compatible Mac et PC gr\u00e2ce \u00e0 ses 2 ports Thunderbolt 3, le moniteur incurv\u00e9\u00a0<strong>Samsung C34J791WTR<\/strong>\u00a0s&#8217;inscrira parfaitement dans votre univers. Profitez d&#8217;une r\u00e9solution Ultra WQHD au format 21\/9 avec des couleurs r\u00e9alistes gr\u00e2ce \u00e0 Quantum Dot et jouez dans les meilleures conditions avec FreeSync et un taux de rafra\u00eechissement de 100 Hz. Ce mod\u00e8le offre une exp\u00e9rience visuelle confortable avec ses technologies de protection oculaire et s&#8217;adaptera \u00e0 tous vos besoins avec son design ergonomique et sa connectique compl\u00e8te avec HDMI et DisplayPort. De plus, une puissance sonore de 2 x 7 Watts accompagnera parfaitement vos activit\u00e9s.<\/section>\n<section>\n<div class=\"desc-image\"><img decoding=\"async\" src=\"https:\/\/media.ldlc.com\/bo\/images\/fiches\/moniteur%20led\/samsung\/c34j791wtu\/34_pouces.jpg\" alt=\"\" \/><\/div>\n<div class=\"desc-text\">\n<h2>ECRAN ULTRA-LARGE 34&#8243;<\/h2>\n<p>Le moniteur Samsung C34J791WTR int\u00e8gre une r\u00e9solution\u00a0<strong>Ultra WQHD<\/strong>\u00a0de<strong>\u00a03440 x 1440 pixels<\/strong>\u00a0pour des images d&#8217;une nettet\u00e9 saisissante. Cette plus grande densit\u00e9 de pixels permet \u00e9galement de profiter d&#8217;un espace de travail plus grand sur l&#8217;\u00e9cran. Ainsi, vous pouvez afficher davantage de contenus en m\u00eame temps, sans avoir \u00e0 faire d\u00e9filer l&#8217;\u00e9cran ou \u00e0 zoomer.<\/p>\n<p>La\u00a0<strong>technologie Quantum dot<\/strong>\u00a0prend en charge environ\u00a0<strong>125% de la gamme sRVB<\/strong>\u00a0pour une palette plus large de couleurs r\u00e9alistes &#8211; en particulier les rouges et verts sombres, &#8211; qui restent \u00e9clatants et nets m\u00eame lorsque la luminosit\u00e9 est importante. Quelle que soit l\u2019application, jeu, navigation sur le web ou travail sur des documents, vos contenus apparaissent dans une qualit\u00e9 incomparable \u00e0 l\u2019\u00e9cran.<\/p>\n<\/div>\n<\/section>\n<section>\n<div class=\"desc-text\">\n<h2>DESIGN INCURV\u00c9<\/h2>\n<p>Ce\u00a0<strong>moniteur incurv\u00e9 ultra-large de 34 pouces<\/strong>\u00a0vous offre une exp\u00e9rience visuelle sur grand \u00e9cran v\u00e9ritablement immersive. Sa courbure plus profonde englobe votre champ de vision.\u00a0L&#8217;\u00e9cran 1500R poss\u00e8de en effet une courbure plus importante, ce qui vous permet de profiter au maximum de la qualit\u00e9 d&#8217;image des films et vous plonge au coeur de l&#8217;action dans vos jeux.<\/p>\n<p>Parfaitement adapt\u00e9 pour les joueurs, m\u00eame les plus exigeants, ce mod\u00e8le\u00a0affiche un\u00a0<strong>taux de rafra\u00eechissement de 100 Hz<\/strong>\u00a0pour des ralentissements r\u00e9duits au minimum et\u00a0un temps de r\u00e9ponse de 4 ms pour des sc\u00e8nes d&#8217;action sans aucun flou. De plus, il est dot\u00e9 de la technologie\u00a0<strong>AMD FreeSync<\/strong>\u00a0pour une exp\u00e9rience de jeu parfaitement fluide.<\/p>\n<\/div>\n<div class=\"desc-image\"><img decoding=\"async\" src=\"https:\/\/media.ldlc.com\/bo\/images\/fiches\/moniteur%20led\/samsung\/c34j791wtu\/curved.jpg\" alt=\"\" \/><\/div>\n<\/section>\n<section>\n<div class=\"desc-image\"><img decoding=\"async\" src=\"https:\/\/media.ldlc.com\/bo\/images\/fiches\/moniteur%20led\/samsung\/c34j791wtu\/pip.jpg\" alt=\"\" \/><\/div>\n<div class=\"desc-text\">\n<h2>SOLUTION D&#8217;AFFICHAGE OPTIMALE<\/h2>\n<p>Gr\u00e2ce \u00e0 cet\u00a0<strong>\u00e9cran 21\/9 ultra-large<\/strong>, vous pouvez g\u00e9rer avec fluidit\u00e9 plusieurs t\u00e2ches \u00e0 la fois sur un seul moniteur. La fonction\u00a0<strong>Picture-by-Picture\u00a0<\/strong>(PbP) de Samsung vous permet m\u00eame d&#8217;utiliser deux sources diff\u00e9rentes en m\u00eame temps. Les signaux des ports HDMI et DP s&#8217;affichent tous les deux sur l&#8217;\u00e9cran, tout en conservant la qualit\u00e9 d&#8217;origine de l&#8217;image.<\/p>\n<p>Gr\u00e2ce \u00e0 la fonction\u00a0<strong>Picture-in-Picture\u00a0<\/strong>(PiP), vous pouvez agrandir la plus petite image pour qu&#8217;elle occupe jusqu&#8217;\u00e0 25 % de l&#8217;\u00e9cran et la positionner o\u00f9 bon vous semble. Enfin,\u00a0<strong>Easy Setting Box<\/strong>\u00a0rendra possible l&#8217;agencement de plusieurs fen\u00eatres pour optimiser l&#8217;espace.<\/p>\n<\/div>\n<\/section>\n<section>\n<div class=\"desc-text\">\n<h2>ERGONOMIE, CONFORT ET THUNDERBOLT 3<\/h2>\n<p>Pour un confort au quotidien, le moniteur C34J791WTR dispose d&#8217;un\u00a0<strong>pied r\u00e9glable<\/strong>. Ajustez la hauteur, inclinez d&#8217;avant en arri\u00e8re ou g\u00e9rez la rotation de gauche \u00e0 droite pour obtenir la position id\u00e9ale ! Le confort oculaire n&#8217;est pas laiss\u00e9 de c\u00f4t\u00e9. Vous retrouverez la technologie\u00a0<strong>Flicker Free<\/strong>\u00a0pour lutter contre les scintillements et le\u00a0<strong>Eye Saver Mode<\/strong>\u00a0pour offrir une parade efficace contre les effets n\u00e9fastes de la lumi\u00e8re bleue.<\/p>\n<p>Enfin, votre moniteur Samsung int\u00e8gre\u00a0<strong>2 ports Thunderbolt 3<\/strong>\u00a0capables de transf\u00e9rer vid\u00e9os et donn\u00e9es \u00e0 des vitesses jusqu&#8217;\u00e0 40 Gb\/s et charger des appareils jusqu&#8217;\u00e0 85W. Retrouvez \u00e9galement un port HDMI 2.0 et un DisplayPort 1.2 pour r\u00e9pondre \u00e0 tous vos besoins !<\/p>\n<\/div>\n<div class=\"desc-image\"><img decoding=\"async\" src=\"https:\/\/media.ldlc.com\/bo\/images\/fiches\/moniteur%20led\/samsung\/c34j791wtu\/thunderbolt3.jpg\" alt=\"\" \/><\/div>\n<\/section>\n<section class=\"list\">\n<h3>CARACT\u00c9RISTIQUES PRINCIPALES \u00c9cran incurv\u00e9 34 pouces QLED Samsung S\u00e9rie 7 CJ791<\/h3>\n<ul>\n<li><strong>Moniteur QLED incurv\u00e9 de 34&#8243; avec r\u00e9solution Ultra WQHD 3440 x 1440 pixels<\/strong><\/li>\n<li>Format large 21:9<\/li>\n<li>Technologie de dalle VA de pointe<\/li>\n<li>Taux de contraste de 3000:1 : perte de lumi\u00e8re minimale<\/li>\n<li><strong>Taux de rafra\u00eechissement de 100 Hz\u00a0<\/strong>: ralentissements r\u00e9duits au minimum<\/li>\n<li>Technologie\u00a0<strong>AMD FreeSync\u00a0<\/strong>: exp\u00e9rience de jeu parfaitement fluide<\/li>\n<li>Mode jeu int\u00e9gr\u00e9<\/li>\n<li>Utilisation multi-t\u00e2che : PIP, PBP et fonction Easy Setting Box<\/li>\n<li><strong>Confort oculaire<\/strong>\u00a0: technologies Flicker Free et Eye Saver Mode (anti lumi\u00e8re bleue)<\/li>\n<li>Connectivit\u00e9 : Thunderbolt 3, HDMI, DisplayPort, USB 2.0<\/li>\n<li><strong>Design incurv\u00e9 1500R<\/strong>\u00a0: \u00e9l\u00e9gance, immersion et harmonie<\/li>\n<li>Pied r\u00e9glable : hauteur, inclinaison, rotation<\/li>\n<\/ul>\n<\/section>\n","protected":false},"excerpt":{"rendered":"<p>Taille de l&#8217;\u00e9cran :\u00a034&#8243; pouces (86.4 cm) &#8211; Format 21:9<br \/>\nCourbure de l&#8217;\u00e9cran: 1500 R<br \/>\nType de Dalle: VA<br \/>\nR\u00e9solution: 3440 x 1440<br \/>\nTemps de r\u00e9ponse: 4 ms<br \/>\nTaux de rafra\u00eechissement: 100 Hz<br \/>\nConnecteurs d&#8217;entr\u00e9e: Display Port, HDMI, Thunderbolt 3<br \/>\nR\u00e9glages de la position de l&#8217;\u00e9cran: Inclinaison HAS TOP : -14\u02da(\u00b14\u02da) ~ 22\u02da(\u00b14\u02da), HAS DOWN : -2\u02da(\u00b14\u02da) ~ 34\u02da(\u00b14\u02da)<\/p>\n","protected":false},"featured_media":10361,"comment_status":"open","ping_status":"closed","template":"","meta":{"_acf_changed":false,"_monsterinsights_skip_tracking":false,"_monsterinsights_sitenote_active":false,"_monsterinsights_sitenote_note":"","_monsterinsights_sitenote_category":0,"_uf_show_specific_survey":0,"_uf_disable_surveys":false,"_joinchat":[]},"product_brand":[],"product_cat":[259,239,290,246],"product_tag":[],"class_list":{"0":"post-10360","1":"product","2":"type-product","3":"status-publish","4":"has-post-thumbnail","6":"product_cat-ecran-pc","7":"product_cat-ecran-moniteur","8":"product_cat-meilleures-ventes","9":"product_cat-peripherique","11":"first","12":"outofstock","13":"sale","14":"shipping-taxable","15":"purchasable","16":"product-type-simple"},"acf":[],"jetpack_sharing_enabled":true,"_links":{"self":[{"href":"https:\/\/digistar.ma\/index.php?rest_route=\/wp\/v2\/product\/10360","targetHints":{"allow":["GET"]}}],"collection":[{"href":"https:\/\/digistar.ma\/index.php?rest_route=\/wp\/v2\/product"}],"about":[{"href":"https:\/\/digistar.ma\/index.php?rest_route=\/wp\/v2\/types\/product"}],"replies":[{"embeddable":true,"href":"https:\/\/digistar.ma\/index.php?rest_route=%2Fwp%2Fv2%2Fcomments&post=10360"}],"version-history":[{"count":2,"href":"https:\/\/digistar.ma\/index.php?rest_route=\/wp\/v2\/product\/10360\/revisions"}],"predecessor-version":[{"id":16341,"href":"https:\/\/digistar.ma\/index.php?rest_route=\/wp\/v2\/product\/10360\/revisions\/16341"}],"wp:featuredmedia":[{"embeddable":true,"href":"https:\/\/digistar.ma\/index.php?rest_route=\/wp\/v2\/media\/10361"}],"wp:attachment":[{"href":"https:\/\/digistar.ma\/index.php?rest_route=%2Fwp%2Fv2%2Fmedia&parent=10360"}],"wp:term":[{"taxonomy":"product_brand","embeddable":true,"href":"https:\/\/digistar.ma\/index.php?rest_route=%2Fwp%2Fv2%2Fproduct_brand&post=10360"},{"taxonomy":"product_cat","embeddable":true,"href":"https:\/\/digistar.ma\/index.php?rest_route=%2Fwp%2Fv2%2Fproduct_cat&post=10360"},{"taxonomy":"product_tag","embeddable":true,"href":"https:\/\/digistar.ma\/index.php?rest_route=%2Fwp%2Fv2%2Fproduct_tag&post=10360"}],"curies":[{"name":"wp","href":"https:\/\/api.w.org\/{rel}","templated":true}]}}