{"id":10374,"date":"2024-01-25T21:51:05","date_gmt":"2024-01-25T21:51:05","guid":{"rendered":"https:\/\/digistar.ma\/?post_type=product&#038;p=10374"},"modified":"2025-10-28T16:19:20","modified_gmt":"2025-10-28T16:19:20","slug":"ecran-incurve-27-pouces-full-hd-samsung-s39c","status":"publish","type":"product","link":"https:\/\/digistar.ma\/?product=ecran-incurve-27-pouces-full-hd-samsung-s39c","title":{"rendered":"\u00c9cran incurv\u00e9 27 pouces Full HD Samsung S39C"},"content":{"rendered":"<h3>\u00c9cran incurv\u00e9 27 pouces Full HD Samsung S39C<\/h3>\n<div id=\"benefit\" class=\"pd-g-feature-benefit aem-GridColumn aem-GridColumn--default--12\">\n<div class=\"feature-benefit feature-beneift--padding-top-normal feature-beneift--padding-bottom-normal bg-white\">\n<div class=\"feature-benefit__text-wrap\">\n<div class=\"feature-benefit__text\">\n<h2 class=\"feature-benefit__title contrast-target\" data-font-size-mo=\"30\" data-font-size-pc=\"48\">La courbure prend une nouvelle dimension<\/h2>\n<\/div>\n<\/div>\n<div class=\"feature-benefit__img-wrap\">\n<div class=\"image image--dyn-height image--main-loaded\"><img decoding=\"async\" class=\"image__main responsive-img image--loaded\" src=\"https:\/\/images.samsung.com\/is\/image\/samsung\/p6pim\/n_africa\/feature\/164638990\/n_africa-feature-the-curve-in-a-new-dimension-537050949?$FB_TYPE_A_JPG$\" alt=\"La courbure prend une nouvelle dimension\" data-desktop-alt=\"La courbure prend une nouvelle dimension\" data-comp-name=\"image\" data-desktop-src=\"\/\/images.samsung.com\/is\/image\/samsung\/p6pim\/n_africa\/feature\/164638990\/n_africa-feature-the-curve-in-a-new-dimension-537050949?$FB_TYPE_A_JPG$\" data-mobile-alt=\"La courbure prend une nouvelle dimension\" data-mobile-src=\"\/\/images.samsung.com\/is\/image\/samsung\/p6pim\/n_africa\/feature\/164638990\/n_africa-feature-the-curve-in-a-new-dimension-537050950?$FB_TYPE_A_MO_JPG$\" \/><\/div>\n<\/div>\n<\/div>\n<section class=\"feature-benefit-full-bleed desktop-bg-black mobile-bg-black text-align-center\">\n<div class=\"feature-benefit-full-bleed__wrap\">\n<div class=\"feature-benefit-full-bleed__content-wrap\">\n<div class=\"feature-benefit-full-bleed__content-inner \">\n<div class=\"feature-benefit-full-bleed__content-area\">\n<h2 class=\"feature-benefit-full-bleed__title\" data-font-size-pc=\"48\" data-font-size-mo=\"30\">Courbure optimale<\/h2>\n<p class=\"feature-benefit-full-bleed__text\" data-font-size-pc=\"18\" data-font-size-mo=\"12\">D\u00e9couvrez la courbe la plus audacieuse jamais r\u00e9alis\u00e9e. Fruit d\u2019ann\u00e9es d\u2019innovation constante, cette merveille transforme l\u2019affichage visuel et ouvre la voie \u00e0 une nouvelle g\u00e9n\u00e9ration de moniteurs.<\/p>\n<p><span class=\"feature-benefit-full-bleed__disclaimer\">\u00ab\u00a0R\u00a0\u00bb est un acronyme repr\u00e9sentant le rayon circulaire. Plus la valeur \u00ab\u00a0R\u00a0\u00bb est petite, plus la courbe est profonde.<\/span><\/p>\n<\/div>\n<\/div>\n<\/div>\n<figure class=\"feature-benefit-full-bleed__figure\">\n<div class=\"image image--dyn-height image--main-loaded\"><img decoding=\"async\" class=\"image__main responsive-img image--loaded\" src=\"https:\/\/images.samsung.com\/is\/image\/samsung\/p6pim\/n_africa\/feature\/164638992\/n_africa-feature-optimum-curvature-537050953?$FB_TYPE_K_JPG$\" alt=\"Courbure optimale\" data-desktop-alt=\"Courbure optimale\" data-comp-name=\"image\" data-desktop-src=\"\/\/images.samsung.com\/is\/image\/samsung\/p6pim\/n_africa\/feature\/164638992\/n_africa-feature-optimum-curvature-537050953?$FB_TYPE_K_JPG$\" data-mobile-alt=\"Courbure optimale\" data-mobile-src=\"\/\/images.samsung.com\/is\/image\/samsung\/p6pim\/n_africa\/feature\/164638992\/n_africa-feature-optimum-curvature-537050954?$FB_TYPE_I_JPG$\" \/><\/div>\n<\/figure>\n<\/div>\n<\/section>\n<div class=\"feature-benefit feature-beneift--padding-top-normal feature-beneift--padding-bottom-normal bg-white\">\n<div class=\"feature-benefit__text-wrap\">\n<div class=\"feature-benefit__text\">\n<h2 class=\"feature-benefit__title contrast-target\" data-font-size-mo=\"30\" data-font-size-pc=\"48\">Un vrai plaisir pour les yeux<\/h2>\n<div class=\"feature-benefit__desc-wrap\">\n<p class=\"feature-benefit__desc contrast-target\" data-font-size-mo=\"12\" data-font-size-pc=\"18\">Par rapport aux moniteurs traditionnels avec moins de courbe, la courbe 1000R s\u2019adapte au champ de vision humain pour r\u00e9duire la fatigue oculaire. Une \u00e9tude clinique r\u00e9alis\u00e9e au Seoul National University Hospital montre que plus la courbe s\u2019approche de 1000R, plus elle limite la fatigue oculaire.<\/p>\n<\/div>\n<\/div>\n<\/div>\n<div class=\"feature-benefit__img-wrap\">\n<div class=\"image image--dyn-height image--main-loaded\"><img decoding=\"async\" class=\"image__main responsive-img image--loaded\" src=\"https:\/\/images.samsung.com\/is\/image\/samsung\/p6pim\/n_africa\/feature\/164638995\/n_africa-feature-easy-on-the-eyes-537050963?$FB_TYPE_A_JPG$\" alt=\"Un vrai plaisir pour les yeux\" data-desktop-alt=\"Un vrai plaisir pour les yeux\" data-comp-name=\"image\" data-desktop-src=\"\/\/images.samsung.com\/is\/image\/samsung\/p6pim\/n_africa\/feature\/164638995\/n_africa-feature-easy-on-the-eyes-537050963?$FB_TYPE_A_JPG$\" data-mobile-alt=\"Un vrai plaisir pour les yeux\" data-mobile-src=\"\/\/images.samsung.com\/is\/image\/samsung\/p6pim\/n_africa\/feature\/164638995\/n_africa-feature-easy-on-the-eyes-537050964?$FB_TYPE_A_MO_JPG$\" \/><\/div>\n<\/div>\n<\/div>\n<section class=\"feature-benefit-full-bleed desktop-bg-light-gray\">\n<div class=\"feature-benefit-full-bleed__wrap\">\n<div class=\"feature-benefit-full-bleed__content-wrap\">\n<div class=\"feature-benefit-full-bleed__content-inner \">\n<div class=\"feature-benefit-full-bleed__content-area\">\n<h2 class=\"feature-benefit-full-bleed__title\" data-font-size-pc=\"48\" data-font-size-mo=\"30\">Minimalisme visionnaire : \u00c9cran incurv\u00e9 27 pouces Full HD Samsung S39C<\/h2>\n<p class=\"feature-benefit-full-bleed__text\" data-font-size-pc=\"18\" data-font-size-mo=\"12\">Un design nouvelle g\u00e9n\u00e9ration. L\u2019esth\u00e9tique saisissante de cet \u00e9cran presque sans cadre est rehauss\u00e9e par un panneau arri\u00e8re textur\u00e9 fa\u00e7on tissu et un pied m\u00e9tallique fin de qualit\u00e9 sup\u00e9rieure. Le r\u00e9sultat\u00a0? Un moniteur qui attire les regards tout en s\u2019int\u00e9grant \u00e0 n\u2019importe quel int\u00e9rieur.<\/p>\n<\/div>\n<\/div>\n<\/div>\n<figure class=\"feature-benefit-full-bleed__figure\">\n<div class=\"image image--dyn-height image--main-loaded\"><img decoding=\"async\" class=\"image__main responsive-img image--loaded\" src=\"https:\/\/images.samsung.com\/is\/image\/samsung\/p6pim\/n_africa\/feature\/164638994\/n_africa-feature-visionary-minimalism-537050959?$FB_TYPE_K_JPG$\" alt=\"Design sans bords\" data-desktop-alt=\"Design sans bords\" data-comp-name=\"image\" data-desktop-src=\"\/\/images.samsung.com\/is\/image\/samsung\/p6pim\/n_africa\/feature\/164638994\/n_africa-feature-visionary-minimalism-537050959?$FB_TYPE_K_JPG$\" data-mobile-alt=\"Design sans bords\" data-mobile-src=\"\/\/images.samsung.com\/is\/image\/samsung\/p6pim\/n_africa\/feature\/164638994\/n_africa-feature-visionary-minimalism-537050960?$FB_TYPE_I_JPG$\" \/><\/div>\n<\/figure>\n<\/div>\n<\/section>\n<section class=\"feature-benefit-full-bleed desktop-bg-black mobile-bg-black text-align-center\">\n<div class=\"feature-benefit-full-bleed__wrap\">\n<div class=\"feature-benefit-full-bleed__content-wrap\">\n<div class=\"feature-benefit-full-bleed__content-inner \">\n<div class=\"feature-benefit-full-bleed__content-area\">\n<h2 class=\"feature-benefit-full-bleed__title\" data-font-size-pc=\"48\" data-font-size-mo=\"30\">Un r\u00eave pour les gamers<\/h2>\n<p class=\"feature-benefit-full-bleed__text\" data-font-size-pc=\"18\" data-font-size-mo=\"12\">Bienvenue sur votre nouveau terrain de jeu. AMD FreeSync permet de jouer sans interruption, tandis que le taux de rafra\u00eechissement de 75\u00a0Hz rend les sc\u00e8nes fluides. Associ\u00e9e au mode Jeu et \u00e0 la c\u00e9l\u00e8bre courbe 1000R, cette qualit\u00e9 d\u2019image irr\u00e9prochable offre une immersion intens\u00e9ment r\u00e9aliste.<\/p>\n<\/div>\n<\/div>\n<\/div>\n<figure class=\"feature-benefit-full-bleed__figure\">\n<div class=\"image image--dyn-height image--main-loaded\"><img decoding=\"async\" class=\"image__main responsive-img image--loaded\" src=\"https:\/\/images.samsung.com\/is\/image\/samsung\/p6pim\/n_africa\/feature\/164638989\/n_africa-feature-what-gamers-want-537050945?$FB_TYPE_K_JPG$\" alt=\"Un r\u00eave pour les gamers\" data-desktop-alt=\"Un r\u00eave pour les gamers\" data-comp-name=\"image\" data-desktop-src=\"\/\/images.samsung.com\/is\/image\/samsung\/p6pim\/n_africa\/feature\/164638989\/n_africa-feature-what-gamers-want-537050945?$FB_TYPE_K_JPG$\" data-mobile-alt=\"Un r\u00eave pour les gamers\" data-mobile-src=\"\/\/images.samsung.com\/is\/image\/samsung\/p6pim\/n_africa\/feature\/164638989\/n_africa-feature-what-gamers-want-537050946?$FB_TYPE_I_JPG$\" \/><\/div>\n<\/figure>\n<\/div>\n<\/section>\n<div class=\"feature-benefit feature-beneift--padding-top-normal feature-beneift--padding-bottom-normal bg-white\">\n<div class=\"feature-benefit__text-wrap\">\n<div class=\"feature-benefit__text\">\n<h2 class=\"feature-benefit__title contrast-target\" data-font-size-mo=\"30\" data-font-size-pc=\"48\">Confort cibl\u00e9<\/h2>\n<div class=\"feature-benefit__desc-wrap\">\n<p class=\"feature-benefit__desc contrast-target\" data-font-size-mo=\"12\" data-font-size-pc=\"18\">Prot\u00e9gez vos yeux et faites-en plus. La technologie avanc\u00e9e de confort oculaire du S3 r\u00e9duit la fatigue oculaire pour un usage prolong\u00e9 plus confortable. La technologie Flicker Free, elle, \u00e9limine en continu les effets de scintillement d\u2019\u00e9cran fatigants et irritants, tandis que le mode Eye Saver r\u00e9duit la lumi\u00e8re bleue \u00e9mise. R\u00e9sultat\u00a0: vos yeux restent frais plus longtemps.<\/p>\n<\/div>\n<\/div>\n<\/div>\n<div class=\"feature-benefit__img-wrap\">\n<div class=\"image image--dyn-height image--main-loaded\"><img decoding=\"async\" class=\"image__main responsive-img image--loaded\" src=\"https:\/\/images.samsung.com\/is\/image\/samsung\/p6pim\/n_africa\/feature\/164638991\/n_africa-feature-focused-comfort-537050951?$FB_TYPE_A_JPG$\" alt=\"Confort cibl\u00e9\" data-desktop-alt=\"Confort cibl\u00e9\" data-comp-name=\"image\" data-desktop-src=\"\/\/images.samsung.com\/is\/image\/samsung\/p6pim\/n_africa\/feature\/164638991\/n_africa-feature-focused-comfort-537050951?$FB_TYPE_A_JPG$\" data-mobile-alt=\"Confort cibl\u00e9\" data-mobile-src=\"\/\/images.samsung.com\/is\/image\/samsung\/p6pim\/n_africa\/feature\/164638991\/n_africa-feature-focused-comfort-537050952?$FB_TYPE_A_MO_JPG$\" \/><\/div>\n<\/div>\n<\/div>\n<section class=\"feature-benefit-full-bleed desktop-bg-light-gray text-align-center\">\n<div class=\"feature-benefit-full-bleed__wrap\">\n<div class=\"feature-benefit-full-bleed__content-wrap\">\n<div class=\"feature-benefit-full-bleed__content-inner \">\n<div class=\"feature-benefit-full-bleed__content-area\">\n<h2 class=\"feature-benefit-full-bleed__title\" data-font-size-pc=\"48\" data-font-size-mo=\"30\">Tout pour se d\u00e9tendre<\/h2>\n<p class=\"feature-benefit-full-bleed__text\" data-font-size-pc=\"18\" data-font-size-mo=\"12\">Connectez-vous \u00e0 tous vos appareils pr\u00e9f\u00e9r\u00e9s avec une triple interface HDMI, DP et D-Sub ultra pratique. Avec les haut-parleurs int\u00e9gr\u00e9s de 5\u00a0watts, il est encore plus facile de vous immerger dans vos films et \u00e9missions de t\u00e9l\u00e9vision pr\u00e9f\u00e9r\u00e9s, sans avoir \u00e0 brancher une enceinte.<\/p>\n<\/div>\n<\/div>\n<\/div>\n<figure class=\"feature-benefit-full-bleed__figure\">\n<div class=\"image image--dyn-height image--main-loaded\"><img decoding=\"async\" class=\"image__main responsive-img image--loaded\" src=\"https:\/\/images.samsung.com\/is\/image\/samsung\/p6pim\/n_africa\/feature\/164638993\/n_africa-feature-ready-to-entertain-537050957?$FB_TYPE_K_JPG$\" alt=\"Tout pour se d\u00e9tendre\" data-desktop-alt=\"Tout pour se d\u00e9tendre\" data-comp-name=\"image\" data-desktop-src=\"\/\/images.samsung.com\/is\/image\/samsung\/p6pim\/n_africa\/feature\/164638993\/n_africa-feature-ready-to-entertain-537050957?$FB_TYPE_K_JPG$\" data-mobile-alt=\"Tout pour se d\u00e9tendre\" data-mobile-src=\"\/\/images.samsung.com\/is\/image\/samsung\/p6pim\/n_africa\/feature\/164638993\/n_africa-feature-ready-to-entertain-537050958?$FB_TYPE_I_JPG$\" \/><\/div>\n<\/figure>\n<\/div>\n<\/section>\n<\/div>\n<div class=\"pd-g-product-award aem-GridColumn aem-GridColumn--default--12\"><\/div>\n<div class=\"pd-g-product-specs aem-GridColumn aem-GridColumn--default--12\">\n<section id=\"specs\" class=\"spec-highlight\">\n<div class=\"spec-highlight__main-specs\">\n<div class=\"spec-highlight__inner\"><\/div>\n<\/div>\n<\/section>\n<\/div>\n","protected":false},"excerpt":{"rendered":"<p>Taille de l&#8217;\u00e9cran : 27&#8243; &#8211; Format 16:9<br \/>\nCourbure de l&#8217;\u00e9cran: 1000R<br \/>\nType de Dalle: VA (Vertical Alignment)<br \/>\nR\u00e9solution: Full HD 1920 x 1080<br \/>\nTemps de r\u00e9ponse: 4(GTG)<br \/>\nTaux de rafra\u00eechissement: Max 75 Hz<br \/>\nConnecteurs d&#8217;entr\u00e9e: Display Port, HDMI<br \/>\nR\u00e9glages de la position de l&#8217;\u00e9cran: Inclinaison -3&#8242;(\u00b12&#8242;) ~ 20&#8242;(\u00b12&#8242;)<\/p>\n","protected":false},"featured_media":10375,"comment_status":"open","ping_status":"closed","template":"","meta":{"_acf_changed":false,"_monsterinsights_skip_tracking":false,"_monsterinsights_sitenote_active":false,"_monsterinsights_sitenote_note":"","_monsterinsights_sitenote_category":0,"_uf_show_specific_survey":0,"_uf_disable_surveys":false,"_joinchat":[]},"product_brand":[],"product_cat":[259,239,246],"product_tag":[],"class_list":{"0":"post-10374","1":"product","2":"type-product","3":"status-publish","4":"has-post-thumbnail","6":"product_cat-ecran-pc","7":"product_cat-ecran-moniteur","8":"product_cat-peripherique","10":"first","11":"outofstock","12":"sale","13":"shipping-taxable","14":"purchasable","15":"product-type-simple"},"acf":[],"jetpack_sharing_enabled":true,"_links":{"self":[{"href":"https:\/\/digistar.ma\/index.php?rest_route=\/wp\/v2\/product\/10374","targetHints":{"allow":["GET"]}}],"collection":[{"href":"https:\/\/digistar.ma\/index.php?rest_route=\/wp\/v2\/product"}],"about":[{"href":"https:\/\/digistar.ma\/index.php?rest_route=\/wp\/v2\/types\/product"}],"replies":[{"embeddable":true,"href":"https:\/\/digistar.ma\/index.php?rest_route=%2Fwp%2Fv2%2Fcomments&post=10374"}],"version-history":[{"count":2,"href":"https:\/\/digistar.ma\/index.php?rest_route=\/wp\/v2\/product\/10374\/revisions"}],"predecessor-version":[{"id":10382,"href":"https:\/\/digistar.ma\/index.php?rest_route=\/wp\/v2\/product\/10374\/revisions\/10382"}],"wp:featuredmedia":[{"embeddable":true,"href":"https:\/\/digistar.ma\/index.php?rest_route=\/wp\/v2\/media\/10375"}],"wp:attachment":[{"href":"https:\/\/digistar.ma\/index.php?rest_route=%2Fwp%2Fv2%2Fmedia&parent=10374"}],"wp:term":[{"taxonomy":"product_brand","embeddable":true,"href":"https:\/\/digistar.ma\/index.php?rest_route=%2Fwp%2Fv2%2Fproduct_brand&post=10374"},{"taxonomy":"product_cat","embeddable":true,"href":"https:\/\/digistar.ma\/index.php?rest_route=%2Fwp%2Fv2%2Fproduct_cat&post=10374"},{"taxonomy":"product_tag","embeddable":true,"href":"https:\/\/digistar.ma\/index.php?rest_route=%2Fwp%2Fv2%2Fproduct_tag&post=10374"}],"curies":[{"name":"wp","href":"https:\/\/api.w.org\/{rel}","templated":true}]}}