{"id":10383,"date":"2024-01-25T22:04:51","date_gmt":"2024-01-25T22:04:51","guid":{"rendered":"https:\/\/digistar.ma\/?post_type=product&#038;p=10383"},"modified":"2024-01-25T22:04:51","modified_gmt":"2024-01-25T22:04:51","slug":"ecran-23-8-pouces-full-hd-hp-v24v-g5","status":"publish","type":"product","link":"https:\/\/digistar.ma\/?product=ecran-23-8-pouces-full-hd-hp-v24v-g5","title":{"rendered":"\u00c9cran 23.8 Pouces Full HD HP V24v G5"},"content":{"rendered":"<h4>\u00c9cran 23.8 Pouces Full HD HP V24v G5<\/h4>\n<p>Gagnez en efficacit\u00e9 dans vos projets ou vos \u00e9tudes avec cet \u00e9cran Full HD de 60,5 cm (23,8 pouces) \u00e9pur\u00e9, qui offre des images pr\u00e9cises et fluides.<\/p>\n<div class=\"c-split-module__item \">\n<div class=\"c-split-module__image\">\n<div class=\"c-image-container hp-image-80e8-5d0b with-ratio\"><img decoding=\"async\" class=\"inner-image\" src=\"https:\/\/ssl-product-images.www8-hp.com\/digmedialib\/prodimg\/lowres\/c08222658.png\" alt=\"HP P24v G5 FHD Monitor\u200b Front\" \/><\/div>\n<\/div>\n<div class=\"c-split-module__text\">\n<h3 class=\"h2 c-split-module__title\">En mode plein \u00e9cran<\/h3>\n<p class=\"h4 c-split-module__description\">Alliez efficacit\u00e9 et esth\u00e9tique dans vos projets gr\u00e2ce au superbe affichage de cet \u00e9cran. Avec son taux de rafra\u00eechissement de 75\u00a0<span class=\"m-text-nowrap\">Hz\u00a0<span class=\"c-footnote-container\"><sup><span class=\"footnote__number\">3<\/span><\/sup><\/span><\/span>, une r\u00e9solution Full HD et la technologie AMD FreeSync\u2122, il vous permet de profiter d\u2019images nettes et fluides.<\/p>\n<\/div>\n<\/div>\n<div class=\"c-split-module__item \">\n<div class=\"c-split-module__image\">\n<div class=\"c-image-container hp-image-3865-a535 with-ratio\"><img decoding=\"async\" class=\"inner-image\" src=\"https:\/\/ssl-product-images.www8-hp.com\/digmedialib\/prodimg\/lowres\/c08222869.png\" alt=\"HP P24v G5 FHD Monitor\u200b FrontLeft\" data-wec-listener-initialized=\"true\" \/><\/div>\n<\/div>\n<div class=\"c-split-module__text\">\n<h3 class=\"h2 c-split-module__title\">Un design moderne. Une ad\u00e9quation fonctionnelle.<\/h3>\n<p class=\"h4 c-split-module__description\">Lib\u00e9rez votre esprit et d\u00e9gagez votre bureau avec \u00c9cran 23.8 Pouces Full HD HP V24v G5 con\u00e7u pour travailler dans n\u2019importe quel espace. Restez concentr\u00e9 sur votre \u00e9cran dot\u00e9 d\u2019un cadre \u00e9l\u00e9gant \u00e0 micro-bords sur 3 c\u00f4t\u00e9s, d\u2019une gestion ordonn\u00e9e des c\u00e2bles et d\u2019un socle ultra-plat avec un r\u00e9glage en inclinaison pour un point de vue parfait.<\/p>\n<\/div>\n<\/div>\n<div class=\"c-split-module__item \">\n<div class=\"c-split-module__image\">\n<div class=\"c-image-container hp-image-8251-2a50 with-ratio\"><img decoding=\"async\" class=\"inner-image\" src=\"https:\/\/ssl-product-images.www8-hp.com\/digmedialib\/prodimg\/lowres\/c08222898.png\" alt=\"HP P24v G5 FHD Monitor\u200b FrontRight\" data-wec-listener-initialized=\"true\" \/><\/div>\n<\/div>\n<div class=\"c-split-module__text\">\n<h3 class=\"h2 c-split-module__title\">Facile \u00e0 connecter. Facile \u00e0 utiliser.<\/h3>\n<p class=\"h4 c-split-module__description\">Rationalisez votre espace de travail pour pouvoir vous concentrer sur ce que vous faites le mieux. Configurez en un clin d\u2019\u0153il votre \u00e9cran gr\u00e2ce au bouton Joypad OSD, qui permet une personnalisation intuitive, ou directement \u00e0 l\u2019\u00e9cran avec le HP Display\u00a0<span class=\"m-text-nowrap\">Center<\/span><\/p>\n<\/div>\n<\/div>\n","protected":false},"excerpt":{"rendered":"<p>Taille de l&#8217;\u00e9cran : 60,5 cm (23,8 pouces) &#8211; Format 16:9<br \/>\nCourbure de l&#8217;\u00e9cran: Plat<br \/>\nType de Dalle: VA &#8211; R\u00e9tro\u00e9clairage: \u00c9clair\u00e9 \u00e0 la p\u00e9riph\u00e9rie<br \/>\nR\u00e9solution: FHD (1920 x 1080)<br \/>\nTemps de r\u00e9ponse: 5ms GtG (avec surcharge)<br \/>\nConnecteurs d&#8217;entr\u00e9e: VGA, HDMI<br \/>\nR\u00e9glages de la position de l&#8217;\u00e9cran: Inclinaison:-5 \u00e0 +23 \u00b0C<\/p>\n","protected":false},"featured_media":10384,"comment_status":"open","ping_status":"closed","template":"","meta":{"_acf_changed":false,"_monsterinsights_skip_tracking":false,"_monsterinsights_sitenote_active":false,"_monsterinsights_sitenote_note":"","_monsterinsights_sitenote_category":0,"_uf_show_specific_survey":0,"_uf_disable_surveys":false,"_joinchat":[]},"product_brand":[],"product_cat":[259,239,246],"product_tag":[],"class_list":{"0":"post-10383","1":"product","2":"type-product","3":"status-publish","4":"has-post-thumbnail","6":"product_cat-ecran-pc","7":"product_cat-ecran-moniteur","8":"product_cat-peripherique","10":"first","11":"instock","12":"sale","13":"shipping-taxable","14":"purchasable","15":"product-type-simple"},"acf":[],"jetpack_sharing_enabled":true,"_links":{"self":[{"href":"https:\/\/digistar.ma\/index.php?rest_route=\/wp\/v2\/product\/10383","targetHints":{"allow":["GET"]}}],"collection":[{"href":"https:\/\/digistar.ma\/index.php?rest_route=\/wp\/v2\/product"}],"about":[{"href":"https:\/\/digistar.ma\/index.php?rest_route=\/wp\/v2\/types\/product"}],"replies":[{"embeddable":true,"href":"https:\/\/digistar.ma\/index.php?rest_route=%2Fwp%2Fv2%2Fcomments&post=10383"}],"version-history":[{"count":1,"href":"https:\/\/digistar.ma\/index.php?rest_route=\/wp\/v2\/product\/10383\/revisions"}],"predecessor-version":[{"id":10389,"href":"https:\/\/digistar.ma\/index.php?rest_route=\/wp\/v2\/product\/10383\/revisions\/10389"}],"wp:featuredmedia":[{"embeddable":true,"href":"https:\/\/digistar.ma\/index.php?rest_route=\/wp\/v2\/media\/10384"}],"wp:attachment":[{"href":"https:\/\/digistar.ma\/index.php?rest_route=%2Fwp%2Fv2%2Fmedia&parent=10383"}],"wp:term":[{"taxonomy":"product_brand","embeddable":true,"href":"https:\/\/digistar.ma\/index.php?rest_route=%2Fwp%2Fv2%2Fproduct_brand&post=10383"},{"taxonomy":"product_cat","embeddable":true,"href":"https:\/\/digistar.ma\/index.php?rest_route=%2Fwp%2Fv2%2Fproduct_cat&post=10383"},{"taxonomy":"product_tag","embeddable":true,"href":"https:\/\/digistar.ma\/index.php?rest_route=%2Fwp%2Fv2%2Fproduct_tag&post=10383"}],"curies":[{"name":"wp","href":"https:\/\/api.w.org\/{rel}","templated":true}]}}