{"id":10390,"date":"2024-01-25T22:28:57","date_gmt":"2024-01-25T22:28:57","guid":{"rendered":"https:\/\/digistar.ma\/?post_type=product&#038;p=10390"},"modified":"2024-01-25T22:30:25","modified_gmt":"2024-01-25T22:30:25","slug":"ecran-21-5-pouces-full-hd-hp-v22i-g5","status":"publish","type":"product","link":"https:\/\/digistar.ma\/?product=ecran-21-5-pouces-full-hd-hp-v22i-g5","title":{"rendered":"\u00c9cran 21.5 Pouces Full HD HP V22i G5"},"content":{"rendered":"<h3>\u00c9cran 21.5 Pouces Full HD HP V22i G5<\/h3>\n<p>D\u00e9couvrez le moniteur professionnel HP V22i G5 FHD, un \u00e9cran 21,5&#8243; Full HD offrant une r\u00e9solution de 1920 x 1080 pixels et un ratio de format d&#8217;image de 16:9.<\/p>\n<p>Profitez d&#8217;un affichage clair et net avec un angle de vision horizontal et vertical de 178\u00b0.<\/p>\n<p>Connectez facilement vos appareils gr\u00e2ce \u00e0 1 DisplayPort et HDMI 1.4.<\/p>\n<p>Sa conception \u00e9l\u00e9gante en noir s&#8217;int\u00e8gre parfaitement \u00e0 votre espace de travail, offrant une exp\u00e9rience visuelle immersive pour une productivit\u00e9 accrue.<\/p>\n<p>&nbsp;<\/p>\n","protected":false},"excerpt":{"rendered":"<ul>\n<li>Moniteur professionnel HP V22i G5 FHD<\/li>\n<li>\u00c9cran 21,5&#8243; Full HD<\/li>\n<li>R\u00e9solution 1920 x 1080 pixels &#8211; ratio de format d&#8217;image de 16:9.<\/li>\n<li>Angle de vision horizontal et vertical 178\u00b0.<\/li>\n<li>Connecteur 1 DisplayPort et HDMI 1.4.<\/li>\n<li>Couleur noir<\/li>\n<li>Garantie 1 an<\/li>\n<\/ul>\n","protected":false},"featured_media":10391,"comment_status":"open","ping_status":"closed","template":"","meta":{"_acf_changed":false,"_monsterinsights_skip_tracking":false,"_monsterinsights_sitenote_active":false,"_monsterinsights_sitenote_note":"","_monsterinsights_sitenote_category":0,"_uf_show_specific_survey":0,"_uf_disable_surveys":false,"_joinchat":[]},"product_brand":[],"product_cat":[259,239,246],"product_tag":[],"class_list":{"0":"post-10390","1":"product","2":"type-product","3":"status-publish","4":"has-post-thumbnail","6":"product_cat-ecran-pc","7":"product_cat-ecran-moniteur","8":"product_cat-peripherique","10":"first","11":"instock","12":"sale","13":"shipping-taxable","14":"purchasable","15":"product-type-simple"},"acf":[],"jetpack_sharing_enabled":true,"_links":{"self":[{"href":"https:\/\/digistar.ma\/index.php?rest_route=\/wp\/v2\/product\/10390","targetHints":{"allow":["GET"]}}],"collection":[{"href":"https:\/\/digistar.ma\/index.php?rest_route=\/wp\/v2\/product"}],"about":[{"href":"https:\/\/digistar.ma\/index.php?rest_route=\/wp\/v2\/types\/product"}],"replies":[{"embeddable":true,"href":"https:\/\/digistar.ma\/index.php?rest_route=%2Fwp%2Fv2%2Fcomments&post=10390"}],"version-history":[{"count":1,"href":"https:\/\/digistar.ma\/index.php?rest_route=\/wp\/v2\/product\/10390\/revisions"}],"predecessor-version":[{"id":10395,"href":"https:\/\/digistar.ma\/index.php?rest_route=\/wp\/v2\/product\/10390\/revisions\/10395"}],"wp:featuredmedia":[{"embeddable":true,"href":"https:\/\/digistar.ma\/index.php?rest_route=\/wp\/v2\/media\/10391"}],"wp:attachment":[{"href":"https:\/\/digistar.ma\/index.php?rest_route=%2Fwp%2Fv2%2Fmedia&parent=10390"}],"wp:term":[{"taxonomy":"product_brand","embeddable":true,"href":"https:\/\/digistar.ma\/index.php?rest_route=%2Fwp%2Fv2%2Fproduct_brand&post=10390"},{"taxonomy":"product_cat","embeddable":true,"href":"https:\/\/digistar.ma\/index.php?rest_route=%2Fwp%2Fv2%2Fproduct_cat&post=10390"},{"taxonomy":"product_tag","embeddable":true,"href":"https:\/\/digistar.ma\/index.php?rest_route=%2Fwp%2Fv2%2Fproduct_tag&post=10390"}],"curies":[{"name":"wp","href":"https:\/\/api.w.org\/{rel}","templated":true}]}}