{"id":10396,"date":"2024-01-25T22:43:09","date_gmt":"2024-01-25T22:43:09","guid":{"rendered":"https:\/\/digistar.ma\/?post_type=product&#038;p=10396"},"modified":"2024-01-25T22:43:09","modified_gmt":"2024-01-25T22:43:09","slug":"ecran-27-pouces-qhd-dell-s2721ds","status":"publish","type":"product","link":"https:\/\/digistar.ma\/?product=ecran-27-pouces-qhd-dell-s2721ds","title":{"rendered":"\u00c9cran 27 Pouces QHD Dell S2721DS"},"content":{"rendered":"<h3>\u00c9cran 27 Pouces QHD Dell S2721DS<\/h3>\n<h4 class=\"h2-master\">Exp\u00e9rience visuelle QHD<\/h4>\n<section>Gr\u00e2ce au\u00a0<strong>moniteur S2721DS sign\u00e9 Dell<\/strong>, vous avez en votre possession un \u00e9cran polyvalent capable de vous suivre dans toutes vos envies quotidiennes. Ce mod\u00e8le QHD 27 pouces offre un confort d&#8217;utilisation sup\u00e9rieur et r\u00e9pondra parfaitement \u00e0 vos besoins avec ses performances \u00e9lev\u00e9es. Temps de r\u00e9ponse rapide, fluidit\u00e9 exemplaire, connectique compl\u00e8te et position ajustable vous offriront toutes les possibilit\u00e9s essentielles pour satisfaire vos projets \u00e0 venir.<br \/>\n<\/section>\n<section>\n<div class=\"desc-image\"><img decoding=\"async\" src=\"https:\/\/media.ldlc.com\/bo\/images\/fiches\/moniteur%20led\/dell\/s2721ds\/ecran_qhd.jpg\" alt=\"\" \/><\/div>\n<div class=\"desc-text\">\n<h2>DES PERFORMANCES SUP\u00c9RIEURES<\/h2>\n<p>Pour le travail, le loisir ou le jeu, le moniteur Dell S2721DS r\u00e9pondra id\u00e9alement \u00e0 tous vos besoins. Il d\u00e9voile toutes ses qualit\u00e9s avec sa\u00a0<strong>dalle IPS de 27 pouces<\/strong>, sa\u00a0<strong>r\u00e9solution QHD (2560 x 1440)<\/strong>\u00a0et ses couleurs riches et naturelles (99% sRGB). B\u00e9n\u00e9ficiez d&#8217;un temps de r\u00e9ponse pouvant aller jusqu&#8217;\u00e0 4 ms, d&#8217;un\u00a0<strong>taux de rafra\u00eechissement de 75 Hz<\/strong>\u00a0et de la technologie\u00a0<strong>AMD FreeSync<\/strong>\u00a0pour une belle fluidit\u00e9.<\/p>\n<\/div>\n<\/section>\n<section>\n<div class=\"desc-text\">\n<h2>UN PARTENAIRE CONFORTABLE<\/h2>\n<p>Pour r\u00e9pondre parfaitement \u00e0 toutes vos attentes, ce moniteur Dell embarque un pied ergonomique pour faciliter le r\u00e9glage de sa position. Ainsi,\u00a0<strong>r\u00e9glez facilement la hauteur, l&#8217;inclinaison, le pivotement et la rotation<\/strong>\u00a0pour des conditions d&#8217;utilisation optimales. Pour vos yeux, les\u00a0<strong>technologies Flicker Free et Low Blue Light<\/strong>\u00a0apporteront un confort sup\u00e9rieur. Enfin, une connectique compl\u00e8te sera au rendez-vous pour faciliter l&#8217;int\u00e9gration de l&#8217;\u00e9cran S2721DS dans votre environnement quotidien.<\/p>\n<\/div>\n<div class=\"desc-image\"><img decoding=\"async\" src=\"https:\/\/media.ldlc.com\/bo\/images\/fiches\/moniteur%20led\/dell\/s2721ds\/pied_ergonomique.jpg\" alt=\"\" \/><\/div>\n<\/section>\n<section class=\"list\">\n<h2>CARACT\u00c9RISTIQUES PRINCIPALES \u00c9cran 27 Pouces QHD Dell S2721DS<\/h2>\n<ul>\n<li><strong>Moniteur 27&#8243; anti-reflet \u00e0 r\u00e9solution QHD (2560 x 1440)\u00a0<\/strong><\/li>\n<li><strong>Dalle IPS<\/strong>\u00a0: couleurs lumineuses et angles de vision larges (178\u00b0)<\/li>\n<li>Temps de r\u00e9ponse de 4 ms (mode extr\u00eame)<\/li>\n<li>Taux de rafra\u00eechissement de 75 Hz<\/li>\n<li><strong>AMD FreeSync<\/strong><\/li>\n<li>Connecteurs : 2 x HDMI 1.4 \/ 1x DisplayPort 1.2<\/li>\n<li><strong>Design ergonomique<\/strong>\u00a0: position r\u00e9glable (inclinaison, hauteur 110 mm, pivot 60\u00b0, rotation 180\u00b0)<\/li>\n<li>Protection oculaire : Flicker Free (anti-scintillement) et Low Blue Light (r\u00e9duction lumi\u00e8re bleue)<\/li>\n<li>Puissance sonore : 2 x 3 Watts<\/li>\n<\/ul>\n<\/section>\n","protected":false},"excerpt":{"rendered":"<p>Taille de l&#8217;\u00e9cran: 27&#8243; pouces &#8211; Format 16:9<br \/>\nCourbure de l&#8217;\u00e9cran: Plat<br \/>\nType de Dalle: IPS (In-Plane Switching) &#8211; R\u00e9tro\u00e9clairage: WLED<br \/>\nR\u00e9solution: QHD (2560 x 1440)<br \/>\nTemps de r\u00e9ponse: 4 ms (extr\u00eame gris \u00e0 gris)<br \/>\nTaux de rafra\u00eechissement: 75 Hz<br \/>\nConnecteurs d&#8217;entr\u00e9e: HDMI, DisplayPort<br \/>\nR\u00e9glages de la position de l&#8217;\u00e9cran: Angle d&#8217;inclinaison: -5\u00b0\/+21\u00b0, Angle de pivotement: -30\u00b0\/+30\u00b0, Angle de rotation: -90\u00b0\/+90\u00b0, R\u00e9glage de la hauteur: 110 mm<\/p>\n","protected":false},"featured_media":10397,"comment_status":"open","ping_status":"closed","template":"","meta":{"_acf_changed":false,"_monsterinsights_skip_tracking":false,"_monsterinsights_sitenote_active":false,"_monsterinsights_sitenote_note":"","_monsterinsights_sitenote_category":0,"_uf_show_specific_survey":0,"_uf_disable_surveys":false,"_joinchat":[]},"product_brand":[],"product_cat":[259,239,246],"product_tag":[],"class_list":{"0":"post-10396","1":"product","2":"type-product","3":"status-publish","4":"has-post-thumbnail","6":"product_cat-ecran-pc","7":"product_cat-ecran-moniteur","8":"product_cat-peripherique","10":"first","11":"instock","12":"sale","13":"shipping-taxable","14":"purchasable","15":"product-type-simple"},"acf":[],"jetpack_sharing_enabled":true,"_links":{"self":[{"href":"https:\/\/digistar.ma\/index.php?rest_route=\/wp\/v2\/product\/10396","targetHints":{"allow":["GET"]}}],"collection":[{"href":"https:\/\/digistar.ma\/index.php?rest_route=\/wp\/v2\/product"}],"about":[{"href":"https:\/\/digistar.ma\/index.php?rest_route=\/wp\/v2\/types\/product"}],"replies":[{"embeddable":true,"href":"https:\/\/digistar.ma\/index.php?rest_route=%2Fwp%2Fv2%2Fcomments&post=10396"}],"version-history":[{"count":1,"href":"https:\/\/digistar.ma\/index.php?rest_route=\/wp\/v2\/product\/10396\/revisions"}],"predecessor-version":[{"id":10401,"href":"https:\/\/digistar.ma\/index.php?rest_route=\/wp\/v2\/product\/10396\/revisions\/10401"}],"wp:featuredmedia":[{"embeddable":true,"href":"https:\/\/digistar.ma\/index.php?rest_route=\/wp\/v2\/media\/10397"}],"wp:attachment":[{"href":"https:\/\/digistar.ma\/index.php?rest_route=%2Fwp%2Fv2%2Fmedia&parent=10396"}],"wp:term":[{"taxonomy":"product_brand","embeddable":true,"href":"https:\/\/digistar.ma\/index.php?rest_route=%2Fwp%2Fv2%2Fproduct_brand&post=10396"},{"taxonomy":"product_cat","embeddable":true,"href":"https:\/\/digistar.ma\/index.php?rest_route=%2Fwp%2Fv2%2Fproduct_cat&post=10396"},{"taxonomy":"product_tag","embeddable":true,"href":"https:\/\/digistar.ma\/index.php?rest_route=%2Fwp%2Fv2%2Fproduct_tag&post=10396"}],"curies":[{"name":"wp","href":"https:\/\/api.w.org\/{rel}","templated":true}]}}