{"id":10402,"date":"2024-01-25T22:55:18","date_gmt":"2024-01-25T22:55:18","guid":{"rendered":"https:\/\/digistar.ma\/?post_type=product&#038;p=10402"},"modified":"2024-01-25T23:00:57","modified_gmt":"2024-01-25T23:00:57","slug":"ecran-incurve-34-pouces-qhd-lenovo-thinkvision-t34w-30","status":"publish","type":"product","link":"https:\/\/digistar.ma\/?product=ecran-incurve-34-pouces-qhd-lenovo-thinkvision-t34w-30","title":{"rendered":"\u00c9cran incurv\u00e9 34 pouces QHD Lenovo ThinkVision T34w-30"},"content":{"rendered":"<h3>\u00c9cran incurv\u00e9 34 pouces QHD Lenovo ThinkVision T34w-30<\/h3>\n<div id=\"6e9f47c3b3e9b-40b0-b4fa-38ad376824cc\" class=\"container9999 clearfix cms_layoutBox_auto_height cms_background_layout_color_6e9f47c3b3e9b-40b0-b4fa-38ad376824cc cms_background_layout_img_type0_6e9f47c3b3e9b-40b0-b4fa-38ad376824cc\">\n<div class=\"layoutGroup layoutGroup_6e9f47c3b3e9b-40b0-b4fa-38ad376824cc\">\n<div class=\"layoutBox-sm slot_cls6e9f47c3b3e9b-40b0-b4fa-38ad376824cc cms_currency_layout \">\n<div id=\"a09cbb93bb23c-4f90-939c-3aaa2a6b1bf5\">\n<div class=\"features_container container expanded\" data-product-number=\"63D4GAT1EU\">\n<div class=\"features_inner inner\" aria-hidden=\"false\">\n<div class=\"feature-item blade_1 right-left\">\n<div class=\"gallery-section\" data-gallery-id=\"24095\">\n<div class=\"feature-content\">\n<div class=\"feature-content-section\">\n<div class=\"headlines\">\n<h4>Affichage net et immersif<\/h4>\n<\/div>\n<div class=\"description\">\n<p>Le design de l\u2019\u00e9cran WQHD immersif de 86,36 cm (34&#8243;) du moniteur ThinkVision T34w-30 pr\u00e9sente une dalle incurv\u00e9e quasiment sans bords sur 3 c\u00f4t\u00e9s qui vous enveloppe.<\/p>\n<p>Son affichage d&#8217;une grande clart\u00e9 et plus grand que nature capte votre attention et votre concentration pour rendre le multit\u00e2che plus efficace. Sa r\u00e9solution fascinante de 3 440 x 1 440 rehausse la qualit\u00e9 d\u2019image et vous permet de voir les moindres d\u00e9tails.<\/p>\n<p>De plus, avec la prise en charge de 99 % de la palette de couleurs sRGB, les images sont \u00e9clatantes et les couleurs r\u00e9alistes. Une exp\u00e9rience panoramique s\u2019offre \u00e0 vous gr\u00e2ce au rapport de 21:9. La courbure 1500R, quant \u00e0 elle, permet une distance focale constante sur l\u2019ensemble de l\u2019\u00e9cran.<\/p>\n<p>La technologie Natural Low Blue Light r\u00e9duit les \u00e9missions de lumi\u00e8re bleue nocive sans distorsion des couleurs et r\u00e9duit la fatigue oculaire, pour que votre exp\u00e9rience visuelle soit aussi agr\u00e9able et confortable que possible.<\/p>\n<\/div>\n<\/div>\n<div class=\"feature-content-section\"><\/div>\n<\/div>\n<\/div>\n<\/div>\n<div class=\"feature-item blade_1 left-right\">\n<div class=\"gallery-section\" data-gallery-id=\"24096\">\n<div class=\"feature-media\" data-bg-image=\"\"><img decoding=\"async\" src=\"https:\/\/p2-ofp.static.pub\/\/fes\/cms\/2023\/07\/21\/56uur6i8x56xqzh8dux0g0jp1eu7gl970190.png\" alt=\"63D4GAT1UK_F2.png\" \/><\/div>\n<div class=\"feature-content\">\n<div class=\"feature-content-section\">\n<div class=\"headlines\">\n<p>La productivit\u00e9 par excellence<\/p>\n<\/div>\n<div class=\"description\">\n<p>Faites de votre station de travail un centre de productivit\u00e9 gr\u00e2ce \u00e0 une gamme d\u2019options de connectivit\u00e9 qui rendent le moniteur ThinkVision T34w-30 rapide et efficace.<\/p>\n<p>Connectez-vous et mettez l\u2019appareil sous tension rapidement et efficacement avec le port USB-C \u00e0 un c\u00e2ble offrant jusqu\u2019\u00e0 75 W d\u2019alimentation qui assure une distribution dynamique de l\u2019alimentation entre les appareils connect\u00e9s.<\/p>\n<p>La connectivit\u00e9 r\u00e9seau devient \u00e9galement plus rapide, plus stable et plus s\u00fbre avec la prise en charge Ethernet qui inclut les fonctionnalit\u00e9s MAPT, PXE et WOL (S3-S5). Des ports HDMI et DP d\u00e9di\u00e9s vous permettent de vous connecter efficacement.<\/p>\n<p>D\u00e9ployez la solution logicielle ThinkColour en un clin d\u2019\u0153il \u00e0 l\u2019aide d\u2019Endpoint. Vous pourrez ainsi contr\u00f4ler rapidement les attributs d\u2019affichage, configurer facilement les param\u00e8tres de couleurs avec pr\u00e9cision, g\u00e9rer ais\u00e9ment plusieurs fichiers, documents et contenus multim\u00e9dias, et b\u00e9n\u00e9ficier d\u2019une technologie plus intelligente pour optimiser la productivit\u00e9.<\/p>\n<p>Un port USB Type A d\u00e9di\u00e9 et sans c\u00e2ble, situ\u00e9 en haut du moniteur, permet de profiter d\u2019une solution VoIP modulaire, ThinkVision VoIP Stack (webcam pour moniteur MC60, barre de son pour moniteur MS30), qui donne vie \u00e0 d\u2019incroyables exp\u00e9riences de visioconf\u00e9rence.<\/p>\n<\/div>\n<\/div>\n<div class=\"feature-content-section\"><\/div>\n<\/div>\n<\/div>\n<\/div>\n<div class=\"feature-item blade_1 right-left\">\n<div class=\"gallery-section\" data-gallery-id=\"24097\">\n<div class=\"feature-media\" data-bg-image=\"\"><img decoding=\"async\" src=\"https:\/\/p3-ofp.static.pub\/\/fes\/cms\/2023\/11\/20\/9c0rvz990sanjwnhb5s9r18n80wac0651711.png\" alt=\"63D4GAT1eu-F3.png\" \/><\/div>\n<div class=\"feature-content\">\n<div class=\"feature-content-section\">\n<div class=\"headlines\">\n<p>Ergonomiquement et \u00e9cologiquement avanc\u00e9<\/p>\n<\/div>\n<div class=\"description\">\n<p>Le moniteur ThinkVision T34w-30 permet de travailler avec une aisance r\u00e9confortante gr\u00e2ce \u00e0 son ergonomie optimale. Il est livr\u00e9 avec des fonctionnalit\u00e9s ergonomiques am\u00e9lior\u00e9es : r\u00e9glage en hauteur jusqu\u2019\u00e0 155 mm, plage d\u2019inclinaison de -5\u00b0\/23,5\u00b0 et angle de pivotement de -45\u00b0\/45\u00b0 pour vous aider \u00e0 travailler confortablement, sans compromis.<\/p>\n<p>Une encoche ouverte pour le t\u00e9l\u00e9phone, un support pour tablette et des solutions de gestion des c\u00e2bles plus propres permettent de garder un bureau d\u00e9gag\u00e9. Un simple joystick \u00e0 un bouton vous facilite la vie en vous permettant d\u2019acc\u00e9der rapidement aux param\u00e8tres d\u2019affichage.<\/p>\n<p>Le ThinkVision T34w-30 se distingue \u00e9galement par sa conception durable qui r\u00e9pond aux normes \u00e9cologiques et sanitaires des r\u00e9glementations TCO 9.0. En outre, il est livr\u00e9 dans un emballage en papier recyclable, respectueux de l\u2019environnement, ce qui le rend aussi \u00e9cologique que convivial.<\/p>\n<\/div>\n<\/div>\n<\/div>\n<\/div>\n<\/div>\n<\/div>\n<\/div>\n<\/div>\n<\/div>\n<\/div>\n<\/div>\n<div id=\"4cdde978b9d6f-44d4-9346-8101f3718a3d\" class=\"container9999 clearfix cms_layoutBox_auto_height cms_background_layout_color_4cdde978b9d6f-44d4-9346-8101f3718a3d cms_background_layout_img_type0_4cdde978b9d6f-44d4-9346-8101f3718a3d\">\n<div class=\"layoutGroup layoutGroup_4cdde978b9d6f-44d4-9346-8101f3718a3d\">\n<div class=\"layoutBox-sm slot_cls4cdde978b9d6f-44d4-9346-8101f3718a3d cms_currency_layout \">\n<div id=\"4ae0ec8eb57d7-45e2-a90e-763ed70491b4\">\n<div class=\"whats_new_container container expanded\" data-product-number=\"63D4GAT1EU\">\n<h2><\/h2>\n<\/div>\n<\/div>\n<\/div>\n<\/div>\n<\/div>\n","protected":false},"excerpt":{"rendered":"<p>Taille de l&#8217;\u00e9cran : 34&#8243; &#8211; Format 21:9<br \/>\nCourbure de l&#8217;\u00e9cran: Incurv\u00e9 1500R<br \/>\nType de Dalle: VA (Vertical Alignment) &#8211; R\u00e9tro\u00e9clairage: WLED<br \/>\nR\u00e9solution: 3440&#215;1440<br \/>\nTemps de r\u00e9ponse: 4ms (Extreme mode) \/ 6ms (Typical mode)<br \/>\nTaux de rafra\u00eechissement: 60Hz<br \/>\nConnecteurs d&#8217;entr\u00e9e: 1x HDMI\u00ae 2.0, 1x Display 1.4, 1x USB-C\u00ae 3.2 Gen 1 (DP 1.4 Alt Mode)<br \/>\nR\u00e9glages de la position de l&#8217;\u00e9cran: View Angle (H \/ V) 178\u00b0 \/ 178\u00b0<\/p>\n","protected":false},"featured_media":10411,"comment_status":"open","ping_status":"closed","template":"","meta":{"_acf_changed":false,"_monsterinsights_skip_tracking":false,"_monsterinsights_sitenote_active":false,"_monsterinsights_sitenote_note":"","_monsterinsights_sitenote_category":0,"_uf_show_specific_survey":0,"_uf_disable_surveys":false,"_joinchat":[]},"product_brand":[],"product_cat":[259,239,246],"product_tag":[],"class_list":{"0":"post-10402","1":"product","2":"type-product","3":"status-publish","4":"has-post-thumbnail","6":"product_cat-ecran-pc","7":"product_cat-ecran-moniteur","8":"product_cat-peripherique","10":"first","11":"instock","12":"sale","13":"shipping-taxable","14":"purchasable","15":"product-type-simple"},"acf":[],"jetpack_sharing_enabled":true,"_links":{"self":[{"href":"https:\/\/digistar.ma\/index.php?rest_route=\/wp\/v2\/product\/10402","targetHints":{"allow":["GET"]}}],"collection":[{"href":"https:\/\/digistar.ma\/index.php?rest_route=\/wp\/v2\/product"}],"about":[{"href":"https:\/\/digistar.ma\/index.php?rest_route=\/wp\/v2\/types\/product"}],"replies":[{"embeddable":true,"href":"https:\/\/digistar.ma\/index.php?rest_route=%2Fwp%2Fv2%2Fcomments&post=10402"}],"version-history":[{"count":2,"href":"https:\/\/digistar.ma\/index.php?rest_route=\/wp\/v2\/product\/10402\/revisions"}],"predecessor-version":[{"id":10410,"href":"https:\/\/digistar.ma\/index.php?rest_route=\/wp\/v2\/product\/10402\/revisions\/10410"}],"wp:featuredmedia":[{"embeddable":true,"href":"https:\/\/digistar.ma\/index.php?rest_route=\/wp\/v2\/media\/10411"}],"wp:attachment":[{"href":"https:\/\/digistar.ma\/index.php?rest_route=%2Fwp%2Fv2%2Fmedia&parent=10402"}],"wp:term":[{"taxonomy":"product_brand","embeddable":true,"href":"https:\/\/digistar.ma\/index.php?rest_route=%2Fwp%2Fv2%2Fproduct_brand&post=10402"},{"taxonomy":"product_cat","embeddable":true,"href":"https:\/\/digistar.ma\/index.php?rest_route=%2Fwp%2Fv2%2Fproduct_cat&post=10402"},{"taxonomy":"product_tag","embeddable":true,"href":"https:\/\/digistar.ma\/index.php?rest_route=%2Fwp%2Fv2%2Fproduct_tag&post=10402"}],"curies":[{"name":"wp","href":"https:\/\/api.w.org\/{rel}","templated":true}]}}