{"id":10418,"date":"2024-01-25T23:20:16","date_gmt":"2024-01-25T23:20:16","guid":{"rendered":"https:\/\/digistar.ma\/?post_type=product&#038;p=10418"},"modified":"2024-01-25T23:20:17","modified_gmt":"2024-01-25T23:20:17","slug":"ecran-27-pouces-qhd-lenovo-t27hv-20","status":"publish","type":"product","link":"https:\/\/digistar.ma\/?product=ecran-27-pouces-qhd-lenovo-t27hv-20","title":{"rendered":"\u00c9cran 27 Pouces QHD Lenovo T27hv-20"},"content":{"rendered":"<h3>\u00c9cran 27 Pouces QHD Lenovo T27hv-20<\/h3>\n<p>Une collaboration plus intelligente quel que soit l\u2019endroit o\u00f9 vous travailliez Fiabilit\u00e9 et confidentialit\u00e9 pour vos conf\u00e9rences Que vous passiez des appels depuis votre domicile, travailliez dans un espace ouvert ou passiez sans arr\u00eat d&#8217;un lieu \u00e0 l&#8217;autre, le ThinkVision T27hv-20 simplifie la collaboration \u00e0 distance pour le salari\u00e9 moderne que vous \u00eates.<\/p>\n<p>Il met toutes les fonctionnalit\u00e9s dont vous avez besoin \u00e0 port\u00e9e de main et vous d\u00e9barrasse des probl\u00e8mes courants. Gr\u00e2ce \u00e0 son traitement professionnel de l&#8217;image et du son, il offre une exp\u00e9rience de visioconf\u00e9rence de classe mondiale.<\/p>\n<p>Outre toutes les fonctionnalit\u00e9s que vous pourriez esp\u00e9rer, telles qu&#8217;une webcam RVB infrarouge 1080p, des micros \u00e0 suppression de bruit et de puissants haut-parleurs, le T27hv est dot\u00e9 de fonctions avanc\u00e9es qui le rendent unique en son genre.<\/p>\n<p>Par exemple, si vous \u00eates dans un espace partag\u00e9 et que vous craignez que des regards indiscrets lisent vos donn\u00e9es confidentielles, la fonctionnalit\u00e9 Smart Guard, d\u00e9velopp\u00e9e par Glance by Mirametrix\u00ae Software, floute votre \u00e9cran d\u00e8s lors que vous regardez ailleurs ou quittez votre bureau ou qu&#8217;elle d\u00e9tecte que quelqu&#8217;un lit au-dessus de votre \u00e9paule.<\/p>\n","protected":false},"excerpt":{"rendered":"<p>Taille de l&#8217;\u00e9cran: 27&#8243; &#8211; Format 16:9<br \/>\nCourbure de l&#8217;\u00e9cran: Plat<br \/>\nType de Dalle: IPS (In-Plane Switching) &#8211; R\u00e9tro\u00e9clairage: WLED<br \/>\nR\u00e9solution: 2560&#215;1440<br \/>\nTemps de r\u00e9ponse: 4ms (Extreme mode) \/ 6ms (Typical mode)<br \/>\nTaux de rafra\u00eechissement: 60Hz<br \/>\nConnecteurs d&#8217;entr\u00e9e: HDMI 1.4 + Display 1.2<br \/>\nR\u00e9glages de la position de l&#8217;\u00e9cran: View Angle (H \/ V) 178\u00b0 \/ 178\u00b0<\/p>\n","protected":false},"featured_media":10421,"comment_status":"open","ping_status":"closed","template":"","meta":{"_acf_changed":false,"_monsterinsights_skip_tracking":false,"_monsterinsights_sitenote_active":false,"_monsterinsights_sitenote_note":"","_monsterinsights_sitenote_category":0,"_uf_show_specific_survey":0,"_uf_disable_surveys":false,"_joinchat":[]},"product_brand":[],"product_cat":[259,239,246],"product_tag":[],"class_list":{"0":"post-10418","1":"product","2":"type-product","3":"status-publish","4":"has-post-thumbnail","6":"product_cat-ecran-pc","7":"product_cat-ecran-moniteur","8":"product_cat-peripherique","10":"first","11":"instock","12":"sale","13":"shipping-taxable","14":"purchasable","15":"product-type-simple"},"acf":[],"jetpack_sharing_enabled":true,"_links":{"self":[{"href":"https:\/\/digistar.ma\/index.php?rest_route=\/wp\/v2\/product\/10418","targetHints":{"allow":["GET"]}}],"collection":[{"href":"https:\/\/digistar.ma\/index.php?rest_route=\/wp\/v2\/product"}],"about":[{"href":"https:\/\/digistar.ma\/index.php?rest_route=\/wp\/v2\/types\/product"}],"replies":[{"embeddable":true,"href":"https:\/\/digistar.ma\/index.php?rest_route=%2Fwp%2Fv2%2Fcomments&post=10418"}],"version-history":[{"count":1,"href":"https:\/\/digistar.ma\/index.php?rest_route=\/wp\/v2\/product\/10418\/revisions"}],"predecessor-version":[{"id":10429,"href":"https:\/\/digistar.ma\/index.php?rest_route=\/wp\/v2\/product\/10418\/revisions\/10429"}],"wp:featuredmedia":[{"embeddable":true,"href":"https:\/\/digistar.ma\/index.php?rest_route=\/wp\/v2\/media\/10421"}],"wp:attachment":[{"href":"https:\/\/digistar.ma\/index.php?rest_route=%2Fwp%2Fv2%2Fmedia&parent=10418"}],"wp:term":[{"taxonomy":"product_brand","embeddable":true,"href":"https:\/\/digistar.ma\/index.php?rest_route=%2Fwp%2Fv2%2Fproduct_brand&post=10418"},{"taxonomy":"product_cat","embeddable":true,"href":"https:\/\/digistar.ma\/index.php?rest_route=%2Fwp%2Fv2%2Fproduct_cat&post=10418"},{"taxonomy":"product_tag","embeddable":true,"href":"https:\/\/digistar.ma\/index.php?rest_route=%2Fwp%2Fv2%2Fproduct_tag&post=10418"}],"curies":[{"name":"wp","href":"https:\/\/api.w.org\/{rel}","templated":true}]}}