{"id":10441,"date":"2024-01-26T22:40:14","date_gmt":"2024-01-26T22:40:14","guid":{"rendered":"https:\/\/digistar.ma\/?post_type=product&#038;p=10441"},"modified":"2025-11-25T17:01:45","modified_gmt":"2025-11-25T17:01:45","slug":"epson-collecteur-dencre-usagee-c13t04d100","status":"publish","type":"product","link":"https:\/\/digistar.ma\/?product=epson-collecteur-dencre-usagee-c13t04d100","title":{"rendered":"Epson Collecteur d&#8217;encre usag\u00e9e C13T04D100"},"content":{"rendered":"<h3>Epson Collecteur d&#8217;encre usag\u00e9e C13T04D100<\/h3>\n<p>Le collecteur d&#8217;encre usag\u00e9e original Epson C13T04D100 (\u00e9galement nomm\u00e9 r\u00e9cup\u00e9rateur, bo\u00eete de maintenance ou maintenance box T04D100) permet de r\u00e9cup\u00e9rer l&#8217;encre utilis\u00e9e lors des nettoyages manuels ou automatiques de vos t\u00eates d&#8217;impression.<\/p>\n<p>Le collecteur d\u2019encre usag\u00e9e est con\u00e7u pour recueillir l\u2019encre r\u00e9siduelle et les d\u00e9chets g\u00e9n\u00e9r\u00e9s lors du processus d\u2019impression et des cycles de maintenance de l\u2019imprimante.<\/p>\n<p>Cela contribue \u00e0 maintenir la propret\u00e9 de l\u2019imprimante.<\/p>\n<p>Comme la capacit\u00e9 du collecteur est limit\u00e9e, il doit \u00eatre remplac\u00e9 lorsqu\u2019il est plein.<\/p>\n<p>Les imprimantes Epson sont g\u00e9n\u00e9ralement \u00e9quip\u00e9es d\u2019un syst\u00e8me d\u2019alerte indiquant qu\u2019il est temps de remplacer le collecteur.<\/p>\n<p>Assurez-vous que le Epson Collecteur d&#8217;encre usag\u00e9e C13T04D100 est compatible avec le mod\u00e8le sp\u00e9cifique de votre imprimante Epson. Les r\u00e9f\u00e9rences de pi\u00e8ces peuvent varier en fonction du mod\u00e8le de l\u2019imprimante.<\/p>\n<p>EcoTank M2140<\/p>\n<p>EcoTank M1180<\/p>\n<p>EcoTank M1170<\/p>\n<p>EcoTank M1140<\/p>\n<p>EcoTank L6176<\/p>\n<p>EcoTank L6270<\/p>\n<p>EcoTank L6290 &#8230;&#8230;&#8230;&#8230;.<\/p>\n","protected":false},"excerpt":{"rendered":"<p>Pour les imprimantes :<\/p>\n<p>EcoTank M2140<\/p>\n<p>EcoTank M1180<\/p>\n<p>EcoTank M1170<\/p>\n<p>EcoTank M1140<\/p>\n<p>EcoTank L6176<\/p>\n<p>EcoTank L6270<\/p>\n<p>EcoTank L6290<\/p>\n<p>XP-5100 \/ WF-2860DWF \/ ET-3700 \/ ET-4750 \/ L4000 \/ L6000 \/ ET-15000 Series\u00a0 &#8230;<\/p>\n","protected":false},"featured_media":10442,"comment_status":"open","ping_status":"closed","template":"","meta":{"_acf_changed":false,"_monsterinsights_skip_tracking":false,"_monsterinsights_sitenote_active":false,"_monsterinsights_sitenote_note":"","_monsterinsights_sitenote_category":0,"_uf_show_specific_survey":0,"_uf_disable_surveys":false,"_joinchat":[]},"product_brand":[],"product_cat":[238,251,247,252],"product_tag":[],"class_list":{"0":"post-10441","1":"product","2":"type-product","3":"status-publish","4":"has-post-thumbnail","6":"product_cat-consommables","7":"product_cat-bouteille-dencre","8":"product_cat-cartouche-dencre","9":"product_cat-tete-dimpression","11":"first","12":"instock","13":"sale","14":"shipping-taxable","15":"purchasable","16":"product-type-simple"},"acf":[],"jetpack_sharing_enabled":true,"_links":{"self":[{"href":"https:\/\/digistar.ma\/index.php?rest_route=\/wp\/v2\/product\/10441","targetHints":{"allow":["GET"]}}],"collection":[{"href":"https:\/\/digistar.ma\/index.php?rest_route=\/wp\/v2\/product"}],"about":[{"href":"https:\/\/digistar.ma\/index.php?rest_route=\/wp\/v2\/types\/product"}],"replies":[{"embeddable":true,"href":"https:\/\/digistar.ma\/index.php?rest_route=%2Fwp%2Fv2%2Fcomments&post=10441"}],"version-history":[{"count":2,"href":"https:\/\/digistar.ma\/index.php?rest_route=\/wp\/v2\/product\/10441\/revisions"}],"predecessor-version":[{"id":10447,"href":"https:\/\/digistar.ma\/index.php?rest_route=\/wp\/v2\/product\/10441\/revisions\/10447"}],"wp:featuredmedia":[{"embeddable":true,"href":"https:\/\/digistar.ma\/index.php?rest_route=\/wp\/v2\/media\/10442"}],"wp:attachment":[{"href":"https:\/\/digistar.ma\/index.php?rest_route=%2Fwp%2Fv2%2Fmedia&parent=10441"}],"wp:term":[{"taxonomy":"product_brand","embeddable":true,"href":"https:\/\/digistar.ma\/index.php?rest_route=%2Fwp%2Fv2%2Fproduct_brand&post=10441"},{"taxonomy":"product_cat","embeddable":true,"href":"https:\/\/digistar.ma\/index.php?rest_route=%2Fwp%2Fv2%2Fproduct_cat&post=10441"},{"taxonomy":"product_tag","embeddable":true,"href":"https:\/\/digistar.ma\/index.php?rest_route=%2Fwp%2Fv2%2Fproduct_tag&post=10441"}],"curies":[{"name":"wp","href":"https:\/\/api.w.org\/{rel}","templated":true}]}}