{"id":10455,"date":"2024-01-26T23:17:06","date_gmt":"2024-01-26T23:17:06","guid":{"rendered":"https:\/\/digistar.ma\/?post_type=product&#038;p=10455"},"modified":"2024-01-26T23:17:06","modified_gmt":"2024-01-26T23:17:06","slug":"ecran-full-hd-hp-p27h-g5-64w41as","status":"publish","type":"product","link":"https:\/\/digistar.ma\/?product=ecran-full-hd-hp-p27h-g5-64w41as","title":{"rendered":"\u00c9cran Full HD HP P27h G5 64W41AS"},"content":{"rendered":"<h4>\u00c9cran Full HD HP P27h G5 64W41AS<\/h4>\n<section class=\"ProductDetailsPage_productDetailsBannerWrapper__1R2v2 ProductDetailsPage_addExtraTopPadding__2P9mW\">\n<div class=\"ProductDescription_productDescription__2iTwQ\">Optimisez votre productivit\u00e9 et profitez d\u2019un affichage optimis\u00e9 au bureau ou \u00e0 domicile gr\u00e2ce \u00e0 un grand \u00e9cran FHD de 27 pouces (68,6 cm). Avec son design \u00e9l\u00e9gant, ce grand \u00e9cran vous offre tout le confort dont vous avez besoin pour r\u00e9aliser toutes vos t\u00e2ches du quotidien, avec des images nettes pour tous vos contenus et un syst\u00e8me audio int\u00e9gr\u00e9.<\/div>\n<\/section>\n<div class=\"KeySellingPointsContainer_container__h7h42\">\n<section class=\"ProductKeySellingPoints_root__2LZ6p KeySellingPointsContainer_keySellingPoints__RHxIr\" data-test-hook=\"@hpstellar\/storefront-ui-product-key-selling-points\">\n<div class=\"ProductKeySellingPoints_kspSection__3Fumw\">\n<h4 class=\"ProductKeySellingPoints_title__EfldW\">Voir et entendre dans les moindres d\u00e9tails<\/h4>\n<div class=\"ProductKeySellingPoints_description__1LCVX\">D\u00e9couvrez une exp\u00e9rience de travail hybride transparente, qui s\u2019accompagne d\u2019excellents points de vue et de sons nets. Cet \u00e9cran IPS peut se targuer d\u2019une r\u00e9solution Full HD et d\u2019un taux de rafra\u00eechissement de 75 Hz[1] pour des images nettes et un mouvement fluide, tandis que deux haut-parleurs int\u00e9gr\u00e9s veillent \u00e0 un son riche et pr\u00e9cis.<\/div>\n<\/div>\n<div class=\"ProductKeySellingPoints_kspSection__3Fumw\">\n<h4 class=\"ProductKeySellingPoints_title__EfldW\">Un design moderne. Une ad\u00e9quation fonctionnelle.<\/h4>\n<div class=\"ProductKeySellingPoints_description__1LCVX\">Lib\u00e9rez votre esprit et d\u00e9gagez votre bureau avec un \u00e9cran con\u00e7u pour travailler dans n\u2019importe quel espace. Restez concentr\u00e9 sur votre \u00e9cran dot\u00e9 d\u2019un cadre \u00e9l\u00e9gant \u00e0 micro-bords sur 3 c\u00f4t\u00e9s, d\u2019une gestion ordonn\u00e9e des c\u00e2bles et d\u2019une base du socle 27 % plus petite[2] avec une inclinaison et une hauteur r\u00e9glables pour un angle de vue parfait.<\/div>\n<\/div>\n<div class=\"ProductKeySellingPoints_kspSection__3Fumw\">\n<h4 class=\"ProductKeySellingPoints_title__EfldW\">Un contr\u00f4le facile. Une gestion facile.<\/h4>\n<div class=\"ProductKeySellingPoints_description__1LCVX\">Simplifiez votre espace de travail pour que vous puissiez vous concentrer sur ce que vous faites le mieux. Configurez facilement votre \u00e9cran en personnalisant l\u2019affichage \u00e0 l\u2019aide des boutons de contr\u00f4le sur l\u2019\u00e9cran ou g\u00e9rez les param\u00e8tres et les mises \u00e0 jour directement \u00e0 partir de l\u2019\u00e9cran avec HP Display Center[3] et Display Manager[4].<\/div>\n<\/div>\n<div class=\"ProductKeySellingPoints_kspSection__3Fumw\">\n<h4 class=\"ProductKeySellingPoints_title__EfldW\">R\u00e9duisez. Reconvertissez. Recyclez.<\/h4>\n<div class=\"ProductKeySellingPoints_description__1LCVX\">Pour en faire plus pour la plan\u00e8te, nous vous aidons \u00e0 refermer la boucle en reconvertissant nos \u00e9quipements IT dans nos tout nouveaux \u00e9crans certifi\u00e9s ENERGY STAR\u00ae et homologu\u00e9s EPEAT\u00ae. Ces \u00e9crans vont m\u00eame encore plus loin, car ils contiennent 85 % de plastiques recycl\u00e9s issus uniquement de d\u00e9chets recycl\u00e9s r\u00e9pertori\u00e9s dans l\u2019informatique et les t\u00e9l\u00e9communications. De plus, cet \u00e9cran est exp\u00e9di\u00e9 dans un emballage 100 % recyclable<\/div>\n<\/div>\n<\/section>\n<\/div>\n","protected":false},"excerpt":{"rendered":"<p>Taille de l&#8217;\u00e9cran : 27&#8243;\u00a0(68,6 cm) &#8211; Format 16:9<br \/>\nCourbure de l&#8217;\u00e9cran: Plat<br \/>\nType de Dalle: IPS &#8211; R\u00e9tro\u00e9clairage: IPS<br \/>\nR\u00e9solution: FHD (1920 x 1080)<br \/>\nTemps de r\u00e9ponse: 5ms GtG (avec surcharge)<br \/>\nConnecteurs d&#8217;entr\u00e9e: VGA, HDMI, DisplayPort<br \/>\nR\u00e9glages de la position de l&#8217;\u00e9cran: -5\u00b0 \u00e0 +20\u00b0<\/p>\n","protected":false},"featured_media":10456,"comment_status":"open","ping_status":"closed","template":"","meta":{"_acf_changed":false,"_monsterinsights_skip_tracking":false,"_monsterinsights_sitenote_active":false,"_monsterinsights_sitenote_note":"","_monsterinsights_sitenote_category":0,"_uf_show_specific_survey":0,"_uf_disable_surveys":false,"_joinchat":[]},"product_brand":[],"product_cat":[259,239,246],"product_tag":[],"class_list":{"0":"post-10455","1":"product","2":"type-product","3":"status-publish","4":"has-post-thumbnail","6":"product_cat-ecran-pc","7":"product_cat-ecran-moniteur","8":"product_cat-peripherique","10":"first","11":"instock","12":"sale","13":"shipping-taxable","14":"purchasable","15":"product-type-simple"},"acf":[],"jetpack_sharing_enabled":true,"_links":{"self":[{"href":"https:\/\/digistar.ma\/index.php?rest_route=\/wp\/v2\/product\/10455","targetHints":{"allow":["GET"]}}],"collection":[{"href":"https:\/\/digistar.ma\/index.php?rest_route=\/wp\/v2\/product"}],"about":[{"href":"https:\/\/digistar.ma\/index.php?rest_route=\/wp\/v2\/types\/product"}],"replies":[{"embeddable":true,"href":"https:\/\/digistar.ma\/index.php?rest_route=%2Fwp%2Fv2%2Fcomments&post=10455"}],"version-history":[{"count":1,"href":"https:\/\/digistar.ma\/index.php?rest_route=\/wp\/v2\/product\/10455\/revisions"}],"predecessor-version":[{"id":10461,"href":"https:\/\/digistar.ma\/index.php?rest_route=\/wp\/v2\/product\/10455\/revisions\/10461"}],"wp:featuredmedia":[{"embeddable":true,"href":"https:\/\/digistar.ma\/index.php?rest_route=\/wp\/v2\/media\/10456"}],"wp:attachment":[{"href":"https:\/\/digistar.ma\/index.php?rest_route=%2Fwp%2Fv2%2Fmedia&parent=10455"}],"wp:term":[{"taxonomy":"product_brand","embeddable":true,"href":"https:\/\/digistar.ma\/index.php?rest_route=%2Fwp%2Fv2%2Fproduct_brand&post=10455"},{"taxonomy":"product_cat","embeddable":true,"href":"https:\/\/digistar.ma\/index.php?rest_route=%2Fwp%2Fv2%2Fproduct_cat&post=10455"},{"taxonomy":"product_tag","embeddable":true,"href":"https:\/\/digistar.ma\/index.php?rest_route=%2Fwp%2Fv2%2Fproduct_tag&post=10455"}],"curies":[{"name":"wp","href":"https:\/\/api.w.org\/{rel}","templated":true}]}}