{"id":10462,"date":"2024-01-26T23:31:44","date_gmt":"2024-01-26T23:31:44","guid":{"rendered":"https:\/\/digistar.ma\/?post_type=product&#038;p=10462"},"modified":"2024-01-26T23:32:54","modified_gmt":"2024-01-26T23:32:54","slug":"ecran-24-pouces-wuxga-hp-e24i-g4","status":"publish","type":"product","link":"https:\/\/digistar.ma\/?product=ecran-24-pouces-wuxga-hp-e24i-g4","title":{"rendered":"\u00c9cran 24 pouces WUXGA HP E24i G4"},"content":{"rendered":"<h3>\u00c9cran 24 pouces WUXGA HP E24i G4<\/h3>\n<section class=\"ProductDetailsPage_productDetailsBannerWrapper__1R2v2 ProductDetailsPage_addExtraTopPadding__2P9mW\">\n<div class=\"ProductDescription_productDescription__2iTwQ\">Travaillez confortablement et restez concentr\u00e9 gr\u00e2ce aux caract\u00e9ristiques ergonomiques optimis\u00e9es et \u00e0 la r\u00e9solution WUXGA de l&#8217;\u00e9cran WUXGA E24i G4, dot\u00e9 de HP Eye Ease, dont la conception r\u00e9pond sp\u00e9cifiquement \u00e0 vos attentes. Simplifiez la vie de votre d\u00e9partement informatique avec la facilit\u00e9 de gestion \u00e0 distance.<\/div>\n<\/section>\n<div class=\"KeySellingPointsContainer_container__h7h42\">\n<section class=\"ProductKeySellingPoints_root__2LZ6p KeySellingPointsContainer_keySellingPoints__RHxIr\" data-test-hook=\"@hpstellar\/storefront-ui-product-key-selling-points\">\n<div class=\"ProductKeySellingPoints_kspSection__3Fumw\">\n<h4 class=\"ProductKeySellingPoints_title__EfldW\">Le confort total commence avec HP Eye Ease<\/h4>\n<div class=\"ProductKeySellingPoints_description__1LCVX\">Pr\u00e9servez le confort de vos yeux pendant toute votre journ\u00e9e de travail avec HP Eye Ease, notre premier filtre anti-lumi\u00e8re bleue int\u00e9gr\u00e9, toujours disponible pour pr\u00e9senter votre contenu \u00e9clatant, sans aucun impact sur la pr\u00e9cision des couleurs, sans OSD n\u00e9cessaire.<\/div>\n<\/div>\n<div class=\"ProductKeySellingPoints_kspSection__3Fumw\">\n<h4 class=\"ProductKeySellingPoints_title__EfldW\">Personnalisez vos vues<\/h4>\n<div class=\"ProductKeySellingPoints_description__1LCVX\">Soyez productif \u00e0 chaque instant gr\u00e2ce au r\u00e9glage quadridirectionnel de cet \u00e9cran de 60,96\u00a0cm (24\u00a0pouces) de diagonale, \u00e0 bords fins sur 3\u00a0c\u00f4t\u00e9s, sans scintillement, avec r\u00e9solution WUXGA, qui vous permet de trouver une position optimale pour des images nettes sous tous les angles.<\/div>\n<\/div>\n<div class=\"ProductKeySellingPoints_kspSection__3Fumw\">\n<h4 class=\"ProductKeySellingPoints_title__EfldW\">Fabriqu\u00e9 de fa\u00e7on responsable<\/h4>\n<div class=\"ProductKeySellingPoints_description__1LCVX\">L&#8217;efficacit\u00e9 \u00e9nerg\u00e9tique est enti\u00e8rement int\u00e9gr\u00e9e \u00e0 la conception de \u00c9cran 24 pouces WUXGA HP E24i G4, \u00e0 faible teneur en halog\u00e8ne[4], certifi\u00e9 ENERGY STAR\u00ae et homologu\u00e9 EPEAT\u00ae 2020[3]. Nous allons encore plus loin avec des emballages 100 % recyclables qui sont facilement accept\u00e9s par les installations de recyclage.<\/div>\n<\/div>\n<\/section>\n<\/div>\n","protected":false},"excerpt":{"rendered":"<p>Taille de l&#8217;\u00e9cran : 60,96 cm (24 pouces) &#8211; Format 16:10<br \/>\nCourbure de l&#8217;\u00e9cran: Plat<br \/>\nType de Dalle: IPS &#8211; R\u00e9tro\u00e9clairage: IPS<br \/>\nR\u00e9solution: WUXGA (1920 x 1200)<br \/>\nTemps de r\u00e9ponse: 5ms GtG<br \/>\nConnecteurs d&#8217;entr\u00e9e: HDMI, VGA, USB hub, DisplayPort<br \/>\nR\u00e9glages de la position de l&#8217;\u00e9cran: Angle de vision horizontale: 178\u00b0<br \/>\nAngle de vision verticale: 178\u00b0<br \/>\nInclinaison: -5 \u00e0 +23 \u00b0C<br \/>\nrotation: \u00b145\u00b0<br \/>\npivot: \u00b190<\/p>\n","protected":false},"featured_media":10463,"comment_status":"open","ping_status":"closed","template":"","meta":{"_acf_changed":false,"_monsterinsights_skip_tracking":false,"_monsterinsights_sitenote_active":false,"_monsterinsights_sitenote_note":"","_monsterinsights_sitenote_category":0,"_uf_show_specific_survey":0,"_uf_disable_surveys":false,"_joinchat":[]},"product_brand":[],"product_cat":[259,239,246],"product_tag":[],"class_list":{"0":"post-10462","1":"product","2":"type-product","3":"status-publish","4":"has-post-thumbnail","6":"product_cat-ecran-pc","7":"product_cat-ecran-moniteur","8":"product_cat-peripherique","10":"first","11":"instock","12":"sale","13":"shipping-taxable","14":"purchasable","15":"product-type-simple"},"acf":[],"jetpack_sharing_enabled":true,"_links":{"self":[{"href":"https:\/\/digistar.ma\/index.php?rest_route=\/wp\/v2\/product\/10462","targetHints":{"allow":["GET"]}}],"collection":[{"href":"https:\/\/digistar.ma\/index.php?rest_route=\/wp\/v2\/product"}],"about":[{"href":"https:\/\/digistar.ma\/index.php?rest_route=\/wp\/v2\/types\/product"}],"replies":[{"embeddable":true,"href":"https:\/\/digistar.ma\/index.php?rest_route=%2Fwp%2Fv2%2Fcomments&post=10462"}],"version-history":[{"count":2,"href":"https:\/\/digistar.ma\/index.php?rest_route=\/wp\/v2\/product\/10462\/revisions"}],"predecessor-version":[{"id":10469,"href":"https:\/\/digistar.ma\/index.php?rest_route=\/wp\/v2\/product\/10462\/revisions\/10469"}],"wp:featuredmedia":[{"embeddable":true,"href":"https:\/\/digistar.ma\/index.php?rest_route=\/wp\/v2\/media\/10463"}],"wp:attachment":[{"href":"https:\/\/digistar.ma\/index.php?rest_route=%2Fwp%2Fv2%2Fmedia&parent=10462"}],"wp:term":[{"taxonomy":"product_brand","embeddable":true,"href":"https:\/\/digistar.ma\/index.php?rest_route=%2Fwp%2Fv2%2Fproduct_brand&post=10462"},{"taxonomy":"product_cat","embeddable":true,"href":"https:\/\/digistar.ma\/index.php?rest_route=%2Fwp%2Fv2%2Fproduct_cat&post=10462"},{"taxonomy":"product_tag","embeddable":true,"href":"https:\/\/digistar.ma\/index.php?rest_route=%2Fwp%2Fv2%2Fproduct_tag&post=10462"}],"curies":[{"name":"wp","href":"https:\/\/api.w.org\/{rel}","templated":true}]}}