{"id":10491,"date":"2024-02-03T22:05:34","date_gmt":"2024-02-03T22:05:34","guid":{"rendered":"https:\/\/digistar.ma\/?post_type=product&#038;p=10491"},"modified":"2024-02-03T22:06:27","modified_gmt":"2024-02-03T22:06:27","slug":"ecran-de-projection-epson-elpsc35-laser-tv-100-pouces","status":"publish","type":"product","link":"https:\/\/digistar.ma\/?product=ecran-de-projection-epson-elpsc35-laser-tv-100-pouces","title":{"rendered":"\u00c9cran de projection Epson ELPSC35 Laser TV 100 pouces"},"content":{"rendered":"<h3>\u00c9cran de projection Epson ELPSC35 Laser TV 100 pouces<\/h3>\n<p>Profitez pleinement de tout le potentiel de votre vid\u00e9oprojecteur Epson laser \u00e0 focale ultra-courte en installant l&#8217;\u00e9cran de projection ELPSC35. Ce mod\u00e8le de 100 pouces d\u00e9voilera toutes ses qualit\u00e9s en association avec les mod\u00e8les EH-LS500 Android TV \/ EH-LS300.<\/p>\n<p>\u00c9cran fixe 100&#8243; sur cadre pour vid\u00e9oprojecteur laser \u00e0 focale ultra-courte EH-LS800, EH-LS500 Android TV et EH-LS300<\/p>\n<p><img fetchpriority=\"high\" decoding=\"async\" class=\"\" src=\"https:\/\/media.ldlc.com\/r1600\/ld\/products\/00\/05\/76\/99\/LD0005769985_1.jpg\" width=\"700\" height=\"700\" \/><\/p>\n<p>Plongez-vous dans une exp\u00e9rience visuelle immersive avec l&#8217;\u00e9cran de projection Epson ELPSC35 Laser TV 100&#8243;. Con\u00e7u pour une qualit\u00e9 d&#8217;image exceptionnelle de jour comme de nuit, cet \u00e9cran ALR refl\u00e8te la lumi\u00e8re du projecteur tout en \u00e9liminant les distractions lumineuses.<\/p>\n<p>Profitez d&#8217;un large angle de vue et d&#8217;une portabilit\u00e9 ais\u00e9e, vous permettant de d\u00e9placer\u00a0facilement cet \u00e9cran ultramoderne dans n&#8217;importe quelle pi\u00e8ce. Compatible avec une gamme vari\u00e9e de projecteurs Epson, offrant une flexibilit\u00e9 in\u00e9gal\u00e9e pour tous vos besoins de divertissement \u00e0 domicile.<\/p>\n<p><strong>Produits compatibles \u00c9cran de projection Epson ELPSC35 Laser TV 100 pouces\u00a0<\/strong><\/p>\n<p>EB-810E, EB-815E, EH-LS300B, EH-LS300W, EH-LS500B Android TV Edition, EH-LS500W Android TV Edition, EH-LS650B, EH-LS650W, EH-LS800B, EH-LS800W<\/p>\n","protected":false},"excerpt":{"rendered":"<p>\u00c9cran fixe 100&#8243; sur cadre pour vid\u00e9oprojecteur laser \u00e0 focale ultra-courte EH-LS800, EH-LS500 Android TV et EH-LS300<\/p>\n","protected":false},"featured_media":10492,"comment_status":"open","ping_status":"closed","template":"","meta":{"_acf_changed":false,"_monsterinsights_skip_tracking":false,"_monsterinsights_sitenote_active":false,"_monsterinsights_sitenote_note":"","_monsterinsights_sitenote_category":0,"_uf_show_specific_survey":0,"_uf_disable_surveys":false,"_joinchat":[]},"product_brand":[],"product_cat":[341,274],"product_tag":[],"class_list":{"0":"post-10491","1":"product","2":"type-product","3":"status-publish","4":"has-post-thumbnail","6":"product_cat-ecran-de-projection","7":"product_cat-videoprojecteur-ecran","9":"first","10":"onbackorder","11":"sale","12":"shipping-taxable","13":"purchasable","14":"product-type-simple"},"acf":[],"jetpack_sharing_enabled":true,"_links":{"self":[{"href":"https:\/\/digistar.ma\/index.php?rest_route=\/wp\/v2\/product\/10491","targetHints":{"allow":["GET"]}}],"collection":[{"href":"https:\/\/digistar.ma\/index.php?rest_route=\/wp\/v2\/product"}],"about":[{"href":"https:\/\/digistar.ma\/index.php?rest_route=\/wp\/v2\/types\/product"}],"replies":[{"embeddable":true,"href":"https:\/\/digistar.ma\/index.php?rest_route=%2Fwp%2Fv2%2Fcomments&post=10491"}],"version-history":[{"count":2,"href":"https:\/\/digistar.ma\/index.php?rest_route=\/wp\/v2\/product\/10491\/revisions"}],"predecessor-version":[{"id":10495,"href":"https:\/\/digistar.ma\/index.php?rest_route=\/wp\/v2\/product\/10491\/revisions\/10495"}],"wp:featuredmedia":[{"embeddable":true,"href":"https:\/\/digistar.ma\/index.php?rest_route=\/wp\/v2\/media\/10492"}],"wp:attachment":[{"href":"https:\/\/digistar.ma\/index.php?rest_route=%2Fwp%2Fv2%2Fmedia&parent=10491"}],"wp:term":[{"taxonomy":"product_brand","embeddable":true,"href":"https:\/\/digistar.ma\/index.php?rest_route=%2Fwp%2Fv2%2Fproduct_brand&post=10491"},{"taxonomy":"product_cat","embeddable":true,"href":"https:\/\/digistar.ma\/index.php?rest_route=%2Fwp%2Fv2%2Fproduct_cat&post=10491"},{"taxonomy":"product_tag","embeddable":true,"href":"https:\/\/digistar.ma\/index.php?rest_route=%2Fwp%2Fv2%2Fproduct_tag&post=10491"}],"curies":[{"name":"wp","href":"https:\/\/api.w.org\/{rel}","templated":true}]}}