{"id":10513,"date":"2024-02-03T23:09:49","date_gmt":"2024-02-03T23:09:49","guid":{"rendered":"https:\/\/digistar.ma\/?post_type=product&#038;p=10513"},"modified":"2026-04-06T12:14:42","modified_gmt":"2026-04-06T12:14:42","slug":"imprimante-multifonction-laser-couleur-canon-i-sensys-mf655cdw","status":"publish","type":"product","link":"https:\/\/digistar.ma\/?product=imprimante-multifonction-laser-couleur-canon-i-sensys-mf655cdw","title":{"rendered":"Imprimante Multifonction Laser Couleur Canon i-SENSYS MF655Cdw"},"content":{"rendered":"<h3>Imprimante Multifonction Laser Couleur Canon i-SENSYS MF655Cdw<\/h3>\n<h2 class=\"h2-master\">Pour profiter d&#8217;impressions et des num\u00e9risations rationalis\u00e9es<\/h2>\n<section>Optimisez votre productivit\u00e9\u00a0avec l<strong>&#8216;imprimante\u00a0couleur connect\u00e9e\u00a0Canon i-SENSYS MF655Cdw<\/strong>.\u00a0<strong>3-en-1\u00a0<\/strong>(impression \/ num\u00e9risation \/ copieur), elle vous fait profiter d&#8217;une impression recto\u00a0verso automatique\u00a0avec des\u00a0<strong>vitesses allant jusqu&#8217;\u00e0 21\u00a0ppm<\/strong>.Sa connectivit\u00e9 \u00e9tendue au Cloud et aux appareils mobiles vous permet d&#8217;acc\u00e9der facilement \u00e0 vos documents o\u00f9 que vous soyez, tandis que les flux de travail rationalis\u00e9s facilitent les t\u00e2ches quotidiennes.&nbsp;<\/p>\n<\/section>\n<section>\n<div class=\"desc-image\"><img decoding=\"async\" src=\"https:\/\/media.ldlc.com\/bo\/images\/fiches\/imprimante\/canon\/i-sensys%20MF657Cdw\/mf657cdw_800_1.jpg\" alt=\"\" \/><\/div>\n<div class=\"desc-text\">\n<h2>L&#8217;IMPRIMANTE QUI VOUS PERMET DE PERSONNALISER VOS FLUX DE TRAVAIL<\/h2>\n<p>La\u00a0<strong>connectivit\u00e9 cloud de la Canon i-SENSYS MF655Cdw<\/strong>\u00a0est pr\u00eate \u00e0 l&#8217;emploi. Elle est compatible avec Google Drive, DropBox et OneDrive, ce qui vous permet d&#8217;imprimer et de num\u00e9riser de mani\u00e8re facile et rapide directement vers et depuis le cloud.<\/p>\n<p>Si besoin, cette imprimante vous offre une\u00a0<strong>connectivit\u00e9 mobile avec l&#8217;application Canon PRINT Business, AirPrint (Apple) et Mopria (Android)<\/strong>\u00a0vous permet d&#8217;imprimer depuis votre t\u00e9l\u00e9phone, o\u00f9 que vous soyez.<\/p>\n<p>Personnalisez vos flux de travail avec la\u00a0<strong>biblioth\u00e8que d&#8217;applications<\/strong>, qui permet d&#8217;effectuer des t\u00e2ches d&#8217;une simple pression sur une touche, comme l&#8217;impression de formulaires stock\u00e9s, la num\u00e9risation vers un e-mail et la copie de documents.<\/p>\n<p>L&#8217;<strong>impression rapide, la num\u00e9risation et le grand \u00e9cran tactile couleur<\/strong>\u00a0de l&#8217;i-SENSYS MF655Cdw\u00a0favorisent des flux de travail d&#8217;impression et de num\u00e9risation performants.<\/p>\n<\/div>\n<\/section>\n<section class=\"list\">\n<h2>CARACT\u00c9RISTIQUES PRINCIPALES Imprimante Multifonction Laser Couleur <a href=\"https:\/\/digistar.ma\/?s=CANON&amp;post_type=product\">Canon<\/a> i-SENSYS MF655Cdw<\/h2>\n<ul>\n<li><strong>Multifonction laser couleur A4 3-en-1<\/strong><\/li>\n<li>Impression \/ Num\u00e9risation \/ Copieur<\/li>\n<li>Impression Recto verso automatique<\/li>\n<li>Vitesse d&#8217;impression : jusqu&#8217;\u00e0 21\u00a0ppm (A4) \/\u00a0jusqu&#8217;\u00e0 12.7\u00a0ppm (A4 &#8211; Recto verso) \/ jusqu&#8217;\u00e0 38\u00a0ppm (A5 &#8211; Paysage)<\/li>\n<li>R\u00e9solution d&#8217;impression :\u00a0<strong>jusqu&#8217;\u00e0 1200 x 1200 ppp<\/strong><\/li>\n<li><strong>Fonctions d&#8217;impression avanc\u00e9es<\/strong>\u00a0:\u00a0Impression s\u00e9curis\u00e9e, \u00e0 partir d&#8217;une cl\u00e9 USB (JPEG\/TIFF\/PDF), depuis le Cloud (Dropbox, Google Drive, OneDrive)1 (PDF\/JPEG), de codes-barres<\/li>\n<li>iOS : AirPrint, application Canon PRINT Business<\/li>\n<li>Android : certifi\u00e9 Mopria, plug-in de service d&#8217;impression Canon, application Canon PRINT Business<\/li>\n<li>Vitesse de copie : Recto (A4) jusqu&#8217;\u00e0 21 ppm et 12.7 ppm en Recto verso<\/li>\n<li>R\u00e9solution de copie : Jusqu&#8217;\u00e0 600 x 600 ppp<\/li>\n<li>Vitesse de num\u00e9risation : Recto noir et blanc : 27 ipm (300 x 600 ppp) \/ Recto couleur : 14 ipm (300 x 600 ppp) \/ Recto verso noir et blanc : 47 ipm (300 x 600 ppp) \/ Recto verso couleur : 27 ipm (300 x 600 ppp)<\/li>\n<li>Type de scanner : Vitre<\/li>\n<li>Chargeur papier (standard) : Cassette 250 feuilles\u00a0+ Chargeur automatique de documents de 50 feuilles + Alimentation manuelle 1\u00a0feuille<\/li>\n<li>Sortie papier : 100 feuilles<\/li>\n<li>Impression s\u00e9curis\u00e9e par code\u00a0PIN \/ V\u00e9rification du syst\u00e8me au d\u00e9marrage<\/li>\n<li>Connectivit\u00e9 :\u00a0<strong>USB 2.0 Haute Vitesse, Gigabit Ethernet, Wi-Fi b\/g\/n, connexion directe sans fil<\/strong><\/li>\n<\/ul>\n<\/section>\n","protected":false},"excerpt":{"rendered":"<p>Impression, copie et num\u00e9risation<br \/>\nVitesse d&#8217;impression noir: Recto : jusqu&#8217;\u00e0 21 ppm (A4) Jusqu&#8217;\u00e0 38 ppm (A5 &#8211; Paysage) Recto verso : jusqu&#8217;\u00e0 12,7 ipm (A4)<br \/>\nVitesse d&#8217;impression couleur: Recto : jusqu&#8217;\u00e0 21 ppm (A4) Jusqu&#8217;\u00e0 38 ppm (A5 &#8211; Paysage) Recto verso : jusqu&#8217;\u00e0 12,7 ipm (A4)<br \/>\nQualit\u00e9 d&#8217;impression noire: Jusqu&#8217;\u00e0 1200 \u00d7 1200 ppp<br \/>\nQualit\u00e9 d&#8217;impression couleur: Jusqu&#8217;\u00e0 1200 \u00d7 1200 ppp<br \/>\nVolume de pages mensuel recommand\u00e9: 250 \u00e0 2500 pages par mois<br \/>\nImpression recto\/verso: Automatique<br \/>\nFonctionne avec: 4 toners\u00a0( Noir, Cyan, Magenta, Jaune)<br \/>\nConnectivit\u00e9: USB 2.0 Haute Vitesse, 10BASE-T\/100BASE-TX\/1000Base-T, Wi-Fi, connexion directe sans fil<br \/>\nEncres fournies avec l&#8217;imprimante: 4 cartouches de toner de d\u00e9marrage (1x noir et 1x cyan, magenta et jaune)<\/p>\n","protected":false},"featured_media":10526,"comment_status":"open","ping_status":"closed","template":"","meta":{"_acf_changed":false,"_monsterinsights_skip_tracking":false,"_monsterinsights_sitenote_active":false,"_monsterinsights_sitenote_note":"","_monsterinsights_sitenote_category":0,"_uf_show_specific_survey":0,"_uf_disable_surveys":false,"_joinchat":[]},"product_brand":[],"product_cat":[15,253,268],"product_tag":[],"class_list":{"0":"post-10513","1":"product","2":"type-product","3":"status-publish","4":"has-post-thumbnail","6":"product_cat-imprimante-scanner","7":"product_cat-imprimante","8":"product_cat-multifonction-laser-couleur","10":"first","11":"outofstock","12":"sale","13":"shipping-taxable","14":"purchasable","15":"product-type-simple"},"acf":[],"jetpack_sharing_enabled":true,"_links":{"self":[{"href":"https:\/\/digistar.ma\/index.php?rest_route=\/wp\/v2\/product\/10513","targetHints":{"allow":["GET"]}}],"collection":[{"href":"https:\/\/digistar.ma\/index.php?rest_route=\/wp\/v2\/product"}],"about":[{"href":"https:\/\/digistar.ma\/index.php?rest_route=\/wp\/v2\/types\/product"}],"replies":[{"embeddable":true,"href":"https:\/\/digistar.ma\/index.php?rest_route=%2Fwp%2Fv2%2Fcomments&post=10513"}],"version-history":[{"count":3,"href":"https:\/\/digistar.ma\/index.php?rest_route=\/wp\/v2\/product\/10513\/revisions"}],"predecessor-version":[{"id":17012,"href":"https:\/\/digistar.ma\/index.php?rest_route=\/wp\/v2\/product\/10513\/revisions\/17012"}],"wp:featuredmedia":[{"embeddable":true,"href":"https:\/\/digistar.ma\/index.php?rest_route=\/wp\/v2\/media\/10526"}],"wp:attachment":[{"href":"https:\/\/digistar.ma\/index.php?rest_route=%2Fwp%2Fv2%2Fmedia&parent=10513"}],"wp:term":[{"taxonomy":"product_brand","embeddable":true,"href":"https:\/\/digistar.ma\/index.php?rest_route=%2Fwp%2Fv2%2Fproduct_brand&post=10513"},{"taxonomy":"product_cat","embeddable":true,"href":"https:\/\/digistar.ma\/index.php?rest_route=%2Fwp%2Fv2%2Fproduct_cat&post=10513"},{"taxonomy":"product_tag","embeddable":true,"href":"https:\/\/digistar.ma\/index.php?rest_route=%2Fwp%2Fv2%2Fproduct_tag&post=10513"}],"curies":[{"name":"wp","href":"https:\/\/api.w.org\/{rel}","templated":true}]}}