{"id":10518,"date":"2024-02-03T23:27:18","date_gmt":"2024-02-03T23:27:18","guid":{"rendered":"https:\/\/digistar.ma\/?post_type=product&#038;p=10518"},"modified":"2024-02-03T23:27:19","modified_gmt":"2024-02-03T23:27:19","slug":"imprimante-multifonction-laser-monochrome-canon-i-sensys-mf461dw","status":"publish","type":"product","link":"https:\/\/digistar.ma\/?product=imprimante-multifonction-laser-monochrome-canon-i-sensys-mf461dw","title":{"rendered":"Imprimante Multifonction Laser Monochrome Canon i-SENSYS MF461DW"},"content":{"rendered":"<h3>Imprimante Multifonction Laser Monochrome Canon i-SENSYS MF461DW<\/h3>\n<p>Avec les imprimantes laser noir et blanc multifonctions de la s\u00e9rie i-SENSYS MF460, b\u00e9n\u00e9ficiez d&#8217;une s\u00e9curit\u00e9 renforc\u00e9e associ\u00e9e \u00e0 des impressions et num\u00e9risations rapides et de qualit\u00e9.<\/p>\n<div class=\"heading-simple shared-styles__separator-tb-xm canon-bg--grey-lightest\" dir=\"ltr\">\n<div class=\"container\">\n<div class=\"heading-simple__wrapper heading-simple__wrapper--center\">\n<h2 class=\"heading-simple__heading canon-mb-xxs canon-h2--big text-center\">Rationalisez vos flux de travail et gagnez en efficacit\u00e9<\/h2>\n<div class=\"heading-simple__paragraph canon-paragraph--large canon-mb-xxs text-center\">Avec la s\u00e9rie i-SENSYS\u00a0MF460, aidez vos employ\u00e9s \u00e0 \u00e9conomiser un temps pr\u00e9cieux et \u00e0 am\u00e9liorer leur productivit\u00e9. B\u00e9n\u00e9ficiez d&#8217;impressions et de num\u00e9risations rapides et prot\u00e9gez facilement vos appareils contre le piratage et les virus.<\/div>\n<\/div>\n<\/div>\n<\/div>\n<div id=\"id_2292404\"><\/div>\n<section class=\"block-flex-multi-text\">\n<div class=\"canon-bg--white\">\n<div class=\"container-large\">\n<div class=\"block-flex-multi-text__wrapper\" dir=\"ltr\">\n<div class=\"block-flex-multi-text__content-wrapper canon-mr-xxs canon-ml-xxs  shared-styles__separator-tb-s\">\n<div class=\"block-flex-multi-text__align shared-styles__separator-tb-xxs\">\n<h2 class=\"block-flex-multi-text__title canon-h1--small canon-mb-xs canon-color--grey-darkest\">Prot\u00e9gez vos documents<\/h2>\n<p class=\"block-flex-multi-text__text canon-paragraph--big canon-mb-xxs canon-color--grey-darkest\">Des fonctions de s\u00e9curit\u00e9 compl\u00e8tes assurent une protection optimale des documents, des p\u00e9riph\u00e9riques et du r\u00e9seau. Les fonctionnalit\u00e9s incluent le protocole TLS\u00a01.3, la v\u00e9rification du syst\u00e8me au d\u00e9marrage et l&#8217;impression s\u00e9curis\u00e9e par code\u00a0PIN.<\/p>\n<\/div>\n<div class=\"block-flex-multi-text__align shared-styles__separator-tb-xxs\">\n<h2 class=\"block-flex-multi-text__title canon-h1--small canon-mb-xs canon-color--grey-darkest\">Exp\u00e9rience utilisateur intuitive<\/h2>\n<p class=\"block-flex-multi-text__text canon-paragraph--big canon-mb-xxs canon-color--grey-darkest\">Ex\u00e9cutez facilement vos travaux d&#8217;impression et de num\u00e9risation \u00e0 l&#8217;aide de fonctions accessibles d&#8217;une seule touche. Gr\u00e2ce aux ic\u00f4nes de type glisser-d\u00e9poser, personnalisez l&#8217;affichage et effectuez vos t\u00e2ches de routine en toute simplicit\u00e9.<\/p>\n<\/div>\n<div class=\"block-flex-multi-text__align shared-styles__separator-tb-xxs\">\n<h2 class=\"block-flex-multi-text__title canon-h1--small canon-mb-xs canon-color--grey-darkest\">Am\u00e9liorez la productivit\u00e9<\/h2>\n<p class=\"block-flex-multi-text__text canon-paragraph--big canon-mb-xxs canon-color--grey-darkest\">Gagnez un temps pr\u00e9cieux avec des vitesses d&#8217;impression atteignant 40\u00a0ppm, des vitesses de num\u00e9risation maximales de 100\u00a0ppm et un temps de pr\u00e9chauffage de 14\u00a0secondes. G\u00e9rez votre imprimante \u00e0 l&#8217;aide de la solution d&#8217;impression universelle de Microsoft.<\/p>\n<\/div>\n<\/div>\n<div class=\"block-flex-multi-text__img-wrapper block-flex-multi-text__img-wrapper--border shared-styles__separator-tb-s\"><picture class=\"block-flex-multi-text__img canon-amplience canon-amplience__lazy  \"><source class=\"canon-amplience__image lazy\" srcset=\"\/\/i1.adis.ws\/i\/canon\/i-sensys-mf465dw-fsl_key-proposition_01_dcd58d643c55436e94a302296b7f8c8a?$block-multitext-1by1-dt$\" type=\"image\/webp\" media=\"(min-width: 1440px)\" data-srcset=\"\/\/i1.adis.ws\/i\/canon\/i-sensys-mf465dw-fsl_key-proposition_01_dcd58d643c55436e94a302296b7f8c8a?$block-multitext-1by1-dt$\" \/><source class=\"canon-amplience__image lazy\" srcset=\"\/\/i1.adis.ws\/i\/canon\/i-sensys-mf465dw-fsl_key-proposition_01_dcd58d643c55436e94a302296b7f8c8a?$block-multitext-1by1-dt$\" type=\"image\/webp\" media=\"(min-width: 1200px)\" data-srcset=\"\/\/i1.adis.ws\/i\/canon\/i-sensys-mf465dw-fsl_key-proposition_01_dcd58d643c55436e94a302296b7f8c8a?$block-multitext-1by1-dt$\" \/><source class=\"canon-amplience__image lazy\" srcset=\"\/\/i1.adis.ws\/i\/canon\/i-sensys-mf465dw-fsl_key-proposition_01_dcd58d643c55436e94a302296b7f8c8a?$block-multitext-1by1-tb$\" type=\"image\/webp\" media=\"(min-width: 769px)\" data-srcset=\"\/\/i1.adis.ws\/i\/canon\/i-sensys-mf465dw-fsl_key-proposition_01_dcd58d643c55436e94a302296b7f8c8a?$block-multitext-1by1-tb$\" \/><source class=\"canon-amplience__image lazy\" srcset=\"\/\/i1.adis.ws\/i\/canon\/i-sensys-mf465dw-fsl_key-proposition_01_dcd58d643c55436e94a302296b7f8c8a?$block-multitext-1by1-mb$\" type=\"image\/webp\" media=\"(min-width: 0)\" data-srcset=\"\/\/i1.adis.ws\/i\/canon\/i-sensys-mf465dw-fsl_key-proposition_01_dcd58d643c55436e94a302296b7f8c8a?$block-multitext-1by1-mb$\" \/><img decoding=\"async\" class=\"canon-amplience__image lazy placeholder--one-by-one entered loaded\" src=\"https:\/\/i1.adis.ws\/i\/canon\/i-sensys-mf465dw-fsl_key-proposition_01_dcd58d643c55436e94a302296b7f8c8a?$block-multitext-1by1-dt-jpg$\" srcset=\"\/\/i1.adis.ws\/i\/canon\/i-sensys-mf465dw-fsl_key-proposition_01_dcd58d643c55436e94a302296b7f8c8a?$block-multitext-1by1-dt-jpg$\" data-srcset=\"\/\/i1.adis.ws\/i\/canon\/i-sensys-mf465dw-fsl_key-proposition_01_dcd58d643c55436e94a302296b7f8c8a?$block-multitext-1by1-dt-jpg$\" data-src=\"\/\/i1.adis.ws\/i\/canon\/i-sensys-mf465dw-fsl_key-proposition_01_dcd58d643c55436e94a302296b7f8c8a?$block-multitext-1by1-dt-jpg$\" data-ll-status=\"loaded\" \/><\/picture><\/div>\n<\/div>\n<\/div>\n<\/div>\n<\/section>\n<div id=\"id_2292405\"><\/div>\n<section class=\"block-flex-multi-text\">\n<div class=\"canon-bg--white\">\n<div class=\"container-large\">\n<div class=\"block-flex-multi-text__wrapper\" dir=\"ltr\">\n<div class=\"block-flex-multi-text__content-wrapper canon-mr-xxs canon-ml-xxs block-flex-multi-text__content-wrapper--order shared-styles__separator-tb-s\">\n<div class=\"block-flex-multi-text__align shared-styles__separator-tb-xxs\">\n<h2 class=\"block-flex-multi-text__title canon-h1--small canon-mb-xs canon-color--grey-darkest\">Collaborez dans le cloud<\/h2>\n<p class=\"block-flex-multi-text__text canon-paragraph--big canon-mb-xxs canon-color--grey-darkest\">Exploitez la puissance du cloud, gr\u00e2ce \u00e0 la connectivit\u00e9 int\u00e9gr\u00e9e aux services de stockage dans le cloud, notamment Google\u00a0Drive, Dropbox et OneDrive.<\/p>\n<\/div>\n<div class=\"block-flex-multi-text__align shared-styles__separator-tb-xxs\">\n<h2 class=\"block-flex-multi-text__title canon-h1--small canon-mb-xs canon-color--grey-darkest\">Lib\u00e9rez de l&#8217;espace<\/h2>\n<p class=\"block-flex-multi-text__text canon-paragraph--big canon-mb-xxs canon-color--grey-darkest\">Gr\u00e2ce \u00e0 leur format compact, vous pouvez placer vos appareils sur des bureaux ou des comptoirs, optimisant ainsi l&#8217;espace de travail.<\/p>\n<\/div>\n<div class=\"block-flex-multi-text__align shared-styles__separator-tb-xxs\">\n<h2 class=\"block-flex-multi-text__title canon-h1--small canon-mb-xs canon-color--grey-darkest\">Impression mobile<\/h2>\n<p class=\"block-flex-multi-text__text canon-paragraph--big canon-mb-xxs canon-color--grey-darkest\">Imprimez facilement des documents depuis votre smartphone ou votre tablette avec l&#8217;application Canon\u00a0PRINT\u00a0Business ou via AirPrint (iOS) et Mopria (Android).<\/p>\n<\/div>\n<h3><a href=\"https:\/\/digistar.ma\/wp-content\/uploads\/2024\/02\/i-sensys-mf461dw_i-sensys-mf463dw_i-sensys-mf465dw_datasheet_fr_final_hr_8bf4db21cff348cf8fca57460c19d459.pdf\">FICHE TECHNIQUE Imprimante Multifonction Laser Monochrome Canon i-SENSYS MF461DW\u00a0<\/a><\/h3>\n<\/div>\n<\/div>\n<\/div>\n<\/div>\n<\/section>\n","protected":false},"excerpt":{"rendered":"<p>Impression, copie et num\u00e9risation<br \/>\nVitesse d&#8217;impression noir: Recto verso : jusqu&#8217;\u00e0 36 ppm (A4) ; jusqu&#8217;\u00e0 58,8 ppm (A5-Paysage)<br \/>\nRecto verso : jusqu&#8217;\u00e0 30,2 ipm (A4)<br \/>\nQualit\u00e9 d&#8217;impression noire: Jusqu&#8217;\u00e0 1200 \u00d7 1200 ppp<br \/>\nVolume de pages mensuel recommand\u00e9: 750 \u00e0 4000 pages par mois<br \/>\nImpression recto\/verso: Automatique<br \/>\nFonctionne avec: 1 Cartouche de toner\u00a0(noire)<br \/>\nConnectivit\u00e9: USB 2.0 Haute Vitesse, 10BASE-T\/100BASE-TX\/1000Base-T, Wi-Fi, connexion directe sans fil<\/p>\n","protected":false},"featured_media":10520,"comment_status":"open","ping_status":"closed","template":"","meta":{"_acf_changed":false,"_monsterinsights_skip_tracking":false,"_monsterinsights_sitenote_active":false,"_monsterinsights_sitenote_note":"","_monsterinsights_sitenote_category":0,"_uf_show_specific_survey":0,"_uf_disable_surveys":false,"_joinchat":[]},"product_brand":[],"product_cat":[15,253,271],"product_tag":[],"class_list":{"0":"post-10518","1":"product","2":"type-product","3":"status-publish","4":"has-post-thumbnail","6":"product_cat-imprimante-scanner","7":"product_cat-imprimante","8":"product_cat-multifonction-laser-monochrome","10":"first","11":"instock","12":"sale","13":"shipping-taxable","14":"purchasable","15":"product-type-simple"},"acf":[],"jetpack_sharing_enabled":true,"_links":{"self":[{"href":"https:\/\/digistar.ma\/index.php?rest_route=\/wp\/v2\/product\/10518","targetHints":{"allow":["GET"]}}],"collection":[{"href":"https:\/\/digistar.ma\/index.php?rest_route=\/wp\/v2\/product"}],"about":[{"href":"https:\/\/digistar.ma\/index.php?rest_route=\/wp\/v2\/types\/product"}],"replies":[{"embeddable":true,"href":"https:\/\/digistar.ma\/index.php?rest_route=%2Fwp%2Fv2%2Fcomments&post=10518"}],"version-history":[{"count":1,"href":"https:\/\/digistar.ma\/index.php?rest_route=\/wp\/v2\/product\/10518\/revisions"}],"predecessor-version":[{"id":10525,"href":"https:\/\/digistar.ma\/index.php?rest_route=\/wp\/v2\/product\/10518\/revisions\/10525"}],"wp:featuredmedia":[{"embeddable":true,"href":"https:\/\/digistar.ma\/index.php?rest_route=\/wp\/v2\/media\/10520"}],"wp:attachment":[{"href":"https:\/\/digistar.ma\/index.php?rest_route=%2Fwp%2Fv2%2Fmedia&parent=10518"}],"wp:term":[{"taxonomy":"product_brand","embeddable":true,"href":"https:\/\/digistar.ma\/index.php?rest_route=%2Fwp%2Fv2%2Fproduct_brand&post=10518"},{"taxonomy":"product_cat","embeddable":true,"href":"https:\/\/digistar.ma\/index.php?rest_route=%2Fwp%2Fv2%2Fproduct_cat&post=10518"},{"taxonomy":"product_tag","embeddable":true,"href":"https:\/\/digistar.ma\/index.php?rest_route=%2Fwp%2Fv2%2Fproduct_tag&post=10518"}],"curies":[{"name":"wp","href":"https:\/\/api.w.org\/{rel}","templated":true}]}}