{"id":10528,"date":"2024-02-03T23:50:54","date_gmt":"2024-02-03T23:50:54","guid":{"rendered":"https:\/\/digistar.ma\/?post_type=product&#038;p=10528"},"modified":"2024-02-03T23:53:33","modified_gmt":"2024-02-03T23:53:33","slug":"imprimante-multifonction-laser-monochrome-canon-i-sensys-mf465dw","status":"publish","type":"product","link":"https:\/\/digistar.ma\/?product=imprimante-multifonction-laser-monochrome-canon-i-sensys-mf465dw","title":{"rendered":"Imprimante Multifonction Laser Monochrome Canon i-SENSYS MF465DW"},"content":{"rendered":"<h3>Imprimante Multifonction Laser Monochrome Canon i-SENSYS MF465DW<\/h3>\n<div id=\"ccs-ksp\">\n<div class=\"ccs-ds-textKsp\">\n<ul>\n<li>Rationaliser les flux de travail et acc\u00e9l\u00e9rer l&#8217;efficacit\u00e9<\/li>\n<li>Prot\u00e9ger les documents<\/li>\n<li>Exp\u00e9rience utilisateur intuitive<\/li>\n<li>Stimuler la productivit\u00e9<\/li>\n<li>Collaborer dans le nuage<\/li>\n<li>Gagner de l&#8217;espace<\/li>\n<li>Impression mobile<\/li>\n<\/ul>\n<\/div>\n<\/div>\n<div class=\"ccs-ds-textFeatures\">\n<h3>Rationalisez les flux de travail et acc\u00e9l\u00e9rez l&#8217;efficacit\u00e9<\/h3>\n<p>La s\u00e9rie i-SENSYS MF460 permet \u00e0 votre personnel de gagner un temps pr\u00e9cieux et d&#8217;augmenter sa productivit\u00e9. B\u00e9n\u00e9ficiez d&#8217;une impression et d&#8217;une num\u00e9risation rapides et prot\u00e9gez facilement vos appareils contre le piratage et les menaces virales.<\/p>\n<h3>Prot\u00e9gez vos documents<\/h3>\n<p>La s\u00e9curit\u00e9 \u00e0 360 degr\u00e9s garantit une s\u00e9curit\u00e9 totale des documents, des p\u00e9riph\u00e9riques et du r\u00e9seau. Les fonctions de s\u00e9curit\u00e9 incluent TLS1.3, la v\u00e9rification du syst\u00e8me au d\u00e9marrage et l&#8217;impression s\u00e9curis\u00e9e par code PIN.<\/p>\n<h3>Exp\u00e9rience utilisateur intuitive<\/h3>\n<p>Ex\u00e9cutez facilement vos travaux d&#8217;impression et de num\u00e9risation \u00e0 l&#8217;aide de boutons \u00e0 simple pression. Des ic\u00f4nes \u00e0 glisser-d\u00e9poser permettent de personnaliser l&#8217;\u00e9cran d&#8217;affichage et d&#8217;effectuer des t\u00e2ches de routine en douceur.<\/p>\n<h3>Augmentez votre productivit\u00e9 Imprimante Multifonction Laser Monochrome Canon i-SENSYS MF465DW<\/h3>\n<p>Gagnez un temps pr\u00e9cieux avec des vitesses d&#8217;impression allant jusqu&#8217;\u00e0 40 ppm, des vitesses de num\u00e9risation allant jusqu&#8217;\u00e0 100 ppm et un temps de pr\u00e9chauffage de 14 secondes. G\u00e9rez votre imprimante \u00e0 l&#8217;aide d&#8217;Universal Print de Microsoft.<\/p>\n<h3>Collaborez dans le nuage<\/h3>\n<p>Exploitez la puissance du cloud gr\u00e2ce \u00e0 la connectivit\u00e9 int\u00e9gr\u00e9e aux services de stockage sur le cloud, notamment Google Drive, DropBox et OneDrive.<\/p>\n<h3>Gagner de l&#8217;espace<\/h3>\n<p>Un design compact vous permet de placer facilement les appareils sur les bureaux ou les comptoirs, optimisant ainsi l&#8217;espace du bureau.<\/p>\n<h3>Impression mobile<\/h3>\n<p>Imprimez commod\u00e9ment des documents depuis votre smartphone ou votre tablette avec l&#8217;application Canon PRINT Business, ou via AirPrint (iOS) et Mopria (Android).<\/p>\n<\/div>\n","protected":false},"excerpt":{"rendered":"<p>Impression, num\u00e9risation, copie et t\u00e9l\u00e9copie<br \/>\nVitesse d&#8217;impression noir: Recto verso : jusqu&#8217;\u00e0 40 ppm (A4) ; jusqu&#8217;\u00e0 65,4 ppm (A5-Paysage)<br \/>\nRecto verso : jusqu&#8217;\u00e0 33,6 ipm (A4)<br \/>\nQualit\u00e9 d&#8217;impression noire: Jusqu&#8217;\u00e0 1200 \u00d7 1200 ppp<br \/>\nVolume de pages mensuel recommand\u00e9: 750 \u00e0 4000 pages par mois<br \/>\nImpression recto\/verso: Automatique<br \/>\nFonctionne avec: 1 Cartouche de toner (noire)<br \/>\nConnectivit\u00e9: USB 2.0 Haute Vitesse, 10BASE-T\/100BASE-TX\/1000Base-T, Wi-Fi, connexion directe sans fil<br \/>\nEncres fournies avec l&#8217;imprimante: 1 cartouche de toner noir<\/p>\n","protected":false},"featured_media":10535,"comment_status":"open","ping_status":"closed","template":"","meta":{"_acf_changed":false,"_monsterinsights_skip_tracking":false,"_monsterinsights_sitenote_active":false,"_monsterinsights_sitenote_note":"","_monsterinsights_sitenote_category":0,"_uf_show_specific_survey":0,"_uf_disable_surveys":false,"_joinchat":[]},"product_brand":[],"product_cat":[15,253,271],"product_tag":[],"class_list":{"0":"post-10528","1":"product","2":"type-product","3":"status-publish","4":"has-post-thumbnail","6":"product_cat-imprimante-scanner","7":"product_cat-imprimante","8":"product_cat-multifonction-laser-monochrome","10":"first","11":"instock","12":"sale","13":"shipping-taxable","14":"purchasable","15":"product-type-simple"},"acf":[],"jetpack_sharing_enabled":true,"_links":{"self":[{"href":"https:\/\/digistar.ma\/index.php?rest_route=\/wp\/v2\/product\/10528","targetHints":{"allow":["GET"]}}],"collection":[{"href":"https:\/\/digistar.ma\/index.php?rest_route=\/wp\/v2\/product"}],"about":[{"href":"https:\/\/digistar.ma\/index.php?rest_route=\/wp\/v2\/types\/product"}],"replies":[{"embeddable":true,"href":"https:\/\/digistar.ma\/index.php?rest_route=%2Fwp%2Fv2%2Fcomments&post=10528"}],"version-history":[{"count":1,"href":"https:\/\/digistar.ma\/index.php?rest_route=\/wp\/v2\/product\/10528\/revisions"}],"predecessor-version":[{"id":10534,"href":"https:\/\/digistar.ma\/index.php?rest_route=\/wp\/v2\/product\/10528\/revisions\/10534"}],"wp:featuredmedia":[{"embeddable":true,"href":"https:\/\/digistar.ma\/index.php?rest_route=\/wp\/v2\/media\/10535"}],"wp:attachment":[{"href":"https:\/\/digistar.ma\/index.php?rest_route=%2Fwp%2Fv2%2Fmedia&parent=10528"}],"wp:term":[{"taxonomy":"product_brand","embeddable":true,"href":"https:\/\/digistar.ma\/index.php?rest_route=%2Fwp%2Fv2%2Fproduct_brand&post=10528"},{"taxonomy":"product_cat","embeddable":true,"href":"https:\/\/digistar.ma\/index.php?rest_route=%2Fwp%2Fv2%2Fproduct_cat&post=10528"},{"taxonomy":"product_tag","embeddable":true,"href":"https:\/\/digistar.ma\/index.php?rest_route=%2Fwp%2Fv2%2Fproduct_tag&post=10528"}],"curies":[{"name":"wp","href":"https:\/\/api.w.org\/{rel}","templated":true}]}}