{"id":10543,"date":"2024-02-04T14:01:16","date_gmt":"2024-02-04T14:01:16","guid":{"rendered":"https:\/\/digistar.ma\/?post_type=product&#038;p=10543"},"modified":"2024-02-04T14:01:16","modified_gmt":"2024-02-04T14:01:16","slug":"hp-p204v-ecran-19-5-pouces-hd-plus-5rd66as","status":"publish","type":"product","link":"https:\/\/digistar.ma\/?product=hp-p204v-ecran-19-5-pouces-hd-plus-5rd66as","title":{"rendered":"HP P204v \u00c9cran 19.5 pouces HD plus 5RD66AS"},"content":{"rendered":"<h3>HP P204v \u00c9cran 19.5 pouces HD plus 5RD66AS<\/h3>\n<h2 class=\"h2-master\">Un moniteur simple et efficace<\/h2>\n<section>Gagnez en productivit\u00e9 avec le\u00a0<strong>moniteur HP P204<\/strong>\u00a0et ses fonctionnalit\u00e9s essentielles du quotidien. Une dalle TN de 19.5 pouces au temps de r\u00e9ponse de 5 ms, un traitement anti-reflets et un r\u00e9tro-\u00e9clairage LED ainsi qu&#8217;une connectique riche pour tous vos branchements sont autant d&#8217;atouts que met \u00e0 votre disposition cet \u00e9cran pour un prix abordable.<\/p>\n<\/section>\n<section>\n<div class=\"desc-image\"><img decoding=\"async\" src=\"https:\/\/media.ldlc.com\/bo\/images\/fiches\/moniteur%20led\/hp\/p204\/4.jpg\" alt=\"\" \/><\/div>\n<div class=\"desc-text\">\n<h2>UN \u00c9CRAN AGR\u00c9ABLE AU QUOTIDIEN<\/h2>\n<p>La\u00a0<strong>dalle TN<\/strong>\u00a0de cet \u00e9cran apporte une bonne clart\u00e9 \u00e0 vos documents gr\u00e2ce \u00e0 sa r\u00e9solution de 1600 x 900. Son bloc d&#8217;alimentation int\u00e9gr\u00e9 combin\u00e9 \u00e0 un format compact vous permet\u00a0de gagner de l&#8217;espace et ainsi b\u00e9n\u00e9ficier d&#8217;un environnement de travail propre. Embarquant la connectique couramment utilis\u00e9e (<strong>HDMI, DisplayPort et VGA<\/strong>), il vous sera ais\u00e9 de cr\u00e9er une configuration personnalis\u00e9e.<\/p>\n<p>Inclinable selon votre souhait pour plus de confort\u00a0(+5 \/ &#8211; 25 degr\u00e9s) cet \u00e9cran deviendra rapidement votre partenaire de travail id\u00e9al pour vos t\u00e2ches multim\u00e9dia courantes.<\/p>\n<\/div>\n<\/section>\n<section class=\"list\">\n<h2>PRINCIPALES CARACT\u00c9RISTIQUES :<\/h2>\n<ul>\n<li>Ecran de 19.5\u00a0pouces\u00a0<strong>anti-reflets<\/strong>\u00a0avec r\u00e9solution\u00a0<strong>HD+<\/strong>\u00a0(1600 x 900)<\/li>\n<li>Dalle TN avec temps de r\u00e9ponse de 5 ms<\/li>\n<li>Couleurs riches avec un contraste dynamique de 5 000 000:1 (typique 1000:1)<\/li>\n<li>Connecteur analogique VGA\u00a0+ connecteurs num\u00e9riques\u00a0<strong>HDMI<\/strong>\u00a0et\u00a0<strong>DisplayPort\u00a0<\/strong>(1.2)<\/li>\n<li>Faible consommation d&#8217;\u00e9nergie (18 W) et alimentation interne<\/li>\n<\/ul>\n<\/section>\n","protected":false},"excerpt":{"rendered":"<p>Taille de l&#8217;\u00e9cran : 19,5&#8243; pouces (49,6 cm) &#8211; Format 16:9<br \/>\nCourbure de l&#8217;\u00e9cran: Plat<br \/>\nType de Dalle: TN avec r\u00e9tro\u00e9clairage LED &#8211; R\u00e9tro\u00e9clairage: TN avec r\u00e9tro\u00e9clairage LED<br \/>\nR\u00e9solution: HD+ (1600 x 900)<br \/>\nTemps de r\u00e9ponse: 5ms GtG (avec surcharge)<br \/>\nConnecteurs d&#8217;entr\u00e9e: VGA, HDMI<br \/>\nR\u00e9glages de la position de l&#8217;\u00e9cran: Inclinaison:-5 \u00e0 +25 \u00b0<\/p>\n","protected":false},"featured_media":10544,"comment_status":"open","ping_status":"closed","template":"","meta":{"_acf_changed":false,"_monsterinsights_skip_tracking":false,"_monsterinsights_sitenote_active":false,"_monsterinsights_sitenote_note":"","_monsterinsights_sitenote_category":0,"_uf_show_specific_survey":0,"_uf_disable_surveys":false,"_joinchat":[]},"product_brand":[],"product_cat":[259,239],"product_tag":[],"class_list":{"0":"post-10543","1":"product","2":"type-product","3":"status-publish","4":"has-post-thumbnail","6":"product_cat-ecran-pc","7":"product_cat-ecran-moniteur","9":"first","10":"instock","11":"sale","12":"shipping-taxable","13":"purchasable","14":"product-type-simple"},"acf":[],"jetpack_sharing_enabled":true,"_links":{"self":[{"href":"https:\/\/digistar.ma\/index.php?rest_route=\/wp\/v2\/product\/10543","targetHints":{"allow":["GET"]}}],"collection":[{"href":"https:\/\/digistar.ma\/index.php?rest_route=\/wp\/v2\/product"}],"about":[{"href":"https:\/\/digistar.ma\/index.php?rest_route=\/wp\/v2\/types\/product"}],"replies":[{"embeddable":true,"href":"https:\/\/digistar.ma\/index.php?rest_route=%2Fwp%2Fv2%2Fcomments&post=10543"}],"version-history":[{"count":1,"href":"https:\/\/digistar.ma\/index.php?rest_route=\/wp\/v2\/product\/10543\/revisions"}],"predecessor-version":[{"id":10549,"href":"https:\/\/digistar.ma\/index.php?rest_route=\/wp\/v2\/product\/10543\/revisions\/10549"}],"wp:featuredmedia":[{"embeddable":true,"href":"https:\/\/digistar.ma\/index.php?rest_route=\/wp\/v2\/media\/10544"}],"wp:attachment":[{"href":"https:\/\/digistar.ma\/index.php?rest_route=%2Fwp%2Fv2%2Fmedia&parent=10543"}],"wp:term":[{"taxonomy":"product_brand","embeddable":true,"href":"https:\/\/digistar.ma\/index.php?rest_route=%2Fwp%2Fv2%2Fproduct_brand&post=10543"},{"taxonomy":"product_cat","embeddable":true,"href":"https:\/\/digistar.ma\/index.php?rest_route=%2Fwp%2Fv2%2Fproduct_cat&post=10543"},{"taxonomy":"product_tag","embeddable":true,"href":"https:\/\/digistar.ma\/index.php?rest_route=%2Fwp%2Fv2%2Fproduct_tag&post=10543"}],"curies":[{"name":"wp","href":"https:\/\/api.w.org\/{rel}","templated":true}]}}