{"id":10555,"date":"2024-02-04T14:45:57","date_gmt":"2024-02-04T14:45:57","guid":{"rendered":"https:\/\/digistar.ma\/?post_type=product&#038;p=10555"},"modified":"2025-10-18T15:58:58","modified_gmt":"2025-10-18T15:58:58","slug":"dell-e2423h-ecran-24-pouces-full-hd-e2423h-3y","status":"publish","type":"product","link":"https:\/\/digistar.ma\/?product=dell-e2423h-ecran-24-pouces-full-hd-e2423h-3y","title":{"rendered":"Dell E2423H \u00c9cran 24 pouces Full HD E2423H-3Y"},"content":{"rendered":"<h3>Dell E2423H \u00c9cran 24 pouces Full HD E2423H-3Y<\/h3>\n<div class=\"pd-feature-wrap SingleCopyOnly\">\n<div class=\"pd-feature-item\">\n<div class=\"pd-content-wrap\">\n<h2 class=\"pd-bottom-title\">L\u2019essentiel pour accro\u00eetre votre productivit\u00e9<\/h2>\n<div class=\"pd-item-desc\"><b>Grand angle de vue\u00a0:<\/b>\u00a0Visualisez votre travail avec une clart\u00e9 FHD et b\u00e9n\u00e9ficiez de vues homog\u00e8nes sur un grand angle de vue de 178\u00b0\/178\u00b0.<\/p>\n<p><b>Images nettes\u00a0:<\/b>\u00a0B\u00e9n\u00e9ficiez d\u2019un taux de contraste impressionnant de 3 000:1 pour des noirs plus profonds, des blancs plus clairs et des couleurs vives.<\/p>\n<p><b>Confort visuel\u00a0:<\/b>\u00a0Cet \u00e9cran sans scintillement int\u00e8gre la fonctionnalit\u00e9 logicielle ComfortView qui filtre les \u00e9missions de lumi\u00e8re bleue nocive. Il est con\u00e7u pour optimiser le confort visuel m\u00eame pendant une p\u00e9riode prolong\u00e9e.<\/p>\n<p><a href=\"https:\/\/www.delltechnologies.com\/asset\/fr-fr\/products\/electronics-and-accessories\/technical-support\/dell-24-monitor-e2423h-datasheet.pdf\" target=\"_blank\" rel=\"noopener\">T\u00e9l\u00e9charger la brochure<\/a><\/div>\n<\/div>\n<\/div>\n<\/div>\n<div class=\"pd-feature-wrap SingleImageOnly\">\n<div class=\"pd-feature-item\">\n<div class=\"pd-media-container\">\n<div class=\"pd-item-image-wrap\"><picture><source srcset=\"https:\/\/i.dell.com\/is\/image\/DellContent\/content\/dam\/ss2\/product-images\/dell-client-products\/peripherals\/monitors\/e-series\/e2423h\/pdp\/monitor-e2423h-responsive-pdp-mod02.psd?wid=432&amp;hei=175&amp;fmt=png-alpha&amp;qlt=100%2c0&amp;op_usm=1.75%2c0.3%2c2%2c0&amp;resMode=sharp2&amp;pscan=auto&amp;fit=constrain%2c1&amp;align=0%2c0\" media=\"(max-width: 432px)\" \/><source srcset=\"https:\/\/i.dell.com\/is\/image\/DellContent\/content\/dam\/ss2\/product-images\/dell-client-products\/peripherals\/monitors\/e-series\/e2423h\/pdp\/monitor-e2423h-responsive-pdp-mod02.psd?wid=726&amp;hei=294&amp;fmt=png-alpha&amp;qlt=100%2c0&amp;op_usm=1.75%2c0.3%2c2%2c0&amp;resMode=sharp2&amp;pscan=auto&amp;fit=constrain%2c1&amp;align=0%2c0\" media=\"(max-width: 767px)\" \/><source srcset=\"https:\/\/i.dell.com\/is\/image\/DellContent\/content\/dam\/ss2\/product-images\/dell-client-products\/peripherals\/monitors\/e-series\/e2423h\/pdp\/monitor-e2423h-responsive-pdp-mod02.psd?wid=1100&amp;hei=445&amp;fmt=png-alpha&amp;qlt=100%2c0&amp;op_usm=1.75%2c0.3%2c2%2c0&amp;resMode=sharp2&amp;pscan=auto&amp;fit=constrain%2c1&amp;align=0%2c0\" media=\"(max-width: 1170px)\" \/><source srcset=\"https:\/\/i.dell.com\/is\/image\/DellContent\/content\/dam\/ss2\/product-images\/dell-client-products\/peripherals\/monitors\/e-series\/e2423h\/pdp\/monitor-e2423h-responsive-pdp-mod02.psd?wid=1900&amp;hei=769&amp;fmt=png-alpha&amp;qlt=100%2c0&amp;op_usm=1.75%2c0.3%2c2%2c0&amp;resMode=sharp2&amp;pscan=auto&amp;fit=constrain%2c1&amp;align=0%2c0\" media=\"(max-width: 1919px)\" \/><source srcset=\"https:\/\/i.dell.com\/is\/image\/DellContent\/content\/dam\/ss2\/product-images\/dell-client-products\/peripherals\/monitors\/e-series\/e2423h\/pdp\/monitor-e2423h-responsive-pdp-mod02.psd?wid=3840&amp;hei=1555&amp;fmt=png-alpha&amp;qlt=100%2c0&amp;op_usm=1.75%2c0.3%2c2%2c0&amp;resMode=sharp2&amp;pscan=auto&amp;fit=constrain%2c1&amp;align=0%2c0\" media=\"(min-width: 1920px)\" \/><img decoding=\"async\" class=\"u-max-full-width\" src=\"https:\/\/i.dell.com\/is\/image\/DellContent\/content\/dam\/ss2\/product-images\/dell-client-products\/peripherals\/monitors\/e-series\/e2423h\/pdp\/monitor-e2423h-responsive-pdp-mod02.psd?fmt=jpg&amp;wid=5000&amp;hei=2026&amp;fit=fit%2c1&amp;qlt=100%2c0\" alt=\"Conception fonctionnelle et compacte\" \/><\/picture><\/div>\n<\/div>\n<\/div>\n<\/div>\n<div class=\"pd-feature-wrap SingleCopyOnly\">\n<div class=\"pd-feature-item\">\n<div class=\"pd-content-wrap\">\n<h2 class=\"pd-bottom-title\">Conception fonctionnelle et compacte<\/h2>\n<div class=\"pd-item-desc\"><b>Connectivit\u00e9 ad\u00e9quate\u00a0:<\/b>\u00a0connectez-vous aux syst\u00e8mes existants via les ports\u00a0VGA et DP.<\/p>\n<p><b>Optimisez votre ordinateur de bureau\u00a0:<\/b>\u00a0r\u00e9duisez l\u2019encombrement gr\u00e2ce aux fonctionnalit\u00e9s peu encombrantes, comme un socle compact et une gestion des c\u00e2bles am\u00e9lior\u00e9e qui masque les c\u00e2bles tout en compl\u00e9tant n\u2019importe quel espace de travail.<\/p>\n<p><b>Conception simple et \u00e9pur\u00e9e\u00a0:<\/b>\u00a0la bordure fine apporte un aspect moderne.<\/p>\n<p><b>S\u2019adapte \u00e0 vos besoins\u00a0:<\/b>\u00a0cr\u00e9ez votre propre espace de travail avec des supports et des socles compatibles VESA.<\/div>\n<\/div>\n<\/div>\n<\/div>\n<div class=\"pd-feature-wrap TextRightImageLeft\">\n<div class=\"pd-feature-item\">\n<div class=\"pd-media-container\">\n<div class=\"pd-item-image-wrap\"><picture><source srcset=\"https:\/\/i.dell.com\/is\/image\/DellContent\/content\/dam\/ss2\/product-images\/dell-client-products\/peripherals\/monitors\/e-series\/e2423h\/pdp\/monitor-e2423h-responsive-pdp-mod03.psd?wid=432&amp;hei=431&amp;fmt=png-alpha&amp;qlt=100%2c0&amp;op_usm=1.75%2c0.3%2c2%2c0&amp;resMode=sharp2&amp;pscan=auto&amp;fit=constrain%2c1&amp;align=0%2c0\" media=\"(max-width: 432px)\" \/><source srcset=\"https:\/\/i.dell.com\/is\/image\/DellContent\/content\/dam\/ss2\/product-images\/dell-client-products\/peripherals\/monitors\/e-series\/e2423h\/pdp\/monitor-e2423h-responsive-pdp-mod03.psd?wid=726&amp;hei=726&amp;fmt=png-alpha&amp;qlt=100%2c0&amp;op_usm=1.75%2c0.3%2c2%2c0&amp;resMode=sharp2&amp;pscan=auto&amp;fit=constrain%2c1&amp;align=0%2c0\" media=\"(max-width: 767px)\" \/><source srcset=\"https:\/\/i.dell.com\/is\/image\/DellContent\/content\/dam\/ss2\/product-images\/dell-client-products\/peripherals\/monitors\/e-series\/e2423h\/pdp\/monitor-e2423h-responsive-pdp-mod03.psd?wid=550&amp;hei=550&amp;fmt=png-alpha&amp;qlt=100%2c0&amp;op_usm=1.75%2c0.3%2c2%2c0&amp;resMode=sharp2&amp;pscan=auto&amp;fit=constrain%2c1&amp;align=0%2c0\" media=\"(max-width: 1170px)\" \/><source srcset=\"https:\/\/i.dell.com\/is\/image\/DellContent\/content\/dam\/ss2\/product-images\/dell-client-products\/peripherals\/monitors\/e-series\/e2423h\/pdp\/monitor-e2423h-responsive-pdp-mod03.psd?wid=950&amp;hei=950&amp;fmt=png-alpha&amp;qlt=100%2c0&amp;op_usm=1.75%2c0.3%2c2%2c0&amp;resMode=sharp2&amp;pscan=auto&amp;fit=constrain%2c1&amp;align=0%2c0\" media=\"(max-width: 1919px)\" \/><source srcset=\"https:\/\/i.dell.com\/is\/image\/DellContent\/content\/dam\/ss2\/product-images\/dell-client-products\/peripherals\/monitors\/e-series\/e2423h\/pdp\/monitor-e2423h-responsive-pdp-mod03.psd?wid=1920&amp;hei=1920&amp;fmt=png-alpha&amp;qlt=100%2c0&amp;op_usm=1.75%2c0.3%2c2%2c0&amp;resMode=sharp2&amp;pscan=auto&amp;fit=constrain%2c1&amp;align=0%2c0\" media=\"(min-width: 1920px)\" \/><img decoding=\"async\" class=\"u-max-full-width\" src=\"https:\/\/i.dell.com\/is\/image\/DellContent\/content\/dam\/ss2\/product-images\/dell-client-products\/peripherals\/monitors\/e-series\/e2423h\/pdp\/monitor-e2423h-responsive-pdp-mod03.psd?fmt=jpg&amp;wid=1500&amp;hei=1500&amp;fit=fit%2c1&amp;qlt=100%2c0\" alt=\"Dell\u00a0Display\u00a0Manager\" \/><\/picture><\/div>\n<\/div>\n<div class=\"pd-content-wrap\">\n<h2 class=\"pd-bottom-title\">Dell\u00a0Display\u00a0Manager<\/h2>\n<div class=\"pd-item-desc\"><b>Productif \u00e0 tous les niveaux\u00a0:<\/b>\u00a0la fonctionnalit\u00e9\u00a0EasyArrange vous permet de disposer rapidement plusieurs applications en mosa\u00efque sur un ou plusieurs \u00e9crans \u00e0 l\u2019aide de\u00a038\u00a0partitions de fen\u00eatre pr\u00e9d\u00e9finies, mais aussi de personnaliser jusqu\u2019\u00e0 cinq\u00a0fen\u00eatres pour des capacit\u00e9s multit\u00e2ches am\u00e9lior\u00e9es.<\/p>\n<p><b>Transitions fluides\u00a0:<\/b>\u00a0la fonctionnalit\u00e9 de restauration automatique se souvient de l\u00e0 o\u00f9 vous en \u00e9tiez, de sorte que les applications s\u2019affichent l\u00e0 o\u00f9 vous les avez laiss\u00e9es, m\u00eame apr\u00e8s un d\u00e9branchement.<\/p>\n<p><b>La touche de confort\u00a0:<\/b>\u00a0les touches de raccourci vous font gagner encore plus de temps, en vous permettant de configurer facilement vos param\u00e8tres de gestion d\u2019affichage pour vous mettre au travail plus rapidement.<\/p>\n<p><b>Modes de gestion suppl\u00e9mentaires\u00a0:<\/b>\u00a0les rapports de gestion du parc informatique permettent aux responsables\u00a0IT de consulter et de suivre rapidement les informations, mais aussi de param\u00e9trer plusieurs \u00e9crans simultan\u00e9ment via une\u00a0seule configuration.<\/p>\n<\/div>\n<\/div>\n<\/div>\n<\/div>\n<div class=\"pd-feature-wrap TextLeftImageRight\">\n<div class=\"pd-feature-item\">\n<div class=\"pd-media-container\">\n<div class=\"pd-item-image-wrap\"><picture><source srcset=\"https:\/\/i.dell.com\/is\/image\/DellContent\/content\/dam\/ss2\/product-images\/dell-client-products\/peripherals\/monitors\/e-series\/e2423h\/pdp\/monitor-e2423h-responsive-pdp-mod04.psd?wid=432&amp;hei=312&amp;fmt=png-alpha&amp;qlt=100%2c0&amp;op_usm=1.75%2c0.3%2c2%2c0&amp;resMode=sharp2&amp;pscan=auto&amp;fit=constrain%2c1&amp;align=0%2c0\" media=\"(max-width: 432px)\" \/><source srcset=\"https:\/\/i.dell.com\/is\/image\/DellContent\/content\/dam\/ss2\/product-images\/dell-client-products\/peripherals\/monitors\/e-series\/e2423h\/pdp\/monitor-e2423h-responsive-pdp-mod04.psd?wid=726&amp;hei=525&amp;fmt=png-alpha&amp;qlt=100%2c0&amp;op_usm=1.75%2c0.3%2c2%2c0&amp;resMode=sharp2&amp;pscan=auto&amp;fit=constrain%2c1&amp;align=0%2c0\" media=\"(max-width: 767px)\" \/><source srcset=\"https:\/\/i.dell.com\/is\/image\/DellContent\/content\/dam\/ss2\/product-images\/dell-client-products\/peripherals\/monitors\/e-series\/e2423h\/pdp\/monitor-e2423h-responsive-pdp-mod04.psd?wid=550&amp;hei=397&amp;fmt=png-alpha&amp;qlt=100%2c0&amp;op_usm=1.75%2c0.3%2c2%2c0&amp;resMode=sharp2&amp;pscan=auto&amp;fit=constrain%2c1&amp;align=0%2c0\" media=\"(max-width: 1170px)\" \/><source srcset=\"https:\/\/i.dell.com\/is\/image\/DellContent\/content\/dam\/ss2\/product-images\/dell-client-products\/peripherals\/monitors\/e-series\/e2423h\/pdp\/monitor-e2423h-responsive-pdp-mod04.psd?wid=950&amp;hei=687&amp;fmt=png-alpha&amp;qlt=100%2c0&amp;op_usm=1.75%2c0.3%2c2%2c0&amp;resMode=sharp2&amp;pscan=auto&amp;fit=constrain%2c1&amp;align=0%2c0\" media=\"(max-width: 1919px)\" \/><source srcset=\"https:\/\/i.dell.com\/is\/image\/DellContent\/content\/dam\/ss2\/product-images\/dell-client-products\/peripherals\/monitors\/e-series\/e2423h\/pdp\/monitor-e2423h-responsive-pdp-mod04.psd?wid=1920&amp;hei=1388&amp;fmt=png-alpha&amp;qlt=100%2c0&amp;op_usm=1.75%2c0.3%2c2%2c0&amp;resMode=sharp2&amp;pscan=auto&amp;fit=constrain%2c1&amp;align=0%2c0\" media=\"(min-width: 1920px)\" \/><img decoding=\"async\" class=\"u-max-full-width\" src=\"https:\/\/i.dell.com\/is\/image\/DellContent\/content\/dam\/ss2\/product-images\/dell-client-products\/peripherals\/monitors\/e-series\/e2423h\/pdp\/monitor-e2423h-responsive-pdp-mod04.psd?fmt=jpg&amp;wid=1500&amp;hei=1085&amp;fit=fit%2c1&amp;qlt=100%2c0\" alt=\"Une approche \u00e9coresponsable pour aujourd\u2019hui et pour demain\" \/><\/picture><\/div>\n<\/div>\n<div class=\"pd-content-wrap\">\n<h2 class=\"pd-bottom-title\">Une approche \u00e9coresponsable pour aujourd\u2019hui et pour demain<\/h2>\n<div class=\"pd-item-desc\"><b>Normes environnementales\u00a0:<\/b>\u00a0cet \u00e9cran utilise 85\u00a0% de plastique recycl\u00e9\u00a0et r\u00e9pond aux derni\u00e8res normes environnementales telles que EnergyStar<sup>\u00ae<\/sup>\u00a0et TCO Certified Edge, et est certifi\u00e9 EPEAT<sup>\u00ae<\/sup>\u00a0Gold.<\/p>\n<p><b>Emballage \u00e9coresponsable\u00a0:<\/b>\u00a0con\u00e7us dans le respect de l\u2019environnement, les \u00e9crans professionnels\u00a0Dell sont livr\u00e9s dans un emballage en carton 100\u00a0% recyclable.<\/p>\n<p><b>Consommation r\u00e9duite\u00a0:\u00a0<\/b>faites des \u00e9conomies d\u2019\u00e9nergie gr\u00e2ce \u00e0 PowerNap, une fonctionnalit\u00e9 qui assombrit l\u2019\u00e9cran ou le met en veille lorsqu\u2019il n\u2019est pas utilis\u00e9.<\/p>\n<p><b>Promotion du d\u00e9veloppement durable\u00a0:<\/b>\u00a0Dell\u00a0Technologies s\u2019engage \u00e0 r\u00e9duire son impact \u00e9cologique tout au long du cycle de vie du produit. D\u00e9couvrez en quoi consiste notre engagement en faveur du d\u00e9veloppement durable ainsi que nos objectifs en mati\u00e8re d\u2019impact social\u00a02030\u00a0<a href=\"https:\/\/www.dell.com\/en-us\/dt\/corporate\/social-impact\/reporting\/2030-goals.html\" target=\"_blank\" rel=\"noopener\">ici<\/a>\u00a0(en anglais), et l\u2019empreinte carbone de nos produits.<\/div>\n<\/div>\n<\/div>\n<\/div>\n<div class=\"pd-feature-wrap SingleImageOnly\">\n<div class=\"pd-feature-item\">\n<div class=\"pd-media-container\">\n<div class=\"pd-item-image-wrap\"><picture><source srcset=\"https:\/\/i.dell.com\/is\/image\/DellContent\/content\/dam\/ss2\/product-images\/dell-client-products\/peripherals\/monitors\/e-series\/e2423h\/pdp\/monitor-e2423h-responsive-pdp-mod05.psd?wid=432&amp;hei=137&amp;fmt=png-alpha&amp;qlt=100%2c0&amp;op_usm=1.75%2c0.3%2c2%2c0&amp;resMode=sharp2&amp;pscan=auto&amp;fit=constrain%2c1&amp;align=0%2c0\" media=\"(max-width: 432px)\" \/><source srcset=\"https:\/\/i.dell.com\/is\/image\/DellContent\/content\/dam\/ss2\/product-images\/dell-client-products\/peripherals\/monitors\/e-series\/e2423h\/pdp\/monitor-e2423h-responsive-pdp-mod05.psd?wid=726&amp;hei=230&amp;fmt=png-alpha&amp;qlt=100%2c0&amp;op_usm=1.75%2c0.3%2c2%2c0&amp;resMode=sharp2&amp;pscan=auto&amp;fit=constrain%2c1&amp;align=0%2c0\" media=\"(max-width: 767px)\" \/><source srcset=\"https:\/\/i.dell.com\/is\/image\/DellContent\/content\/dam\/ss2\/product-images\/dell-client-products\/peripherals\/monitors\/e-series\/e2423h\/pdp\/monitor-e2423h-responsive-pdp-mod05.psd?wid=1100&amp;hei=349&amp;fmt=png-alpha&amp;qlt=100%2c0&amp;op_usm=1.75%2c0.3%2c2%2c0&amp;resMode=sharp2&amp;pscan=auto&amp;fit=constrain%2c1&amp;align=0%2c0\" media=\"(max-width: 1170px)\" \/><source srcset=\"https:\/\/i.dell.com\/is\/image\/DellContent\/content\/dam\/ss2\/product-images\/dell-client-products\/peripherals\/monitors\/e-series\/e2423h\/pdp\/monitor-e2423h-responsive-pdp-mod05.psd?wid=1900&amp;hei=602&amp;fmt=png-alpha&amp;qlt=100%2c0&amp;op_usm=1.75%2c0.3%2c2%2c0&amp;resMode=sharp2&amp;pscan=auto&amp;fit=constrain%2c1&amp;align=0%2c0\" media=\"(max-width: 1919px)\" \/><source srcset=\"https:\/\/i.dell.com\/is\/image\/DellContent\/content\/dam\/ss2\/product-images\/dell-client-products\/peripherals\/monitors\/e-series\/e2423h\/pdp\/monitor-e2423h-responsive-pdp-mod05.psd?wid=3840&amp;hei=1218&amp;fmt=png-alpha&amp;qlt=100%2c0&amp;op_usm=1.75%2c0.3%2c2%2c0&amp;resMode=sharp2&amp;pscan=auto&amp;fit=constrain%2c1&amp;align=0%2c0\" media=\"(min-width: 1920px)\" \/><img decoding=\"async\" class=\"u-max-full-width\" src=\"https:\/\/i.dell.com\/is\/image\/DellContent\/content\/dam\/ss2\/product-images\/dell-client-products\/peripherals\/monitors\/e-series\/e2423h\/pdp\/monitor-e2423h-responsive-pdp-mod05.psd?fmt=jpg&amp;wid=3000&amp;hei=952&amp;fit=fit%2c1&amp;qlt=100%2c0\" alt=\"Options de connectivit\u00e9\" \/><\/picture><\/div>\n<\/div>\n<\/div>\n<\/div>\n<div class=\"pd-feature-wrap SingleCopyOnly\">\n<div class=\"pd-feature-item\">\n<div class=\"pd-content-wrap\">\n<h2 class=\"pd-bottom-title\">Options de connectivit\u00e9<\/h2>\n<div class=\"pd-item-desc\"><b>Ports et logements\u00a0:<\/b><br \/>\n1.\u00a0Logement antivol de s\u00e9curit\u00e9 (bas\u00e9 sur Kensington Security Slot<sup>TM<\/sup>)\u00a0|\u00a02. Connecteur d\u2019alimentation\u00a0|\u00a03. Port\u00a0DP\u00a0|\u00a04. Port\u00a0VGA<\/p>\n<p><b>C\u00e2bles inclus\u00a0:<\/b><br \/>\nC\u00e2ble d\u2019alimentation | C\u00e2ble DP | C\u00e2ble VGA (EMEA uniquement)<\/div>\n<\/div>\n<\/div>\n<\/div>\n","protected":false},"excerpt":{"rendered":"<p>Taille de l&#8217;\u00e9cran : 24&#8243; &#8211; Format 16:9<br \/>\nCourbure de l&#8217;\u00e9cran: Plat<br \/>\nType de Dalle: VA &#8211; R\u00e9tro\u00e9clairage: LED<br \/>\nR\u00e9solution: Full HD (1080p) 1920 x 1080 \u00e0 60 Hz<br \/>\nTemps de r\u00e9ponse: 8 ms (gris \u00e0 gris normal); 5 ms (gris \u00e0 gris rapide)<br \/>\nTaux de rafra\u00eechissement: 60 Hz<br \/>\nConnecteurs d&#8217;entr\u00e9e: VGA, DisplayPort<br \/>\nR\u00e9glages de la position de l&#8217;\u00e9cran: Inclinaison -5\/+21<\/p>\n","protected":false},"featured_media":10556,"comment_status":"open","ping_status":"closed","template":"","meta":{"_acf_changed":false,"_monsterinsights_skip_tracking":false,"_monsterinsights_sitenote_active":false,"_monsterinsights_sitenote_note":"","_monsterinsights_sitenote_category":0,"_uf_show_specific_survey":0,"_uf_disable_surveys":false,"_joinchat":[]},"product_brand":[],"product_cat":[259,239],"product_tag":[],"class_list":{"0":"post-10555","1":"product","2":"type-product","3":"status-publish","4":"has-post-thumbnail","6":"product_cat-ecran-pc","7":"product_cat-ecran-moniteur","9":"first","10":"instock","11":"sale","12":"shipping-taxable","13":"purchasable","14":"product-type-simple"},"acf":[],"jetpack_sharing_enabled":true,"_links":{"self":[{"href":"https:\/\/digistar.ma\/index.php?rest_route=\/wp\/v2\/product\/10555","targetHints":{"allow":["GET"]}}],"collection":[{"href":"https:\/\/digistar.ma\/index.php?rest_route=\/wp\/v2\/product"}],"about":[{"href":"https:\/\/digistar.ma\/index.php?rest_route=\/wp\/v2\/types\/product"}],"replies":[{"embeddable":true,"href":"https:\/\/digistar.ma\/index.php?rest_route=%2Fwp%2Fv2%2Fcomments&post=10555"}],"version-history":[{"count":1,"href":"https:\/\/digistar.ma\/index.php?rest_route=\/wp\/v2\/product\/10555\/revisions"}],"predecessor-version":[{"id":10562,"href":"https:\/\/digistar.ma\/index.php?rest_route=\/wp\/v2\/product\/10555\/revisions\/10562"}],"wp:featuredmedia":[{"embeddable":true,"href":"https:\/\/digistar.ma\/index.php?rest_route=\/wp\/v2\/media\/10556"}],"wp:attachment":[{"href":"https:\/\/digistar.ma\/index.php?rest_route=%2Fwp%2Fv2%2Fmedia&parent=10555"}],"wp:term":[{"taxonomy":"product_brand","embeddable":true,"href":"https:\/\/digistar.ma\/index.php?rest_route=%2Fwp%2Fv2%2Fproduct_brand&post=10555"},{"taxonomy":"product_cat","embeddable":true,"href":"https:\/\/digistar.ma\/index.php?rest_route=%2Fwp%2Fv2%2Fproduct_cat&post=10555"},{"taxonomy":"product_tag","embeddable":true,"href":"https:\/\/digistar.ma\/index.php?rest_route=%2Fwp%2Fv2%2Fproduct_tag&post=10555"}],"curies":[{"name":"wp","href":"https:\/\/api.w.org\/{rel}","templated":true}]}}