{"id":10567,"date":"2024-02-10T21:12:38","date_gmt":"2024-02-10T21:12:38","guid":{"rendered":"https:\/\/digistar.ma\/?post_type=product&#038;p=10567"},"modified":"2024-02-10T21:12:38","modified_gmt":"2024-02-10T21:12:38","slug":"webcam-logitech-hd-pro-c920-refresh","status":"publish","type":"product","link":"https:\/\/digistar.ma\/?product=webcam-logitech-hd-pro-c920-refresh","title":{"rendered":"Webcam Logitech HD Pro C920 Refresh"},"content":{"rendered":"<h3>Webcam Logitech HD Pro C920 Refresh<\/h3>\n<div>\n<h4>VID\u00c9O FULL HD 1080P RAPIDE ET FLUIDE<\/h4>\n<\/div>\n<p>Gr\u00e2ce \u00e0 la\u00a0<strong>Webcam HD Pro C920\u00a0Refresh<\/strong>\u00a0de\u00a0<strong>Logitech<\/strong>, profitez d&#8217;appels vid\u00e9o \u00e9poustouflants en Full HD 1080p,\u00a0connectez-vous avec vos proches en HD 720p et profitez d&#8217;images plus fluides, plus nettes, plus riches et plus claires gr\u00e2ce \u00e0 la technologie Logitech Fluid Crystal ! Soyez certain que vos proches entendent votre vraie voix gr\u00e2ce au jeu de micros doubles st\u00e9r\u00e9o. Vous pouvez m\u00eame leur envoyer des clich\u00e9s de 15 m\u00e9gapixels (avec interpolation logicielle) !<\/p>\n<p>La fixation polyvalente de la Webcam HD Pro C920 Refresh avec rebords en caoutchouc permet de tenir votre webcam en place sur l&#8217;\u00e9cran de votre ordinateur de bureau ou portable. De plus, vous pouvez m\u00eame la monter sur un tr\u00e9pied.<\/p>\n<div>\n<div>\n<table border=\"0\" width=\"100%\" cellspacing=\"1\" cellpadding=\"1\">\n<tbody>\n<tr>\n<td>\n<h2>UNE VID\u00c9O EN FULL HD 1080P<\/h2>\n<div>La Logitech HD Pro Webcam C920 Refresh est d\u00f4t\u00e9e de la technologie Logitech Fluid Crystal qui offre une qualit\u00e9 vid\u00e9o fluide,\u00a0<strong>des couleurs riches et un son clair<\/strong>\u00a0dans des environnements r\u00e9els. Ainsi,\u00a0<strong>vous disposez d&#8217;une r\u00e9solution 1080p haute d\u00e9finition sur Skype<\/strong>\u00a0afin d&#8217;\u00eatre vu de tous.\u00a0Si Skype n&#8217;est pas votre service d&#8217;appels vid\u00e9o pr\u00e9f\u00e9r\u00e9, la webcam C920 Refresh propose des appels vid\u00e9o HD 720p sur la plupart des principaux services de messagerie instantan\u00e9e.<\/p>\n<p>Avec la\u00a0<strong>compression AVC H.264<\/strong>,\u00a0b\u00e9n\u00e9ficiez d&#8217;une vid\u00e9o de qualit\u00e9 haute d\u00e9finition (HD) \u00e0 la maison ou au bureau. La compression vid\u00e9o est n\u00e9cessaire pour obtenir une r\u00e9solution HD en temps r\u00e9el sur des bandes passantes de connexion Internet standard. La webcam C920 utilise la compression d&#8217;encodage H.264 pour offrir des vid\u00e9os de haute qualit\u00e9 \u00e0 des d\u00e9bits binaires faibles.<\/div>\n<\/td>\n<td width=\"450\"><img decoding=\"async\" src=\"https:\/\/media.ldlc.com\/bo\/images\/fiches\/webcam\/logitech%20c920\/13.jpg\" alt=\"\" \/><\/td>\n<\/tr>\n<\/tbody>\n<\/table>\n<table border=\"0\" width=\"100%\" cellspacing=\"1\" cellpadding=\"1\">\n<tbody>\n<tr>\n<td width=\"450\"><img decoding=\"async\" src=\"https:\/\/media.ldlc.com\/bo\/images\/fiches\/webcam\/logitech%20c920\/14.jpg\" alt=\"\" \/><\/td>\n<td>\n<h2>UNE MISE AU POINT AUTOMATIQUE<\/h2>\n<div>\nLa webcam C920 dispose du m\u00eame moteur de mise au point automatique que celui utilis\u00e9 dans les cam\u00e9ras de smartphones. Optimis\u00e9e pour les webcams,\u00a0<strong>la mise au point automatique<\/strong>\u00a0offre une image parfaitement nette, m\u00eame \u00e0 une courte distance de 10 cm.\u00a0Le nouveau design concentre la lumi\u00e8re sur le capteur avec\u00a0<strong>une pr\u00e9cision maximale et une d\u00e9formation minimale<\/strong>.<\/p>\n<p>Quant aux deux microphones int\u00e9gr\u00e9s,\u00a0ils vous permettent de capturer la vid\u00e9o ou de passer des appels vid\u00e9os tout en sachant que le\u00a0<strong>son sera clair et naturel<\/strong>.<\/div>\n<\/td>\n<\/tr>\n<\/tbody>\n<\/table>\n<h2>CARACT\u00c9RISTIQUES PRINCIPALES Webcam Logitech HD Pro C920 Refresh<\/h2>\n<ul>\n<li><strong>Appels vid\u00e9o en Full HD 1080p<\/strong>\u00a0(jusqu&#8217;\u00e0 1920\u00a0x\u00a01080\u00a0pixels) avec la version la plus r\u00e9cente de Skype pour Windows<\/li>\n<li>Appels vid\u00e9o en HD 720p (jusqu&#8217;\u00e0 1280\u00a0x\u00a0720\u00a0pixels) sur les clients pris en charge<\/li>\n<li><strong>Enregistrement vid\u00e9o Full\u00a0HD<\/strong>\u00a0(jusqu&#8217;\u00e0 1920 x 1080\u00a0pixels)<\/li>\n<li>Compression vid\u00e9o H.264<\/li>\n<li><strong>Deux microphones st\u00e9r\u00e9o int\u00e9gr\u00e9s<\/strong>\u00a0avec r\u00e9duction automatique des bruits<\/li>\n<li>Correction automatique de l&#8217;\u00e9clairage faible<\/li>\n<li>Clip universel pour ordinateurs portables et \u00e9crans LCD et CRT adaptable aux tr\u00e9pieds<\/li>\n<\/ul>\n<\/div>\n<\/div>\n","protected":false},"excerpt":{"rendered":"<ul>\n<li><strong>Appels vid\u00e9o en Full HD 1080p<\/strong>\u00a0(jusqu&#8217;\u00e0 1920\u00a0x\u00a01080\u00a0pixels) avec la version la plus r\u00e9cente de Skype pour Windows<\/li>\n<li>Appels vid\u00e9o en HD 720p (jusqu&#8217;\u00e0 1280\u00a0x\u00a0720\u00a0pixels) sur les clients pris en charge<\/li>\n<li><strong>Enregistrement vid\u00e9o Full\u00a0HD<\/strong>\u00a0(jusqu&#8217;\u00e0 1920 x 1080\u00a0pixels)<\/li>\n<li>Compression vid\u00e9o H.264<\/li>\n<li><strong>Deux microphones st\u00e9r\u00e9o int\u00e9gr\u00e9s<\/strong>\u00a0avec r\u00e9duction automatique des bruits<\/li>\n<li>Correction automatique de l&#8217;\u00e9clairage faible<\/li>\n<li>Clip universel pour ordinateurs portables et \u00e9crans LCD et CRT adaptable aux tr\u00e9pieds<\/li>\n<\/ul>\n","protected":false},"featured_media":10568,"comment_status":"open","ping_status":"closed","template":"","meta":{"_acf_changed":false,"_monsterinsights_skip_tracking":false,"_monsterinsights_sitenote_active":false,"_monsterinsights_sitenote_note":"","_monsterinsights_sitenote_category":0,"_uf_show_specific_survey":0,"_uf_disable_surveys":false,"_joinchat":[]},"product_brand":[],"product_cat":[246,338],"product_tag":[],"class_list":{"0":"post-10567","1":"product","2":"type-product","3":"status-publish","4":"has-post-thumbnail","6":"product_cat-peripherique","7":"product_cat-webcam","9":"first","10":"instock","11":"sale","12":"shipping-taxable","13":"purchasable","14":"product-type-simple"},"acf":[],"jetpack_sharing_enabled":true,"_links":{"self":[{"href":"https:\/\/digistar.ma\/index.php?rest_route=\/wp\/v2\/product\/10567","targetHints":{"allow":["GET"]}}],"collection":[{"href":"https:\/\/digistar.ma\/index.php?rest_route=\/wp\/v2\/product"}],"about":[{"href":"https:\/\/digistar.ma\/index.php?rest_route=\/wp\/v2\/types\/product"}],"replies":[{"embeddable":true,"href":"https:\/\/digistar.ma\/index.php?rest_route=%2Fwp%2Fv2%2Fcomments&post=10567"}],"version-history":[{"count":1,"href":"https:\/\/digistar.ma\/index.php?rest_route=\/wp\/v2\/product\/10567\/revisions"}],"predecessor-version":[{"id":10573,"href":"https:\/\/digistar.ma\/index.php?rest_route=\/wp\/v2\/product\/10567\/revisions\/10573"}],"wp:featuredmedia":[{"embeddable":true,"href":"https:\/\/digistar.ma\/index.php?rest_route=\/wp\/v2\/media\/10568"}],"wp:attachment":[{"href":"https:\/\/digistar.ma\/index.php?rest_route=%2Fwp%2Fv2%2Fmedia&parent=10567"}],"wp:term":[{"taxonomy":"product_brand","embeddable":true,"href":"https:\/\/digistar.ma\/index.php?rest_route=%2Fwp%2Fv2%2Fproduct_brand&post=10567"},{"taxonomy":"product_cat","embeddable":true,"href":"https:\/\/digistar.ma\/index.php?rest_route=%2Fwp%2Fv2%2Fproduct_cat&post=10567"},{"taxonomy":"product_tag","embeddable":true,"href":"https:\/\/digistar.ma\/index.php?rest_route=%2Fwp%2Fv2%2Fproduct_tag&post=10567"}],"curies":[{"name":"wp","href":"https:\/\/api.w.org\/{rel}","templated":true}]}}