{"id":10574,"date":"2024-02-10T21:27:44","date_gmt":"2024-02-10T21:27:44","guid":{"rendered":"https:\/\/digistar.ma\/?post_type=product&#038;p=10574"},"modified":"2024-02-10T21:27:44","modified_gmt":"2024-02-10T21:27:44","slug":"logitech-hd-pro-webcam-c920s","status":"publish","type":"product","link":"https:\/\/digistar.ma\/?product=logitech-hd-pro-webcam-c920s","title":{"rendered":"Logitech HD Pro Webcam C920s"},"content":{"rendered":"<h3><strong>Logitech HD Pro Webcam C920s<\/strong><\/h3>\n<div>\n<h4>POUR DES APPELS VID\u00c9O IMPECCABLES<\/h4>\n<\/div>\n<p>B\u00e9n\u00e9ficiez d&#8217;une vid\u00e9o Full HD 1080p avec la camera\u00a0<strong>Logitech HD Pro Webcam C920s<\/strong>. En effet, cette derni\u00e8re vous offre la possibilit\u00e9 de passer et d&#8217;enregistrer des vid\u00e9os soign\u00e9es avec des images plus fluides, plus nettes et plus claires. Soyez \u00e9galement certain que vos proches entendent votre vraie voix gr\u00e2ce aux deux microphones int\u00e9gr\u00e9s.<\/p>\n<p>Et pour pr\u00e9server toute votre vie priv\u00e9e, elle dispose \u00e9galement d&#8217;un obturateur.<\/p>\n<div>\n<table border=\"0\" width=\"100%\" cellspacing=\"1\" cellpadding=\"1\">\n<tbody>\n<tr>\n<td>UNE VID\u00c9O EN FULL HD 1080P\u00a0La Logitech HD Pro Webcam C920s vous permet de discuter et d&#8217;enregistrer des vid\u00e9os captivantes et r\u00e9alistes. L&#8217;objectif en verre\u00a0et la\u00a0r\u00e9solution Full HD 1080p \u00e0 30 images par seconde\u00a0capturent tous les d\u00e9tails et les couleurs vives et naturelles. De plus, le\u00a0champ de vision de 78 degr\u00e9s\u00a0capture jusqu&#8217;\u00e0 deux personnes en simultan\u00e9.<\/p>\n<p>Elle int\u00e8gre \u00e9galement la\u00a0mise au point automatique\u00a0et la\u00a0correction de l&#8217;\u00e9clairage en haute d\u00e9finition\u00a0afin d&#8217;ajuster la vid\u00e9o en fonction des conditions. Vous obtenez ainsi \u00e0 chaque fois une image nette et exceptionnelle en haute d\u00e9finition.<\/td>\n<td width=\"450\"><img decoding=\"async\" src=\"https:\/\/media.ldlc.com\/bo\/images\/fiches\/webcam\/logitech\/c920s\/2.jpg\" alt=\"\" \/><\/td>\n<\/tr>\n<\/tbody>\n<\/table>\n<h5><\/h5>\n<div><\/div>\n<table border=\"0\" width=\"100%\" cellspacing=\"1\" cellpadding=\"1\">\n<tbody>\n<tr>\n<td width=\"450\"><img decoding=\"async\" src=\"https:\/\/media.ldlc.com\/bo\/images\/fiches\/webcam\/logitech\/c920s\/1.jpg\" alt=\"\" \/><\/td>\n<td>DISCUTEZ AVEC UN SON ST\u00c9R\u00c9O INT\u00c9GRAL<br \/>\nLa Logitech HD Pro Webcam C920s est \u00e9quip\u00e9e de\u00a0deux microphones int\u00e9gr\u00e9s\u00a0qui capturent l&#8217;audio sous tous les angles, pour que votre voix soit toujours naturelle\u00a0et claire. De plus, avec\u00a0Logitech Capture, vous pouvez commencer \u00e0 enregistrer du contenu vid\u00e9o de haute d\u00e9finition d\u00e8s que vous branchez la webcam.\u00a0Ce logiciel vous permet de personnaliser votre enregistrement, d&#8217;ajuster les param\u00e8tres de votre cam\u00e9ra et m\u00eame de cr\u00e9er une vid\u00e9o verticale dans une interface intuitive.<\/p>\n<p>Quant \u00e0 l&#8217;obturateur de confidentialit\u00e9, il est tr\u00e8s pratique pour prot\u00e9ger la lentille et votre vie priv\u00e9e.<\/td>\n<\/tr>\n<\/tbody>\n<\/table>\n<h5><\/h5>\n<h5>CARACT\u00c9RISTIQUES PRINCIPALES <strong>Logitech HD Pro Webcam C920s<\/strong><\/h5>\n<ul>\n<li>Appels vid\u00e9o en Full HD 1080p (jusqu&#8217;\u00e0 1920\u00a0x\u00a01080\u00a0pixels) \u00e0 30 images par seconde<\/li>\n<li>Appels vid\u00e9o en HD 720p (jusqu&#8217;\u00e0 1280\u00a0x\u00a0720\u00a0pixels) \u00e0 30 images par seconde<\/li>\n<li>Objectif en verre avec mise au point automatique de qualit\u00e9 sup\u00e9rieure<\/li>\n<li>Correction de l&#8217;\u00e9clairage<\/li>\n<li>Deux microphones st\u00e9r\u00e9o int\u00e9gr\u00e9s\u00a0avec r\u00e9duction automatique des bruits<\/li>\n<li>Clip universel pour ordinateurs portables et \u00e9crans LCD et CRT adaptable aux tr\u00e9pieds<\/li>\n<li>Obturateur pour pr\u00e9server votre vie priv\u00e9e ainsi que la lentille<\/li>\n<li>Plateformes compatibles : Skype, Google Hangouts et FaceTime (pour Mac)<\/li>\n<li>Compatible : Windows 7 \/ 8 \/ 10 \/ MacOS 10.10 ou versions ult\u00e9rieures<\/li>\n<li>Longueur du c\u00e2ble : 1.5 m<\/li>\n<\/ul>\n<\/div>\n","protected":false},"excerpt":{"rendered":"<ul>\n<li><strong>Appels vid\u00e9o en Full HD 1080p (jusqu&#8217;\u00e0 1920\u00a0x\u00a01080\u00a0pixels) \u00e0 30 images par seconde<\/strong><\/li>\n<li>Appels vid\u00e9o en HD 720p (jusqu&#8217;\u00e0 1280\u00a0x\u00a0720\u00a0pixels) \u00e0 30 images par seconde<\/li>\n<li><b>Objectif en verre avec mise au point automatique de qualit\u00e9 sup\u00e9rieure<\/b><\/li>\n<li><b>Correction de l&#8217;\u00e9clairage<\/b><\/li>\n<li><strong>Deux microphones st\u00e9r\u00e9o int\u00e9gr\u00e9s<\/strong>\u00a0avec r\u00e9duction automatique des bruits<\/li>\n<li>Clip universel pour ordinateurs portables et \u00e9crans LCD et CRT adaptable aux tr\u00e9pieds<\/li>\n<li>Obturateur pour pr\u00e9server votre vie priv\u00e9e ainsi que la lentille<\/li>\n<li>Plateformes compatibles : Skype, Google Hangouts et FaceTime (pour Mac)<\/li>\n<li>Compatible : Windows 7 \/ 8 \/ 10 \/ MacOS 10.10 ou versions ult\u00e9rieures<\/li>\n<li>Longueur du c\u00e2ble : 1.5 m<\/li>\n<\/ul>\n","protected":false},"featured_media":10575,"comment_status":"open","ping_status":"closed","template":"","meta":{"_acf_changed":false,"_monsterinsights_skip_tracking":false,"_monsterinsights_sitenote_active":false,"_monsterinsights_sitenote_note":"","_monsterinsights_sitenote_category":0,"_uf_show_specific_survey":0,"_uf_disable_surveys":false,"_joinchat":[]},"product_brand":[],"product_cat":[246,338],"product_tag":[],"class_list":{"0":"post-10574","1":"product","2":"type-product","3":"status-publish","4":"has-post-thumbnail","6":"product_cat-peripherique","7":"product_cat-webcam","9":"first","10":"instock","11":"sale","12":"shipping-taxable","13":"purchasable","14":"product-type-simple"},"acf":[],"jetpack_sharing_enabled":true,"_links":{"self":[{"href":"https:\/\/digistar.ma\/index.php?rest_route=\/wp\/v2\/product\/10574","targetHints":{"allow":["GET"]}}],"collection":[{"href":"https:\/\/digistar.ma\/index.php?rest_route=\/wp\/v2\/product"}],"about":[{"href":"https:\/\/digistar.ma\/index.php?rest_route=\/wp\/v2\/types\/product"}],"replies":[{"embeddable":true,"href":"https:\/\/digistar.ma\/index.php?rest_route=%2Fwp%2Fv2%2Fcomments&post=10574"}],"version-history":[{"count":1,"href":"https:\/\/digistar.ma\/index.php?rest_route=\/wp\/v2\/product\/10574\/revisions"}],"predecessor-version":[{"id":10579,"href":"https:\/\/digistar.ma\/index.php?rest_route=\/wp\/v2\/product\/10574\/revisions\/10579"}],"wp:featuredmedia":[{"embeddable":true,"href":"https:\/\/digistar.ma\/index.php?rest_route=\/wp\/v2\/media\/10575"}],"wp:attachment":[{"href":"https:\/\/digistar.ma\/index.php?rest_route=%2Fwp%2Fv2%2Fmedia&parent=10574"}],"wp:term":[{"taxonomy":"product_brand","embeddable":true,"href":"https:\/\/digistar.ma\/index.php?rest_route=%2Fwp%2Fv2%2Fproduct_brand&post=10574"},{"taxonomy":"product_cat","embeddable":true,"href":"https:\/\/digistar.ma\/index.php?rest_route=%2Fwp%2Fv2%2Fproduct_cat&post=10574"},{"taxonomy":"product_tag","embeddable":true,"href":"https:\/\/digistar.ma\/index.php?rest_route=%2Fwp%2Fv2%2Fproduct_tag&post=10574"}],"curies":[{"name":"wp","href":"https:\/\/api.w.org\/{rel}","templated":true}]}}