{"id":10581,"date":"2024-02-12T10:07:22","date_gmt":"2024-02-12T10:07:22","guid":{"rendered":"https:\/\/digistar.ma\/?post_type=product&#038;p=10581"},"modified":"2026-04-06T09:10:57","modified_gmt":"2026-04-06T09:10:57","slug":"ecouteurs-sony-as210ap-sport-intra-auriculaires-noir-mdras210apbq","status":"publish","type":"product","link":"https:\/\/digistar.ma\/?product=ecouteurs-sony-as210ap-sport-intra-auriculaires-noir-mdras210apbq","title":{"rendered":"\u00c9couteurs Sony AS210AP sport intra-auriculaires Noir &#8211; MDRAS210APBQ"},"content":{"rendered":"<h3>\u00c9couteurs Sony AS210AP sport intra-auriculaires Noir &#8211; MDRAS210APBQ<\/h3>\n<div>\n<h4>MAINTIEN PARFAIT ET SON DYNAMIQUE POUR VOS S\u00c9ANCES DE SPORT<\/h4>\n<\/div>\n<p>Profitez pleinement de vos musiques favorites lors de tous vos entra\u00eenements gr\u00e2ce aux \u00e9couteurs intra-auriculaires\u00a0<strong>MDR-AS210AP<\/strong>\u00a0de\u00a0<strong>Sony\u00a0<\/strong>! V\u00e9ritables compagnons sportifs, ils disposent de fixations \u00e0 boucles pour assurer un excellent maintien lors de toutes vos activit\u00e9s. Vos playlists sont id\u00e9alement restitu\u00e9es par un diaphragme 13.5 mm pour vous motiver pendant l&#8217;effort.<\/p>\n<p>Confortables et dynamiques, ces \u00e9couteurs Sony sont \u00e9galement \u00e0 l&#8217;\u00e9preuve de la pluie, de la transpiration et des pulv\u00e9risations. Sa t\u00e9l\u00e9commande avec micro int\u00e9gr\u00e9 permet de passer des appels mains libres et d&#8217;ex\u00e9cuter des commandes vocales. Vous appr\u00e9cierez \u00e9galement le cordon de 1.2 m pour une grande libert\u00e9 de mouvement lors de vos activit\u00e9s sportives.<\/p>\n<div>\n<table border=\"0\" width=\"100%\" cellspacing=\"1\" cellpadding=\"1\">\n<tbody>\n<tr>\n<td>\n<h2>VOS NOUVEAUX COMPAGNONS SPORTIFS<\/h2>\n<div>Ces \u00e9couteurs Sony vous accompagnent pendant l&#8217;effort et vous aident \u00e0 puiser l&#8217;\u00e9nergie n\u00e9cessaire pour aller jusqu&#8217;au bout et vous d\u00e9passer !<\/div>\n<div>\n<p>Avec une sensibilit\u00e9 de\u00a0104 dB\/mW et une gamme de fr\u00e9quences comprise entre 17 et 22 000 Hz, augmentez le volume et d\u00e9lectez-vous de la puret\u00e9 du son.<\/p>\n<p>Ajustez les\u00a0<strong>fixations \u00e0 boucle r\u00e9glables<\/strong>\u00a0sur vos oreilles pour bouger votre corps au rythme de la musique avec un confort optimal.<\/p>\n<\/div>\n<div>Quand la pluie s&#8217;invite \u00e0 votre s\u00e9ance d&#8217;entra\u00eenement, ces \u00e9couteurs de\u00a0<strong>conception \u00e9tanche<\/strong>\u00a0vous permettent de poursuivre vos efforts en musique.<\/div>\n<div><\/div>\n<div>Gagnez \u00e9galement en libert\u00e9 de mouvement gr\u00e2ce \u00e0 la t\u00e9l\u00e9commande avec micro ainsi qu&#8217;au\u00a0cordon suffisamment long pour le tapis de jogging ou vos d\u00e9placements.<\/div>\n<\/td>\n<td width=\"450\"><img decoding=\"async\" src=\"https:\/\/media.ldlc.com\/bo\/images\/fiches\/casque_audio\/sony\/mdr-as210ap\/as210ap.jpg\" alt=\"\" \/><\/td>\n<\/tr>\n<\/tbody>\n<\/table>\n<h2>CARACT\u00c9RISTIQUES PRINCIPALES\u00a0 \u00c9couteurs Sony AS210AP sport intra-auriculaires Noir &#8211; MDRAS210APBQ<\/h2>\n<ul>\n<li><strong>Fixations \u00e0 boucle r\u00e9glable<\/strong>\u00a0: maintien optimal lorsque vous faites du sport<\/li>\n<li>Acoustique de type ouvert : permet la circulation de l&#8217;air\u00a0pour une qualit\u00e9 audio naturelle<\/li>\n<li><strong>Diaphragme 13.5 mm<\/strong>\u00a0: un son clair et d\u00e9taill\u00e9 quel que soit le volume<\/li>\n<li><strong>Conception \u00e9tanche<\/strong>\u00a0pour une \u00e9coute par tous les temps : \u00e0 l&#8217;\u00e9preuve de la pluie, de la transpiration et des pulv\u00e9risations<\/li>\n<li><strong>T\u00e9l\u00e9commande avec micro int\u00e9gr\u00e9<\/strong>\u00a0pour passer des appels mains libres et ex\u00e9cuter des commandes vocales<\/li>\n<li>Cordon de 1.2 m pour gagner en libert\u00e9 de mouvement<\/li>\n<li>Design travaill\u00e9 et tendance<\/li>\n<li>Poids : 12 g<\/li>\n<\/ul>\n<\/div>\n","protected":false},"excerpt":{"rendered":"<ul>\n<li><strong>Fixations \u00e0 boucle r\u00e9glable<\/strong>\u00a0: maintien optimal lorsque vous faites du sport<\/li>\n<li>Acoustique de type ouvert : permet la circulation de l&#8217;air\u00a0pour une qualit\u00e9 audio naturelle<\/li>\n<li><strong>Diaphragme 13.5 mm<\/strong>\u00a0: un son clair et d\u00e9taill\u00e9 quel que soit le volume<\/li>\n<li><strong>Conception \u00e9tanche<\/strong>\u00a0pour une \u00e9coute par tous les temps : \u00e0 l&#8217;\u00e9preuve de la pluie, de la transpiration et des pulv\u00e9risations<\/li>\n<li><strong>T\u00e9l\u00e9commande avec micro int\u00e9gr\u00e9<\/strong>\u00a0pour passer des appels mains libres et ex\u00e9cuter des commandes vocales<\/li>\n<li>Cordon de 1.2 m pour gagner en libert\u00e9 de mouvement<\/li>\n<li>Design travaill\u00e9 et tendance<\/li>\n<li>Poids : 12 g<\/li>\n<\/ul>\n","protected":false},"featured_media":10582,"comment_status":"open","ping_status":"closed","template":"","meta":{"_acf_changed":false,"_monsterinsights_skip_tracking":false,"_monsterinsights_sitenote_active":false,"_monsterinsights_sitenote_note":"","_monsterinsights_sitenote_category":0,"_uf_show_specific_survey":0,"_uf_disable_surveys":false,"_joinchat":[]},"product_brand":[],"product_cat":[244,344],"product_tag":[],"class_list":{"0":"post-10581","1":"product","2":"type-product","3":"status-publish","4":"has-post-thumbnail","6":"product_cat-image-son","7":"product_cat-casque-ecouteur","9":"first","10":"outofstock","11":"sale","12":"shipping-taxable","13":"purchasable","14":"product-type-simple"},"acf":[],"jetpack_sharing_enabled":true,"_links":{"self":[{"href":"https:\/\/digistar.ma\/index.php?rest_route=\/wp\/v2\/product\/10581","targetHints":{"allow":["GET"]}}],"collection":[{"href":"https:\/\/digistar.ma\/index.php?rest_route=\/wp\/v2\/product"}],"about":[{"href":"https:\/\/digistar.ma\/index.php?rest_route=\/wp\/v2\/types\/product"}],"replies":[{"embeddable":true,"href":"https:\/\/digistar.ma\/index.php?rest_route=%2Fwp%2Fv2%2Fcomments&post=10581"}],"version-history":[{"count":2,"href":"https:\/\/digistar.ma\/index.php?rest_route=\/wp\/v2\/product\/10581\/revisions"}],"predecessor-version":[{"id":17009,"href":"https:\/\/digistar.ma\/index.php?rest_route=\/wp\/v2\/product\/10581\/revisions\/17009"}],"wp:featuredmedia":[{"embeddable":true,"href":"https:\/\/digistar.ma\/index.php?rest_route=\/wp\/v2\/media\/10582"}],"wp:attachment":[{"href":"https:\/\/digistar.ma\/index.php?rest_route=%2Fwp%2Fv2%2Fmedia&parent=10581"}],"wp:term":[{"taxonomy":"product_brand","embeddable":true,"href":"https:\/\/digistar.ma\/index.php?rest_route=%2Fwp%2Fv2%2Fproduct_brand&post=10581"},{"taxonomy":"product_cat","embeddable":true,"href":"https:\/\/digistar.ma\/index.php?rest_route=%2Fwp%2Fv2%2Fproduct_cat&post=10581"},{"taxonomy":"product_tag","embeddable":true,"href":"https:\/\/digistar.ma\/index.php?rest_route=%2Fwp%2Fv2%2Fproduct_tag&post=10581"}],"curies":[{"name":"wp","href":"https:\/\/api.w.org\/{rel}","templated":true}]}}