{"id":10611,"date":"2024-02-23T19:59:39","date_gmt":"2024-02-23T19:59:39","guid":{"rendered":"https:\/\/digistar.ma\/?post_type=product&#038;p=10611"},"modified":"2024-02-23T19:59:39","modified_gmt":"2024-02-23T19:59:39","slug":"ecran-23-8-pouces-full-hd-msi-pro-mp2412","status":"publish","type":"product","link":"https:\/\/digistar.ma\/?product=ecran-23-8-pouces-full-hd-msi-pro-mp2412","title":{"rendered":"\u00c9cran 23.8 Pouces Full HD MSI Pro MP2412"},"content":{"rendered":"<h2>\u00c9cran 23.8 Pouces Full HD MSI Pro MP2412<\/h2>\n<h2 class=\"h2-master\">Optimisez votre environnement de travail<\/h2>\n<section>Parfaitement adapt\u00e9 aux exigences professionnelles, le\u00a0<strong>moniteur MSI PRO MP2412<\/strong>\u00a0s&#8217;invitera id\u00e9alement dans votre environnement de travail. Avec sa dalle VA de 23.8 pouces Full HD, son temps de r\u00e9ponse rapide, sa fr\u00e9quence d&#8217;image de 100 Hz, et ses technologies de protection oculaire, cet \u00e9cran MSI maximise le confort et la productivit\u00e9.<br \/>\n<\/section>\n<section>\n<div class=\"desc-image\"><img decoding=\"async\" src=\"https:\/\/media.ldlc.com\/bo\/images\/fiches\/moniteur%20LED\/MSI\/mp243x\/801.jpg\" alt=\"\" \/><\/div>\n<div class=\"desc-text\">\n<h2>LE CONFORT AU QUOTIDIEN<\/h2>\n<p>Avec sa\u00a0<strong>dalle VA Full HD de 23.8 pouces<\/strong>, le moniteur MSI PRO MP2412 propose un environnement id\u00e9al pour des activit\u00e9s de bureautique. Son design \u00e9pur\u00e9 aux bords fins sur 3 c\u00f4t\u00e9s assure \u00e0 chaque utilisateur un confort visuel optimal tandis que son rev\u00eatement anti-reflet permet de travailler dans les meilleures conditions. Avec une fr\u00e9quence d&#8217;affichage \u00e0 100 Hz et un temps de r\u00e9ponse rapide, ce moniteur MSI maximise la fluidit\u00e9 d&#8217;affichage, pour un meilleur confort, pour le travail ou le divertissement. Enfin, cet \u00e9cran certifi\u00e9 TUV prendra soin de vos yeux.\u00a0<strong>Retrouvez les bienfaits des technologies FlickerFree et Low Blue Light<\/strong>\u00a0pour \u00e9liminer les effets n\u00e9fastes du scintillement et de la lumi\u00e8re bleue.<\/p>\n<\/div>\n<\/section>\n<section>\n<div class=\"desc-text\">\n<h2>PRATIQUE POUR LES PROFESSIONNELS<\/h2>\n<p>Gardez votre bureau bien rang\u00e9 et organis\u00e9 en pla\u00e7ant votre smartphone dans la fente situ\u00e9e sur le pied de support de l&#8217;\u00e9cran. Vous l&#8217;aurez ainsi toujours \u00e0 port\u00e9e de main si besoin. Deux connecteurs (HDMI + DisplayPort) sont au rendez-vous pour relier votre \u00e9quipement tandis que le\u00a0<strong>logiciel Display Kit<\/strong>\u00a0vous proposera des outils et des modes utiles pour personnaliser votre exp\u00e9rience avec ce moniteur MSI.<\/p>\n<\/div>\n<div class=\"desc-image\"><img decoding=\"async\" src=\"https:\/\/media.ldlc.com\/bo\/images\/fiches\/moniteur%20LED\/MSI\/mp243x\/802.jpg\" alt=\"\" \/><\/div>\n<\/section>\n<section class=\"list\">\n<h2>CARACT\u00c9RISTIQUES PRINCIPALES \u00c9cran 23.8 Pouces Full HD MSI Pro MP2412<\/h2>\n<ul>\n<li>\u00c9cran de 23.8\u00a0pouces avec r\u00e9solution<strong>\u00a0Full HD\u00a0<\/strong>(1920 x 1080 pixels)<\/li>\n<li>Dalle VA : couleurs pr\u00e9cises et contrastes nuanc\u00e9s<\/li>\n<li>Temps de r\u00e9ponse de 1 ms (MPRT) \/ 4 ms (gris \u00e0 gris)<\/li>\n<li>Taux de rafra\u00eechissement de 100 Hz<\/li>\n<li><strong>Protection oculaire sup\u00e9rieure<\/strong>\u00a0: FlickerFree (anti-scintillement) + Low Blue Light (r\u00e9duction lumi\u00e8re bleue)<\/li>\n<li>Connecteurs : HDMI + DisplayPort<\/li>\n<li>Logiciel MSI Display Kit : modes pr\u00e9r\u00e9gl\u00e9s, gestion des couleurs,\u00a0clavier virtuel, multi-fen\u00eatres<\/li>\n<\/ul>\n<\/section>\n","protected":false},"excerpt":{"rendered":"<p>Taille de l&#8217;\u00e9cran : 23.8&#8243; (60cm) &#8211; Format 16:9<br \/>\nCourbure de l&#8217;\u00e9cran: Plat<br \/>\nType de Dalle: VA &#8211; R\u00e9tro\u00e9clairage: Anti-glare<br \/>\nR\u00e9solution: Full HD 1920&#215;1080<br \/>\nTemps de r\u00e9ponse: 1ms (MPRT) \/ 4ms (GTG)<br \/>\nTaux de rafra\u00eechissement: 100HZ<br \/>\nConnecteurs d&#8217;entr\u00e9e: 1x DisplayPort (1.2a) 1x HDMI\u2122 (1.4b)<br \/>\nR\u00e9glages de la position de l&#8217;\u00e9cran: Inclinaison -5\u00b0 ~ 20\u00b0<\/p>\n","protected":false},"featured_media":10612,"comment_status":"open","ping_status":"closed","template":"","meta":{"_acf_changed":false,"_monsterinsights_skip_tracking":false,"_monsterinsights_sitenote_active":false,"_monsterinsights_sitenote_note":"","_monsterinsights_sitenote_category":0,"_uf_show_specific_survey":0,"_uf_disable_surveys":false,"_joinchat":[]},"product_brand":[],"product_cat":[259,239,297,246],"product_tag":[],"class_list":{"0":"post-10611","1":"product","2":"type-product","3":"status-publish","4":"has-post-thumbnail","6":"product_cat-ecran-pc","7":"product_cat-ecran-moniteur","8":"product_cat-gaming","9":"product_cat-peripherique","11":"first","12":"instock","13":"sale","14":"shipping-taxable","15":"purchasable","16":"product-type-simple"},"acf":[],"jetpack_sharing_enabled":true,"_links":{"self":[{"href":"https:\/\/digistar.ma\/index.php?rest_route=\/wp\/v2\/product\/10611","targetHints":{"allow":["GET"]}}],"collection":[{"href":"https:\/\/digistar.ma\/index.php?rest_route=\/wp\/v2\/product"}],"about":[{"href":"https:\/\/digistar.ma\/index.php?rest_route=\/wp\/v2\/types\/product"}],"replies":[{"embeddable":true,"href":"https:\/\/digistar.ma\/index.php?rest_route=%2Fwp%2Fv2%2Fcomments&post=10611"}],"version-history":[{"count":1,"href":"https:\/\/digistar.ma\/index.php?rest_route=\/wp\/v2\/product\/10611\/revisions"}],"predecessor-version":[{"id":10617,"href":"https:\/\/digistar.ma\/index.php?rest_route=\/wp\/v2\/product\/10611\/revisions\/10617"}],"wp:featuredmedia":[{"embeddable":true,"href":"https:\/\/digistar.ma\/index.php?rest_route=\/wp\/v2\/media\/10612"}],"wp:attachment":[{"href":"https:\/\/digistar.ma\/index.php?rest_route=%2Fwp%2Fv2%2Fmedia&parent=10611"}],"wp:term":[{"taxonomy":"product_brand","embeddable":true,"href":"https:\/\/digistar.ma\/index.php?rest_route=%2Fwp%2Fv2%2Fproduct_brand&post=10611"},{"taxonomy":"product_cat","embeddable":true,"href":"https:\/\/digistar.ma\/index.php?rest_route=%2Fwp%2Fv2%2Fproduct_cat&post=10611"},{"taxonomy":"product_tag","embeddable":true,"href":"https:\/\/digistar.ma\/index.php?rest_route=%2Fwp%2Fv2%2Fproduct_tag&post=10611"}],"curies":[{"name":"wp","href":"https:\/\/api.w.org\/{rel}","templated":true}]}}