{"id":10618,"date":"2024-02-23T20:46:48","date_gmt":"2024-02-23T20:46:48","guid":{"rendered":"https:\/\/digistar.ma\/?post_type=product&#038;p=10618"},"modified":"2024-02-23T20:46:48","modified_gmt":"2024-02-23T20:46:48","slug":"ecran-34-pouces-uwqhd-msi-pro-mp341cqw","status":"publish","type":"product","link":"https:\/\/digistar.ma\/?product=ecran-34-pouces-uwqhd-msi-pro-mp341cqw","title":{"rendered":"\u00c9cran 34 Pouces UWQHD MSI Pro MP341CQW"},"content":{"rendered":"<h3>\u00c9cran 34 Pouces UWQHD MSI Pro MP341CQW<\/h3>\n<section>\n<div class=\"desc-text\">\n<h2 class=\"h2-master\">\u00c9cran incurv\u00e9 au format 21\/9<\/h2>\n<section>Gagnez en confort de travail et profitez de vos films avec le\u00a0<strong>moniteur incurv\u00e9 MSI PRO MP341CQW<\/strong>\u00a0! Gr\u00e2ce \u00e0 sa dalle incurv\u00e9e au format 21\/9, cet \u00e9cran MSI offre une zone de travail \u00e9tendue et un angle de vision plus naturel. Avec en prime des fonctions de protection oculaire, ce mod\u00e8le optimisera votre confort visuel et votre productivit\u00e9 !<br \/>\n<\/section>\n<section>\n<div class=\"desc-image\"><img decoding=\"async\" src=\"https:\/\/media.ldlc.com\/bo\/images\/fiches\/moniteur%20LED\/MSI\/PRO_MP341CQ\/801.jpg\" alt=\"\" \/><\/div>\n<div class=\"desc-text\">\n<h2>\u00c9CRAN INCURV\u00c9 AU FORMAT 21\/9<\/h2>\n<p>Travaillez efficacement avec le moniteur MSI PRO MP341CQW ! Gr\u00e2ce \u00e0 son format large 21\/9, c&#8217;est comme si vous travailliez sur deux \u00e9crans avec plusieurs fen\u00eatres ouvertes en m\u00eame temps. Ce format sera \u00e9galement id\u00e9al pour profiter des films en plein \u00e9cran ! Profitez aussi d&#8217;une exp\u00e9rience immersive lors de votre travail ou de votre divertissement gr\u00e2ce \u00e0 la courbure 1500R de la dalle. Cet \u00e9cran est id\u00e9al pour travailler et se divertir car sa courbure permet de r\u00e9duire la fatigue oculaire et d&#8217;am\u00e9liorer le confort visuel.<\/p>\n<\/div>\n<\/section>\n<section>\n<div class=\"desc-text\">\n<h2>AFFICHAGE FLUIDE<\/h2>\n<p>Le taux de rafra\u00eechissement de 100 Hz de cet \u00e9cran apporte une meilleure exp\u00e9rience de visionnage. Plus le nombre d&#8217;images affich\u00e9es \u00e0 la seconde est \u00e9lev\u00e9, moins vos yeux ont besoin de travailler !<\/p>\n<\/div>\n<div class=\"desc-image\"><img decoding=\"async\" src=\"https:\/\/media.ldlc.com\/bo\/images\/fiches\/moniteur%20LED\/MSI\/PRO_MP341CQ\/802.jpg\" alt=\"\" \/><\/div>\n<\/section>\n<section>\n<div class=\"desc-image\"><img decoding=\"async\" src=\"https:\/\/media.ldlc.com\/bo\/images\/fiches\/moniteur%20LED\/MSI\/PRO_MP341CQ\/803.jpg\" alt=\"\" \/><\/div>\n<div class=\"desc-text\">\n<h2>TECHNOLOGIE ANTI-SCINTILLEMENTS<\/h2>\n<p>Avec la technologie anti-scintillement de MSI, l&#8217;\u00e9cran re\u00e7oit un courant de sortie stable, ce qui r\u00e9sulte en une excellente protection contre la s\u00e9cheresse et la fatigue oculaires mais \u00e9galement en une grande r\u00e9duction du risque de devoir porter des lunettes dans le futur.<\/p>\n<\/div>\n<\/section>\n<\/div>\n<\/section>\n","protected":false},"excerpt":{"rendered":"<p>Taille de l&#8217;\u00e9cran : 34&#8243; (86.36 cm) &#8211; Format 21:9<br \/>\nCourbure de l&#8217;\u00e9cran: Courbure 1500R<br \/>\nType de Dalle: VA &#8211; R\u00e9tro\u00e9clairage: Anti-glare<br \/>\nR\u00e9solution: 3440&#215;1440 (UWQHD)<br \/>\nTemps de r\u00e9ponse: 1ms (MPRT) \/ 4ms (GTG)<br \/>\nTaux de rafra\u00eechissement: 100HZ<br \/>\nConnecteurs d&#8217;entr\u00e9e: 1x DisplayPort | 2x HDMI<br \/>\nR\u00e9glages de la position de l&#8217;\u00e9cran: INCLINAISON -3.5\u00b0 ~ 21.5\u00b0<\/p>\n","protected":false},"featured_media":10619,"comment_status":"open","ping_status":"closed","template":"","meta":{"_acf_changed":false,"_monsterinsights_skip_tracking":false,"_monsterinsights_sitenote_active":false,"_monsterinsights_sitenote_note":"","_monsterinsights_sitenote_category":0,"_uf_show_specific_survey":0,"_uf_disable_surveys":false,"_joinchat":[]},"product_brand":[],"product_cat":[259,239,297,246],"product_tag":[],"class_list":{"0":"post-10618","1":"product","2":"type-product","3":"status-publish","4":"has-post-thumbnail","6":"product_cat-ecran-pc","7":"product_cat-ecran-moniteur","8":"product_cat-gaming","9":"product_cat-peripherique","11":"first","12":"instock","13":"sale","14":"shipping-taxable","15":"purchasable","16":"product-type-simple"},"acf":[],"jetpack_sharing_enabled":true,"_links":{"self":[{"href":"https:\/\/digistar.ma\/index.php?rest_route=\/wp\/v2\/product\/10618","targetHints":{"allow":["GET"]}}],"collection":[{"href":"https:\/\/digistar.ma\/index.php?rest_route=\/wp\/v2\/product"}],"about":[{"href":"https:\/\/digistar.ma\/index.php?rest_route=\/wp\/v2\/types\/product"}],"replies":[{"embeddable":true,"href":"https:\/\/digistar.ma\/index.php?rest_route=%2Fwp%2Fv2%2Fcomments&post=10618"}],"version-history":[{"count":1,"href":"https:\/\/digistar.ma\/index.php?rest_route=\/wp\/v2\/product\/10618\/revisions"}],"predecessor-version":[{"id":10624,"href":"https:\/\/digistar.ma\/index.php?rest_route=\/wp\/v2\/product\/10618\/revisions\/10624"}],"wp:featuredmedia":[{"embeddable":true,"href":"https:\/\/digistar.ma\/index.php?rest_route=\/wp\/v2\/media\/10619"}],"wp:attachment":[{"href":"https:\/\/digistar.ma\/index.php?rest_route=%2Fwp%2Fv2%2Fmedia&parent=10618"}],"wp:term":[{"taxonomy":"product_brand","embeddable":true,"href":"https:\/\/digistar.ma\/index.php?rest_route=%2Fwp%2Fv2%2Fproduct_brand&post=10618"},{"taxonomy":"product_cat","embeddable":true,"href":"https:\/\/digistar.ma\/index.php?rest_route=%2Fwp%2Fv2%2Fproduct_cat&post=10618"},{"taxonomy":"product_tag","embeddable":true,"href":"https:\/\/digistar.ma\/index.php?rest_route=%2Fwp%2Fv2%2Fproduct_tag&post=10618"}],"curies":[{"name":"wp","href":"https:\/\/api.w.org\/{rel}","templated":true}]}}