{"id":10773,"date":"2024-03-08T23:55:28","date_gmt":"2024-03-08T23:55:28","guid":{"rendered":"https:\/\/digistar.ma\/?post_type=product&#038;p=10773"},"modified":"2024-03-08T23:55:28","modified_gmt":"2024-03-08T23:55:28","slug":"mug-sublimation-interieur-bleu-fonce-anse-coeur-330ml","status":"publish","type":"product","link":"https:\/\/digistar.ma\/?product=mug-sublimation-interieur-bleu-fonce-anse-coeur-330ml","title":{"rendered":"Mug sublimation int\u00e9rieur bleu fonc\u00e9 anse c\u0153ur 330ml"},"content":{"rendered":"<h4>Mug sublimation int\u00e9rieur bleu fonc\u00e9 anse c\u0153ur 330ml<\/h4>\n<p>Le mug est l&#8217;objet id\u00e9al \u00e0 personnaliser. A la fois utile et pratique, vous n&#8217;avez plus qu&#8217;\u00e0 choisir le message, la photo ou le logo de votre choix \u00e0 sublimer.<\/p>\n<p>Cet objet tendance vous permettra de vous d\u00e9marquer en apportant une touche d&#8217;originalit\u00e9 gr\u00e2ce \u00e0 son c\u00f4t\u00e9 bicolore.<\/p>\n<p>Ces tasses pour sublimation sont id\u00e9ales pour les cadeaux personnalis\u00e9s ou comme articles promotionnels. Vous pourrez ainsi cr\u00e9er :<br \/>\n&#8211; Des superbes tasses avec photo aux couleurs vibrantes<br \/>\n&#8211; Des articles promotionnels, ou des tasses pour une marque<br \/>\n&#8211; Des tasses pour toute entreprise, organisation, \u00e9quipe sportive<br \/>\n&#8211; Des tasses personnalis\u00e9es pour les anniversaires<\/p>\n<p><strong>NB<\/strong> : Ce Mug sublimation int\u00e9rieur bleu fonc\u00e9 anse c\u0153ur 330ml passe au lave-vaisselle<\/p>\n<p><strong>L&#8217;Astuce Digistar.ma :<\/strong>\u00a0pour am\u00e9liorer la qualit\u00e9 de votre travail, pensez \u00e0 utiliser une feuille de t\u00e9flon et du scotch haute temp\u00e9rature. Nous vous conseillons de presser votre mug durant 180 secondes entre 180\u00b0C et 200\u00b0C avec une pression moyenne.<\/p>\n<p>Avant de lancer une production compl\u00e8te, r\u00e9alisez toujours quelques essais, de fa\u00e7on \u00e0 trouver le parfait \u00e9quilibre entre votre pression, le temps de chauffe et la temp\u00e9rature.<\/p>\n","protected":false},"excerpt":{"rendered":"<ul>\n<li>Poign\u00e9e coeur<\/li>\n<li>Hauteur : 95 mm<\/li>\n<li>Diam\u00e8tre : 82 mm<\/li>\n<li>Contenance : 325 ml<\/li>\n<\/ul>\n","protected":false},"featured_media":10774,"comment_status":"open","ping_status":"closed","template":"","meta":{"_acf_changed":false,"_monsterinsights_skip_tracking":false,"_monsterinsights_sitenote_active":false,"_monsterinsights_sitenote_note":"","_monsterinsights_sitenote_category":0,"_uf_show_specific_survey":0,"_uf_disable_surveys":false,"_joinchat":[]},"product_brand":[],"product_cat":[384,386,385],"product_tag":[],"class_list":{"0":"post-10773","1":"product","2":"type-product","3":"status-publish","4":"has-post-thumbnail","6":"product_cat-fournitures-dimpression","7":"product_cat-consommables-sublimation-dtf","8":"product_cat-sublimation","10":"first","11":"instock","12":"sale","13":"shipping-taxable","14":"purchasable","15":"product-type-simple"},"acf":[],"jetpack_sharing_enabled":true,"_links":{"self":[{"href":"https:\/\/digistar.ma\/index.php?rest_route=\/wp\/v2\/product\/10773","targetHints":{"allow":["GET"]}}],"collection":[{"href":"https:\/\/digistar.ma\/index.php?rest_route=\/wp\/v2\/product"}],"about":[{"href":"https:\/\/digistar.ma\/index.php?rest_route=\/wp\/v2\/types\/product"}],"replies":[{"embeddable":true,"href":"https:\/\/digistar.ma\/index.php?rest_route=%2Fwp%2Fv2%2Fcomments&post=10773"}],"version-history":[{"count":1,"href":"https:\/\/digistar.ma\/index.php?rest_route=\/wp\/v2\/product\/10773\/revisions"}],"predecessor-version":[{"id":10777,"href":"https:\/\/digistar.ma\/index.php?rest_route=\/wp\/v2\/product\/10773\/revisions\/10777"}],"wp:featuredmedia":[{"embeddable":true,"href":"https:\/\/digistar.ma\/index.php?rest_route=\/wp\/v2\/media\/10774"}],"wp:attachment":[{"href":"https:\/\/digistar.ma\/index.php?rest_route=%2Fwp%2Fv2%2Fmedia&parent=10773"}],"wp:term":[{"taxonomy":"product_brand","embeddable":true,"href":"https:\/\/digistar.ma\/index.php?rest_route=%2Fwp%2Fv2%2Fproduct_brand&post=10773"},{"taxonomy":"product_cat","embeddable":true,"href":"https:\/\/digistar.ma\/index.php?rest_route=%2Fwp%2Fv2%2Fproduct_cat&post=10773"},{"taxonomy":"product_tag","embeddable":true,"href":"https:\/\/digistar.ma\/index.php?rest_route=%2Fwp%2Fv2%2Fproduct_tag&post=10773"}],"curies":[{"name":"wp","href":"https:\/\/api.w.org\/{rel}","templated":true}]}}