{"id":10833,"date":"2024-03-16T20:10:14","date_gmt":"2024-03-16T20:10:14","guid":{"rendered":"https:\/\/digistar.ma\/?post_type=product&#038;p=10833"},"modified":"2024-03-16T20:11:58","modified_gmt":"2024-03-16T20:11:58","slug":"epson-surelab-order-controller-full-edition-pour-d500-d700-d800-d1000","status":"publish","type":"product","link":"https:\/\/digistar.ma\/?product=epson-surelab-order-controller-full-edition-pour-d500-d700-d800-d1000","title":{"rendered":"Epson SureLab Order Controller Full Edition pour D500\/D700\/D800\/D1000"},"content":{"rendered":"<p><strong>Epson SureLab Order Controller Full Edition pour D500\/D700\/D800\/D1000<\/strong><\/p>\n<div class=\"rte points-forts\">\n<ul>\n<li>Gestion bout-en-bout de vos imprimantes SureLab<\/li>\n<li>Fonctions de retouches \u00e9volu\u00e9es<\/li>\n<li>Jusqu\u2019\u00e0 300 r\u00e9glages personnalis\u00e9s<\/li>\n<li>Permet d\u2019optimiser l\u2019utilisation des consommables papier<\/li>\n<li>Automatisation des impressions depuis un dossier dynamique (\u201cHot Folder\u201d)<\/li>\n<li>Support pour 3 formats d\u2019image : JPG, TIFF et BMP<\/li>\n<li>Processus simple et complet, depuis une commande jusqu\u2019\u00e0 l\u2019impression<\/li>\n<\/ul>\n<\/div>\n<div class=\"rte\">\n<p>Epson SureLab\u00a0<strong>OrderController<\/strong>, v\u00e9ritable chef d\u2019orchestre de votre\u00a0<strong>laboratoire<\/strong>\u00a0d\u2019impression, est un logiciel de\u00a0<strong>gestion des commandes<\/strong>\u00a0de tirages aux fonctionnalit\u00e9s \u00e9volu\u00e9es, d\u00e9velopp\u00e9 par\u00a0<strong>Epson<\/strong>.<\/p>\n<p>Il prend en charge la gestion compl\u00e8te d\u2019un\u00a0<strong>minilab<\/strong>\u00a0\u00e9quip\u00e9 d\u2019une ou de plusieurs imprimantes \u00e0 jet d\u2019encre de la gamme\u00a0<strong>SureLab<\/strong>, notamment les D500, D700, D800 et D1000 \/D1000A et D3000.<\/p>\n<p>Le logiciel fonctionne sous\u00a0<strong>Windows<\/strong>\u00a0(voir plus bas pour les d\u00e9tails de la configuration requise), et met \u00e0 votre port\u00e9e un\u00a0<strong>contr\u00f4le efficace<\/strong>\u00a0du flux de production, depuis une\u00a0<strong>commande<\/strong>\u00a0jusqu\u2019\u00e0\u00a0<strong>l\u2019impression<\/strong>\u00a0finale, dans les\u00a0<strong>formats<\/strong>, les\u00a0<strong>finitions<\/strong>\u00a0et les\u00a0<strong>quantit\u00e9s<\/strong>\u00a0n\u00e9cessaires pour r\u00e9pondre rapidement aux demandes de vos clients les plus exigeants.<\/p>\n<h2>UN GESTIONNAIRE DE FICHIERS POUR LA S\u00c9LECTION DES PHOTOS<\/h2>\n<p>L\u2019interface de\u00a0<strong>Epson Order Controller<\/strong>\u00a0est similaire au\u00a0<strong>gestionnaire de fichier<\/strong>\u00a0de votre ordinateur.<\/p>\n<p>Il est possible de naviguer sur votre\u00a0<strong>disque dur<\/strong>\u00a0ou toute autre\u00a0<strong>unit\u00e9 de stockage<\/strong>\u00a0afin de s\u00e9lectionner les fichiers \u00e0 traiter, \u00e0 retoucher, \u00e0 imprimer et \u00e0 exporter pour une livraison de\u00a0<strong>fichiers num\u00e9riques<\/strong>.<\/p>\n<p>Il est aussi possible de\u00a0<strong>num\u00e9riser<\/strong>\u00a0une image (via un\u00a0<strong>scanner<\/strong>) et de l\u2019importer directement dans Order Controller pour l\u2019int\u00e9grer \u00e0 votre flux de production, sans interruption.<\/p>\n<p>Ce module donne une vue d\u2019ensemble de toutes les\u00a0<strong>t\u00e2ches en cours<\/strong>\u00a0et \u00e0 venir, incluant la\u00a0<strong>source<\/strong>, le type de\u00a0<strong>papier<\/strong>, la\u00a0<strong>finition<\/strong>, la mise en page et les\u00a0<strong>formats<\/strong>, etc.<\/p>\n<p>Dans un environnement complexe, incluant\u00a0<strong>plusieurs imprimantes<\/strong>, Order Controller vous indique clairement vers quel appareil une t\u00e2che sp\u00e9cifique est ou sera assign\u00e9e, de m\u00eame que les<strong>\u00a0niveaux de consommables<\/strong>\u00a0(encres et papiers).<\/p>\n<p>Ce niveau d\u2019information est un atout important pour une gestion efficace des\u00a0<strong>co\u00fbts de production<\/strong>. Il est ainsi possible de prendre en temps r\u00e9el les d\u00e9cisions les plus\u00a0<strong>rentables<\/strong>, en r\u00e9duisant les\u00a0<strong>co\u00fbts<\/strong>\u00a0sans pour autant impacter le\u00a0<strong>flux de production<\/strong>.<\/p>\n<p>Les t\u00e2ches compl\u00e9t\u00e9es peuvent ensuite \u00eatre enregistr\u00e9es dans un dossier r\u00e9seau, un p\u00e9riph\u00e9rique de stockage USB, un CD ou un DVD, pour une utilisation future.<\/p>\n<h2>INT\u00c9GRATION PARFAITE DE VOTRE PARC D\u2019IMPRIMANTES<\/h2>\n<p>Le logiciel a \u00e9t\u00e9 con\u00e7u pour fonctionner avec les imprimantes\u00a0<strong>Epson SureLab<\/strong>\u00a0mentionn\u00e9es plus haut, mais pilotera \u00e9galement plusieurs mod\u00e8les d\u2019imprimantes photo grand format de la gamme\u00a0<strong>SureColor<\/strong>\u00a0jusqu&#8217;\u00e0\u00a0<strong>44\u201d<\/strong>\u00a0de largeur. Il est ainsi possible de g\u00e9rer un ensemble d\u2019imprimantes, jusqu\u2019\u00e0 8 au total, et d\u2019assigner \u00e0 chacune d\u2019elles les t\u00e2ches qui conviennent le mieux en mati\u00e8re de rendu ou de format.<\/p>\n<h2>FONCTIONNALIT\u00c9S DE RETOUCHES (INT\u00c9GR\u00c9ES ET EXTERNES)<\/h2>\n<p><strong>Epson Order Controller<\/strong>\u00a0int\u00e8gre un ensemble de fonctionnalit\u00e9s de\u00a0<strong>retouches<\/strong>\u00a0de base, permettant ainsi d\u2019apporter certaines modifications dans les r\u00e9glages,\u00a0<strong>\u00e0 la vol\u00e9e<\/strong>, sans avoir recourt \u00e0 une proc\u00e9dure complexe ou chronophage.<\/p>\n<p>Il est aussi possible d\u2019utiliser un\u00a0<strong>logiciel d\u2019\u00e9dition externe<\/strong>, selon votre flux de travail et le niveau de retouches n\u00e9cessaires pour une t\u00e2che donn\u00e9e. Cette\u00a0<strong>flexibilit\u00e9<\/strong>\u00a0est un atout important pour les \u00e9quipes de travail d\u00e9j\u00e0 form\u00e9es \u00e0 des<strong>\u00a0outils professionnels<\/strong>\u00a0faisant partie de leur m\u00e9thode de travail ou le\u00a0<strong>processus interne<\/strong>\u00a0de votre environnement de production.<\/p>\n<p>L\u2019<strong>interface sobre<\/strong>\u00a0et\u00a0<strong>intuitive<\/strong>\u00a0du logiciel\u00a0<strong>Epson Order Controller<\/strong>\u00a0offre une prise en main simple et efficace, tout en donnant acc\u00e8s aux fonctionnalit\u00e9s de\u00a0<strong>retouches<\/strong>\u00a0suivantes :<\/p>\n<ul>\n<li>Luminosit\u00e9<\/li>\n<li>Contraste<\/li>\n<li>Lissage de la peau<\/li>\n<li>Angle de rotation<\/li>\n<li>Suppression des yeux rouges<\/li>\n<li>Fonction de rognage avanc\u00e9e<\/li>\n<li>Suppression des yeux rouges<\/li>\n<\/ul>\n<h2>PR\u00c9R\u00c9GLAGES PERSONNALIS\u00c9S POUR UN GAIN DE TEMPS SUBSTANTIEL<\/h2>\n<p>Epson Order Controller dispose de\u00a0<strong>pr\u00e9r\u00e9glages personnalis\u00e9s<\/strong>\u00a0(jusqu\u2019\u00e0 300) pour permettre un traitement rapide des travaux.<\/p>\n<p>Il reste compatible avec des fichiers dans une vari\u00e9t\u00e9 de formats (JPEG, TIFF ou BMP), soit directement depuis son gestionnaire de fichiers, ou \u00e0 partir d&#8217;un\u00a0<strong>dossier dynamique<\/strong>\u00a0(Hot Folder).<\/p>\n<p>Il est aussi possible de sauvegarder jusqu\u2019\u00e0\u00a0<strong>300 r\u00e9glages personnalis\u00e9s<\/strong>\u00a0pour un gain de temps substantiel dans un environnement de\u00a0<strong>production<\/strong>\u00a0\u00e0 flux \u00e9lev\u00e9.<\/p>\n<h2>GESTION EFFICACE DES T\u00c2CHES ET DE LA CHARGE<\/h2>\n<p>Lorsqu&#8217;il est utilis\u00e9 avec plusieurs imprimantes SureLab du m\u00eame type\/mod\u00e8le, il prend en charge le fractionnement des t\u00e2ches et l&#8217;\u00e9quilibrage de la charge.<\/p>\n<p>Epson SureLab Order Controller requiert la configuration minimum suivante :<\/p>\n<p><strong>Syst\u00e8me d\u2019exploitation :<\/strong><\/p>\n<ul>\n<li>Windows 7 Pro (64 bit)<\/li>\n<li>Windows 8 Pro (64 bit)<\/li>\n<li>Windows 8.1 Pro (64 bit)<\/li>\n<li>Windows 10 Pro (64 bit)<\/li>\n<li>Windows 11 (64 bit)*<\/li>\n<\/ul>\n<p><strong>Processeur :<\/strong><\/p>\n<ul>\n<li>Intel Core2Duo 2Ghz ou plus rapide (Intel Core i5 2.5 GHz ou plus rapide recommand\u00e9).<\/li>\n<\/ul>\n<p><strong>M\u00e9moire vive :<\/strong><\/p>\n<ul>\n<li>2 GB ou plus (4 GB ou plus recommand\u00e9).<\/li>\n<\/ul>\n<p><strong>Espace disque disponible :<\/strong><\/p>\n<ul>\n<li>2 GB ou plus lors de l\u2019installation du logiciel<\/li>\n<li>Un espace disque suffisant pour contenir toutes les images des commandes d\u2019impression.<\/li>\n<\/ul>\n<p><strong>\u00c9cran :<\/strong><\/p>\n<ul>\n<li>\u00c9cran couleur d\u2019une r\u00e9solution de 1280 x 1024, 24 bit ou plus.<\/li>\n<\/ul>\n<p><strong>Formats de fichier support\u00e9s (r\u00e9solution maximale de 10 000 x 10 000 pixels) :<\/strong><\/p>\n<ul>\n<li>JPEG<\/li>\n<li>TIFF<\/li>\n<li>BMP<\/li>\n<\/ul>\n<p>&nbsp;<\/p>\n<blockquote><p><strong>IMPORTANT<\/strong><\/p>\n<p>Veuillez vous r\u00e9f\u00e9rer au site de Microsoft pour la\u00a0<strong><a title=\"Windows 11\" href=\"https:\/\/www.microsoft.com\/fr-fr\/windows\/windows-11-specifications#table1\" target=\"_blank\" rel=\"noopener\">configuration minimale<\/a><\/strong>\u00a0n\u00e9cessaire au bon fonctionnement de ce syst\u00e8me d\u2019exploitation.<\/p><\/blockquote>\n<\/div>\n","protected":false},"excerpt":{"rendered":"<table class=\"table-data-sheet caracteristique\">\n<tbody>\n<tr>\n<td>Type de produit<\/td>\n<td>Logiciel<\/td>\n<\/tr>\n<tr>\n<td>Marque<\/td>\n<td>EPSON<\/td>\n<\/tr>\n<tr>\n<td>Imprimante compatible<\/td>\n<td>Epson SureLab D500, Epson SureLab D700, Epson SureLab D800, Epson SureLab D1000<\/td>\n<\/tr>\n<\/tbody>\n<\/table>\n","protected":false},"featured_media":10834,"comment_status":"open","ping_status":"closed","template":"","meta":{"_acf_changed":false,"_monsterinsights_skip_tracking":false,"_monsterinsights_sitenote_active":false,"_monsterinsights_sitenote_note":"","_monsterinsights_sitenote_category":0,"_uf_show_specific_survey":0,"_uf_disable_surveys":false,"_joinchat":[]},"product_brand":[],"product_cat":[384,380],"product_tag":[],"class_list":{"0":"post-10833","1":"product","2":"type-product","3":"status-publish","4":"has-post-thumbnail","6":"product_cat-fournitures-dimpression","7":"product_cat-epson","9":"first","10":"instock","11":"sale","12":"shipping-taxable","13":"purchasable","14":"product-type-simple"},"acf":[],"jetpack_sharing_enabled":true,"_links":{"self":[{"href":"https:\/\/digistar.ma\/index.php?rest_route=\/wp\/v2\/product\/10833","targetHints":{"allow":["GET"]}}],"collection":[{"href":"https:\/\/digistar.ma\/index.php?rest_route=\/wp\/v2\/product"}],"about":[{"href":"https:\/\/digistar.ma\/index.php?rest_route=\/wp\/v2\/types\/product"}],"replies":[{"embeddable":true,"href":"https:\/\/digistar.ma\/index.php?rest_route=%2Fwp%2Fv2%2Fcomments&post=10833"}],"version-history":[{"count":1,"href":"https:\/\/digistar.ma\/index.php?rest_route=\/wp\/v2\/product\/10833\/revisions"}],"predecessor-version":[{"id":10837,"href":"https:\/\/digistar.ma\/index.php?rest_route=\/wp\/v2\/product\/10833\/revisions\/10837"}],"wp:featuredmedia":[{"embeddable":true,"href":"https:\/\/digistar.ma\/index.php?rest_route=\/wp\/v2\/media\/10834"}],"wp:attachment":[{"href":"https:\/\/digistar.ma\/index.php?rest_route=%2Fwp%2Fv2%2Fmedia&parent=10833"}],"wp:term":[{"taxonomy":"product_brand","embeddable":true,"href":"https:\/\/digistar.ma\/index.php?rest_route=%2Fwp%2Fv2%2Fproduct_brand&post=10833"},{"taxonomy":"product_cat","embeddable":true,"href":"https:\/\/digistar.ma\/index.php?rest_route=%2Fwp%2Fv2%2Fproduct_cat&post=10833"},{"taxonomy":"product_tag","embeddable":true,"href":"https:\/\/digistar.ma\/index.php?rest_route=%2Fwp%2Fv2%2Fproduct_tag&post=10833"}],"curies":[{"name":"wp","href":"https:\/\/api.w.org\/{rel}","templated":true}]}}