{"id":10882,"date":"2024-03-18T16:41:58","date_gmt":"2024-03-18T16:41:58","guid":{"rendered":"https:\/\/digistar.ma\/?post_type=product&#038;p=10882"},"modified":"2024-08-29T12:47:54","modified_gmt":"2024-08-29T12:47:54","slug":"epson-t54c-bouteille-dencre-dorigine-magenta","status":"publish","type":"product","link":"https:\/\/digistar.ma\/?product=epson-t54c-bouteille-dencre-dorigine-magenta","title":{"rendered":"Epson T54C bouteille d\u2019encre d\u2019origine Magenta"},"content":{"rendered":"<p><strong>Epson T54C bouteille d\u2019encre d\u2019origine Magenta<\/strong><\/p>\n<p>La bouteille d\u2019encre magenta clair Epson T54C permet \u00e0 votre imprimante Epson SL-D500 de produire des impressions de haute qualit\u00e9.<\/p>\n<p>L\u2019encre de cette cartouche produit des photos et images d\u00e9taill\u00e9es sur le papier. Cette cartouche d\u2019origine cr\u00e9e ainsi des impressions r\u00e9alistes et vibrantes.<\/p>\n<h2>Description de\u00a0<strong>Epson T54C bouteille d\u2019encre d\u2019origine Magenta<\/strong><span class=\"Description_Productinfo\">\u00a0pour SureLab SL-D500<\/span><\/h2>\n<ul>\n<li>\n<div class=\"Description_Productinfo\">La Epson T54C bouteille d\u2019encre d\u2019origine Magenta SURELAB SL-D500 est une cartouche de haute qualit\u00e9 sp\u00e9cialement con\u00e7ue pour fonctionner avec l\u2019imprimante photo Epson SureLab D500.<\/div>\n<\/li>\n<li><\/li>\n<li>\n<div class=\"Description_Productinfo\">\n<p>Cette cartouche contient une grande quantit\u00e9 d\u2019encre magenta clair, ce qui permet de produire des couleurs vives et \u00e9clatantes, donnant \u00e0 vos impressions une qualit\u00e9 professionnelle.<\/p>\n<\/div>\n<\/li>\n<\/ul>\n","protected":false},"excerpt":{"rendered":"<p>Couleur: Magenta<\/p>\n<p>Marque: Epson<\/p>\n<p>Type: cartouche \u00e0 jet d\u2019encre<\/p>\n<p>Code: C13T54C320<\/p>\n<p>Volume : 70 ml<\/p>\n","protected":false},"featured_media":10884,"comment_status":"open","ping_status":"closed","template":"","meta":{"_acf_changed":false,"_monsterinsights_skip_tracking":false,"_monsterinsights_sitenote_active":false,"_monsterinsights_sitenote_note":"","_monsterinsights_sitenote_category":0,"_uf_show_specific_survey":0,"_uf_disable_surveys":false,"_joinchat":[]},"product_brand":[],"product_cat":[238,251,380,384],"product_tag":[],"class_list":{"0":"post-10882","1":"product","2":"type-product","3":"status-publish","4":"has-post-thumbnail","6":"product_cat-consommables","7":"product_cat-bouteille-dencre","8":"product_cat-epson","9":"product_cat-fournitures-dimpression","11":"first","12":"instock","13":"sale","14":"shipping-taxable","15":"purchasable","16":"product-type-simple"},"acf":[],"jetpack_sharing_enabled":true,"_links":{"self":[{"href":"https:\/\/digistar.ma\/index.php?rest_route=\/wp\/v2\/product\/10882","targetHints":{"allow":["GET"]}}],"collection":[{"href":"https:\/\/digistar.ma\/index.php?rest_route=\/wp\/v2\/product"}],"about":[{"href":"https:\/\/digistar.ma\/index.php?rest_route=\/wp\/v2\/types\/product"}],"replies":[{"embeddable":true,"href":"https:\/\/digistar.ma\/index.php?rest_route=%2Fwp%2Fv2%2Fcomments&post=10882"}],"version-history":[{"count":1,"href":"https:\/\/digistar.ma\/index.php?rest_route=\/wp\/v2\/product\/10882\/revisions"}],"predecessor-version":[{"id":10888,"href":"https:\/\/digistar.ma\/index.php?rest_route=\/wp\/v2\/product\/10882\/revisions\/10888"}],"wp:featuredmedia":[{"embeddable":true,"href":"https:\/\/digistar.ma\/index.php?rest_route=\/wp\/v2\/media\/10884"}],"wp:attachment":[{"href":"https:\/\/digistar.ma\/index.php?rest_route=%2Fwp%2Fv2%2Fmedia&parent=10882"}],"wp:term":[{"taxonomy":"product_brand","embeddable":true,"href":"https:\/\/digistar.ma\/index.php?rest_route=%2Fwp%2Fv2%2Fproduct_brand&post=10882"},{"taxonomy":"product_cat","embeddable":true,"href":"https:\/\/digistar.ma\/index.php?rest_route=%2Fwp%2Fv2%2Fproduct_cat&post=10882"},{"taxonomy":"product_tag","embeddable":true,"href":"https:\/\/digistar.ma\/index.php?rest_route=%2Fwp%2Fv2%2Fproduct_tag&post=10882"}],"curies":[{"name":"wp","href":"https:\/\/api.w.org\/{rel}","templated":true}]}}