{"id":10903,"date":"2024-03-18T19:26:02","date_gmt":"2024-03-18T19:26:02","guid":{"rendered":"https:\/\/digistar.ma\/?post_type=product&#038;p=10903"},"modified":"2024-03-18T19:26:02","modified_gmt":"2024-03-18T19:26:02","slug":"epson-t46k1-poche-dencre-noire-250-ml-pour-sl-d1000-1000a","status":"publish","type":"product","link":"https:\/\/digistar.ma\/?product=epson-t46k1-poche-dencre-noire-250-ml-pour-sl-d1000-1000a","title":{"rendered":"Epson T46K1 Poche d&#8217;encre Noire 250 ml pour SL-D1000\/1000A"},"content":{"rendered":"<p><strong>Epson T46K1 Poche d&#8217;encre Noire 250 ml pour SL-D1000\/1000A<\/strong><\/p>\n<div class=\"rte points-forts\">\n<ul>\n<li>Poche r\u00e9tractable, compact et \u00e9cologique<\/li>\n<\/ul>\n<ul>\n<li>Format de 250ml<\/li>\n<\/ul>\n<ul>\n<li>Qualit\u00e9 r\u00e9put\u00e9e des encres UltraChrome D6r-S<\/li>\n<\/ul>\n<\/div>\n<div class=\"rte\">\n<p>Poche d\u2019encre UltraChrome D6r-S\u00a0<strong>Noire<\/strong>\u00a0pour les imprimantes\u00a0<strong>SureLab D1000<\/strong>\u00a0et\u00a0<strong>D1000A<\/strong>. Epson propose d\u00e9sormais cette encre dans une poche r\u00e9tractable, plus\u00a0<strong>compactes<\/strong>\u00a0et\u00a0<strong>\u00e9cologiques<\/strong>\u00a0que les cartouches d\u2019encre traditionnelles en plastique. Ce produit est le\u00a0<strong>T46K1<\/strong> dont la r\u00e9f\u00e9rence Epson est <strong>C13T46K140<\/strong><\/p>\n<p>.<\/p>\n<p>Produit conditionn\u00e9 au format de 250ml.<\/p>\n<p><strong>Epson T46K1 Poche d&#8217;encre Noire 250 ml pour SL-D1000\/1000A<\/strong> \u00a0est une cartouche de haute qualit\u00e9 sp\u00e9cialement con\u00e7ue pour fonctionner avec l&#8217;imprimante photographique Epson SureLab D1000.<\/p>\n<p>Ce sac d&#8217;encre contient une grande capacit\u00e9 d&#8217;encre <strong>noir<\/strong>, qui produit des couleurs vives et pr\u00e9cises avec une haute qualit\u00e9 et un excellent \u00e9quilibre des couleurs.<\/p>\n<\/div>\n","protected":false},"excerpt":{"rendered":"<ul>\n<li>Poche r\u00e9tractable, compact et \u00e9cologique<\/li>\n<\/ul>\n<ul>\n<li>Format de 250ml<\/li>\n<\/ul>\n<ul>\n<li>Qualit\u00e9 r\u00e9put\u00e9e des encres UltraChrome D6r-S<\/li>\n<li>Couleur : Noire<\/li>\n<\/ul>\n","protected":false},"featured_media":10908,"comment_status":"open","ping_status":"closed","template":"","meta":{"_acf_changed":false,"_monsterinsights_skip_tracking":false,"_monsterinsights_sitenote_active":false,"_monsterinsights_sitenote_note":"","_monsterinsights_sitenote_category":0,"_uf_show_specific_survey":0,"_uf_disable_surveys":false,"_joinchat":[]},"product_brand":[],"product_cat":[238,251,380,384],"product_tag":[],"class_list":{"0":"post-10903","1":"product","2":"type-product","3":"status-publish","4":"has-post-thumbnail","6":"product_cat-consommables","7":"product_cat-bouteille-dencre","8":"product_cat-epson","9":"product_cat-fournitures-dimpression","11":"first","12":"instock","13":"sale","14":"shipping-taxable","15":"purchasable","16":"product-type-simple"},"acf":[],"jetpack_sharing_enabled":true,"_links":{"self":[{"href":"https:\/\/digistar.ma\/index.php?rest_route=\/wp\/v2\/product\/10903","targetHints":{"allow":["GET"]}}],"collection":[{"href":"https:\/\/digistar.ma\/index.php?rest_route=\/wp\/v2\/product"}],"about":[{"href":"https:\/\/digistar.ma\/index.php?rest_route=\/wp\/v2\/types\/product"}],"replies":[{"embeddable":true,"href":"https:\/\/digistar.ma\/index.php?rest_route=%2Fwp%2Fv2%2Fcomments&post=10903"}],"version-history":[{"count":1,"href":"https:\/\/digistar.ma\/index.php?rest_route=\/wp\/v2\/product\/10903\/revisions"}],"predecessor-version":[{"id":10910,"href":"https:\/\/digistar.ma\/index.php?rest_route=\/wp\/v2\/product\/10903\/revisions\/10910"}],"wp:featuredmedia":[{"embeddable":true,"href":"https:\/\/digistar.ma\/index.php?rest_route=\/wp\/v2\/media\/10908"}],"wp:attachment":[{"href":"https:\/\/digistar.ma\/index.php?rest_route=%2Fwp%2Fv2%2Fmedia&parent=10903"}],"wp:term":[{"taxonomy":"product_brand","embeddable":true,"href":"https:\/\/digistar.ma\/index.php?rest_route=%2Fwp%2Fv2%2Fproduct_brand&post=10903"},{"taxonomy":"product_cat","embeddable":true,"href":"https:\/\/digistar.ma\/index.php?rest_route=%2Fwp%2Fv2%2Fproduct_cat&post=10903"},{"taxonomy":"product_tag","embeddable":true,"href":"https:\/\/digistar.ma\/index.php?rest_route=%2Fwp%2Fv2%2Fproduct_tag&post=10903"}],"curies":[{"name":"wp","href":"https:\/\/api.w.org\/{rel}","templated":true}]}}