{"id":10925,"date":"2024-03-18T20:25:02","date_gmt":"2024-03-18T20:25:02","guid":{"rendered":"https:\/\/digistar.ma\/?post_type=product&#038;p=10925"},"modified":"2024-03-18T20:25:02","modified_gmt":"2024-03-18T20:25:02","slug":"epson-imprimante-photo-surelab-sl-d1000","status":"publish","type":"product","link":"https:\/\/digistar.ma\/?product=epson-imprimante-photo-surelab-sl-d1000","title":{"rendered":"Epson Imprimante Photo SureLab SL-D1000"},"content":{"rendered":"<p><strong>Epson Imprimante Photo SureLab SL-D1000<\/strong><\/p>\n<div class=\"rte points-forts\">\n<ul>\n<li>Mobilit\u00e9 accrue, plus petite et l\u00e9g\u00e8re que le mod\u00e8le pr\u00e9c\u00e9dent<\/li>\n<li>Connexions USB, Ethernet et WiFi<\/li>\n<li>Garantie de r\u00e9parabilit\u00e9 jusqu\u2019\u00e0 400 000 tirages 10x15cm, ou 5 ans,\u00a0au premier des 2 termes \u00e9chu.<\/li>\n<li>6 poches d\u2019encre de 250ml, compactes et \u00e9cologiques<\/li>\n<li>Jusqu\u2019\u00e0 460 tirages 10x15cm par heure<\/li>\n<\/ul>\n<\/div>\n<div class=\"rte\">\n<p><strong>Epson<\/strong>, fabricant de renomm\u00e9e mondiale, propose des syst\u00e8mes d\u2019impressions destin\u00e9s \u00e0 une client\u00e8le vari\u00e9e de particuliers et de professionnels.<\/p>\n<p>Elle commercialise depuis\u00a0<strong>2002<\/strong>\u00a0une gamme d\u2019imprimantes\u00a0<strong>performantes<\/strong>\u00a0destin\u00e9es \u00e0 une utilisation en mode\u00a0<strong>kiosque<\/strong>, la\u00a0<strong>photo d\u2019identit\u00e9<\/strong>\u00a0ou l\u2019<strong>\u00e9v\u00e9nementiel<\/strong>. Inspir\u00e9 de ses premiers \u201c<strong>drylabs<\/strong>\u201d \u00e0 jet d\u2019encre, r\u00e9put\u00e9s pour leur performance et leur fiabilit\u00e9, Epson a fait \u00e9voluer ce march\u00e9 d\u2019<strong>imprimantes professionnelles<\/strong>\u00a0avec l\u2019arriv\u00e9e de la\u00a0<strong>SureLab D3000<\/strong>\u00a0en 2012, la\u00a0<strong>SureLab D700<\/strong>\u00a0en 2015 et plus r\u00e9cemment la\u00a0<strong>SureLab D800<\/strong>, en 2019.<\/p>\n<p>Cette derni\u00e8re, toujours commercialis\u00e9e, reste un\u00a0<strong>succ\u00e8s ind\u00e9niable<\/strong>\u00a0et est utilis\u00e9e par nombre de\u00a0<strong>photographes<\/strong>\u00a0et<strong>\u00a0professionnels de l\u2019image<\/strong>\u00a0!<\/p>\n<p>2021 nous apporte une nouvelle cuv\u00e9e de la gamme avec la\u00a0<strong>SureLab D1000<\/strong>.<\/p>\n<p>Epson affiche fi\u00e8rement ses couleurs avec cet appareil charg\u00e9 \u00e0 bloc de\u00a0<strong>nouvelles fonctionnalit\u00e9s<\/strong>\u00a0et des\u00a0<strong>caract\u00e9ristiques am\u00e9lior\u00e9es.\u00a0<\/strong>Plus\u00a0<strong>compacte<\/strong>\u00a0et plus\u00a0<strong>rapide<\/strong>, la\u00a0<strong>SL-D1000<\/strong>\u00a0se pr\u00e9sente sous un bo\u00eetier noir et blanc, d\u2019un design\u00a0<strong>moderne<\/strong>\u00a0aux\u00a0<strong>lignes \u00e9pur\u00e9es<\/strong>.<\/p>\n<p>Ses dimensions de\u00a0<strong>(L) 460mm x (P) 374mm x (H) 340mm<\/strong>\u00a0et son poids de\u00a0<strong>16.7 kg<\/strong>\u00a0la rendent\u00a0<strong>13% plus petite<\/strong>\u00a0et\u00a0<strong>27% plus l\u00e9g\u00e8re<\/strong>. Ces caract\u00e9ristiques lui conf\u00e8rent une\u00a0<strong>mobilit\u00e9 accrue<\/strong>, indispensable aux professionnels qui se d\u00e9placent r\u00e9guli\u00e8rement avec leur mat\u00e9riel, notamment en mode \u00e9v\u00e9nementiel.<\/p>\n<p>Il s\u2019agit d\u2019un\u00a0<strong>avantage consid\u00e9rable<\/strong>\u00a0en termes d\u2019espace lors d\u2019une installation dans un environnement restreint, un parc de\u00a0<strong>plusieurs imprimantes<\/strong>\u00a0ou un minilab.<\/p>\n<p>Un \u00e9cran\u00a0<strong>LCD couleur<\/strong>\u00a0de\u00a0<strong>3.66 cm<\/strong>\u00a0(<strong>1.44\u201d<\/strong>) est positionn\u00e9 sur la partie avant de l\u2019appareil et donne acc\u00e8s \u00e0 toutes les fonctions n\u00e9cessaires pour g\u00e9rer et configurer la\u00a0<strong>SL-D1000<\/strong>. On y retrouve entre autres :<\/p>\n<ul>\n<li>Statut de l\u2019imprimante<\/li>\n<li>R\u00e9glage du papier<\/li>\n<li>Maintenance<\/li>\n<li>Param\u00e8tres r\u00e9seau<\/li>\n<li>Epson Connect Services<\/li>\n<li>Imprimer la feuille d\u2019\u00e9tat du r\u00e9seau<\/li>\n<li>Compteur d\u2019impression<\/li>\n<li>Rapports<\/li>\n<\/ul>\n<\/div>\n","protected":false},"excerpt":{"rendered":"<ul class=\"features\">\n<li><strong>Impression photo recto verso<\/strong> Bac chargeur recto verso (jusqu&#8217;\u00e0 100\u00a0feuilles A4) pour la production automatique de feuilles<\/li>\n<li><strong>Vitesses d\u2019impression remarquables<\/strong> Jusqu\u2019\u00e0 385\u00a0photos par heure \u00e0 la qualit\u00e9 optimale<\/li>\n<li><strong>Conception compacte<\/strong>\u00a0Empreinte au sol minimale, l\u00e9g\u00e8re et facile \u00e0 transporter<\/li>\n<li><strong>Connectivit\u00e9 optimis\u00e9e<\/strong>\u00a0Wi-Fi, r\u00e9seau local et USB<\/li>\n<li><strong>Impression de haute qualit\u00e9<\/strong>\u00a0Syst\u00e8me d\u2019encre UltraChrome D6r-S et espace colorim\u00e9trique \u00e9tendu<\/li>\n<\/ul>\n","protected":false},"featured_media":10926,"comment_status":"open","ping_status":"closed","template":"","meta":{"_acf_changed":false,"_monsterinsights_skip_tracking":false,"_monsterinsights_sitenote_active":false,"_monsterinsights_sitenote_note":"","_monsterinsights_sitenote_category":0,"_uf_show_specific_survey":0,"_uf_disable_surveys":false,"_joinchat":[]},"product_brand":[],"product_cat":[15,380,384,253],"product_tag":[],"class_list":{"0":"post-10925","1":"product","2":"type-product","3":"status-publish","4":"has-post-thumbnail","6":"product_cat-imprimante-scanner","7":"product_cat-epson","8":"product_cat-fournitures-dimpression","9":"product_cat-imprimante","11":"first","12":"instock","13":"sale","14":"shipping-taxable","15":"purchasable","16":"product-type-simple"},"acf":[],"jetpack_sharing_enabled":true,"_links":{"self":[{"href":"https:\/\/digistar.ma\/index.php?rest_route=\/wp\/v2\/product\/10925","targetHints":{"allow":["GET"]}}],"collection":[{"href":"https:\/\/digistar.ma\/index.php?rest_route=\/wp\/v2\/product"}],"about":[{"href":"https:\/\/digistar.ma\/index.php?rest_route=\/wp\/v2\/types\/product"}],"replies":[{"embeddable":true,"href":"https:\/\/digistar.ma\/index.php?rest_route=%2Fwp%2Fv2%2Fcomments&post=10925"}],"version-history":[{"count":1,"href":"https:\/\/digistar.ma\/index.php?rest_route=\/wp\/v2\/product\/10925\/revisions"}],"predecessor-version":[{"id":10930,"href":"https:\/\/digistar.ma\/index.php?rest_route=\/wp\/v2\/product\/10925\/revisions\/10930"}],"wp:featuredmedia":[{"embeddable":true,"href":"https:\/\/digistar.ma\/index.php?rest_route=\/wp\/v2\/media\/10926"}],"wp:attachment":[{"href":"https:\/\/digistar.ma\/index.php?rest_route=%2Fwp%2Fv2%2Fmedia&parent=10925"}],"wp:term":[{"taxonomy":"product_brand","embeddable":true,"href":"https:\/\/digistar.ma\/index.php?rest_route=%2Fwp%2Fv2%2Fproduct_brand&post=10925"},{"taxonomy":"product_cat","embeddable":true,"href":"https:\/\/digistar.ma\/index.php?rest_route=%2Fwp%2Fv2%2Fproduct_cat&post=10925"},{"taxonomy":"product_tag","embeddable":true,"href":"https:\/\/digistar.ma\/index.php?rest_route=%2Fwp%2Fv2%2Fproduct_tag&post=10925"}],"curies":[{"name":"wp","href":"https:\/\/api.w.org\/{rel}","templated":true}]}}