{"id":10943,"date":"2024-03-19T15:54:47","date_gmt":"2024-03-19T15:54:47","guid":{"rendered":"https:\/\/digistar.ma\/?post_type=product&#038;p=10943"},"modified":"2026-03-16T01:11:25","modified_gmt":"2026-03-16T01:11:25","slug":"rouleau-film-de-transfert-pour-impression-dtf-60cm-x-100m","status":"publish","type":"product","link":"https:\/\/digistar.ma\/?product=rouleau-film-de-transfert-pour-impression-dtf-60cm-x-100m","title":{"rendered":"Rouleau film de transfert pour impression DTF &#8211; 60cm x 100m"},"content":{"rendered":"<p><strong>Rouleau film de transfert pour impression DTF &#8211; 60cm x 100m<\/strong><\/p>\n<p>Rouleaux de film de transfert pour impression DTF &#8211; Dimension : 60 cm x 100 m<\/p>\n<p>Ce film DTF a une \u00e9paisseur de 75\u03bc et une finition mate pour une bonne qualit\u00e9 d&#8217;impression et un rendu des couleurs vifs. Vous pouvez l&#8217;utiliser tout aussi bien en pelage \u00e0 chaud ou \u00e0 froid.<\/p>\n<p>Le transfert DTF est une nouvelle technologie pour le marquage textile qui s&#8217;applique sur la plupart des textiles aussi bien clair que fonc\u00e9.<\/p>\n<p>Le DTF est id\u00e9ale pour toutes vos productions allant de la pi\u00e8ce unique \u00e0 des s\u00e9ries beaucoup plus importantes.<\/p>\n<p class=\"font-size-16 nun-l text-justify\">Vous imprimez librement votre motifs avec nos imprimantes et nos encres DTF sur ce film de transfert. Saupoudrez ensuite votre motif avec notre poudre thermofusible et enlever l&#8217;exc\u00e8dent de poudre.<\/p>\n<p class=\"font-size-16 nun-l text-justify\">Faites cuire votre transfert. Il ne reste plus qu&#8217;a utiliser votre transfert. Lors du transfert, vous pouvez r\u00e9aliser un pelage \u00e0 chaud ou a froid apr\u00e9s pressage.<\/p>\n<p>&nbsp;<\/p>\n<p><strong>Caract\u00e9ristiques du produit :<br \/>\n<\/strong>&#8211; Impressions des couleurs vives<br \/>\n&#8211;\u00a0Excellentes performances d&#8217;impression sur les films<br \/>\n&#8211;\u00a0Toucher fin et bonne extensibilit\u00e9 du transfert<br \/>\n&#8211;\u00a0Grande r\u00e9sistance au frottement et au lavage<br \/>\n&#8211;\u00a0Aucun pr\u00e9traitement requis<\/p>\n<p>&nbsp;<\/p>\n<p><strong>Condition de pose :<\/strong><br \/>\n&#8211; 150\u00b0C pendant 12 secondes ou 160\u00b0C pendant 10 secondes &#8211; Pelage \u00e0 chaud ou \u00e0 froid<br \/>\n&#8211; Sur un textile sublim\u00e9 en polyester, nous vous pr\u00e9conisons 130\u00b0C pendant 20 secondes<br \/>\n&#8211; Vous pouvez am\u00e9liorer la r\u00e9sistance au lavage de vos transferts en r\u00e9alisant un deuxi\u00e8me pressage de 5 secondes avec une feuille de protection.<\/p>\n","protected":false},"excerpt":{"rendered":"<ul>\n<li>Impression sur son c\u00f4t\u00e9 mat.<\/li>\n<li>Grammage:110G<\/li>\n<li>Format\u00a0<strong>60cm x 100m<\/strong><\/li>\n<\/ul>\n","protected":false},"featured_media":10944,"comment_status":"open","ping_status":"closed","template":"","meta":{"_acf_changed":false,"_monsterinsights_skip_tracking":false,"_monsterinsights_sitenote_active":false,"_monsterinsights_sitenote_note":"","_monsterinsights_sitenote_category":0,"_uf_show_specific_survey":0,"_uf_disable_surveys":false,"_joinchat":[]},"product_brand":[],"product_cat":[384,386],"product_tag":[],"class_list":{"0":"post-10943","1":"product","2":"type-product","3":"status-publish","4":"has-post-thumbnail","6":"product_cat-fournitures-dimpression","7":"product_cat-consommables-sublimation-dtf","9":"first","10":"instock","11":"sale","12":"shipping-taxable","13":"purchasable","14":"product-type-simple"},"acf":[],"jetpack_sharing_enabled":true,"_links":{"self":[{"href":"https:\/\/digistar.ma\/index.php?rest_route=\/wp\/v2\/product\/10943","targetHints":{"allow":["GET"]}}],"collection":[{"href":"https:\/\/digistar.ma\/index.php?rest_route=\/wp\/v2\/product"}],"about":[{"href":"https:\/\/digistar.ma\/index.php?rest_route=\/wp\/v2\/types\/product"}],"replies":[{"embeddable":true,"href":"https:\/\/digistar.ma\/index.php?rest_route=%2Fwp%2Fv2%2Fcomments&post=10943"}],"version-history":[{"count":1,"href":"https:\/\/digistar.ma\/index.php?rest_route=\/wp\/v2\/product\/10943\/revisions"}],"predecessor-version":[{"id":10948,"href":"https:\/\/digistar.ma\/index.php?rest_route=\/wp\/v2\/product\/10943\/revisions\/10948"}],"wp:featuredmedia":[{"embeddable":true,"href":"https:\/\/digistar.ma\/index.php?rest_route=\/wp\/v2\/media\/10944"}],"wp:attachment":[{"href":"https:\/\/digistar.ma\/index.php?rest_route=%2Fwp%2Fv2%2Fmedia&parent=10943"}],"wp:term":[{"taxonomy":"product_brand","embeddable":true,"href":"https:\/\/digistar.ma\/index.php?rest_route=%2Fwp%2Fv2%2Fproduct_brand&post=10943"},{"taxonomy":"product_cat","embeddable":true,"href":"https:\/\/digistar.ma\/index.php?rest_route=%2Fwp%2Fv2%2Fproduct_cat&post=10943"},{"taxonomy":"product_tag","embeddable":true,"href":"https:\/\/digistar.ma\/index.php?rest_route=%2Fwp%2Fv2%2Fproduct_tag&post=10943"}],"curies":[{"name":"wp","href":"https:\/\/api.w.org\/{rel}","templated":true}]}}