{"id":10949,"date":"2024-03-19T17:21:48","date_gmt":"2024-03-19T17:21:48","guid":{"rendered":"https:\/\/digistar.ma\/?post_type=product&#038;p=10949"},"modified":"2024-03-19T17:24:01","modified_gmt":"2024-03-19T17:24:01","slug":"encre-uv-5-couleurs-1000ml","status":"publish","type":"product","link":"https:\/\/digistar.ma\/?product=encre-uv-5-couleurs-1000ml","title":{"rendered":"Encre UV 5 couleurs 1000ml"},"content":{"rendered":"<p>Encre UV 5 couleurs 1000ml<\/p>\n<p>L&#8217;encre UV est un consommable cl\u00e9 pour les imprimantes UV. L&#8217;encre jet d&#8217;encre UV choisie pour votre imprimante num\u00e9rique devrait d\u00e9pendre du produit que vous d\u00e9corez car les encres sp\u00e9ciales fonctionnent mieux pour des substrats sp\u00e9cifiques.<\/p>\n<p>L&#8217;encre UV est con\u00e7ue pour \u00eatre utilis\u00e9e sur une large gamme d&#8217;applications allant du plastique, du verre, du m\u00e9tal et du bois \u00e0 d&#8217;autres substrats non traditionnels tels que les v\u00eatements. L&#8217;encre \u00e0 jet d&#8217;encre UV est disponible en encre dure et douce.<\/p>\n<p>Type d&#8217;encre: Encre molle et encre dure<br \/>\nVolume: 1000 ml\/bouteille<\/p>\n","protected":false},"excerpt":{"rendered":"<p>Type d&#8217;encre: Encre molle et encre dure<br \/>\nVolume: 1000 ml\/bouteille<\/p>\n","protected":false},"featured_media":10951,"comment_status":"open","ping_status":"closed","template":"","meta":{"_acf_changed":false,"_monsterinsights_skip_tracking":false,"_monsterinsights_sitenote_active":false,"_monsterinsights_sitenote_note":"","_monsterinsights_sitenote_category":0,"_uf_show_specific_survey":0,"_uf_disable_surveys":false,"_joinchat":[]},"product_brand":[],"product_cat":[384,386],"product_tag":[],"class_list":{"0":"post-10949","1":"product","2":"type-product","3":"status-publish","4":"has-post-thumbnail","6":"product_cat-fournitures-dimpression","7":"product_cat-consommables-sublimation-dtf","9":"first","10":"instock","11":"shipping-taxable","12":"product-type-simple"},"acf":[],"jetpack_sharing_enabled":true,"_links":{"self":[{"href":"https:\/\/digistar.ma\/index.php?rest_route=\/wp\/v2\/product\/10949","targetHints":{"allow":["GET"]}}],"collection":[{"href":"https:\/\/digistar.ma\/index.php?rest_route=\/wp\/v2\/product"}],"about":[{"href":"https:\/\/digistar.ma\/index.php?rest_route=\/wp\/v2\/types\/product"}],"replies":[{"embeddable":true,"href":"https:\/\/digistar.ma\/index.php?rest_route=%2Fwp%2Fv2%2Fcomments&post=10949"}],"version-history":[{"count":3,"href":"https:\/\/digistar.ma\/index.php?rest_route=\/wp\/v2\/product\/10949\/revisions"}],"predecessor-version":[{"id":10954,"href":"https:\/\/digistar.ma\/index.php?rest_route=\/wp\/v2\/product\/10949\/revisions\/10954"}],"wp:featuredmedia":[{"embeddable":true,"href":"https:\/\/digistar.ma\/index.php?rest_route=\/wp\/v2\/media\/10951"}],"wp:attachment":[{"href":"https:\/\/digistar.ma\/index.php?rest_route=%2Fwp%2Fv2%2Fmedia&parent=10949"}],"wp:term":[{"taxonomy":"product_brand","embeddable":true,"href":"https:\/\/digistar.ma\/index.php?rest_route=%2Fwp%2Fv2%2Fproduct_brand&post=10949"},{"taxonomy":"product_cat","embeddable":true,"href":"https:\/\/digistar.ma\/index.php?rest_route=%2Fwp%2Fv2%2Fproduct_cat&post=10949"},{"taxonomy":"product_tag","embeddable":true,"href":"https:\/\/digistar.ma\/index.php?rest_route=%2Fwp%2Fv2%2Fproduct_tag&post=10949"}],"curies":[{"name":"wp","href":"https:\/\/api.w.org\/{rel}","templated":true}]}}