{"id":10955,"date":"2024-03-19T18:03:31","date_gmt":"2024-03-19T18:03:31","guid":{"rendered":"https:\/\/digistar.ma\/?post_type=product&#038;p=10955"},"modified":"2024-03-19T18:04:41","modified_gmt":"2024-03-19T18:04:41","slug":"encre-uv-5-couleurs-250ml","status":"publish","type":"product","link":"https:\/\/digistar.ma\/?product=encre-uv-5-couleurs-250ml","title":{"rendered":"Encre UV 5 couleurs 250ml"},"content":{"rendered":"<p><strong>Encre UV 5 couleurs 250ml<\/strong><\/p>\n<p>L\u2019encre UV est un consommable cl\u00e9 pour les imprimantes UV. L\u2019encre jet d\u2019encre UV choisie pour votre imprimante num\u00e9rique devrait d\u00e9pendre du produit que vous d\u00e9corez car les encres sp\u00e9ciales fonctionnent mieux pour des substrats sp\u00e9cifiques.<\/p>\n<p><strong>Encre UV 5 couleurs 250ml <\/strong>est con\u00e7ue pour \u00eatre utilis\u00e9e sur une large gamme d\u2019applications allant du plastique, du verre, du m\u00e9tal et du bois \u00e0 d\u2019autres substrats non traditionnels tels que les v\u00eatements. L\u2019encre \u00e0 jet d\u2019encre UV est disponible en encre dure et douce.<\/p>\n<p>Type d\u2019encre: Encre molle et encre dure<br \/>\nVolume: 250 ml\/bouteille<\/p>\n","protected":false},"excerpt":{"rendered":"<p>Type d\u2019encre: Encre molle et encre dure<br \/>\nVolume: 250 ml\/bouteille<\/p>\n<p>&nbsp;<\/p>\n","protected":false},"featured_media":10960,"comment_status":"open","ping_status":"closed","template":"","meta":{"_acf_changed":false,"_monsterinsights_skip_tracking":false,"_monsterinsights_sitenote_active":false,"_monsterinsights_sitenote_note":"","_monsterinsights_sitenote_category":0,"_uf_show_specific_survey":0,"_uf_disable_surveys":false,"_joinchat":[]},"product_brand":[],"product_cat":[384,386],"product_tag":[],"class_list":{"0":"post-10955","1":"product","2":"type-product","3":"status-publish","4":"has-post-thumbnail","6":"product_cat-fournitures-dimpression","7":"product_cat-consommables-sublimation-dtf","9":"first","10":"instock","11":"shipping-taxable","12":"product-type-simple"},"acf":[],"jetpack_sharing_enabled":true,"_links":{"self":[{"href":"https:\/\/digistar.ma\/index.php?rest_route=\/wp\/v2\/product\/10955","targetHints":{"allow":["GET"]}}],"collection":[{"href":"https:\/\/digistar.ma\/index.php?rest_route=\/wp\/v2\/product"}],"about":[{"href":"https:\/\/digistar.ma\/index.php?rest_route=\/wp\/v2\/types\/product"}],"replies":[{"embeddable":true,"href":"https:\/\/digistar.ma\/index.php?rest_route=%2Fwp%2Fv2%2Fcomments&post=10955"}],"version-history":[{"count":2,"href":"https:\/\/digistar.ma\/index.php?rest_route=\/wp\/v2\/product\/10955\/revisions"}],"predecessor-version":[{"id":10962,"href":"https:\/\/digistar.ma\/index.php?rest_route=\/wp\/v2\/product\/10955\/revisions\/10962"}],"wp:featuredmedia":[{"embeddable":true,"href":"https:\/\/digistar.ma\/index.php?rest_route=\/wp\/v2\/media\/10960"}],"wp:attachment":[{"href":"https:\/\/digistar.ma\/index.php?rest_route=%2Fwp%2Fv2%2Fmedia&parent=10955"}],"wp:term":[{"taxonomy":"product_brand","embeddable":true,"href":"https:\/\/digistar.ma\/index.php?rest_route=%2Fwp%2Fv2%2Fproduct_brand&post=10955"},{"taxonomy":"product_cat","embeddable":true,"href":"https:\/\/digistar.ma\/index.php?rest_route=%2Fwp%2Fv2%2Fproduct_cat&post=10955"},{"taxonomy":"product_tag","embeddable":true,"href":"https:\/\/digistar.ma\/index.php?rest_route=%2Fwp%2Fv2%2Fproduct_tag&post=10955"}],"curies":[{"name":"wp","href":"https:\/\/api.w.org\/{rel}","templated":true}]}}