{"id":10963,"date":"2024-03-19T18:56:45","date_gmt":"2024-03-19T18:56:45","guid":{"rendered":"https:\/\/digistar.ma\/?post_type=product&#038;p=10963"},"modified":"2024-03-19T19:09:06","modified_gmt":"2024-03-19T19:09:06","slug":"mugs-noir-magique-couple-sublimation-poignee-coeur","status":"publish","type":"product","link":"https:\/\/digistar.ma\/?product=mugs-noir-magique-couple-sublimation-poignee-coeur","title":{"rendered":"Mugs noir magique couple sublimation poign\u00e9e c\u0153ur"},"content":{"rendered":"<p><strong>Mugs noir magique couple sublimation poign\u00e9e c\u0153ur<\/strong><\/p>\n<p>Cadeau id\u00e9al pour les couples, ce duo de mugs en c\u00e9ramique<\/p>\n<p>&nbsp;<\/p>\n<p>Leur\u00a0<strong>poign\u00e9e en forme de c\u0153ur<\/strong> permet une prise en main facile et ajoute une touche de romantisme suppl\u00e9mentaire. Intemporel et chic, il ne vous reste plus qu&#8217;\u00e0 ajouter la photo ou le message de votre choix pour faire plaisir aux amoureux.<\/p>\n<p><strong>L&#8217;Astuce Digistar.ma :<\/strong> Pour am\u00e9liorer la qualit\u00e9 de votre travail, pensez \u00e0 utiliser une feuille de t\u00e9flon et du scotch haute temp\u00e9rature. Nous vous conseillons de presser votre Mugs noir magique couple sublimation poign\u00e9e c\u0153ur durant 180 secondes environ \u00e0 190\/200\u00b0C avec une pression moyenne.<\/p>\n<p>Avant de lancer une production compl\u00e8te, r\u00e9alisez toujours quelques essais, de fa\u00e7on \u00e0 trouver le parfait \u00e9quilibre entre votre pression, le temps de chauffe et la temp\u00e9rature.<\/p>\n<ul>\n<li>Contenance:<strong>\u00a0270 ml<\/strong><\/li>\n<li>Hauteur:\u00a0<strong>95 mm<\/strong><\/li>\n<li>Diam\u00e8tre:\u00a0<strong>70 mm<\/strong><\/li>\n<li><span class=\"magic-5\"><span class=\"magic-6\">lovers Mug<\/span><\/span><\/li>\n<\/ul>\n","protected":false},"excerpt":{"rendered":"<ul>\n<li>Contenance:<strong>\u00a0270 ml<\/strong><\/li>\n<li>Hauteur:\u00a0<strong>95 mm<\/strong><\/li>\n<li>Diam\u00e8tre:\u00a0<strong>70 mm<\/strong><\/li>\n<li><span class=\"magic-5\"><span class=\"magic-6\">lovers Mug<\/span><\/span><\/li>\n<\/ul>\n","protected":false},"featured_media":10964,"comment_status":"open","ping_status":"closed","template":"","meta":{"_acf_changed":false,"_monsterinsights_skip_tracking":false,"_monsterinsights_sitenote_active":false,"_monsterinsights_sitenote_note":"","_monsterinsights_sitenote_category":0,"_uf_show_specific_survey":0,"_uf_disable_surveys":false,"_joinchat":[]},"product_brand":[],"product_cat":[384,386,385],"product_tag":[],"class_list":{"0":"post-10963","1":"product","2":"type-product","3":"status-publish","4":"has-post-thumbnail","6":"product_cat-fournitures-dimpression","7":"product_cat-consommables-sublimation-dtf","8":"product_cat-sublimation","10":"first","11":"instock","12":"sale","13":"shipping-taxable","14":"purchasable","15":"product-type-simple"},"acf":[],"jetpack_sharing_enabled":true,"_links":{"self":[{"href":"https:\/\/digistar.ma\/index.php?rest_route=\/wp\/v2\/product\/10963","targetHints":{"allow":["GET"]}}],"collection":[{"href":"https:\/\/digistar.ma\/index.php?rest_route=\/wp\/v2\/product"}],"about":[{"href":"https:\/\/digistar.ma\/index.php?rest_route=\/wp\/v2\/types\/product"}],"replies":[{"embeddable":true,"href":"https:\/\/digistar.ma\/index.php?rest_route=%2Fwp%2Fv2%2Fcomments&post=10963"}],"version-history":[{"count":4,"href":"https:\/\/digistar.ma\/index.php?rest_route=\/wp\/v2\/product\/10963\/revisions"}],"predecessor-version":[{"id":10969,"href":"https:\/\/digistar.ma\/index.php?rest_route=\/wp\/v2\/product\/10963\/revisions\/10969"}],"wp:featuredmedia":[{"embeddable":true,"href":"https:\/\/digistar.ma\/index.php?rest_route=\/wp\/v2\/media\/10964"}],"wp:attachment":[{"href":"https:\/\/digistar.ma\/index.php?rest_route=%2Fwp%2Fv2%2Fmedia&parent=10963"}],"wp:term":[{"taxonomy":"product_brand","embeddable":true,"href":"https:\/\/digistar.ma\/index.php?rest_route=%2Fwp%2Fv2%2Fproduct_brand&post=10963"},{"taxonomy":"product_cat","embeddable":true,"href":"https:\/\/digistar.ma\/index.php?rest_route=%2Fwp%2Fv2%2Fproduct_cat&post=10963"},{"taxonomy":"product_tag","embeddable":true,"href":"https:\/\/digistar.ma\/index.php?rest_route=%2Fwp%2Fv2%2Fproduct_tag&post=10963"}],"curies":[{"name":"wp","href":"https:\/\/api.w.org\/{rel}","templated":true}]}}