{"id":10970,"date":"2024-03-19T20:39:25","date_gmt":"2024-03-19T20:39:25","guid":{"rendered":"https:\/\/digistar.ma\/?post_type=product&#038;p=10970"},"modified":"2024-11-23T20:18:34","modified_gmt":"2024-11-23T20:18:34","slug":"epson-imprimante-sublimation-surecolor-sc-f100","status":"publish","type":"product","link":"https:\/\/digistar.ma\/?product=epson-imprimante-sublimation-surecolor-sc-f100","title":{"rendered":"Epson Imprimante Sublimation SureColor SC-F100"},"content":{"rendered":"<p><strong>Epson Imprimante Sublimation SureColor SC-F100<\/strong><\/p>\n<div class=\"heading1\">\n<h4>La solution d\u2019impression compl\u00e8te de bout en bout<\/h4>\n<p>La SC-F100 fait partie int\u00e9grante de la solution d\u2019impression compl\u00e8te de bout en bout d\u2019Epson (encres, pilote et papier inclus), le tout con\u00e7u pour fonctionner en parfaite harmonie.<\/p>\n<p>Pour encore plus de tranquillit\u00e9, elle s\u2019accompagne d\u2019une garantie de 1\u00a0an ou 6\u00a0000\u00a0feuilles, au premier des deux termes atteint. De plus, avec la nouvelle plateforme Epson Cloud Solution PORT , les utilisateurs peuvent surveiller les co\u00fbts des t\u00e2ches d\u2019impression et suivre leur utilisation au fil du temps.<\/p>\n<\/div>\n<div class=\"heading2\">\n<h4>Impression de qualit\u00e9<\/h4>\n<p>Epson Imprimante Sublimation SureColor SC-F100 compacte est con\u00e7ue pour \u00e9tendre les opportunit\u00e9s commerciales gr\u00e2ce \u00e0 des impressions de haute qualit\u00e9 sur un large \u00e9ventail de cadeaux et d\u2019articles promotionnels.<\/p>\n<p>Les niveaux de qualit\u00e9 et de stabilit\u00e9 sont obtenus gr\u00e2ce \u00e0 la t\u00eate d\u2019impression PrecisionCore MicroTFP d\u2019Epson et \u00e0 la technologie LUT (Look-Up Table) con\u00e7ue pour les articles promotionnels et les cadeaux, ainsi que pour les substrats rigides.<\/p>\n<\/div>\n<div class=\"heading3\">\n<h4>Productivit\u00e9 optimis\u00e9e<\/h4>\n<p>La SC-F100 offre des d\u00e9lais d&#8217;ex\u00e9cution rapides et un faible co\u00fbt total de possession (TCO) pour les petites entreprises. De plus, l\u2019installation, l\u2019utilisation ou l\u2019entretien de cette imprimante ne n\u00e9cessite pas d\u2019\u00eatre un sp\u00e9cialiste. Les bouteilles d\u2019encre de 140\u00a0ml offrent une alternative moins co\u00fbteuse aux cartouches d\u2019encre et permettent aux entreprises de travailler plus longtemps, r\u00e9duisant ainsi les temps d\u2019arr\u00eat.<\/p>\n<\/div>\n<div class=\"heading4\">\n<h4>Facilit\u00e9 d\u2019utilisation<\/h4>\n<p>Les technologies Epson sont simples \u00e0 utiliser et hautement intuitives. La compacte\u00a0SC-F100 est dot\u00e9e d\u2019un \u00e9cran de 2,4\u00a0pouces inclinable, d\u2019une connexion Wi-Fi et d\u2019un chargement frontal du papier facile \u00e0 alimenter (jusqu\u2019\u00e0 150\u00a0feuilles).<\/p>\n<\/div>\n","protected":false},"excerpt":{"rendered":"<ul class=\"features\">\n<li><strong>Solution d\u2019encre rechargeable<\/strong>\u00a0Bouteilles d\u2019encre de 140\u00a0ml<\/li>\n<li><strong>Design compact<\/strong>\u00a0Avec l\u2019encombrement d\u2019une imprimante de bureau\u00a0A4<\/li>\n<li><strong>Connectivit\u00e9<\/strong>\u00a0Connectivit\u00e9 Wi-Fi, Wi-Fi Direct et Ethernet, USB 2.0<\/li>\n<li><strong>Solution d\u2019impression de bout en bout<\/strong>\u00a0Des encres, un pilote et du papier, tous con\u00e7us pour fonctionner en harmonie<\/li>\n<li><strong>Impression de haute qualit\u00e9<\/strong>\u00a0T\u00eate d\u2019impression PrecisionCore MicroTFP offrant stabilit\u00e9 et qualit\u00e9<\/li>\n<\/ul>\n","protected":false},"featured_media":10971,"comment_status":"open","ping_status":"closed","template":"","meta":{"_acf_changed":false,"_monsterinsights_skip_tracking":false,"_monsterinsights_sitenote_active":false,"_monsterinsights_sitenote_note":"","_monsterinsights_sitenote_category":0,"_uf_show_specific_survey":0,"_uf_disable_surveys":false,"_joinchat":[]},"product_brand":[],"product_cat":[15,380,384,253,265,385],"product_tag":[],"class_list":{"0":"post-10970","1":"product","2":"type-product","3":"status-publish","4":"has-post-thumbnail","6":"product_cat-imprimante-scanner","7":"product_cat-epson","8":"product_cat-fournitures-dimpression","9":"product_cat-imprimante","10":"product_cat-imprimante-a-reservoirs-rechargeables","11":"product_cat-sublimation","13":"first","14":"instock","15":"sale","16":"shipping-taxable","17":"purchasable","18":"product-type-simple"},"acf":[],"jetpack_sharing_enabled":true,"_links":{"self":[{"href":"https:\/\/digistar.ma\/index.php?rest_route=\/wp\/v2\/product\/10970","targetHints":{"allow":["GET"]}}],"collection":[{"href":"https:\/\/digistar.ma\/index.php?rest_route=\/wp\/v2\/product"}],"about":[{"href":"https:\/\/digistar.ma\/index.php?rest_route=\/wp\/v2\/types\/product"}],"replies":[{"embeddable":true,"href":"https:\/\/digistar.ma\/index.php?rest_route=%2Fwp%2Fv2%2Fcomments&post=10970"}],"version-history":[{"count":1,"href":"https:\/\/digistar.ma\/index.php?rest_route=\/wp\/v2\/product\/10970\/revisions"}],"predecessor-version":[{"id":10976,"href":"https:\/\/digistar.ma\/index.php?rest_route=\/wp\/v2\/product\/10970\/revisions\/10976"}],"wp:featuredmedia":[{"embeddable":true,"href":"https:\/\/digistar.ma\/index.php?rest_route=\/wp\/v2\/media\/10971"}],"wp:attachment":[{"href":"https:\/\/digistar.ma\/index.php?rest_route=%2Fwp%2Fv2%2Fmedia&parent=10970"}],"wp:term":[{"taxonomy":"product_brand","embeddable":true,"href":"https:\/\/digistar.ma\/index.php?rest_route=%2Fwp%2Fv2%2Fproduct_brand&post=10970"},{"taxonomy":"product_cat","embeddable":true,"href":"https:\/\/digistar.ma\/index.php?rest_route=%2Fwp%2Fv2%2Fproduct_cat&post=10970"},{"taxonomy":"product_tag","embeddable":true,"href":"https:\/\/digistar.ma\/index.php?rest_route=%2Fwp%2Fv2%2Fproduct_tag&post=10970"}],"curies":[{"name":"wp","href":"https:\/\/api.w.org\/{rel}","templated":true}]}}