{"id":10997,"date":"2024-03-20T00:23:37","date_gmt":"2024-03-20T00:23:37","guid":{"rendered":"https:\/\/digistar.ma\/?post_type=product&#038;p=10997"},"modified":"2024-09-20T00:20:14","modified_gmt":"2024-09-20T00:20:14","slug":"epson-ecotank-l3211-imprimante-multifonction-a-reservoirs-rechargeables","status":"publish","type":"product","link":"https:\/\/digistar.ma\/?product=epson-ecotank-l3211-imprimante-multifonction-a-reservoirs-rechargeables","title":{"rendered":"Epson EcoTank L3211 Imprimante multifonction \u00e0 r\u00e9servoirs rechargeables"},"content":{"rendered":"<p><strong>Epson EcoTank L3211 Imprimante multifonction \u00e0 r\u00e9servoirs rechargeables<\/strong><\/p>\n<div class=\"heading1\">\n<h4>Adieu aux cartouches on\u00e9reuses<\/h4>\n<p>EcoTank offre une impression \u00e0 domicile simple et \u00e9conomique\u00a0: les r\u00e9servoirs d\u2019encre ultra haute capacit\u00e9 permettent des recharges faciles. De plus, les bouteilles sont dot\u00e9es d\u2019un d\u00e9trompeur pour ne plus se tromper de couleur lors du remplissage du r\u00e9servoir.<\/p>\n<\/div>\n<div class=\"heading2\">\n<h4>\u00c9conomies \u00e0 long terme<\/h4>\n<p>Cette imprimante multifonction, qui vous fait \u00e9conomiser jusqu\u2019\u00e0 90 % sur vos co\u00fbts d\u2019impression, est livr\u00e9e avec jusqu\u2019\u00e0 trois ans d\u2019encre. Le kit de bouteilles d\u2019encre inclus permet d\u2019imprimer jusqu\u2019\u00e0 8 100 pages en monochrome et 6 500 pages en couleur.<\/p>\n<\/div>\n<div class=\"heading3\">\n<h4>Nombreuses fonctionnalit\u00e9s<\/h4>\n<p>Gr\u00e2ce \u00e0 la fonctionnalit\u00e9 d\u2019impression, num\u00e9risation et copie et \u00e0 l\u2019impression photo sans marge (jusqu\u2019\u00e0 10 \u00d7 15 cm), vous pouvez effectuer rapidement plusieurs t\u00e2ches en toute simplicit\u00e9 avec Epson EcoTank L3211 Imprimante multifonction \u00e0 r\u00e9servoirs rechargeables.<\/p>\n<\/div>\n<div class=\"heading4\">\n<h4>Technologie Z\u00e9ro Chaleur<\/h4>\n<p>Avec la technologie Z\u00e9ro Chaleur Micro Piezo d\u2019Epson, vous b\u00e9n\u00e9ficiez d\u2019une impression rapide et de haute qualit\u00e9. La t\u00eate d\u2019impression fiable et durable est \u00e9galement pr\u00e9install\u00e9e, de sorte que la configuration de votre imprimante est d\u2019une grande simplicit\u00e9.<\/p>\n<\/div>\n","protected":false},"excerpt":{"rendered":"<p>Impression, Num\u00e9risation, Copie<br \/>\nLivr\u00e9e avec 4 bouteilles d\u2019encre individuelles de 65 ml (N,C,J,M) + 1 bouteille d\u2019encre noire suppl\u00e9mentaire<br \/>\nVitesse d&#8217;impression noir: 10 pages\/min en norme ISO<br \/>\nVitesse d&#8217;impression couleur: 5 pages\/min Couleur en norme ISO<br \/>\nQualit\u00e9 d&#8217;impression noire: 5.760 x 1.440 DPI (ppp)<br \/>\nQualit\u00e9 d&#8217;impression couleur: 5.760 x 1.440 DPI (ppp)<br \/>\nImpression Recto\/Verso : Manuelle<br \/>\nFonctionne avec: 4 bouteilles d\u2019encre individuelles de 65 ml (N,C,J,M)<br \/>\nConnectivit\u00e9: <strong>USB<\/strong><\/p>\n","protected":false},"featured_media":10998,"comment_status":"open","ping_status":"closed","template":"","meta":{"_acf_changed":false,"_monsterinsights_skip_tracking":false,"_monsterinsights_sitenote_active":false,"_monsterinsights_sitenote_note":"","_monsterinsights_sitenote_category":0,"_uf_show_specific_survey":0,"_uf_disable_surveys":false,"_joinchat":[]},"product_brand":[],"product_cat":[15,380,253,265,266],"product_tag":[],"class_list":{"0":"post-10997","1":"product","2":"type-product","3":"status-publish","4":"has-post-thumbnail","6":"product_cat-imprimante-scanner","7":"product_cat-epson","8":"product_cat-imprimante","9":"product_cat-imprimante-a-reservoirs-rechargeables","10":"product_cat-multifonction-jet-dencre","12":"first","13":"instock","14":"sale","15":"shipping-taxable","16":"purchasable","17":"product-type-simple"},"acf":[],"jetpack_sharing_enabled":true,"_links":{"self":[{"href":"https:\/\/digistar.ma\/index.php?rest_route=\/wp\/v2\/product\/10997","targetHints":{"allow":["GET"]}}],"collection":[{"href":"https:\/\/digistar.ma\/index.php?rest_route=\/wp\/v2\/product"}],"about":[{"href":"https:\/\/digistar.ma\/index.php?rest_route=\/wp\/v2\/types\/product"}],"replies":[{"embeddable":true,"href":"https:\/\/digistar.ma\/index.php?rest_route=%2Fwp%2Fv2%2Fcomments&post=10997"}],"version-history":[{"count":1,"href":"https:\/\/digistar.ma\/index.php?rest_route=\/wp\/v2\/product\/10997\/revisions"}],"predecessor-version":[{"id":11003,"href":"https:\/\/digistar.ma\/index.php?rest_route=\/wp\/v2\/product\/10997\/revisions\/11003"}],"wp:featuredmedia":[{"embeddable":true,"href":"https:\/\/digistar.ma\/index.php?rest_route=\/wp\/v2\/media\/10998"}],"wp:attachment":[{"href":"https:\/\/digistar.ma\/index.php?rest_route=%2Fwp%2Fv2%2Fmedia&parent=10997"}],"wp:term":[{"taxonomy":"product_brand","embeddable":true,"href":"https:\/\/digistar.ma\/index.php?rest_route=%2Fwp%2Fv2%2Fproduct_brand&post=10997"},{"taxonomy":"product_cat","embeddable":true,"href":"https:\/\/digistar.ma\/index.php?rest_route=%2Fwp%2Fv2%2Fproduct_cat&post=10997"},{"taxonomy":"product_tag","embeddable":true,"href":"https:\/\/digistar.ma\/index.php?rest_route=%2Fwp%2Fv2%2Fproduct_tag&post=10997"}],"curies":[{"name":"wp","href":"https:\/\/api.w.org\/{rel}","templated":true}]}}