{"id":11005,"date":"2024-03-20T12:14:55","date_gmt":"2024-03-20T12:14:55","guid":{"rendered":"https:\/\/digistar.ma\/?post_type=product&#038;p=11005"},"modified":"2024-07-26T09:30:35","modified_gmt":"2024-07-26T09:30:35","slug":"imprimante-portable-epson-workforce-wf-100w","status":"publish","type":"product","link":"https:\/\/digistar.ma\/?product=imprimante-portable-epson-workforce-wf-100w","title":{"rendered":"Imprimante Portable Epson Workforce WF-100W"},"content":{"rendered":"<p><strong>Imprimante Portable Epson Workforce WF-100W<\/strong><\/p>\n<div class=\"briefdescription\">Imprimez o\u00f9 que vous soyez avec l\u2019imprimante jet d\u2019encre A4 sans fil la plus petite et la plus l\u00e9g\u00e8re au monde pour une utilisation sans fil et une recharge via USB lors de vos d\u00e9placements.<\/div>\n<div class=\"highlights\">\n<ul>\n<li>La plus petite et la plus l\u00e9g\u00e8re<\/li>\n<li>Batterie int\u00e9gr\u00e9e<\/li>\n<li>Recharge via USB<\/li>\n<\/ul>\n<\/div>\n<div class=\"introtext\">Voil\u00e0 l\u2019imprimante portable dont vous r\u00eaviez. La premi\u00e8re imprimante portable A4 d\u2019Epson est parfaite pour les professionnels devant imprimer des factures, des contrats, et autres documents tout en travaillant \u00e0 distance.<\/div>\n<div><\/div>\n<div class=\"introtext\">Petite et l\u00e9g\u00e8re, cette imprimante jet d\u2019encre est dot\u00e9e d\u2019une batterie int\u00e9gr\u00e9e, d\u2019un \u00e9cran LCD, de la connectivit\u00e9 Wi-Fi et Wi-Fi Direct<sup>\u00ae<\/sup>.<\/div>\n<div class=\"introtext\">Elle est compatible avec Apple AirPrint, Google Cloud Print et Epson iPrint<\/div>\n<div>\n<div class=\"desc-image\"><img decoding=\"async\" src=\"https:\/\/media.ldlc.com\/bo\/images\/fiches\/imprimante\/epson\/wf-110w\/wf-110w_800_1.jpg\" alt=\"\" \/><\/div>\n<div class=\"desc-text\">\n<h2>UNE IMPRIMANTE PRATIQUE ET\u00a0EFFICACE<\/h2>\n<p>Pour les professionnels qui doivent imprimer lors de leurs d\u00e9placements, l\u2019<strong>imprimante portable WorkForce WF-100W d\u2019Epson <\/strong>est une solution de qualit\u00e9. Petite et l\u00e9g\u00e8re, cette imprimante jet d\u2019encre est dot\u00e9e d\u2019une b<strong>atterie int\u00e9gr\u00e9e<\/strong>, d\u2019un\u00a0<strong>\u00e9cran LCD<\/strong>, de la\u00a0<strong>connectivit\u00e9 WiFi et WiFi Direct<\/strong>. Elle est\u00a0<strong>compatible avec Google Cloud Print et Epson iPrint<\/strong>. Elle convient parfaitement pour l\u2019impression de factures, de contrats et d\u2019autres documents sans avoir \u00e0 se pr\u00e9occuper des c\u00e2bles.<\/p>\n<p>Imprimez sans fil avec des solutions compatibles telles que Google Cloud Print et Epson Connect. Utilisez l\u2019appli Epson iPrint\u00a0pour imprimer sans fil depuis un smartphone ou une tablette. Vous pouvez m\u00eame recevoir des fichiers \u00e0 imprimer o\u00f9 que vous soyez dans le monde via Epson Email Print.<\/p>\n<\/div>\n<h2>Caract\u00e9ristiques principales de Imprimante Portable Epson Workforce WF-100W<\/h2>\n<div class=\"bullets\">\n<ul>\n<li><strong>Impression mobile<\/strong><br \/>\nDesign compact et l\u00e9ger<\/li>\n<li><strong>Batterie rechargeable<\/strong><br \/>\nLa recharge se fait via port USB ou via l\u2019adaptateur secteur fourni<\/li>\n<li><strong>Wi-Fi et Wi-Fi Direct<\/strong><br \/>\nImprimez sans fil o\u00f9 que vous soyez<\/li>\n<li><strong>R\u00e9sultats de qualit\u00e9<\/strong><br \/>\nR\u00e9sultats exceptionnels avec les encres pigmentaires<\/li>\n<li><strong>Convivialit\u00e9<\/strong><br \/>\nInstallation simple<\/li>\n<\/ul>\n<\/div>\n<\/div>\n","protected":false},"excerpt":{"rendered":"<p>Vitesse d&#8217;impression noir: 14 pages\/min (7 pages\/min en norme ISO) (sur batterie : 4 pages\/min (ISO))<br \/>\nVitesse d&#8217;impression couleur: 11 pages\/min (4 pages\/min en norme ISO) (sur batterie : 2 pages\/min (ISO))<br \/>\nQualit\u00e9 d&#8217;impression noire: 5760 x 1440 DPI (ppp)<br \/>\nQualit\u00e9 d&#8217;impression couleur: 5.760 x 1.440 DPI (ppp)<br \/>\nImpression recto\/verso: Manuelle<br \/>\nFonctionne avec: 2 Cartouches (1 noire, 1 couleur : cyan, magenta, jaune)<br \/>\nConnectivit\u00e9: WI-FI, Wi-Fi Direct, USB 2.0 Micro-B<br \/>\nEncres fournies avec l&#8217;imprimante: Livr\u00e9e avec 1 cartouche noir, 1 cartouche 3 couleurs<\/p>\n","protected":false},"featured_media":11006,"comment_status":"open","ping_status":"closed","template":"","meta":{"_acf_changed":false,"_monsterinsights_skip_tracking":false,"_monsterinsights_sitenote_active":false,"_monsterinsights_sitenote_note":"","_monsterinsights_sitenote_category":0,"_uf_show_specific_survey":0,"_uf_disable_surveys":false,"_joinchat":[]},"product_brand":[],"product_cat":[15,380,253,269],"product_tag":[],"class_list":{"0":"post-11005","1":"product","2":"type-product","3":"status-publish","4":"has-post-thumbnail","6":"product_cat-imprimante-scanner","7":"product_cat-epson","8":"product_cat-imprimante","9":"product_cat-imprimante-jet-dencre","11":"first","12":"instock","13":"sale","14":"shipping-taxable","15":"purchasable","16":"product-type-simple"},"acf":[],"jetpack_sharing_enabled":true,"_links":{"self":[{"href":"https:\/\/digistar.ma\/index.php?rest_route=\/wp\/v2\/product\/11005","targetHints":{"allow":["GET"]}}],"collection":[{"href":"https:\/\/digistar.ma\/index.php?rest_route=\/wp\/v2\/product"}],"about":[{"href":"https:\/\/digistar.ma\/index.php?rest_route=\/wp\/v2\/types\/product"}],"replies":[{"embeddable":true,"href":"https:\/\/digistar.ma\/index.php?rest_route=%2Fwp%2Fv2%2Fcomments&post=11005"}],"version-history":[{"count":1,"href":"https:\/\/digistar.ma\/index.php?rest_route=\/wp\/v2\/product\/11005\/revisions"}],"predecessor-version":[{"id":11012,"href":"https:\/\/digistar.ma\/index.php?rest_route=\/wp\/v2\/product\/11005\/revisions\/11012"}],"wp:featuredmedia":[{"embeddable":true,"href":"https:\/\/digistar.ma\/index.php?rest_route=\/wp\/v2\/media\/11006"}],"wp:attachment":[{"href":"https:\/\/digistar.ma\/index.php?rest_route=%2Fwp%2Fv2%2Fmedia&parent=11005"}],"wp:term":[{"taxonomy":"product_brand","embeddable":true,"href":"https:\/\/digistar.ma\/index.php?rest_route=%2Fwp%2Fv2%2Fproduct_brand&post=11005"},{"taxonomy":"product_cat","embeddable":true,"href":"https:\/\/digistar.ma\/index.php?rest_route=%2Fwp%2Fv2%2Fproduct_cat&post=11005"},{"taxonomy":"product_tag","embeddable":true,"href":"https:\/\/digistar.ma\/index.php?rest_route=%2Fwp%2Fv2%2Fproduct_tag&post=11005"}],"curies":[{"name":"wp","href":"https:\/\/api.w.org\/{rel}","templated":true}]}}